{"id":941,"date":"2020-05-08T14:41:59","date_gmt":"2020-05-08T12:41:59","guid":{"rendered":"https:\/\/l2sacrifice.fr\/?page_id=941"},"modified":"2020-05-09T17:05:31","modified_gmt":"2020-05-09T15:05:31","slug":"quest-surplis-saint-seiya","status":"publish","type":"page","link":"https:\/\/l2sacrifice.fr\/?page_id=941","title":{"rendered":"Quest: Surplis Saint Seiya"},"content":{"rendered":"\n<p>Pour d\u00e9buter la quete vous devez aller voir le vieux maitre  pour cela,  aller \u00e0 Giran, entrer dans l\u2019\u00e9glise: \u00ab\u00a0The Einhasad Temple\u00a0\u00bb,  <\/p>\n\n\n\n<div class=\"wp-block-image\"><figure class=\"aligncenter is-resized\"><img loading=\"lazy\" decoding=\"async\" src=\"https:\/\/l2sacrifice.fr\/wp-content\/uploads\/2020\/05\/image-222.png\" alt=\"\" class=\"wp-image-1099\" width=\"477\" height=\"312\"\/><figcaption> The Einhasad Temple  <\/figcaption><\/figure><\/div>\n\n\n\n<p>Aller voir le Grand Pope au fond de l&rsquo;\u00e9glise.<\/p>\n\n\n\n<figure class=\"wp-block-image\"><img loading=\"lazy\" decoding=\"async\" width=\"1004\" height=\"535\" src=\"https:\/\/l2sacrifice.fr\/wp-content\/uploads\/2020\/05\/image-147.png\" alt=\"\" class=\"wp-image-928\"\/><figcaption>Saint GateKeeper: Grand Pope<\/figcaption><\/figure>\n\n\n\n<p>Choisir la destination \u00ab\u00a0Vieux Maitre\u00a0\u00bb<\/p>\n\n\n\n<div class=\"wp-block-image\"><figure class=\"aligncenter is-resized\"><img loading=\"lazy\" decoding=\"async\" src=\"https:\/\/l2sacrifice.fr\/wp-content\/uploads\/2020\/05\/image-149.png\" alt=\"\" class=\"wp-image-930\" width=\"510\" height=\"641\"\/><\/figure><\/div>\n\n\n\n<p>Vous arriverez \u00e0 la cascade des 5 pics<\/p>\n\n\n\n<div class=\"wp-block-image\"><figure class=\"aligncenter is-resized\"><img loading=\"lazy\" decoding=\"async\" src=\"https:\/\/l2sacrifice.fr\/wp-content\/uploads\/2020\/05\/image-150.png\" alt=\"\" class=\"wp-image-933\" width=\"497\" height=\"417\"\/><figcaption>Saint Master: Vieux Maitre<\/figcaption><\/figure><\/div>\n\n\n\n<p>Parler au vieux maitre, il vous proposera 2 qu\u00eates (vous pouvez prendre les 2 qu\u00eates il n&rsquo;y a pas de limitation<\/p>\n\n\n\n<div class=\"wp-block-image\"><figure class=\"aligncenter is-resized\"><img loading=\"lazy\" decoding=\"async\" src=\"https:\/\/l2sacrifice.fr\/wp-content\/uploads\/2020\/05\/image-151.png\" alt=\"\" class=\"wp-image-934\" width=\"515\" height=\"410\"\/><figcaption>Saint Master: Vieux Maitre <\/figcaption><\/figure><\/div>\n\n\n\n<p>Le vieux maitre vous racontera, un peu de sa vie, pas de panique, c&rsquo;est la m\u00eame histoire que dans le Manga Saint Had\u00e8s Sanctuary <\/p>\n\n\n\n<div class=\"wp-block-image\"><figure class=\"aligncenter is-resized\"><img loading=\"lazy\" decoding=\"async\" src=\"https:\/\/l2sacrifice.fr\/wp-content\/uploads\/2020\/05\/image-152.png\" alt=\"\" class=\"wp-image-936\" width=\"533\" height=\"422\"\/><figcaption> Saint Master: Vieux Maitre <\/figcaption><\/figure><\/div>\n\n\n\n<div class=\"wp-block-image\"><figure class=\"aligncenter is-resized\"><img loading=\"lazy\" decoding=\"async\" src=\"https:\/\/l2sacrifice.fr\/wp-content\/uploads\/2020\/05\/image-154.png\" alt=\"\" class=\"wp-image-938\" width=\"473\" height=\"396\"\/><\/figure><\/div>\n\n\n\n<div class=\"wp-block-image\"><figure class=\"aligncenter is-resized\"><img loading=\"lazy\" decoding=\"async\" src=\"https:\/\/l2sacrifice.fr\/wp-content\/uploads\/2020\/05\/image-170.png\" alt=\"\" class=\"wp-image-975\" width=\"445\" height=\"354\"\/><\/figure><\/div>\n\n\n\n<p> Retourner \u00e0 la premi\u00e8re ville pour vous rentre \u00e0 Tower of Insolence par le Sacrifice Gatekeeper <\/p>\n\n\n\n<div class=\"wp-block-image\"><figure class=\"aligncenter is-resized\"><img loading=\"lazy\" decoding=\"async\" src=\"https:\/\/l2sacrifice.fr\/wp-content\/uploads\/2020\/05\/image-155.png\" alt=\"L\u2019attribut alt de cette image est vide, son nom de fichier est image-155.png.\" width=\"469\" height=\"360\"\/><figcaption> Sacrifice Gatekeeper: Riley <\/figcaption><\/figure><\/div>\n\n\n\n<div class=\"wp-block-image\"><figure class=\"aligncenter is-resized\"><img loading=\"lazy\" decoding=\"async\" src=\"https:\/\/l2sacrifice.fr\/wp-content\/uploads\/2020\/05\/image-156.png\" alt=\"L\u2019attribut alt de cette image est vide, son nom de fichier est image-156.png.\" width=\"475\" height=\"362\"\/><\/figure><\/div>\n\n\n\n<div class=\"wp-block-image\"><figure class=\"aligncenter is-resized\"><img loading=\"lazy\" decoding=\"async\" src=\"https:\/\/l2sacrifice.fr\/wp-content\/uploads\/2020\/05\/image-160.png\" alt=\"\" class=\"wp-image-952\" width=\"473\" height=\"369\"\/><\/figure><\/div>\n\n\n\n<div class=\"wp-block-image\"><figure class=\"aligncenter is-resized\"><img loading=\"lazy\" decoding=\"async\" src=\"https:\/\/l2sacrifice.fr\/wp-content\/uploads\/2020\/05\/image-162.png\" alt=\"\" class=\"wp-image-955\" width=\"475\" height=\"383\"\/><\/figure><\/div>\n\n\n\n<div class=\"wp-block-image\"><figure class=\"aligncenter is-resized\"><img loading=\"lazy\" decoding=\"async\" src=\"https:\/\/l2sacrifice.fr\/wp-content\/uploads\/2020\/05\/image-164.png\" alt=\"\" class=\"wp-image-959\" width=\"491\" height=\"397\"\/><\/figure><\/div>\n\n\n\n<p>Vous arrivez au rez-de-chauss\u00e9e de TOI aller vers l&rsquo;entr\u00e9e vous  trouverez Pandora<\/p>\n\n\n\n<div class=\"wp-block-image\"><figure class=\"aligncenter is-resized\"><img loading=\"lazy\" decoding=\"async\" src=\"https:\/\/l2sacrifice.fr\/wp-content\/uploads\/2020\/05\/image-173.png\" alt=\"\" class=\"wp-image-981\" width=\"522\" height=\"557\"\/><figcaption> NPC Quest Saint Seiya: Pandora <\/figcaption><\/figure><\/div>\n\n\n\n<p>Grace a votre force mental vous arrivez \u00e0 la contr\u00f4ler et elle n&rsquo;aura d&rsquo;autre choix que vous comment arr\u00eater la destruction de l&rsquo;humanit\u00e9<\/p>\n\n\n\n<div class=\"wp-block-image\"><figure class=\"aligncenter is-resized\"><img loading=\"lazy\" decoding=\"async\" src=\"https:\/\/l2sacrifice.fr\/wp-content\/uploads\/2020\/05\/image-174.png\" alt=\"\" class=\"wp-image-983\" width=\"497\" height=\"578\"\/><figcaption>  NPC Quest Saint Seiya: Pandora <\/figcaption><\/figure><\/div>\n\n\n\n<div class=\"wp-block-image\"><figure class=\"aligncenter is-resized\"><img loading=\"lazy\" decoding=\"async\" src=\"https:\/\/l2sacrifice.fr\/wp-content\/uploads\/2020\/05\/image-175.png\" alt=\"\" class=\"wp-image-985\" width=\"496\" height=\"407\"\/><\/figure><\/div>\n\n\n\n<p>Il ne vous reste plus qu&rsquo;a affronter avec votre clan les 12 Chevaliers Surplis pour r\u00e9colter les 12 Surplis pandrora box <\/p>\n\n\n\n<p>Information: M\u00eame si vous \u00eates plusieurs \u00e0 avoir la qu\u00eate lors de la  mort du chevalier d&rsquo;or un seul membre recevra la Surplis pandora box (c&rsquo;est  celui qui donne le coup final), vous pourrez transf\u00e9rer vos box au m\u00eame  personnage pour pouvoir continuer la qu\u00eate <\/p>\n\n\n\n<p> Voici les 12 Chevaliers Surplis sous leur 1\u00e8re forme de combat (ils  changeront de forme pendant le combat), chaque chevalier Surplis contr\u00f4le  un des douze \u00e9tage, il vous faudra gravir des milliers de marches pour  les affronter <\/p>\n\n\n\n<p> Au 1\u00e8re \u00c9tage vous pourrez affronter Le Chevalier Surplis du B\u00e9lier: Shion<\/p>\n\n\n\n<div class=\"wp-block-image\"><figure class=\"aligncenter is-resized\"><img loading=\"lazy\" decoding=\"async\" src=\"https:\/\/l2sacrifice.fr\/wp-content\/uploads\/2020\/05\/image-177.png\" alt=\"\" class=\"wp-image-990\" width=\"278\" height=\"472\"\/><figcaption>Chevalier Surplis du B\u00e9lier: Shion <\/figcaption><\/figure><\/div>\n\n\n\n<p> Au 2\u00e8me \u00c9tage vous pourrez affronter Le Chevalier Surplis du Taureau:  Ald\u00e9baran <\/p>\n\n\n\n<div class=\"wp-block-image\"><figure class=\"aligncenter is-resized\"><img loading=\"lazy\" decoding=\"async\" src=\"https:\/\/l2sacrifice.fr\/wp-content\/uploads\/2020\/05\/image-179.png\" alt=\"\" class=\"wp-image-996\" width=\"277\" height=\"430\"\/><figcaption>Chevalier Surplis du Taureau:  Ald\u00e9baran  <\/figcaption><\/figure><\/div>\n\n\n\n<p>Au 3\u00e8me \u00c9tage vous pourrez affronter Le Chevalier Surplis du G\u00e9meaux:  Saga <\/p>\n\n\n\n<div class=\"wp-block-image\"><figure class=\"aligncenter is-resized\"><img loading=\"lazy\" decoding=\"async\" src=\"https:\/\/l2sacrifice.fr\/wp-content\/uploads\/2020\/05\/image-180.png\" alt=\"\" class=\"wp-image-998\" width=\"288\" height=\"490\"\/><figcaption>Chevalier Surplis du G\u00e9meaux:  Saga<\/figcaption><\/figure><\/div>\n\n\n\n<p> Au 4\u00e8me \u00c9tage vous pourrez affronter Le Chevalier Surplis du Cancer:  Deathmask <\/p>\n\n\n\n<div class=\"wp-block-image\"><figure class=\"aligncenter is-resized\"><img loading=\"lazy\" decoding=\"async\" src=\"https:\/\/l2sacrifice.fr\/wp-content\/uploads\/2020\/05\/image-182.png\" alt=\"\" class=\"wp-image-1006\" width=\"295\" height=\"488\"\/><figcaption>Chevalier Surplis du Cancer:  Deathmask <\/figcaption><\/figure><\/div>\n\n\n\n<p>Au 5\u00e8me \u00c9tage vous pourrez affronter Le Chevalier Surplis du Lion: Aiorio <\/p>\n\n\n\n<div class=\"wp-block-image\"><figure class=\"aligncenter is-resized\"><img loading=\"lazy\" decoding=\"async\" src=\"https:\/\/l2sacrifice.fr\/wp-content\/uploads\/2020\/05\/image-186.png\" alt=\"\" class=\"wp-image-1014\" width=\"306\" height=\"538\"\/><figcaption>Chevalier Surplis du Lion: Aiorio<\/figcaption><\/figure><\/div>\n\n\n\n<p>Au 6\u00e8me \u00c9tage vous pourrez affronter Le Chevalier Surplus de la vierge: Shaka<\/p>\n\n\n\n<div class=\"wp-block-image\"><figure class=\"aligncenter is-resized\"><img loading=\"lazy\" decoding=\"async\" src=\"https:\/\/l2sacrifice.fr\/wp-content\/uploads\/2020\/05\/image-187.png\" alt=\"\" class=\"wp-image-1016\" width=\"302\" height=\"569\"\/><figcaption>Chevalier Surplus de la vierge: Shaka <\/figcaption><\/figure><\/div>\n\n\n\n<p>Au 7\u00e8me \u00c9tage vous pourrez affronter Le Chevalier Surplis de la Balance: Dohko <\/p>\n\n\n\n<div class=\"wp-block-image\"><figure class=\"aligncenter is-resized\"><img loading=\"lazy\" decoding=\"async\" src=\"https:\/\/l2sacrifice.fr\/wp-content\/uploads\/2020\/05\/image-190.png\" alt=\"\" class=\"wp-image-1026\" width=\"311\" height=\"455\"\/><figcaption>Surplis de la Balance: Dohko <\/figcaption><\/figure><\/div>\n\n\n\n<p>Au 8\u00e8me \u00c9tage vous pourrez affronter Le Chevalier Surplis du Scorpion: Milo <\/p>\n\n\n\n<div class=\"wp-block-image\"><figure class=\"aligncenter is-resized\"><img loading=\"lazy\" decoding=\"async\" src=\"https:\/\/l2sacrifice.fr\/wp-content\/uploads\/2020\/05\/image-191.png\" alt=\"\" class=\"wp-image-1028\" width=\"299\" height=\"621\"\/><\/figure><\/div>\n\n\n\n<p> Au 9\u00e8me \u00c9tage vous pourrez affronter Le Chevalier Surplis du Sagittaire: Aiolos <\/p>\n\n\n\n<div class=\"wp-block-image\"><figure class=\"aligncenter is-resized\"><img loading=\"lazy\" decoding=\"async\" src=\"https:\/\/l2sacrifice.fr\/wp-content\/uploads\/2020\/05\/image-194.png\" alt=\"\" class=\"wp-image-1035\" width=\"422\" height=\"512\"\/><figcaption>Chevalier Surplis du Sagittaire: Aiolos <\/figcaption><\/figure><\/div>\n\n\n\n<p>Au 10\u00e8me \u00c9tage vous pourrez affronter Le Chevalier Surplis du Capricorne: Shura <\/p>\n\n\n\n<div class=\"wp-block-image\"><figure class=\"aligncenter is-resized\"><img loading=\"lazy\" decoding=\"async\" src=\"https:\/\/l2sacrifice.fr\/wp-content\/uploads\/2020\/05\/image-196.png\" alt=\"\" class=\"wp-image-1039\" width=\"268\" height=\"573\"\/><figcaption>Chevalier Surplis du Capricorne: Shura  <\/figcaption><\/figure><\/div>\n\n\n\n<p>Au 11\u00e8me \u00c9tage vous pourrez affronter Le Chevalier Surplis du Verso: Camus <\/p>\n\n\n\n<div class=\"wp-block-image\"><figure class=\"aligncenter is-resized\"><img loading=\"lazy\" decoding=\"async\" src=\"https:\/\/l2sacrifice.fr\/wp-content\/uploads\/2020\/05\/image-198.png\" alt=\"\" class=\"wp-image-1043\" width=\"286\" height=\"590\"\/><figcaption>Chevalier Surplis du Verso: Camus <\/figcaption><\/figure><\/div>\n\n\n\n<p>Au 12\u00e8me \u00c9tage vous pourrez affronter Le Chevalier Surplis du Poisson: Aphrodite <\/p>\n\n\n\n<div class=\"wp-block-image\"><figure class=\"aligncenter is-resized\"><img loading=\"lazy\" decoding=\"async\" src=\"https:\/\/l2sacrifice.fr\/wp-content\/uploads\/2020\/05\/image-200.png\" alt=\"\" class=\"wp-image-1048\" width=\"291\" height=\"609\"\/><figcaption> Chevalier Surplis du Poisson: Aphrodite  <\/figcaption><\/figure><\/div>\n\n\n\n<p>Vous avez r\u00e9colt\u00e9 les 12 pandora box <\/p>\n\n\n\n<div class=\"wp-block-image\"><figure class=\"aligncenter\"><img loading=\"lazy\" decoding=\"async\" width=\"220\" height=\"112\" src=\"https:\/\/l2sacrifice.fr\/wp-content\/uploads\/2020\/05\/image-210.png\" alt=\"\" class=\"wp-image-1068\"\/><figcaption> 12 Surplis Pandora box <\/figcaption><\/figure><\/div>\n\n\n\n<p>Retournez voir Pandora qui n&rsquo;aura d&rsquo;autre choix que de vous ouvrir le portail conduisant \u00e0 Had\u00e8s contre les 12 Surplis Pandora Box<\/p>\n\n\n\n<div class=\"wp-block-image\"><figure class=\"aligncenter is-resized\"><img loading=\"lazy\" decoding=\"async\" src=\"https:\/\/l2sacrifice.fr\/wp-content\/uploads\/2020\/05\/image-211.png\" alt=\"\" class=\"wp-image-1069\" width=\"528\" height=\"470\"\/><figcaption>NPC Quest Saint Seiya: Pandora <\/figcaption><\/figure><\/div>\n\n\n\n<div class=\"wp-block-image\"><figure class=\"aligncenter is-resized\"><img loading=\"lazy\" decoding=\"async\" src=\"https:\/\/l2sacrifice.fr\/wp-content\/uploads\/2020\/05\/image-212.png\" alt=\"\" class=\"wp-image-1071\" width=\"341\" height=\"425\"\/><figcaption>Had\u00e8s GateKeeper<\/figcaption><\/figure><\/div>\n\n\n\n<p>Had\u00e8s dieu de l&rsquo;enfer vous attendra avec son \u00e9p\u00e9e \u00e0 la main avec les 2 Fr\u00e8re Thanatos dieu de la mort  et Hypnos dieu du sommeil<\/p>\n\n\n\n<figure class=\"wp-block-image\"><img loading=\"lazy\" decoding=\"async\" width=\"1665\" height=\"1196\" src=\"https:\/\/l2sacrifice.fr\/wp-content\/uploads\/2020\/05\/image-225.png\" alt=\"\" class=\"wp-image-1112\"\/><figcaption> Forme 1 Had\u00e8s Hypnos Thanatos<\/figcaption><\/figure>\n\n\n\n<figure class=\"wp-block-image\"><img loading=\"lazy\" decoding=\"async\" width=\"1777\" height=\"1224\" src=\"https:\/\/l2sacrifice.fr\/wp-content\/uploads\/2020\/05\/image-226.png\" alt=\"\" class=\"wp-image-1114\"\/><figcaption> Forme 2 Had\u00e8s Hypnos Thanatos <\/figcaption><\/figure>\n\n\n\n<figure class=\"wp-block-video\"><video height=\"1084\" style=\"aspect-ratio: 1156 \/ 1084;\" width=\"1156\" autoplay controls loop muted src=\"https:\/\/l2sacrifice.fr\/wp-content\/uploads\/2020\/05\/Hades-Final-Form.mp4\"><\/video><figcaption>Hades explosant son cosmos<\/figcaption><\/figure>\n\n\n\n<p>Quand Had\u00e8s et ces 2 sbyres auront rendu l\u2019\u00e2me, vous obtiendrez le sang d&rsquo;Had\u00e8s mais \u00e9galement les items n\u00e9cessaires pour terminer la confection de votre  \u00e9quipement Surplis Saint Seiya  <\/p>\n\n\n\n<div class=\"wp-block-image\"><figure class=\"aligncenter is-resized\"><img loading=\"lazy\" decoding=\"async\" src=\"https:\/\/l2sacrifice.fr\/wp-content\/uploads\/2020\/05\/image-217.png\" alt=\"\" class=\"wp-image-1080\" width=\"276\" height=\"59\"\/><figcaption> Thanatos Jewel \/ Hypnos Jewel \/ Had\u00e8s Spirit \/ Had\u00e8s Gemstone \/ Saint Seiya Blood<\/figcaption><\/figure><\/div>\n\n\n\n<p>Le Saint Seiya Blood permet de convertir vos Bijoux Saint Seiya au Grade R99<\/p>\n\n\n\n<div class=\"wp-block-image\"><figure class=\"aligncenter\"><img loading=\"lazy\" decoding=\"async\" width=\"236\" height=\"75\" src=\"https:\/\/l2sacrifice.fr\/wp-content\/uploads\/2020\/05\/image-215.png\" alt=\"\" class=\"wp-image-1077\"\/><\/figure><\/div>\n\n\n\n<div class=\"wp-block-image\"><figure class=\"aligncenter is-resized\"><img loading=\"lazy\" decoding=\"async\" src=\"https:\/\/l2sacrifice.fr\/wp-content\/uploads\/2020\/05\/image-218.png\" alt=\"\" class=\"wp-image-1084\" width=\"462\" height=\"382\"\/><\/figure><\/div>\n\n\n\n<p>Retourner voir Pandora qui vous \u00e9changer le sang d&rsquo; Had\u00e8s contre 1 des 5 bijoux Saint Seiya <\/p>\n\n\n\n<div class=\"wp-block-image\"><figure class=\"aligncenter is-resized\"><img loading=\"lazy\" decoding=\"async\" src=\"https:\/\/l2sacrifice.fr\/wp-content\/uploads\/2020\/05\/image-209.png\" alt=\"\" class=\"wp-image-1066\" width=\"274\" height=\"58\"\/><figcaption>Dragon Ring\/Phoenix Ring\/Pegasus Necklace\/Andromede Earring \/Cygnus Earring <\/figcaption><\/figure><\/div>\n\n\n\n<div class=\"wp-block-image\"><figure class=\"aligncenter is-resized\"><img loading=\"lazy\" decoding=\"async\" src=\"https:\/\/l2sacrifice.fr\/wp-content\/uploads\/2020\/05\/image-221.png\" alt=\"\" class=\"wp-image-1094\" width=\"498\" height=\"426\"\/><figcaption>NPC Quest Saint Seiya: Pandora  <\/figcaption><\/figure><\/div>\n\n\n\n<p><\/p>\n","protected":false},"excerpt":{"rendered":"<p>Pour d\u00e9buter la quete vous devez aller voir le vieux maitre pour cela, aller \u00e0 Giran, entrer dans l\u2019\u00e9glise: \u00ab\u00a0The Einhasad Temple\u00a0\u00bb, Aller voir le Grand Pope au fond de l&rsquo;\u00e9glise. Choisir la destination \u00ab\u00a0Vieux Maitre\u00a0\u00bb Vous arriverez \u00e0 la cascade des 5 pics Parler au vieux maitre, il vous proposera 2 qu\u00eates (vous pouvez &hellip; <\/p>\n<p class=\"link-more\"><a href=\"https:\/\/l2sacrifice.fr\/?page_id=941\" class=\"more-link\">Continuer la lecture<span class=\"screen-reader-text\"> de &laquo;&nbsp;Quest: Surplis Saint Seiya&nbsp;&raquo;<\/span><\/a><\/p>\n","protected":false},"author":1,"featured_media":1097,"parent":0,"menu_order":0,"comment_status":"closed","ping_status":"closed","template":"","meta":{"footnotes":""},"class_list":["post-941","page","type-page","status-publish","has-post-thumbnail","hentry"],"yoast_head":"<!-- This site is optimized with the Yoast SEO plugin v27.0 - https:\/\/yoast.com\/product\/yoast-seo-wordpress\/ -->\n<title>Quest: Surplis Saint Seiya - L2Sacrifice<\/title>\n<meta name=\"robots\" content=\"index, follow, max-snippet:-1, max-image-preview:large, max-video-preview:-1\" \/>\n<link rel=\"canonical\" href=\"https:\/\/l2sacrifice.fr\/?page_id=941\" \/>\n<meta property=\"og:locale\" content=\"fr_FR\" \/>\n<meta property=\"og:type\" content=\"article\" \/>\n<meta property=\"og:title\" content=\"Quest: Surplis Saint Seiya - L2Sacrifice\" \/>\n<meta property=\"og:description\" content=\"Pour d\u00e9buter la quete vous devez aller voir le vieux maitre pour cela, aller \u00e0 Giran, entrer dans l\u2019\u00e9glise: \u00ab\u00a0The Einhasad Temple\u00a0\u00bb, Aller voir le Grand Pope au fond de l&rsquo;\u00e9glise. Choisir la destination \u00ab\u00a0Vieux Maitre\u00a0\u00bb Vous arriverez \u00e0 la cascade des 5 pics Parler au vieux maitre, il vous proposera 2 qu\u00eates (vous pouvez &hellip; Continuer la lecture de &laquo;&nbsp;Quest: Surplis Saint Seiya&nbsp;&raquo;\" \/>\n<meta property=\"og:url\" content=\"https:\/\/l2sacrifice.fr\/?page_id=941\" \/>\n<meta property=\"og:site_name\" content=\"L2Sacrifice\" \/>\n<meta property=\"article:modified_time\" content=\"2020-05-09T15:05:31+00:00\" \/>\n<meta property=\"og:image\" content=\"https:\/\/l2sacrifice.fr\/wp-content\/uploads\/2020\/05\/Saint_Seiya_Q_title.png\" \/>\n\t<meta property=\"og:image:width\" content=\"1010\" \/>\n\t<meta property=\"og:image:height\" content=\"510\" \/>\n\t<meta property=\"og:image:type\" content=\"image\/png\" \/>\n<meta name=\"twitter:card\" content=\"summary_large_image\" \/>\n<meta name=\"twitter:label1\" content=\"Dur\u00e9e de lecture estim\u00e9e\" \/>\n\t<meta name=\"twitter:data1\" content=\"3 minutes\" \/>\n<script type=\"application\/ld+json\" class=\"yoast-schema-graph\">{\"@context\":\"https:\/\/schema.org\",\"@graph\":[{\"@type\":\"WebPage\",\"@id\":\"https:\/\/l2sacrifice.fr\/?page_id=941\",\"url\":\"https:\/\/l2sacrifice.fr\/?page_id=941\",\"name\":\"Quest: Surplis Saint Seiya - L2Sacrifice\",\"isPartOf\":{\"@id\":\"https:\/\/l2sacrifice.fr\/#website\"},\"primaryImageOfPage\":{\"@id\":\"https:\/\/l2sacrifice.fr\/?page_id=941#primaryimage\"},\"image\":{\"@id\":\"https:\/\/l2sacrifice.fr\/?page_id=941#primaryimage\"},\"thumbnailUrl\":\"https:\/\/l2sacrifice.fr\/wp-content\/uploads\/2020\/05\/Saint_Seiya_Q_title.png\",\"datePublished\":\"2020-05-08T12:41:59+00:00\",\"dateModified\":\"2020-05-09T15:05:31+00:00\",\"breadcrumb\":{\"@id\":\"https:\/\/l2sacrifice.fr\/?page_id=941#breadcrumb\"},\"inLanguage\":\"fr-FR\",\"potentialAction\":[{\"@type\":\"ReadAction\",\"target\":[\"https:\/\/l2sacrifice.fr\/?page_id=941\"]}]},{\"@type\":\"ImageObject\",\"inLanguage\":\"fr-FR\",\"@id\":\"https:\/\/l2sacrifice.fr\/?page_id=941#primaryimage\",\"url\":\"https:\/\/l2sacrifice.fr\/wp-content\/uploads\/2020\/05\/Saint_Seiya_Q_title.png\",\"contentUrl\":\"https:\/\/l2sacrifice.fr\/wp-content\/uploads\/2020\/05\/Saint_Seiya_Q_title.png\",\"width\":1010,\"height\":510},{\"@type\":\"BreadcrumbList\",\"@id\":\"https:\/\/l2sacrifice.fr\/?page_id=941#breadcrumb\",\"itemListElement\":[{\"@type\":\"ListItem\",\"position\":1,\"name\":\"Home\",\"item\":\"https:\/\/l2sacrifice.fr\/\"},{\"@type\":\"ListItem\",\"position\":2,\"name\":\"Quest: Surplis Saint Seiya\"}]},{\"@type\":\"WebSite\",\"@id\":\"https:\/\/l2sacrifice.fr\/#website\",\"url\":\"https:\/\/l2sacrifice.fr\/\",\"name\":\"L2Sacrifice\",\"description\":\"Lineage 2 Sacrifice pour la vie\",\"publisher\":{\"@id\":\"https:\/\/l2sacrifice.fr\/#\/schema\/person\/4ff20fbcfb77afded60cac13ff16dfa8\"},\"potentialAction\":[{\"@type\":\"SearchAction\",\"target\":{\"@type\":\"EntryPoint\",\"urlTemplate\":\"https:\/\/l2sacrifice.fr\/?s={search_term_string}\"},\"query-input\":{\"@type\":\"PropertyValueSpecification\",\"valueRequired\":true,\"valueName\":\"search_term_string\"}}],\"inLanguage\":\"fr-FR\"},{\"@type\":[\"Person\",\"Organization\"],\"@id\":\"https:\/\/l2sacrifice.fr\/#\/schema\/person\/4ff20fbcfb77afded60cac13ff16dfa8\",\"name\":\"darksimonus\",\"image\":{\"@type\":\"ImageObject\",\"inLanguage\":\"fr-FR\",\"@id\":\"https:\/\/l2sacrifice.fr\/#\/schema\/person\/image\/\",\"url\":\"https:\/\/l2sacrifice.fr\/wp-content\/uploads\/2020\/05\/Logo_mini.png\",\"contentUrl\":\"https:\/\/l2sacrifice.fr\/wp-content\/uploads\/2020\/05\/Logo_mini.png\",\"width\":225,\"height\":225,\"caption\":\"darksimonus\"},\"logo\":{\"@id\":\"https:\/\/l2sacrifice.fr\/#\/schema\/person\/image\/\"}}]}<\/script>\n<!-- \/ Yoast SEO plugin. -->","yoast_head_json":{"title":"Quest: Surplis Saint Seiya - L2Sacrifice","robots":{"index":"index","follow":"follow","max-snippet":"max-snippet:-1","max-image-preview":"max-image-preview:large","max-video-preview":"max-video-preview:-1"},"canonical":"https:\/\/l2sacrifice.fr\/?page_id=941","og_locale":"fr_FR","og_type":"article","og_title":"Quest: Surplis Saint Seiya - L2Sacrifice","og_description":"Pour d\u00e9buter la quete vous devez aller voir le vieux maitre pour cela, aller \u00e0 Giran, entrer dans l\u2019\u00e9glise: \u00ab\u00a0The Einhasad Temple\u00a0\u00bb, Aller voir le Grand Pope au fond de l&rsquo;\u00e9glise. Choisir la destination \u00ab\u00a0Vieux Maitre\u00a0\u00bb Vous arriverez \u00e0 la cascade des 5 pics Parler au vieux maitre, il vous proposera 2 qu\u00eates (vous pouvez &hellip; Continuer la lecture de &laquo;&nbsp;Quest: Surplis Saint Seiya&nbsp;&raquo;","og_url":"https:\/\/l2sacrifice.fr\/?page_id=941","og_site_name":"L2Sacrifice","article_modified_time":"2020-05-09T15:05:31+00:00","og_image":[{"width":1010,"height":510,"url":"https:\/\/l2sacrifice.fr\/wp-content\/uploads\/2020\/05\/Saint_Seiya_Q_title.png","type":"image\/png"}],"twitter_card":"summary_large_image","twitter_misc":{"Dur\u00e9e de lecture estim\u00e9e":"3 minutes"},"schema":{"@context":"https:\/\/schema.org","@graph":[{"@type":"WebPage","@id":"https:\/\/l2sacrifice.fr\/?page_id=941","url":"https:\/\/l2sacrifice.fr\/?page_id=941","name":"Quest: Surplis Saint Seiya - L2Sacrifice","isPartOf":{"@id":"https:\/\/l2sacrifice.fr\/#website"},"primaryImageOfPage":{"@id":"https:\/\/l2sacrifice.fr\/?page_id=941#primaryimage"},"image":{"@id":"https:\/\/l2sacrifice.fr\/?page_id=941#primaryimage"},"thumbnailUrl":"https:\/\/l2sacrifice.fr\/wp-content\/uploads\/2020\/05\/Saint_Seiya_Q_title.png","datePublished":"2020-05-08T12:41:59+00:00","dateModified":"2020-05-09T15:05:31+00:00","breadcrumb":{"@id":"https:\/\/l2sacrifice.fr\/?page_id=941#breadcrumb"},"inLanguage":"fr-FR","potentialAction":[{"@type":"ReadAction","target":["https:\/\/l2sacrifice.fr\/?page_id=941"]}]},{"@type":"ImageObject","inLanguage":"fr-FR","@id":"https:\/\/l2sacrifice.fr\/?page_id=941#primaryimage","url":"https:\/\/l2sacrifice.fr\/wp-content\/uploads\/2020\/05\/Saint_Seiya_Q_title.png","contentUrl":"https:\/\/l2sacrifice.fr\/wp-content\/uploads\/2020\/05\/Saint_Seiya_Q_title.png","width":1010,"height":510},{"@type":"BreadcrumbList","@id":"https:\/\/l2sacrifice.fr\/?page_id=941#breadcrumb","itemListElement":[{"@type":"ListItem","position":1,"name":"Home","item":"https:\/\/l2sacrifice.fr\/"},{"@type":"ListItem","position":2,"name":"Quest: Surplis Saint Seiya"}]},{"@type":"WebSite","@id":"https:\/\/l2sacrifice.fr\/#website","url":"https:\/\/l2sacrifice.fr\/","name":"L2Sacrifice","description":"Lineage 2 Sacrifice pour la vie","publisher":{"@id":"https:\/\/l2sacrifice.fr\/#\/schema\/person\/4ff20fbcfb77afded60cac13ff16dfa8"},"potentialAction":[{"@type":"SearchAction","target":{"@type":"EntryPoint","urlTemplate":"https:\/\/l2sacrifice.fr\/?s={search_term_string}"},"query-input":{"@type":"PropertyValueSpecification","valueRequired":true,"valueName":"search_term_string"}}],"inLanguage":"fr-FR"},{"@type":["Person","Organization"],"@id":"https:\/\/l2sacrifice.fr\/#\/schema\/person\/4ff20fbcfb77afded60cac13ff16dfa8","name":"darksimonus","image":{"@type":"ImageObject","inLanguage":"fr-FR","@id":"https:\/\/l2sacrifice.fr\/#\/schema\/person\/image\/","url":"https:\/\/l2sacrifice.fr\/wp-content\/uploads\/2020\/05\/Logo_mini.png","contentUrl":"https:\/\/l2sacrifice.fr\/wp-content\/uploads\/2020\/05\/Logo_mini.png","width":225,"height":225,"caption":"darksimonus"},"logo":{"@id":"https:\/\/l2sacrifice.fr\/#\/schema\/person\/image\/"}}]}},"_links":{"self":[{"href":"https:\/\/l2sacrifice.fr\/index.php?rest_route=\/wp\/v2\/pages\/941","targetHints":{"allow":["GET"]}}],"collection":[{"href":"https:\/\/l2sacrifice.fr\/index.php?rest_route=\/wp\/v2\/pages"}],"about":[{"href":"https:\/\/l2sacrifice.fr\/index.php?rest_route=\/wp\/v2\/types\/page"}],"author":[{"embeddable":true,"href":"https:\/\/l2sacrifice.fr\/index.php?rest_route=\/wp\/v2\/users\/1"}],"replies":[{"embeddable":true,"href":"https:\/\/l2sacrifice.fr\/index.php?rest_route=%2Fwp%2Fv2%2Fcomments&post=941"}],"version-history":[{"count":58,"href":"https:\/\/l2sacrifice.fr\/index.php?rest_route=\/wp\/v2\/pages\/941\/revisions"}],"predecessor-version":[{"id":1248,"href":"https:\/\/l2sacrifice.fr\/index.php?rest_route=\/wp\/v2\/pages\/941\/revisions\/1248"}],"wp:featuredmedia":[{"embeddable":true,"href":"https:\/\/l2sacrifice.fr\/index.php?rest_route=\/wp\/v2\/media\/1097"}],"wp:attachment":[{"href":"https:\/\/l2sacrifice.fr\/index.php?rest_route=%2Fwp%2Fv2%2Fmedia&parent=941"}],"curies":[{"name":"wp","href":"https:\/\/api.w.org\/{rel}","templated":true}]}}