{"id":926,"date":"2020-05-08T14:31:38","date_gmt":"2020-05-08T12:31:38","guid":{"rendered":"https:\/\/l2sacrifice.fr\/?page_id=926"},"modified":"2020-05-09T12:11:06","modified_gmt":"2020-05-09T10:11:06","slug":"quest-gold-surplis-saint-seiya","status":"publish","type":"page","link":"https:\/\/l2sacrifice.fr\/?page_id=926","title":{"rendered":"Quest: Gold Saint Seiya"},"content":{"rendered":"\n<p>Pour d\u00e9buter la qu\u00eate vous devez aller voir le vieux maitre  pour cela,  aller \u00e0 Giran, entrer dans l\u2019\u00e9glise: \u00ab\u00a0The Einhasad Temple\u00a0\u00bb,  <\/p>\n\n\n\n<div class=\"wp-block-image\"><figure class=\"aligncenter is-resized\"><img loading=\"lazy\" decoding=\"async\" src=\"https:\/\/l2sacrifice.fr\/wp-content\/uploads\/2020\/05\/image-222.png\" alt=\"\" class=\"wp-image-1099\" width=\"477\" height=\"312\"\/><figcaption> The Einhasad Temple  <\/figcaption><\/figure><\/div>\n\n\n\n<p>Aller voir le Grand Pope au fond de l&rsquo;\u00e9glise.<\/p>\n\n\n\n<figure class=\"wp-block-image\"><img loading=\"lazy\" decoding=\"async\" width=\"1004\" height=\"535\" src=\"https:\/\/l2sacrifice.fr\/wp-content\/uploads\/2020\/05\/image-147.png\" alt=\"\" class=\"wp-image-928\"\/><figcaption>Saint GateKeeper: Grand Pope<\/figcaption><\/figure>\n\n\n\n<p>Choisir la destination \u00ab\u00a0Vieux Maitre\u00a0\u00bb<\/p>\n\n\n\n<div class=\"wp-block-image\"><figure class=\"aligncenter is-resized\"><img loading=\"lazy\" decoding=\"async\" src=\"https:\/\/l2sacrifice.fr\/wp-content\/uploads\/2020\/05\/image-149.png\" alt=\"\" class=\"wp-image-930\" width=\"464\" height=\"583\"\/><\/figure><\/div>\n\n\n\n<p>Vous arriverez \u00e0 la cascade des 5 pics<\/p>\n\n\n\n<div class=\"wp-block-image\"><figure class=\"aligncenter is-resized\"><img loading=\"lazy\" decoding=\"async\" src=\"https:\/\/l2sacrifice.fr\/wp-content\/uploads\/2020\/05\/image-150.png\" alt=\"\" class=\"wp-image-933\" width=\"450\" height=\"377\"\/><figcaption>Saint Master: Vieux Maitre<\/figcaption><\/figure><\/div>\n\n\n\n<p>Parler au vieux maitre, il vous proposera 2 qu\u00eates (vous pouvez prendre les 2 qu\u00eates il n&rsquo;y a pas de limitation<\/p>\n\n\n\n<div class=\"wp-block-image\"><figure class=\"aligncenter is-resized\"><img loading=\"lazy\" decoding=\"async\" src=\"https:\/\/l2sacrifice.fr\/wp-content\/uploads\/2020\/05\/image-151.png\" alt=\"\" class=\"wp-image-934\" width=\"448\" height=\"357\"\/><figcaption>Saint Master: Vieux Maitre <\/figcaption><\/figure><\/div>\n\n\n\n<p>Le vieux maitre vous racontera, un peu de sa vie, pas de panique, c&rsquo;est la m\u00eame histoire que dans le Manga Saint Seiya Sanctuary <\/p>\n\n\n\n<div class=\"wp-block-image\"><figure class=\"aligncenter is-resized\"><img loading=\"lazy\" decoding=\"async\" src=\"https:\/\/l2sacrifice.fr\/wp-content\/uploads\/2020\/05\/image-152.png\" alt=\"\" class=\"wp-image-936\" width=\"476\" height=\"377\"\/><figcaption> Saint Master: Vieux Maitre <\/figcaption><\/figure><\/div>\n\n\n\n<div class=\"wp-block-image\"><figure class=\"aligncenter is-resized\"><img loading=\"lazy\" decoding=\"async\" src=\"https:\/\/l2sacrifice.fr\/wp-content\/uploads\/2020\/05\/image-153.png\" alt=\"\" class=\"wp-image-937\" width=\"476\" height=\"403\"\/><\/figure><\/div>\n\n\n\n<div class=\"wp-block-image\"><figure class=\"aligncenter is-resized\"><img loading=\"lazy\" decoding=\"async\" src=\"https:\/\/l2sacrifice.fr\/wp-content\/uploads\/2020\/05\/image-171.png\" alt=\"\" class=\"wp-image-977\" width=\"460\" height=\"366\"\/><\/figure><\/div>\n\n\n\n<p>Retourner \u00e0 la premi\u00e8re ville pour vous rentre \u00e0 Tower of Insolence par le Sacrifice Gatekeeper<\/p>\n\n\n\n<div class=\"wp-block-image\"><figure class=\"aligncenter is-resized\"><img loading=\"lazy\" decoding=\"async\" src=\"https:\/\/l2sacrifice.fr\/wp-content\/uploads\/2020\/05\/image-155.png\" alt=\"\" class=\"wp-image-944\" width=\"443\" height=\"340\"\/><figcaption>Sacrifice Gatekeeper: Riley<\/figcaption><\/figure><\/div>\n\n\n\n<div class=\"wp-block-image\"><figure class=\"aligncenter is-resized\"><img loading=\"lazy\" decoding=\"async\" src=\"https:\/\/l2sacrifice.fr\/wp-content\/uploads\/2020\/05\/image-156.png\" alt=\"\" class=\"wp-image-945\" width=\"454\" height=\"346\"\/><\/figure><\/div>\n\n\n\n<div class=\"wp-block-image\"><figure class=\"aligncenter is-resized\"><img loading=\"lazy\" decoding=\"async\" src=\"https:\/\/l2sacrifice.fr\/wp-content\/uploads\/2020\/05\/image-159.png\" alt=\"\" class=\"wp-image-951\" width=\"461\" height=\"359\"\/><\/figure><\/div>\n\n\n\n<div class=\"wp-block-image\"><figure class=\"aligncenter is-resized\"><img loading=\"lazy\" decoding=\"async\" src=\"https:\/\/l2sacrifice.fr\/wp-content\/uploads\/2020\/05\/image-161.png\" alt=\"\" class=\"wp-image-953\" width=\"455\" height=\"367\"\/><\/figure><\/div>\n\n\n\n<div class=\"wp-block-image\"><figure class=\"aligncenter is-resized\"><img loading=\"lazy\" decoding=\"async\" src=\"https:\/\/l2sacrifice.fr\/wp-content\/uploads\/2020\/05\/image-163.png\" alt=\"\" class=\"wp-image-957\" width=\"450\" height=\"364\"\/><\/figure><\/div>\n\n\n\n<p>Vous arrivez au rez-de-chauss\u00e9e de TOI aller vers l&rsquo;entr\u00e9e vous trouverez Ath\u00e9na gisant au sol, avec le c\u0153ur perc\u00e9 d&rsquo;une fl\u00e8che d&rsquo;or du Sagittaire <\/p>\n\n\n\n<div class=\"wp-block-image\"><figure class=\"aligncenter is-resized\"><img loading=\"lazy\" decoding=\"async\" src=\"https:\/\/l2sacrifice.fr\/wp-content\/uploads\/2020\/05\/image-165.png\" alt=\"\" class=\"wp-image-961\" width=\"557\" height=\"376\"\/><figcaption>NPC Quest Saint Seiya: Athena<\/figcaption><\/figure><\/div>\n\n\n\n<p>Parler lui elle vous racontera la suite de l&rsquo;histoire, et vous demandera de l&rsquo;aide<\/p>\n\n\n\n<div class=\"wp-block-image\"><figure class=\"aligncenter is-resized\"><img loading=\"lazy\" decoding=\"async\" src=\"https:\/\/l2sacrifice.fr\/wp-content\/uploads\/2020\/05\/image-168.png\" alt=\"\" class=\"wp-image-965\" width=\"547\" height=\"328\"\/><figcaption> NPC Quest Saint Seiya: Athena <\/figcaption><\/figure><\/div>\n\n\n\n<p>Elle vous remerciera de votre bravoire en vous demandant d&rsquo;\u00e9liminer les 12 chevaliers d&rsquo;or<\/p>\n\n\n\n<div class=\"wp-block-image\"><figure class=\"aligncenter is-resized\"><img loading=\"lazy\" decoding=\"async\" src=\"https:\/\/l2sacrifice.fr\/wp-content\/uploads\/2020\/05\/image-169.png\" alt=\"\" class=\"wp-image-966\" width=\"598\" height=\"375\"\/><\/figure><\/div>\n\n\n\n<p>Il ne vous reste plus qu&rsquo;a affronter avec votre clan les 12 Chevaliers pour r\u00e9colter les 12 gold pandrora box<\/p>\n\n\n\n<p>Information: M\u00eame si vous \u00eates plusieurs \u00e0 avoir la qu\u00eate lors de la mort du chevalier d&rsquo;or un seul membre recevra la gold pandora box (c&rsquo;est celui qui donne le coup final), vous pourrez transf\u00e9rer vos box au m\u00eame personnage pour pouvoir continuer la qu\u00eate<\/p>\n\n\n\n<p>Voici les 12 Chevaliers d&rsquo;or sous leur 1\u00e8re forme de combat (ils changeront de forme pendant le combat), chaque chevalier d&rsquo;or contr\u00f4le un des douze \u00e9tage, il vous faudra gravir des milliers de marches pour les affronter<\/p>\n\n\n\n<p>Au 1\u00e8re \u00c9tage vous pourrez affronter Le Chevalier d&rsquo;or du Belier: Mu<\/p>\n\n\n\n<div class=\"wp-block-image\"><figure class=\"aligncenter is-resized\"><img loading=\"lazy\" decoding=\"async\" src=\"https:\/\/l2sacrifice.fr\/wp-content\/uploads\/2020\/05\/image-176.png\" alt=\"\" class=\"wp-image-989\" width=\"294\" height=\"407\"\/><figcaption>Chevalier d&rsquo;or du Belier: Mu<\/figcaption><\/figure><\/div>\n\n\n\n<p>Au 2\u00e8me \u00c9tage vous pourrez affronter Le Chevalier d&rsquo;or du Taureau:  Ald\u00e9baran <\/p>\n\n\n\n<div class=\"wp-block-image\"><figure class=\"aligncenter is-resized\"><img loading=\"lazy\" decoding=\"async\" src=\"https:\/\/l2sacrifice.fr\/wp-content\/uploads\/2020\/05\/image-178.png\" alt=\"\" class=\"wp-image-993\" width=\"314\" height=\"460\"\/><figcaption>Chevalier d&rsquo;or du Taureau:  Ald\u00e9baran <\/figcaption><\/figure><\/div>\n\n\n\n<p>Au 3\u00e8me \u00c9tage vous pourrez affronter Le Chevalier d&rsquo;or du G\u00e9meaux:  Saga<\/p>\n\n\n\n<div class=\"wp-block-image\"><figure class=\"aligncenter is-resized\"><img loading=\"lazy\" decoding=\"async\" src=\"https:\/\/l2sacrifice.fr\/wp-content\/uploads\/2020\/05\/image-181.png\" alt=\"\" class=\"wp-image-999\" width=\"305\" height=\"491\"\/><figcaption>Chevalier d&rsquo;or du G\u00e9meaux:  Saga<\/figcaption><\/figure><\/div>\n\n\n\n<p>Au 4\u00e8me \u00c9tage vous pourrez affronter Le Chevalier d&rsquo;or du Cancer:  Deathmask<\/p>\n\n\n\n<div class=\"wp-block-image\"><figure class=\"aligncenter is-resized\"><img loading=\"lazy\" decoding=\"async\" src=\"https:\/\/l2sacrifice.fr\/wp-content\/uploads\/2020\/05\/image-183.png\" alt=\"\" class=\"wp-image-1007\" width=\"320\" height=\"461\"\/><figcaption>Chevalier d&rsquo;or du Cancer:  Deathmask <\/figcaption><\/figure><\/div>\n\n\n\n<p>Au 5\u00e8me \u00c9tage vous pourrez affronter Le Chevalier d&rsquo;or du Lion: Aiorio<\/p>\n\n\n\n<div class=\"wp-block-image\"><figure class=\"aligncenter is-resized\"><img loading=\"lazy\" decoding=\"async\" src=\"https:\/\/l2sacrifice.fr\/wp-content\/uploads\/2020\/05\/image-185.png\" alt=\"\" class=\"wp-image-1012\" width=\"330\" height=\"499\"\/><figcaption>Chevalier d&rsquo;or du Lion: Aiorio <\/figcaption><\/figure><\/div>\n\n\n\n<p>Au 6\u00e8me \u00c9tage vous pourrez affronter Le Chevalier d&rsquo;or de la vierge: Shaka<\/p>\n\n\n\n<div class=\"wp-block-image\"><figure class=\"aligncenter is-resized\"><img loading=\"lazy\" decoding=\"async\" src=\"https:\/\/l2sacrifice.fr\/wp-content\/uploads\/2020\/05\/image-188.png\" alt=\"\" class=\"wp-image-1018\" width=\"326\" height=\"585\"\/><figcaption>Chevalier d&rsquo;or de la vierge: Shaka <\/figcaption><\/figure><\/div>\n\n\n\n<p>Au 7\u00e8me \u00c9tage vous pourrez affronter Le Chevalier d&rsquo;or de la Balance: Dohko<\/p>\n\n\n\n<div class=\"wp-block-image\"><figure class=\"aligncenter is-resized\"><img loading=\"lazy\" decoding=\"async\" src=\"https:\/\/l2sacrifice.fr\/wp-content\/uploads\/2020\/05\/image-189.png\" alt=\"\" class=\"wp-image-1023\" width=\"365\" height=\"499\"\/><figcaption>Chevalier d&rsquo;or de la Balance: Dohko<\/figcaption><\/figure><\/div>\n\n\n\n<p>Au 8\u00e8me \u00c9tage vous pourrez affronter Le Chevalier d&rsquo;or du Scorpion: Milo<\/p>\n\n\n\n<div class=\"wp-block-image\"><figure class=\"aligncenter is-resized\"><img loading=\"lazy\" decoding=\"async\" src=\"https:\/\/l2sacrifice.fr\/wp-content\/uploads\/2020\/05\/image-192.png\" alt=\"\" class=\"wp-image-1030\" width=\"349\" height=\"658\"\/><figcaption>Chevalier d&rsquo;or du Scorpion: Milo <\/figcaption><\/figure><\/div>\n\n\n\n<p> Au 9\u00e8me \u00c9tage vous pourrez affronter Le Chevalier d&rsquo;or du Sagittaire: Aiolos<\/p>\n\n\n\n<div class=\"wp-block-image\"><figure class=\"aligncenter is-resized\"><img loading=\"lazy\" decoding=\"async\" src=\"https:\/\/l2sacrifice.fr\/wp-content\/uploads\/2020\/05\/image-193.png\" alt=\"\" class=\"wp-image-1032\" width=\"399\" height=\"511\"\/><figcaption>Chevalier d&rsquo;or du Sagittaire: Aiolos <\/figcaption><\/figure><\/div>\n\n\n\n<p>Au 10\u00e8me \u00c9tage vous pourrez affronter Le Chevalier d&rsquo;or du Capricorne: Shura<\/p>\n\n\n\n<div class=\"wp-block-image\"><figure class=\"aligncenter is-resized\"><img loading=\"lazy\" decoding=\"async\" src=\"https:\/\/l2sacrifice.fr\/wp-content\/uploads\/2020\/05\/image-195.png\" alt=\"\" class=\"wp-image-1037\" width=\"339\" height=\"652\"\/><figcaption>Chevalier d&rsquo;or du Capricorne: Shura <\/figcaption><\/figure><\/div>\n\n\n\n<p>Au 11\u00e8me \u00c9tage vous pourrez affronter Le Chevalier d&rsquo;or du Verso: Camus<\/p>\n\n\n\n<div class=\"wp-block-image\"><figure class=\"aligncenter is-resized\"><img loading=\"lazy\" decoding=\"async\" src=\"https:\/\/l2sacrifice.fr\/wp-content\/uploads\/2020\/05\/image-197.png\" alt=\"\" class=\"wp-image-1041\" width=\"305\" height=\"753\"\/><figcaption>Chevalier d&rsquo;or du Verso: Camus <\/figcaption><\/figure><\/div>\n\n\n\n<p>Au 12\u00e8me \u00c9tage vous pourrez affronter Le Chevalier d&rsquo;or du Poisson: Aphrodite<\/p>\n\n\n\n<div class=\"wp-block-image\"><figure class=\"aligncenter is-resized\"><img loading=\"lazy\" decoding=\"async\" src=\"https:\/\/l2sacrifice.fr\/wp-content\/uploads\/2020\/05\/image-199.png\" alt=\"\" class=\"wp-image-1045\" width=\"321\" height=\"644\"\/><figcaption>Chevalier d&rsquo;or du Poisson: Aphrodite <\/figcaption><\/figure><\/div>\n\n\n\n<p>Vous avez r\u00e9colt\u00e9 les 12 pandora box<\/p>\n\n\n\n<div class=\"wp-block-image\"><figure class=\"aligncenter\"><img loading=\"lazy\" decoding=\"async\" width=\"222\" height=\"115\" src=\"https:\/\/l2sacrifice.fr\/wp-content\/uploads\/2020\/05\/image-201.png\" alt=\"\" class=\"wp-image-1050\"\/><figcaption>12 gold Pandora box<\/figcaption><\/figure><\/div>\n\n\n\n<p>Retournez voir Ath\u00e9na qui ouvrira le portail conduisant au Grand Pope<\/p>\n\n\n\n<div class=\"wp-block-image\"><figure class=\"aligncenter is-resized\"><img loading=\"lazy\" decoding=\"async\" src=\"https:\/\/l2sacrifice.fr\/wp-content\/uploads\/2020\/05\/image-202.png\" alt=\"\" class=\"wp-image-1053\" width=\"332\" height=\"393\"\/><figcaption>Pope Gatekeeper<\/figcaption><\/figure><\/div>\n\n\n\n<p>Le Grand Pope vous attendra avec La Dague divine en main<\/p>\n\n\n\n<div class=\"wp-block-image\"><figure class=\"aligncenter is-resized\"><img loading=\"lazy\" decoding=\"async\" src=\"https:\/\/l2sacrifice.fr\/wp-content\/uploads\/2020\/05\/image-203.png\" alt=\"\" class=\"wp-image-1055\" width=\"290\" height=\"428\"\/><figcaption>Forme 1 du Grand Pope<br><\/figcaption><\/figure><\/div>\n\n\n\n<p>Il ne tardera pas \u00e0 r\u00e9v\u00e9ler sa vraie nature<\/p>\n\n\n\n<div class=\"wp-block-image\"><figure class=\"aligncenter is-resized\"><img loading=\"lazy\" decoding=\"async\" src=\"https:\/\/l2sacrifice.fr\/wp-content\/uploads\/2020\/05\/image-204.png\" alt=\"\" class=\"wp-image-1057\" width=\"305\" height=\"464\"\/><figcaption>Forme d\u00e9monique du Grand Pope<\/figcaption><\/figure><\/div>\n\n\n\n<p>Quand le Grand Pope aura rendu l\u2019\u00e2me, vous obtiendrez le sang du pope mais \u00e9galement les items n\u00e9cessaires pour terminer la confection de votre \u00e9quipement Gold Saint Seiya <\/p>\n\n\n\n<div class=\"wp-block-image\"><figure class=\"aligncenter is-resized\"><img loading=\"lazy\" decoding=\"async\" src=\"https:\/\/l2sacrifice.fr\/wp-content\/uploads\/2020\/05\/image-207.png\" alt=\"\" class=\"wp-image-1063\" width=\"284\" height=\"96\"\/><figcaption>Pope Spirit\/Pope Gemstone\/Saint seiya Blood<\/figcaption><\/figure><\/div>\n\n\n\n<p>\nLe Saint Seiya Blood permet de convertir vos Bijoux Saint Seiya au Grade R99\n\n<\/p>\n\n\n\n<div class=\"wp-block-image\"><figure class=\"aligncenter\"><img loading=\"lazy\" decoding=\"async\" width=\"233\" height=\"68\" src=\"https:\/\/l2sacrifice.fr\/wp-content\/uploads\/2020\/05\/image-205.png\" alt=\"\" class=\"wp-image-1058\"\/><\/figure><\/div>\n\n\n\n<div class=\"wp-block-image\"><figure class=\"aligncenter is-resized\"><img loading=\"lazy\" decoding=\"async\" src=\"https:\/\/l2sacrifice.fr\/wp-content\/uploads\/2020\/05\/image-206.png\" alt=\"\" class=\"wp-image-1059\" width=\"486\" height=\"399\"\/><\/figure><\/div>\n\n\n\n<p>Retourner voir Ath\u00e9na qui vous \u00e9changer le sang du pope contre 1 des 5 bijoux Saint Seiya<\/p>\n\n\n\n<div class=\"wp-block-image\"><figure class=\"aligncenter is-resized\"><img loading=\"lazy\" decoding=\"async\" src=\"https:\/\/l2sacrifice.fr\/wp-content\/uploads\/2020\/05\/image-209.png\" alt=\"\" class=\"wp-image-1066\" width=\"396\" height=\"84\"\/><figcaption>Dragon Ring\/Phoenix Ring\/Pegasus Necklace\/Andromede Earring \/Cygnus Earring <\/figcaption><\/figure><\/div>\n\n\n\n<p>\nLe Saint Seiya Blood permet de convertir vos Bijoux Saint Seiya au Grade R99\n\n<\/p>\n\n\n\n<div class=\"wp-block-image\"><figure class=\"aligncenter is-resized\"><img loading=\"lazy\" decoding=\"async\" src=\"https:\/\/l2sacrifice.fr\/wp-content\/uploads\/2020\/05\/image-208.png\" alt=\"\" class=\"wp-image-1065\" width=\"556\" height=\"405\"\/><figcaption>NPC Quest Saint Seiya: Athena <\/figcaption><\/figure><\/div>\n","protected":false},"excerpt":{"rendered":"<p>Pour d\u00e9buter la qu\u00eate vous devez aller voir le vieux maitre pour cela, aller \u00e0 Giran, entrer dans l\u2019\u00e9glise: \u00ab\u00a0The Einhasad Temple\u00a0\u00bb, Aller voir le Grand Pope au fond de l&rsquo;\u00e9glise. Choisir la destination \u00ab\u00a0Vieux Maitre\u00a0\u00bb Vous arriverez \u00e0 la cascade des 5 pics Parler au vieux maitre, il vous proposera 2 qu\u00eates (vous pouvez &hellip; <\/p>\n<p class=\"link-more\"><a href=\"https:\/\/l2sacrifice.fr\/?page_id=926\" class=\"more-link\">Continuer la lecture<span class=\"screen-reader-text\"> de &laquo;&nbsp;Quest: Gold Saint Seiya&nbsp;&raquo;<\/span><\/a><\/p>\n","protected":false},"author":1,"featured_media":1097,"parent":0,"menu_order":0,"comment_status":"closed","ping_status":"closed","template":"","meta":{"footnotes":""},"class_list":["post-926","page","type-page","status-publish","has-post-thumbnail","hentry"],"yoast_head":"<!-- This site is optimized with the Yoast SEO plugin v27.0 - https:\/\/yoast.com\/product\/yoast-seo-wordpress\/ -->\n<title>Quest: Gold Saint Seiya - L2Sacrifice<\/title>\n<meta name=\"robots\" content=\"index, follow, max-snippet:-1, max-image-preview:large, max-video-preview:-1\" \/>\n<link rel=\"canonical\" href=\"https:\/\/l2sacrifice.fr\/?page_id=926\" \/>\n<meta property=\"og:locale\" content=\"fr_FR\" \/>\n<meta property=\"og:type\" content=\"article\" \/>\n<meta property=\"og:title\" content=\"Quest: Gold Saint Seiya - L2Sacrifice\" \/>\n<meta property=\"og:description\" content=\"Pour d\u00e9buter la qu\u00eate vous devez aller voir le vieux maitre pour cela, aller \u00e0 Giran, entrer dans l\u2019\u00e9glise: \u00ab\u00a0The Einhasad Temple\u00a0\u00bb, Aller voir le Grand Pope au fond de l&rsquo;\u00e9glise. Choisir la destination \u00ab\u00a0Vieux Maitre\u00a0\u00bb Vous arriverez \u00e0 la cascade des 5 pics Parler au vieux maitre, il vous proposera 2 qu\u00eates (vous pouvez &hellip; Continuer la lecture de &laquo;&nbsp;Quest: Gold Saint Seiya&nbsp;&raquo;\" \/>\n<meta property=\"og:url\" content=\"https:\/\/l2sacrifice.fr\/?page_id=926\" \/>\n<meta property=\"og:site_name\" content=\"L2Sacrifice\" \/>\n<meta property=\"article:modified_time\" content=\"2020-05-09T10:11:06+00:00\" \/>\n<meta property=\"og:image\" content=\"https:\/\/l2sacrifice.fr\/wp-content\/uploads\/2020\/05\/Saint_Seiya_Q_title.png\" \/>\n\t<meta property=\"og:image:width\" content=\"1010\" \/>\n\t<meta property=\"og:image:height\" content=\"510\" \/>\n\t<meta property=\"og:image:type\" content=\"image\/png\" \/>\n<meta name=\"twitter:card\" content=\"summary_large_image\" \/>\n<meta name=\"twitter:label1\" content=\"Dur\u00e9e de lecture estim\u00e9e\" \/>\n\t<meta name=\"twitter:data1\" content=\"3 minutes\" \/>\n<script type=\"application\/ld+json\" class=\"yoast-schema-graph\">{\"@context\":\"https:\/\/schema.org\",\"@graph\":[{\"@type\":\"WebPage\",\"@id\":\"https:\/\/l2sacrifice.fr\/?page_id=926\",\"url\":\"https:\/\/l2sacrifice.fr\/?page_id=926\",\"name\":\"Quest: Gold Saint Seiya - L2Sacrifice\",\"isPartOf\":{\"@id\":\"https:\/\/l2sacrifice.fr\/#website\"},\"primaryImageOfPage\":{\"@id\":\"https:\/\/l2sacrifice.fr\/?page_id=926#primaryimage\"},\"image\":{\"@id\":\"https:\/\/l2sacrifice.fr\/?page_id=926#primaryimage\"},\"thumbnailUrl\":\"https:\/\/l2sacrifice.fr\/wp-content\/uploads\/2020\/05\/Saint_Seiya_Q_title.png\",\"datePublished\":\"2020-05-08T12:31:38+00:00\",\"dateModified\":\"2020-05-09T10:11:06+00:00\",\"breadcrumb\":{\"@id\":\"https:\/\/l2sacrifice.fr\/?page_id=926#breadcrumb\"},\"inLanguage\":\"fr-FR\",\"potentialAction\":[{\"@type\":\"ReadAction\",\"target\":[\"https:\/\/l2sacrifice.fr\/?page_id=926\"]}]},{\"@type\":\"ImageObject\",\"inLanguage\":\"fr-FR\",\"@id\":\"https:\/\/l2sacrifice.fr\/?page_id=926#primaryimage\",\"url\":\"https:\/\/l2sacrifice.fr\/wp-content\/uploads\/2020\/05\/Saint_Seiya_Q_title.png\",\"contentUrl\":\"https:\/\/l2sacrifice.fr\/wp-content\/uploads\/2020\/05\/Saint_Seiya_Q_title.png\",\"width\":1010,\"height\":510},{\"@type\":\"BreadcrumbList\",\"@id\":\"https:\/\/l2sacrifice.fr\/?page_id=926#breadcrumb\",\"itemListElement\":[{\"@type\":\"ListItem\",\"position\":1,\"name\":\"Home\",\"item\":\"https:\/\/l2sacrifice.fr\/\"},{\"@type\":\"ListItem\",\"position\":2,\"name\":\"Quest: Gold Saint Seiya\"}]},{\"@type\":\"WebSite\",\"@id\":\"https:\/\/l2sacrifice.fr\/#website\",\"url\":\"https:\/\/l2sacrifice.fr\/\",\"name\":\"L2Sacrifice\",\"description\":\"Lineage 2 Sacrifice pour la vie\",\"publisher\":{\"@id\":\"https:\/\/l2sacrifice.fr\/#\/schema\/person\/4ff20fbcfb77afded60cac13ff16dfa8\"},\"potentialAction\":[{\"@type\":\"SearchAction\",\"target\":{\"@type\":\"EntryPoint\",\"urlTemplate\":\"https:\/\/l2sacrifice.fr\/?s={search_term_string}\"},\"query-input\":{\"@type\":\"PropertyValueSpecification\",\"valueRequired\":true,\"valueName\":\"search_term_string\"}}],\"inLanguage\":\"fr-FR\"},{\"@type\":[\"Person\",\"Organization\"],\"@id\":\"https:\/\/l2sacrifice.fr\/#\/schema\/person\/4ff20fbcfb77afded60cac13ff16dfa8\",\"name\":\"darksimonus\",\"image\":{\"@type\":\"ImageObject\",\"inLanguage\":\"fr-FR\",\"@id\":\"https:\/\/l2sacrifice.fr\/#\/schema\/person\/image\/\",\"url\":\"https:\/\/l2sacrifice.fr\/wp-content\/uploads\/2020\/05\/Logo_mini.png\",\"contentUrl\":\"https:\/\/l2sacrifice.fr\/wp-content\/uploads\/2020\/05\/Logo_mini.png\",\"width\":225,\"height\":225,\"caption\":\"darksimonus\"},\"logo\":{\"@id\":\"https:\/\/l2sacrifice.fr\/#\/schema\/person\/image\/\"}}]}<\/script>\n<!-- \/ Yoast SEO plugin. -->","yoast_head_json":{"title":"Quest: Gold Saint Seiya - L2Sacrifice","robots":{"index":"index","follow":"follow","max-snippet":"max-snippet:-1","max-image-preview":"max-image-preview:large","max-video-preview":"max-video-preview:-1"},"canonical":"https:\/\/l2sacrifice.fr\/?page_id=926","og_locale":"fr_FR","og_type":"article","og_title":"Quest: Gold Saint Seiya - L2Sacrifice","og_description":"Pour d\u00e9buter la qu\u00eate vous devez aller voir le vieux maitre pour cela, aller \u00e0 Giran, entrer dans l\u2019\u00e9glise: \u00ab\u00a0The Einhasad Temple\u00a0\u00bb, Aller voir le Grand Pope au fond de l&rsquo;\u00e9glise. Choisir la destination \u00ab\u00a0Vieux Maitre\u00a0\u00bb Vous arriverez \u00e0 la cascade des 5 pics Parler au vieux maitre, il vous proposera 2 qu\u00eates (vous pouvez &hellip; Continuer la lecture de &laquo;&nbsp;Quest: Gold Saint Seiya&nbsp;&raquo;","og_url":"https:\/\/l2sacrifice.fr\/?page_id=926","og_site_name":"L2Sacrifice","article_modified_time":"2020-05-09T10:11:06+00:00","og_image":[{"width":1010,"height":510,"url":"https:\/\/l2sacrifice.fr\/wp-content\/uploads\/2020\/05\/Saint_Seiya_Q_title.png","type":"image\/png"}],"twitter_card":"summary_large_image","twitter_misc":{"Dur\u00e9e de lecture estim\u00e9e":"3 minutes"},"schema":{"@context":"https:\/\/schema.org","@graph":[{"@type":"WebPage","@id":"https:\/\/l2sacrifice.fr\/?page_id=926","url":"https:\/\/l2sacrifice.fr\/?page_id=926","name":"Quest: Gold Saint Seiya - L2Sacrifice","isPartOf":{"@id":"https:\/\/l2sacrifice.fr\/#website"},"primaryImageOfPage":{"@id":"https:\/\/l2sacrifice.fr\/?page_id=926#primaryimage"},"image":{"@id":"https:\/\/l2sacrifice.fr\/?page_id=926#primaryimage"},"thumbnailUrl":"https:\/\/l2sacrifice.fr\/wp-content\/uploads\/2020\/05\/Saint_Seiya_Q_title.png","datePublished":"2020-05-08T12:31:38+00:00","dateModified":"2020-05-09T10:11:06+00:00","breadcrumb":{"@id":"https:\/\/l2sacrifice.fr\/?page_id=926#breadcrumb"},"inLanguage":"fr-FR","potentialAction":[{"@type":"ReadAction","target":["https:\/\/l2sacrifice.fr\/?page_id=926"]}]},{"@type":"ImageObject","inLanguage":"fr-FR","@id":"https:\/\/l2sacrifice.fr\/?page_id=926#primaryimage","url":"https:\/\/l2sacrifice.fr\/wp-content\/uploads\/2020\/05\/Saint_Seiya_Q_title.png","contentUrl":"https:\/\/l2sacrifice.fr\/wp-content\/uploads\/2020\/05\/Saint_Seiya_Q_title.png","width":1010,"height":510},{"@type":"BreadcrumbList","@id":"https:\/\/l2sacrifice.fr\/?page_id=926#breadcrumb","itemListElement":[{"@type":"ListItem","position":1,"name":"Home","item":"https:\/\/l2sacrifice.fr\/"},{"@type":"ListItem","position":2,"name":"Quest: Gold Saint Seiya"}]},{"@type":"WebSite","@id":"https:\/\/l2sacrifice.fr\/#website","url":"https:\/\/l2sacrifice.fr\/","name":"L2Sacrifice","description":"Lineage 2 Sacrifice pour la vie","publisher":{"@id":"https:\/\/l2sacrifice.fr\/#\/schema\/person\/4ff20fbcfb77afded60cac13ff16dfa8"},"potentialAction":[{"@type":"SearchAction","target":{"@type":"EntryPoint","urlTemplate":"https:\/\/l2sacrifice.fr\/?s={search_term_string}"},"query-input":{"@type":"PropertyValueSpecification","valueRequired":true,"valueName":"search_term_string"}}],"inLanguage":"fr-FR"},{"@type":["Person","Organization"],"@id":"https:\/\/l2sacrifice.fr\/#\/schema\/person\/4ff20fbcfb77afded60cac13ff16dfa8","name":"darksimonus","image":{"@type":"ImageObject","inLanguage":"fr-FR","@id":"https:\/\/l2sacrifice.fr\/#\/schema\/person\/image\/","url":"https:\/\/l2sacrifice.fr\/wp-content\/uploads\/2020\/05\/Logo_mini.png","contentUrl":"https:\/\/l2sacrifice.fr\/wp-content\/uploads\/2020\/05\/Logo_mini.png","width":225,"height":225,"caption":"darksimonus"},"logo":{"@id":"https:\/\/l2sacrifice.fr\/#\/schema\/person\/image\/"}}]}},"_links":{"self":[{"href":"https:\/\/l2sacrifice.fr\/index.php?rest_route=\/wp\/v2\/pages\/926","targetHints":{"allow":["GET"]}}],"collection":[{"href":"https:\/\/l2sacrifice.fr\/index.php?rest_route=\/wp\/v2\/pages"}],"about":[{"href":"https:\/\/l2sacrifice.fr\/index.php?rest_route=\/wp\/v2\/types\/page"}],"author":[{"embeddable":true,"href":"https:\/\/l2sacrifice.fr\/index.php?rest_route=\/wp\/v2\/users\/1"}],"replies":[{"embeddable":true,"href":"https:\/\/l2sacrifice.fr\/index.php?rest_route=%2Fwp%2Fv2%2Fcomments&post=926"}],"version-history":[{"count":43,"href":"https:\/\/l2sacrifice.fr\/index.php?rest_route=\/wp\/v2\/pages\/926\/revisions"}],"predecessor-version":[{"id":1156,"href":"https:\/\/l2sacrifice.fr\/index.php?rest_route=\/wp\/v2\/pages\/926\/revisions\/1156"}],"wp:featuredmedia":[{"embeddable":true,"href":"https:\/\/l2sacrifice.fr\/index.php?rest_route=\/wp\/v2\/media\/1097"}],"wp:attachment":[{"href":"https:\/\/l2sacrifice.fr\/index.php?rest_route=%2Fwp%2Fv2%2Fmedia&parent=926"}],"curies":[{"name":"wp","href":"https:\/\/api.w.org\/{rel}","templated":true}]}}