{"id":750,"date":"2020-05-07T20:34:59","date_gmt":"2020-05-07T18:34:59","guid":{"rendered":"https:\/\/l2sacrifice.fr\/?page_id=750"},"modified":"2020-05-08T13:48:47","modified_gmt":"2020-05-08T11:48:47","slug":"quest-tera-nobless","status":"publish","type":"page","link":"https:\/\/l2sacrifice.fr\/?page_id=750","title":{"rendered":"Quest: Tera Nobless"},"content":{"rendered":"\n<p>Pour faire parti  de la noblesse Tera et obtenir la Tera Transformation Class, vous devez faire la quest: \u00ab\u00a0Tera Nobless\u00a0\u00bb <\/p>\n\n\n\n<p>Pour d\u00e9buter la qu\u00eate vous devez \u00eatre level 85 ou plus <\/p>\n\n\n\n<p>Parler \u00e0 Amel qui se trouve \u00e0 cot\u00e9 du Tera manager<\/p>\n\n\n\n<figure class=\"wp-block-image\"><img loading=\"lazy\" decoding=\"async\" width=\"1154\" height=\"1116\" src=\"https:\/\/l2sacrifice.fr\/wp-content\/uploads\/2020\/05\/image-127.png\" alt=\"\" class=\"wp-image-887\"\/><figcaption> NPCTera Quest: Amel<br><\/figcaption><\/figure>\n\n\n\n<p>Elle vous demandera d&rsquo;aller parler \u00e0 Rolanto qui garde les vaches juste \u00e0 sa gauche<\/p>\n\n\n\n<figure class=\"wp-block-image\"><img loading=\"lazy\" decoding=\"async\" width=\"1611\" height=\"1039\" src=\"https:\/\/l2sacrifice.fr\/wp-content\/uploads\/2020\/05\/image-128.png\" alt=\"\" class=\"wp-image-889\"\/><figcaption> NPCTera Quest: Rolento<\/figcaption><\/figure>\n\n\n\n<p>Rolanto activera le Tera Chaudron et vous donnera la stone pour que vous puissiez g\u00e9n\u00e9rer le Tera Necklace: <\/p>\n\n\n\n<figure class=\"wp-block-image\"><img loading=\"lazy\" decoding=\"async\" width=\"724\" height=\"416\" src=\"https:\/\/l2sacrifice.fr\/wp-content\/uploads\/2020\/05\/image-129.png\" alt=\"\" class=\"wp-image-892\"\/><figcaption>Tera Stone<\/figcaption><\/figure>\n\n\n\n<figure class=\"wp-block-image\"><img loading=\"lazy\" decoding=\"async\" width=\"1386\" height=\"830\" src=\"https:\/\/l2sacrifice.fr\/wp-content\/uploads\/2020\/05\/image-130.png\" alt=\"\" class=\"wp-image-893\"\/><figcaption>NPC Tera Quest: Rolanto<\/figcaption><\/figure>\n\n\n\n<p>Il vous faudra r\u00e9colt\u00e9 des mat\u00e9riaux: <\/p>\n\n\n\n<p> 40 string et 40 pearl pour faire la chain <\/p>\n\n\n\n<p> 50 Dye et 50 quartz pour faire le Ruby<\/p>\n\n\n\n<p> Pour obtenir les mat\u00e9riaux de base vous devrez vous rendre en Argonn Zone, disponible au TeraGatekeeper <\/p>\n\n\n\n<div class=\"wp-block-image\"><figure class=\"aligncenter\"><img loading=\"lazy\" decoding=\"async\" width=\"1309\" height=\"810\" src=\"https:\/\/l2sacrifice.fr\/wp-content\/uploads\/2020\/05\/image-131.png\" alt=\"\" class=\"wp-image-894\"\/><figcaption>Tera Gatekeeper <\/figcaption><\/figure><\/div>\n\n\n\n<p>Une fois sur zone vous devrez tuer ces Fabuleux Argonn<\/p>\n\n\n\n<div class=\"wp-block-image\"><figure class=\"aligncenter\"><img loading=\"lazy\" decoding=\"async\" width=\"1907\" height=\"1030\" src=\"https:\/\/l2sacrifice.fr\/wp-content\/uploads\/2020\/05\/image-132.png\" alt=\"\" class=\"wp-image-895\"\/><figcaption>Argonn Area<\/figcaption><\/figure><\/div>\n\n\n\n<p>Pour obtenir des Tera Pouch et des Tera Box <\/p>\n\n\n\n<figure class=\"wp-block-image\"><img loading=\"lazy\" decoding=\"async\" width=\"325\" height=\"70\" src=\"https:\/\/l2sacrifice.fr\/wp-content\/uploads\/2020\/05\/image-133.png\" alt=\"\" class=\"wp-image-896\"\/><\/figure>\n\n\n\n<p> les Tera Pouch et les Tera Box  sont des  extractable items qui renferment les pearl,  les  string , les dye et les  quartz   <\/p>\n\n\n\n<div class=\"wp-block-image\"><figure class=\"aligncenter is-resized\"><img loading=\"lazy\" decoding=\"async\" src=\"https:\/\/l2sacrifice.fr\/wp-content\/uploads\/2020\/05\/image-134.png\" alt=\"\" class=\"wp-image-899\" width=\"72\" height=\"70\"\/><figcaption> Tera Pouch ou Tera Box <\/figcaption><\/figure><\/div>\n\n\n\n<p>Une fois une bonne quantit\u00e9 des mati\u00e8res premi\u00e8res obtenues, retourner au Tera Village pour utiliser le Tera Chaudron<\/p>\n\n\n\n<figure class=\"wp-block-image\"><img loading=\"lazy\" decoding=\"async\" width=\"1288\" height=\"861\" src=\"https:\/\/l2sacrifice.fr\/wp-content\/uploads\/2020\/05\/image-135.png\" alt=\"\" class=\"wp-image-900\"\/><figcaption>Tera Chaudron<\/figcaption><\/figure>\n\n\n\n<p> Le Tera Chaudron vous permettra de faire la Chain et le Ruby pour ensuite faire le Tera Necklace <\/p>\n\n\n\n<p>Le Tera Chaudron fonctionne avec diff\u00e9rentes puissance plus vous utilis\u00e9  une forte puissance plus vous obtiendrez d&rsquo;item mais plus vous avez des  risques de rat\u00e9 le craft<\/p>\n\n\n\n<figure class=\"wp-block-image\"><img loading=\"lazy\" decoding=\"async\" width=\"671\" height=\"627\" src=\"https:\/\/l2sacrifice.fr\/wp-content\/uploads\/2020\/05\/image-136.png\" alt=\"\" class=\"wp-image-903\"\/><figcaption>Tera Chaudron <\/figcaption><\/figure>\n\n\n\n<p>Une fois le Tera Necklace craft\u00e9 dans le chaudron vous devrez retourner voir Rolanto pour lui donner <\/p>\n\n\n\n<figure class=\"wp-block-image\"><img loading=\"lazy\" decoding=\"async\" width=\"689\" height=\"722\" src=\"https:\/\/l2sacrifice.fr\/wp-content\/uploads\/2020\/05\/image-137.png\" alt=\"\" class=\"wp-image-905\"\/><figcaption> NPC Tera Quest: Rolanto <\/figcaption><\/figure>\n\n\n\n<p> Rolanto vous prendra le collier et demandera de retourner voir Amel \u00e0 cot\u00e9 du Tera Manager<\/p>\n\n\n\n<figure class=\"wp-block-image\"><img loading=\"lazy\" decoding=\"async\" width=\"876\" height=\"588\" src=\"https:\/\/l2sacrifice.fr\/wp-content\/uploads\/2020\/05\/image-138.png\" alt=\"\" class=\"wp-image-907\"\/><figcaption> NPC Tera Quest: Amel<\/figcaption><\/figure>\n\n\n\n<p>Amel vous donnera le Tera Letter pour que vous puissiez passer  Tera Noble et obtenir votre transformation class au pr\u00e8s de  Amar le Tera  Manager <\/p>\n\n\n\n<figure class=\"wp-block-image\"><img loading=\"lazy\" decoding=\"async\" width=\"1019\" height=\"900\" src=\"https:\/\/l2sacrifice.fr\/wp-content\/uploads\/2020\/05\/image-140.png\" alt=\"\" class=\"wp-image-909\"\/><figcaption>Tera Manager: Amar<\/figcaption><\/figure>\n\n\n\n<p> il vous donnera votre Tera Transformation class<\/p>\n\n\n\n<figure class=\"wp-block-image\"><img loading=\"lazy\" decoding=\"async\" width=\"176\" height=\"151\" src=\"https:\/\/l2sacrifice.fr\/wp-content\/uploads\/2020\/05\/image-141.png\" alt=\"\" class=\"wp-image-911\"\/><\/figure>\n\n\n\n<p> La transformation consomme des Tera Crystal que vous pouvez acheter au Tera Consumable Shop <\/p>\n\n\n\n<figure class=\"wp-block-image\"><img loading=\"lazy\" decoding=\"async\" width=\"1375\" height=\"769\" src=\"https:\/\/l2sacrifice.fr\/wp-content\/uploads\/2020\/05\/image-142.png\" alt=\"\" class=\"wp-image-912\"\/><figcaption>Tera Cusumable Shop <\/figcaption><\/figure>\n\n\n\n<p>F\u00e9licitation vous \u00eates transformer en Tera: <\/p>\n\n\n\n<figure class=\"wp-block-video\"><video height=\"840\" style=\"aspect-ratio: 944 \/ 840;\" width=\"944\" autoplay controls loop muted src=\"https:\/\/l2sacrifice.fr\/wp-content\/uploads\/2020\/05\/Tera-Transformation-Class.mp4\"><\/video><\/figure>\n\n\n\n<figure class=\"wp-block-image\"><img loading=\"lazy\" decoding=\"async\" width=\"732\" height=\"496\" src=\"https:\/\/l2sacrifice.fr\/wp-content\/uploads\/2020\/05\/image-143.png\" alt=\"\" class=\"wp-image-916\"\/><figcaption> Tera transformation class avec ses skills <\/figcaption><\/figure>\n","protected":false},"excerpt":{"rendered":"<p>Pour faire parti de la noblesse Tera et obtenir la Tera Transformation Class, vous devez faire la quest: \u00ab\u00a0Tera Nobless\u00a0\u00bb Pour d\u00e9buter la qu\u00eate vous devez \u00eatre level 85 ou plus Parler \u00e0 Amel qui se trouve \u00e0 cot\u00e9 du Tera manager Elle vous demandera d&rsquo;aller parler \u00e0 Rolanto qui garde les vaches juste \u00e0 &hellip; <\/p>\n<p class=\"link-more\"><a href=\"https:\/\/l2sacrifice.fr\/?page_id=750\" class=\"more-link\">Continuer la lecture<span class=\"screen-reader-text\"> de &laquo;&nbsp;Quest: Tera Nobless&nbsp;&raquo;<\/span><\/a><\/p>\n","protected":false},"author":1,"featured_media":758,"parent":0,"menu_order":0,"comment_status":"closed","ping_status":"closed","template":"","meta":{"footnotes":""},"class_list":["post-750","page","type-page","status-publish","has-post-thumbnail","hentry"],"yoast_head":"<!-- This site is optimized with the Yoast SEO plugin v27.0 - https:\/\/yoast.com\/product\/yoast-seo-wordpress\/ -->\n<title>Quest: Tera Nobless - L2Sacrifice<\/title>\n<meta name=\"robots\" content=\"index, follow, max-snippet:-1, max-image-preview:large, max-video-preview:-1\" \/>\n<link rel=\"canonical\" href=\"https:\/\/l2sacrifice.fr\/?page_id=750\" \/>\n<meta property=\"og:locale\" content=\"fr_FR\" \/>\n<meta property=\"og:type\" content=\"article\" \/>\n<meta property=\"og:title\" content=\"Quest: Tera Nobless - L2Sacrifice\" \/>\n<meta property=\"og:description\" content=\"Pour faire parti de la noblesse Tera et obtenir la Tera Transformation Class, vous devez faire la quest: \u00ab\u00a0Tera Nobless\u00a0\u00bb Pour d\u00e9buter la qu\u00eate vous devez \u00eatre level 85 ou plus Parler \u00e0 Amel qui se trouve \u00e0 cot\u00e9 du Tera manager Elle vous demandera d&rsquo;aller parler \u00e0 Rolanto qui garde les vaches juste \u00e0 &hellip; Continuer la lecture de &laquo;&nbsp;Quest: Tera Nobless&nbsp;&raquo;\" \/>\n<meta property=\"og:url\" content=\"https:\/\/l2sacrifice.fr\/?page_id=750\" \/>\n<meta property=\"og:site_name\" content=\"L2Sacrifice\" \/>\n<meta property=\"article:modified_time\" content=\"2020-05-08T11:48:47+00:00\" \/>\n<meta property=\"og:image\" content=\"https:\/\/l2sacrifice.fr\/wp-content\/uploads\/2020\/05\/Tera-Quest.png\" \/>\n\t<meta property=\"og:image:width\" content=\"1010\" \/>\n\t<meta property=\"og:image:height\" content=\"510\" \/>\n\t<meta property=\"og:image:type\" content=\"image\/png\" \/>\n<meta name=\"twitter:card\" content=\"summary_large_image\" \/>\n<meta name=\"twitter:label1\" content=\"Dur\u00e9e de lecture estim\u00e9e\" \/>\n\t<meta name=\"twitter:data1\" content=\"2 minutes\" \/>\n<script type=\"application\/ld+json\" class=\"yoast-schema-graph\">{\"@context\":\"https:\/\/schema.org\",\"@graph\":[{\"@type\":\"WebPage\",\"@id\":\"https:\/\/l2sacrifice.fr\/?page_id=750\",\"url\":\"https:\/\/l2sacrifice.fr\/?page_id=750\",\"name\":\"Quest: Tera Nobless - L2Sacrifice\",\"isPartOf\":{\"@id\":\"https:\/\/l2sacrifice.fr\/#website\"},\"primaryImageOfPage\":{\"@id\":\"https:\/\/l2sacrifice.fr\/?page_id=750#primaryimage\"},\"image\":{\"@id\":\"https:\/\/l2sacrifice.fr\/?page_id=750#primaryimage\"},\"thumbnailUrl\":\"https:\/\/l2sacrifice.fr\/wp-content\/uploads\/2020\/05\/Tera-Quest.png\",\"datePublished\":\"2020-05-07T18:34:59+00:00\",\"dateModified\":\"2020-05-08T11:48:47+00:00\",\"breadcrumb\":{\"@id\":\"https:\/\/l2sacrifice.fr\/?page_id=750#breadcrumb\"},\"inLanguage\":\"fr-FR\",\"potentialAction\":[{\"@type\":\"ReadAction\",\"target\":[\"https:\/\/l2sacrifice.fr\/?page_id=750\"]}]},{\"@type\":\"ImageObject\",\"inLanguage\":\"fr-FR\",\"@id\":\"https:\/\/l2sacrifice.fr\/?page_id=750#primaryimage\",\"url\":\"https:\/\/l2sacrifice.fr\/wp-content\/uploads\/2020\/05\/Tera-Quest.png\",\"contentUrl\":\"https:\/\/l2sacrifice.fr\/wp-content\/uploads\/2020\/05\/Tera-Quest.png\",\"width\":1010,\"height\":510},{\"@type\":\"BreadcrumbList\",\"@id\":\"https:\/\/l2sacrifice.fr\/?page_id=750#breadcrumb\",\"itemListElement\":[{\"@type\":\"ListItem\",\"position\":1,\"name\":\"Home\",\"item\":\"https:\/\/l2sacrifice.fr\/\"},{\"@type\":\"ListItem\",\"position\":2,\"name\":\"Quest: Tera Nobless\"}]},{\"@type\":\"WebSite\",\"@id\":\"https:\/\/l2sacrifice.fr\/#website\",\"url\":\"https:\/\/l2sacrifice.fr\/\",\"name\":\"L2Sacrifice\",\"description\":\"Lineage 2 Sacrifice pour la vie\",\"publisher\":{\"@id\":\"https:\/\/l2sacrifice.fr\/#\/schema\/person\/4ff20fbcfb77afded60cac13ff16dfa8\"},\"potentialAction\":[{\"@type\":\"SearchAction\",\"target\":{\"@type\":\"EntryPoint\",\"urlTemplate\":\"https:\/\/l2sacrifice.fr\/?s={search_term_string}\"},\"query-input\":{\"@type\":\"PropertyValueSpecification\",\"valueRequired\":true,\"valueName\":\"search_term_string\"}}],\"inLanguage\":\"fr-FR\"},{\"@type\":[\"Person\",\"Organization\"],\"@id\":\"https:\/\/l2sacrifice.fr\/#\/schema\/person\/4ff20fbcfb77afded60cac13ff16dfa8\",\"name\":\"darksimonus\",\"image\":{\"@type\":\"ImageObject\",\"inLanguage\":\"fr-FR\",\"@id\":\"https:\/\/l2sacrifice.fr\/#\/schema\/person\/image\/\",\"url\":\"https:\/\/l2sacrifice.fr\/wp-content\/uploads\/2020\/05\/Logo_mini.png\",\"contentUrl\":\"https:\/\/l2sacrifice.fr\/wp-content\/uploads\/2020\/05\/Logo_mini.png\",\"width\":225,\"height\":225,\"caption\":\"darksimonus\"},\"logo\":{\"@id\":\"https:\/\/l2sacrifice.fr\/#\/schema\/person\/image\/\"}}]}<\/script>\n<!-- \/ Yoast SEO plugin. -->","yoast_head_json":{"title":"Quest: Tera Nobless - L2Sacrifice","robots":{"index":"index","follow":"follow","max-snippet":"max-snippet:-1","max-image-preview":"max-image-preview:large","max-video-preview":"max-video-preview:-1"},"canonical":"https:\/\/l2sacrifice.fr\/?page_id=750","og_locale":"fr_FR","og_type":"article","og_title":"Quest: Tera Nobless - L2Sacrifice","og_description":"Pour faire parti de la noblesse Tera et obtenir la Tera Transformation Class, vous devez faire la quest: \u00ab\u00a0Tera Nobless\u00a0\u00bb Pour d\u00e9buter la qu\u00eate vous devez \u00eatre level 85 ou plus Parler \u00e0 Amel qui se trouve \u00e0 cot\u00e9 du Tera manager Elle vous demandera d&rsquo;aller parler \u00e0 Rolanto qui garde les vaches juste \u00e0 &hellip; Continuer la lecture de &laquo;&nbsp;Quest: Tera Nobless&nbsp;&raquo;","og_url":"https:\/\/l2sacrifice.fr\/?page_id=750","og_site_name":"L2Sacrifice","article_modified_time":"2020-05-08T11:48:47+00:00","og_image":[{"width":1010,"height":510,"url":"https:\/\/l2sacrifice.fr\/wp-content\/uploads\/2020\/05\/Tera-Quest.png","type":"image\/png"}],"twitter_card":"summary_large_image","twitter_misc":{"Dur\u00e9e de lecture estim\u00e9e":"2 minutes"},"schema":{"@context":"https:\/\/schema.org","@graph":[{"@type":"WebPage","@id":"https:\/\/l2sacrifice.fr\/?page_id=750","url":"https:\/\/l2sacrifice.fr\/?page_id=750","name":"Quest: Tera Nobless - L2Sacrifice","isPartOf":{"@id":"https:\/\/l2sacrifice.fr\/#website"},"primaryImageOfPage":{"@id":"https:\/\/l2sacrifice.fr\/?page_id=750#primaryimage"},"image":{"@id":"https:\/\/l2sacrifice.fr\/?page_id=750#primaryimage"},"thumbnailUrl":"https:\/\/l2sacrifice.fr\/wp-content\/uploads\/2020\/05\/Tera-Quest.png","datePublished":"2020-05-07T18:34:59+00:00","dateModified":"2020-05-08T11:48:47+00:00","breadcrumb":{"@id":"https:\/\/l2sacrifice.fr\/?page_id=750#breadcrumb"},"inLanguage":"fr-FR","potentialAction":[{"@type":"ReadAction","target":["https:\/\/l2sacrifice.fr\/?page_id=750"]}]},{"@type":"ImageObject","inLanguage":"fr-FR","@id":"https:\/\/l2sacrifice.fr\/?page_id=750#primaryimage","url":"https:\/\/l2sacrifice.fr\/wp-content\/uploads\/2020\/05\/Tera-Quest.png","contentUrl":"https:\/\/l2sacrifice.fr\/wp-content\/uploads\/2020\/05\/Tera-Quest.png","width":1010,"height":510},{"@type":"BreadcrumbList","@id":"https:\/\/l2sacrifice.fr\/?page_id=750#breadcrumb","itemListElement":[{"@type":"ListItem","position":1,"name":"Home","item":"https:\/\/l2sacrifice.fr\/"},{"@type":"ListItem","position":2,"name":"Quest: Tera Nobless"}]},{"@type":"WebSite","@id":"https:\/\/l2sacrifice.fr\/#website","url":"https:\/\/l2sacrifice.fr\/","name":"L2Sacrifice","description":"Lineage 2 Sacrifice pour la vie","publisher":{"@id":"https:\/\/l2sacrifice.fr\/#\/schema\/person\/4ff20fbcfb77afded60cac13ff16dfa8"},"potentialAction":[{"@type":"SearchAction","target":{"@type":"EntryPoint","urlTemplate":"https:\/\/l2sacrifice.fr\/?s={search_term_string}"},"query-input":{"@type":"PropertyValueSpecification","valueRequired":true,"valueName":"search_term_string"}}],"inLanguage":"fr-FR"},{"@type":["Person","Organization"],"@id":"https:\/\/l2sacrifice.fr\/#\/schema\/person\/4ff20fbcfb77afded60cac13ff16dfa8","name":"darksimonus","image":{"@type":"ImageObject","inLanguage":"fr-FR","@id":"https:\/\/l2sacrifice.fr\/#\/schema\/person\/image\/","url":"https:\/\/l2sacrifice.fr\/wp-content\/uploads\/2020\/05\/Logo_mini.png","contentUrl":"https:\/\/l2sacrifice.fr\/wp-content\/uploads\/2020\/05\/Logo_mini.png","width":225,"height":225,"caption":"darksimonus"},"logo":{"@id":"https:\/\/l2sacrifice.fr\/#\/schema\/person\/image\/"}}]}},"_links":{"self":[{"href":"https:\/\/l2sacrifice.fr\/index.php?rest_route=\/wp\/v2\/pages\/750","targetHints":{"allow":["GET"]}}],"collection":[{"href":"https:\/\/l2sacrifice.fr\/index.php?rest_route=\/wp\/v2\/pages"}],"about":[{"href":"https:\/\/l2sacrifice.fr\/index.php?rest_route=\/wp\/v2\/types\/page"}],"author":[{"embeddable":true,"href":"https:\/\/l2sacrifice.fr\/index.php?rest_route=\/wp\/v2\/users\/1"}],"replies":[{"embeddable":true,"href":"https:\/\/l2sacrifice.fr\/index.php?rest_route=%2Fwp%2Fv2%2Fcomments&post=750"}],"version-history":[{"count":12,"href":"https:\/\/l2sacrifice.fr\/index.php?rest_route=\/wp\/v2\/pages\/750\/revisions"}],"predecessor-version":[{"id":922,"href":"https:\/\/l2sacrifice.fr\/index.php?rest_route=\/wp\/v2\/pages\/750\/revisions\/922"}],"wp:featuredmedia":[{"embeddable":true,"href":"https:\/\/l2sacrifice.fr\/index.php?rest_route=\/wp\/v2\/media\/758"}],"wp:attachment":[{"href":"https:\/\/l2sacrifice.fr\/index.php?rest_route=%2Fwp%2Fv2%2Fmedia&parent=750"}],"curies":[{"name":"wp","href":"https:\/\/api.w.org\/{rel}","templated":true}]}}