{"id":746,"date":"2020-05-07T20:34:08","date_gmt":"2020-05-07T18:34:08","guid":{"rendered":"https:\/\/l2sacrifice.fr\/?page_id=746"},"modified":"2020-05-08T13:51:20","modified_gmt":"2020-05-08T11:51:20","slug":"quest-aion-nobless","status":"publish","type":"page","link":"https:\/\/l2sacrifice.fr\/?page_id=746","title":{"rendered":"Quest: Aion Nobless"},"content":{"rendered":"\n<p>Pour faire parti  de la noblesse Aion et obtenir la Aion Transformation Class, vous devez faire la quest: \u00ab\u00a0Aion Nobless\u00a0\u00bb<\/p>\n\n\n\n<p>Pour d\u00e9buter la qu\u00eate vous devez \u00eatre level 85 ou plus<\/p>\n\n\n\n<p>Parler \u00e0 Shugrane qui se trouve sur le gros rocher \u00e0 l&rsquo;entr\u00e9e du Aion Village<\/p>\n\n\n\n<figure class=\"wp-block-image\"><img loading=\"lazy\" decoding=\"async\" width=\"1348\" height=\"867\" src=\"https:\/\/l2sacrifice.fr\/wp-content\/uploads\/2020\/05\/image-72.png\" alt=\"\" class=\"wp-image-783\"\/><figcaption>NPC Aion Quest: Shugrane<\/figcaption><\/figure>\n\n\n\n<p>Il vous demandera d&rsquo;aller parler \u00e0 Shugopepin qui se trouve juste en bas du rocher<\/p>\n\n\n\n<figure class=\"wp-block-image\"><img loading=\"lazy\" decoding=\"async\" width=\"1540\" height=\"837\" src=\"https:\/\/l2sacrifice.fr\/wp-content\/uploads\/2020\/05\/image-73.png\" alt=\"\" class=\"wp-image-784\"\/><figcaption>NPC Aion Quest: Shugopepin<\/figcaption><\/figure>\n\n\n\n<p>Shugopepin activera le Aion Chaudron et vous donnera la stone pour que vous puissiez g\u00e9n\u00e9rer le Aion Necklace:<\/p>\n\n\n\n<figure class=\"wp-block-image\"><img loading=\"lazy\" decoding=\"async\" width=\"720\" height=\"419\" src=\"https:\/\/l2sacrifice.fr\/wp-content\/uploads\/2020\/05\/image-75.png\" alt=\"\" class=\"wp-image-786\"\/><figcaption>Aion Stone<\/figcaption><\/figure>\n\n\n\n<figure class=\"wp-block-image\"><img loading=\"lazy\" decoding=\"async\" width=\"1282\" height=\"823\" src=\"https:\/\/l2sacrifice.fr\/wp-content\/uploads\/2020\/05\/image-74.png\" alt=\"\" class=\"wp-image-785\"\/><figcaption> NPC Aion Quest: Shugopepin <\/figcaption><\/figure>\n\n\n\n<p>Il vous faudra r\u00e9colt\u00e9 des mat\u00e9riaux:<\/p>\n\n\n\n<p>40 string et 40 pearl pour faire la chain<\/p>\n\n\n\n<p>50 Dye et 50 quartz pour faire le Ruby<\/p>\n\n\n\n<p>et gr\u00e2ce au Ruby et \u00e0 cette chain vous pourrez faire le Aion Necklace<\/p>\n\n\n\n<p>Pour obtenir les mat\u00e9riaux de base vous devrez vous rendre en Balaur Zone, disponible au Aion Gatekeeper<\/p>\n\n\n\n<figure class=\"wp-block-image\"><img loading=\"lazy\" decoding=\"async\" width=\"1196\" height=\"711\" src=\"https:\/\/l2sacrifice.fr\/wp-content\/uploads\/2020\/05\/image-76.png\" alt=\"\" class=\"wp-image-788\"\/><figcaption>Aion Gatekeeper<\/figcaption><\/figure>\n\n\n\n<p>Une fois sur zone vous devrez tuer ces monstrueux Balaur<\/p>\n\n\n\n<figure class=\"wp-block-image\"><img loading=\"lazy\" decoding=\"async\" width=\"1217\" height=\"602\" src=\"https:\/\/l2sacrifice.fr\/wp-content\/uploads\/2020\/05\/image-77.png\" alt=\"\" class=\"wp-image-789\"\/><figcaption>Balaur Cave<\/figcaption><\/figure>\n\n\n\n<p>Pour obtenir des Aion Pouch et des Aion Box<\/p>\n\n\n\n<div class=\"wp-block-image\"><figure class=\"aligncenter\"><img loading=\"lazy\" decoding=\"async\" width=\"349\" height=\"132\" src=\"https:\/\/l2sacrifice.fr\/wp-content\/uploads\/2020\/05\/image-78.png\" alt=\"\" class=\"wp-image-790\"\/><\/figure><\/div>\n\n\n\n<p> Les Aion Pouch et les Aion Box sont des  extractable items qui renferment les pearl,  les  string , les dye et les  quartz  <\/p>\n\n\n\n<div class=\"wp-block-image\"><figure class=\"aligncenter is-resized\"><img loading=\"lazy\" decoding=\"async\" src=\"https:\/\/l2sacrifice.fr\/wp-content\/uploads\/2020\/05\/image-79.png\" alt=\"\" class=\"wp-image-791\" width=\"87\" height=\"80\"\/><figcaption>Aion Pouch ou Aion Box<\/figcaption><\/figure><\/div>\n\n\n\n<div class=\"wp-block-image\"><figure class=\"aligncenter\"><img loading=\"lazy\" decoding=\"async\" width=\"198\" height=\"55\" src=\"https:\/\/l2sacrifice.fr\/wp-content\/uploads\/2020\/05\/image-80.png\" alt=\"\" class=\"wp-image-792\"\/><\/figure><\/div>\n\n\n\n<p>Une fois une bonne quantit\u00e9 des mati\u00e8res premi\u00e8res obtenues, retourner au Aion Village pour utiliser le Aion Chaudron<\/p>\n\n\n\n<div class=\"wp-block-image\"><figure class=\"aligncenter\"><img loading=\"lazy\" decoding=\"async\" width=\"843\" height=\"562\" src=\"https:\/\/l2sacrifice.fr\/wp-content\/uploads\/2020\/05\/image-81.png\" alt=\"\" class=\"wp-image-794\"\/><figcaption>Aion Chaudron<\/figcaption><\/figure><\/div>\n\n\n\n<p>L&rsquo; Aion Chaudron vous permettra de faire la Chain et le Ruby pour ensuite faire le Aion Necklace<\/p>\n\n\n\n<p>L&rsquo; Aion Chaudron fonctionne avec diff\u00e9rentes puissance plus vous utilis\u00e9 une forte puissance plus vous obtiendrez d&rsquo;item mais plus vous avez des risques de rat\u00e9 le craft<\/p>\n\n\n\n<div class=\"wp-block-image\"><figure class=\"aligncenter\"><img loading=\"lazy\" decoding=\"async\" width=\"838\" height=\"535\" src=\"https:\/\/l2sacrifice.fr\/wp-content\/uploads\/2020\/05\/image-82.png\" alt=\"\" class=\"wp-image-796\"\/><figcaption> Aion Chaudron <\/figcaption><\/figure><\/div>\n\n\n\n<p>Une fois le Aion Necklace craft\u00e9 dans le chaudron vous devrez retourner voir Shugopepin pour lui donner<\/p>\n\n\n\n<figure class=\"wp-block-image\"><img loading=\"lazy\" decoding=\"async\" width=\"1007\" height=\"801\" src=\"https:\/\/l2sacrifice.fr\/wp-content\/uploads\/2020\/05\/image-83.png\" alt=\"\" class=\"wp-image-797\"\/><figcaption> NPC Aion Quest: Shugopepin <\/figcaption><\/figure>\n\n\n\n<figure class=\"wp-block-image\"><img loading=\"lazy\" decoding=\"async\" width=\"884\" height=\"699\" src=\"https:\/\/l2sacrifice.fr\/wp-content\/uploads\/2020\/05\/image-84.png\" alt=\"\" class=\"wp-image-798\"\/><\/figure>\n\n\n\n<p>Shugopepin vous prendra le collier et demandera de retourner voir Shugrane en haut du rocher<\/p>\n\n\n\n<div class=\"wp-block-image\"><figure class=\"aligncenter is-resized\"><img loading=\"lazy\" decoding=\"async\" src=\"https:\/\/l2sacrifice.fr\/wp-content\/uploads\/2020\/05\/image-85.png\" alt=\"\" class=\"wp-image-799\" width=\"329\" height=\"428\"\/><figcaption>NPC Aion Quest Shugrane<\/figcaption><\/figure><\/div>\n\n\n\n<p>Shugrane vous donnera le Aion Letter pour que vous puissiez passer Aion Noble et obtenir votre transformation class au pr\u00e8s de  Shugimon le Tera Manager<\/p>\n\n\n\n<div class=\"wp-block-image\"><figure class=\"aligncenter is-resized\"><img loading=\"lazy\" decoding=\"async\" src=\"https:\/\/l2sacrifice.fr\/wp-content\/uploads\/2020\/05\/image-86.png\" alt=\"\" class=\"wp-image-800\" width=\"96\" height=\"96\"\/><figcaption>Aion Letter<\/figcaption><\/figure><\/div>\n\n\n\n<figure class=\"wp-block-image\"><img loading=\"lazy\" decoding=\"async\" width=\"1440\" height=\"997\" src=\"https:\/\/l2sacrifice.fr\/wp-content\/uploads\/2020\/05\/image-145.png\" alt=\"\" class=\"wp-image-924\"\/><figcaption> Aion Manager: Shugimon <\/figcaption><\/figure>\n\n\n\n<p>il vous donnera votre Aion Transformation class<\/p>\n\n\n\n<div class=\"wp-block-image\"><figure class=\"aligncenter\"><img loading=\"lazy\" decoding=\"async\" width=\"179\" height=\"161\" src=\"https:\/\/l2sacrifice.fr\/wp-content\/uploads\/2020\/05\/image-88.png\" alt=\"\" class=\"wp-image-803\"\/><\/figure><\/div>\n\n\n\n<p>La transformation consomme des Aion Crystal que vous pouvez acheter au Aion Consumable Shop<\/p>\n\n\n\n<figure class=\"wp-block-image\"><img loading=\"lazy\" decoding=\"async\" width=\"1514\" height=\"902\" src=\"https:\/\/l2sacrifice.fr\/wp-content\/uploads\/2020\/05\/image-89.png\" alt=\"\" class=\"wp-image-804\"\/><figcaption>Aion Cusumable Shop<\/figcaption><\/figure>\n\n\n\n<p>F\u00e9licitation vous \u00eates transformer en Aion:<\/p>\n\n\n\n<figure class=\"wp-block-video\"><video height=\"992\" style=\"aspect-ratio: 918 \/ 992;\" width=\"918\" autoplay controls loop muted src=\"https:\/\/l2sacrifice.fr\/wp-content\/uploads\/2020\/05\/Aion-Transformation-Class-1.mp4\"><\/video><figcaption>Aion Transfo Class<\/figcaption><\/figure>\n\n\n\n<figure class=\"wp-block-image\"><img loading=\"lazy\" decoding=\"async\" width=\"819\" height=\"703\" src=\"https:\/\/l2sacrifice.fr\/wp-content\/uploads\/2020\/05\/image-144.png\" alt=\"\" class=\"wp-image-921\"\/><figcaption>  Aion transformation class avec ses skills  <\/figcaption><\/figure>\n","protected":false},"excerpt":{"rendered":"<p>Pour faire parti de la noblesse Aion et obtenir la Aion Transformation Class, vous devez faire la quest: \u00ab\u00a0Aion Nobless\u00a0\u00bb Pour d\u00e9buter la qu\u00eate vous devez \u00eatre level 85 ou plus Parler \u00e0 Shugrane qui se trouve sur le gros rocher \u00e0 l&rsquo;entr\u00e9e du Aion Village Il vous demandera d&rsquo;aller parler \u00e0 Shugopepin qui se &hellip; <\/p>\n<p class=\"link-more\"><a href=\"https:\/\/l2sacrifice.fr\/?page_id=746\" class=\"more-link\">Continuer la lecture<span class=\"screen-reader-text\"> de &laquo;&nbsp;Quest: Aion Nobless&nbsp;&raquo;<\/span><\/a><\/p>\n","protected":false},"author":1,"featured_media":757,"parent":0,"menu_order":0,"comment_status":"closed","ping_status":"closed","template":"","meta":{"footnotes":""},"class_list":["post-746","page","type-page","status-publish","has-post-thumbnail","hentry"],"yoast_head":"<!-- This site is optimized with the Yoast SEO plugin v27.0 - https:\/\/yoast.com\/product\/yoast-seo-wordpress\/ -->\n<title>Quest: Aion Nobless - L2Sacrifice<\/title>\n<meta name=\"robots\" content=\"index, follow, max-snippet:-1, max-image-preview:large, max-video-preview:-1\" \/>\n<link rel=\"canonical\" href=\"https:\/\/l2sacrifice.fr\/?page_id=746\" \/>\n<meta property=\"og:locale\" content=\"fr_FR\" \/>\n<meta property=\"og:type\" content=\"article\" \/>\n<meta property=\"og:title\" content=\"Quest: Aion Nobless - L2Sacrifice\" \/>\n<meta property=\"og:description\" content=\"Pour faire parti de la noblesse Aion et obtenir la Aion Transformation Class, vous devez faire la quest: \u00ab\u00a0Aion Nobless\u00a0\u00bb Pour d\u00e9buter la qu\u00eate vous devez \u00eatre level 85 ou plus Parler \u00e0 Shugrane qui se trouve sur le gros rocher \u00e0 l&rsquo;entr\u00e9e du Aion Village Il vous demandera d&rsquo;aller parler \u00e0 Shugopepin qui se &hellip; Continuer la lecture de &laquo;&nbsp;Quest: Aion Nobless&nbsp;&raquo;\" \/>\n<meta property=\"og:url\" content=\"https:\/\/l2sacrifice.fr\/?page_id=746\" \/>\n<meta property=\"og:site_name\" content=\"L2Sacrifice\" \/>\n<meta property=\"article:modified_time\" content=\"2020-05-08T11:51:20+00:00\" \/>\n<meta property=\"og:image\" content=\"https:\/\/l2sacrifice.fr\/wp-content\/uploads\/2020\/05\/Aion_Quest-1.png\" \/>\n\t<meta property=\"og:image:width\" content=\"1010\" \/>\n\t<meta property=\"og:image:height\" content=\"510\" \/>\n\t<meta property=\"og:image:type\" content=\"image\/png\" \/>\n<meta name=\"twitter:card\" content=\"summary_large_image\" \/>\n<meta name=\"twitter:label1\" content=\"Dur\u00e9e de lecture estim\u00e9e\" \/>\n\t<meta name=\"twitter:data1\" content=\"2 minutes\" \/>\n<script type=\"application\/ld+json\" class=\"yoast-schema-graph\">{\"@context\":\"https:\/\/schema.org\",\"@graph\":[{\"@type\":\"WebPage\",\"@id\":\"https:\/\/l2sacrifice.fr\/?page_id=746\",\"url\":\"https:\/\/l2sacrifice.fr\/?page_id=746\",\"name\":\"Quest: Aion Nobless - L2Sacrifice\",\"isPartOf\":{\"@id\":\"https:\/\/l2sacrifice.fr\/#website\"},\"primaryImageOfPage\":{\"@id\":\"https:\/\/l2sacrifice.fr\/?page_id=746#primaryimage\"},\"image\":{\"@id\":\"https:\/\/l2sacrifice.fr\/?page_id=746#primaryimage\"},\"thumbnailUrl\":\"https:\/\/l2sacrifice.fr\/wp-content\/uploads\/2020\/05\/Aion_Quest-1.png\",\"datePublished\":\"2020-05-07T18:34:08+00:00\",\"dateModified\":\"2020-05-08T11:51:20+00:00\",\"breadcrumb\":{\"@id\":\"https:\/\/l2sacrifice.fr\/?page_id=746#breadcrumb\"},\"inLanguage\":\"fr-FR\",\"potentialAction\":[{\"@type\":\"ReadAction\",\"target\":[\"https:\/\/l2sacrifice.fr\/?page_id=746\"]}]},{\"@type\":\"ImageObject\",\"inLanguage\":\"fr-FR\",\"@id\":\"https:\/\/l2sacrifice.fr\/?page_id=746#primaryimage\",\"url\":\"https:\/\/l2sacrifice.fr\/wp-content\/uploads\/2020\/05\/Aion_Quest-1.png\",\"contentUrl\":\"https:\/\/l2sacrifice.fr\/wp-content\/uploads\/2020\/05\/Aion_Quest-1.png\",\"width\":1010,\"height\":510},{\"@type\":\"BreadcrumbList\",\"@id\":\"https:\/\/l2sacrifice.fr\/?page_id=746#breadcrumb\",\"itemListElement\":[{\"@type\":\"ListItem\",\"position\":1,\"name\":\"Home\",\"item\":\"https:\/\/l2sacrifice.fr\/\"},{\"@type\":\"ListItem\",\"position\":2,\"name\":\"Quest: Aion Nobless\"}]},{\"@type\":\"WebSite\",\"@id\":\"https:\/\/l2sacrifice.fr\/#website\",\"url\":\"https:\/\/l2sacrifice.fr\/\",\"name\":\"L2Sacrifice\",\"description\":\"Lineage 2 Sacrifice pour la vie\",\"publisher\":{\"@id\":\"https:\/\/l2sacrifice.fr\/#\/schema\/person\/4ff20fbcfb77afded60cac13ff16dfa8\"},\"potentialAction\":[{\"@type\":\"SearchAction\",\"target\":{\"@type\":\"EntryPoint\",\"urlTemplate\":\"https:\/\/l2sacrifice.fr\/?s={search_term_string}\"},\"query-input\":{\"@type\":\"PropertyValueSpecification\",\"valueRequired\":true,\"valueName\":\"search_term_string\"}}],\"inLanguage\":\"fr-FR\"},{\"@type\":[\"Person\",\"Organization\"],\"@id\":\"https:\/\/l2sacrifice.fr\/#\/schema\/person\/4ff20fbcfb77afded60cac13ff16dfa8\",\"name\":\"darksimonus\",\"image\":{\"@type\":\"ImageObject\",\"inLanguage\":\"fr-FR\",\"@id\":\"https:\/\/l2sacrifice.fr\/#\/schema\/person\/image\/\",\"url\":\"https:\/\/l2sacrifice.fr\/wp-content\/uploads\/2020\/05\/Logo_mini.png\",\"contentUrl\":\"https:\/\/l2sacrifice.fr\/wp-content\/uploads\/2020\/05\/Logo_mini.png\",\"width\":225,\"height\":225,\"caption\":\"darksimonus\"},\"logo\":{\"@id\":\"https:\/\/l2sacrifice.fr\/#\/schema\/person\/image\/\"}}]}<\/script>\n<!-- \/ Yoast SEO plugin. -->","yoast_head_json":{"title":"Quest: Aion Nobless - L2Sacrifice","robots":{"index":"index","follow":"follow","max-snippet":"max-snippet:-1","max-image-preview":"max-image-preview:large","max-video-preview":"max-video-preview:-1"},"canonical":"https:\/\/l2sacrifice.fr\/?page_id=746","og_locale":"fr_FR","og_type":"article","og_title":"Quest: Aion Nobless - L2Sacrifice","og_description":"Pour faire parti de la noblesse Aion et obtenir la Aion Transformation Class, vous devez faire la quest: \u00ab\u00a0Aion Nobless\u00a0\u00bb Pour d\u00e9buter la qu\u00eate vous devez \u00eatre level 85 ou plus Parler \u00e0 Shugrane qui se trouve sur le gros rocher \u00e0 l&rsquo;entr\u00e9e du Aion Village Il vous demandera d&rsquo;aller parler \u00e0 Shugopepin qui se &hellip; Continuer la lecture de &laquo;&nbsp;Quest: Aion Nobless&nbsp;&raquo;","og_url":"https:\/\/l2sacrifice.fr\/?page_id=746","og_site_name":"L2Sacrifice","article_modified_time":"2020-05-08T11:51:20+00:00","og_image":[{"width":1010,"height":510,"url":"https:\/\/l2sacrifice.fr\/wp-content\/uploads\/2020\/05\/Aion_Quest-1.png","type":"image\/png"}],"twitter_card":"summary_large_image","twitter_misc":{"Dur\u00e9e de lecture estim\u00e9e":"2 minutes"},"schema":{"@context":"https:\/\/schema.org","@graph":[{"@type":"WebPage","@id":"https:\/\/l2sacrifice.fr\/?page_id=746","url":"https:\/\/l2sacrifice.fr\/?page_id=746","name":"Quest: Aion Nobless - L2Sacrifice","isPartOf":{"@id":"https:\/\/l2sacrifice.fr\/#website"},"primaryImageOfPage":{"@id":"https:\/\/l2sacrifice.fr\/?page_id=746#primaryimage"},"image":{"@id":"https:\/\/l2sacrifice.fr\/?page_id=746#primaryimage"},"thumbnailUrl":"https:\/\/l2sacrifice.fr\/wp-content\/uploads\/2020\/05\/Aion_Quest-1.png","datePublished":"2020-05-07T18:34:08+00:00","dateModified":"2020-05-08T11:51:20+00:00","breadcrumb":{"@id":"https:\/\/l2sacrifice.fr\/?page_id=746#breadcrumb"},"inLanguage":"fr-FR","potentialAction":[{"@type":"ReadAction","target":["https:\/\/l2sacrifice.fr\/?page_id=746"]}]},{"@type":"ImageObject","inLanguage":"fr-FR","@id":"https:\/\/l2sacrifice.fr\/?page_id=746#primaryimage","url":"https:\/\/l2sacrifice.fr\/wp-content\/uploads\/2020\/05\/Aion_Quest-1.png","contentUrl":"https:\/\/l2sacrifice.fr\/wp-content\/uploads\/2020\/05\/Aion_Quest-1.png","width":1010,"height":510},{"@type":"BreadcrumbList","@id":"https:\/\/l2sacrifice.fr\/?page_id=746#breadcrumb","itemListElement":[{"@type":"ListItem","position":1,"name":"Home","item":"https:\/\/l2sacrifice.fr\/"},{"@type":"ListItem","position":2,"name":"Quest: Aion Nobless"}]},{"@type":"WebSite","@id":"https:\/\/l2sacrifice.fr\/#website","url":"https:\/\/l2sacrifice.fr\/","name":"L2Sacrifice","description":"Lineage 2 Sacrifice pour la vie","publisher":{"@id":"https:\/\/l2sacrifice.fr\/#\/schema\/person\/4ff20fbcfb77afded60cac13ff16dfa8"},"potentialAction":[{"@type":"SearchAction","target":{"@type":"EntryPoint","urlTemplate":"https:\/\/l2sacrifice.fr\/?s={search_term_string}"},"query-input":{"@type":"PropertyValueSpecification","valueRequired":true,"valueName":"search_term_string"}}],"inLanguage":"fr-FR"},{"@type":["Person","Organization"],"@id":"https:\/\/l2sacrifice.fr\/#\/schema\/person\/4ff20fbcfb77afded60cac13ff16dfa8","name":"darksimonus","image":{"@type":"ImageObject","inLanguage":"fr-FR","@id":"https:\/\/l2sacrifice.fr\/#\/schema\/person\/image\/","url":"https:\/\/l2sacrifice.fr\/wp-content\/uploads\/2020\/05\/Logo_mini.png","contentUrl":"https:\/\/l2sacrifice.fr\/wp-content\/uploads\/2020\/05\/Logo_mini.png","width":225,"height":225,"caption":"darksimonus"},"logo":{"@id":"https:\/\/l2sacrifice.fr\/#\/schema\/person\/image\/"}}]}},"_links":{"self":[{"href":"https:\/\/l2sacrifice.fr\/index.php?rest_route=\/wp\/v2\/pages\/746","targetHints":{"allow":["GET"]}}],"collection":[{"href":"https:\/\/l2sacrifice.fr\/index.php?rest_route=\/wp\/v2\/pages"}],"about":[{"href":"https:\/\/l2sacrifice.fr\/index.php?rest_route=\/wp\/v2\/types\/page"}],"author":[{"embeddable":true,"href":"https:\/\/l2sacrifice.fr\/index.php?rest_route=\/wp\/v2\/users\/1"}],"replies":[{"embeddable":true,"href":"https:\/\/l2sacrifice.fr\/index.php?rest_route=%2Fwp%2Fv2%2Fcomments&post=746"}],"version-history":[{"count":18,"href":"https:\/\/l2sacrifice.fr\/index.php?rest_route=\/wp\/v2\/pages\/746\/revisions"}],"predecessor-version":[{"id":925,"href":"https:\/\/l2sacrifice.fr\/index.php?rest_route=\/wp\/v2\/pages\/746\/revisions\/925"}],"wp:featuredmedia":[{"embeddable":true,"href":"https:\/\/l2sacrifice.fr\/index.php?rest_route=\/wp\/v2\/media\/757"}],"wp:attachment":[{"href":"https:\/\/l2sacrifice.fr\/index.php?rest_route=%2Fwp%2Fv2%2Fmedia&parent=746"}],"curies":[{"name":"wp","href":"https:\/\/api.w.org\/{rel}","templated":true}]}}