{"id":744,"date":"2020-05-07T20:31:51","date_gmt":"2020-05-07T18:31:51","guid":{"rendered":"https:\/\/l2sacrifice.fr\/?page_id=744"},"modified":"2020-05-08T11:50:49","modified_gmt":"2020-05-08T09:50:49","slug":"quest-aion-temptation","status":"publish","type":"page","link":"https:\/\/l2sacrifice.fr\/?page_id=744","title":{"rendered":"Quest: Aion Temptation"},"content":{"rendered":"\n<p>Si vous voulez faire parti de la faction Aion, il vous faudra faire la Quest:\u00a0\u00bb Aion Temptation\u00a0\u00bb (Lvl1 \u00e0 99)<\/p>\n\n\n\n<p>La qu\u00eate d\u00e9but au Aion Village (pour vous y rendre utilis\u00e9 le Aion Messenger \u00e0 Giran ou dans les zones de d\u00e9part) , rapprocher vous du centre du village pr\u00e8s du t\u00e9l\u00e9porter.<\/p>\n\n\n\n<p>Parler \u00e0 Shugarine<\/p>\n\n\n\n<div class=\"wp-block-image\"><figure class=\"aligncenter\"><img loading=\"lazy\" decoding=\"async\" width=\"1338\" height=\"917\" src=\"https:\/\/l2sacrifice.fr\/wp-content\/uploads\/2020\/05\/image-61.png\" alt=\"\" class=\"wp-image-763\"\/><figcaption>NPC Quest: Shugarine<\/figcaption><\/figure><\/div>\n\n\n\n<div class=\"wp-block-image\"><figure class=\"alignright\"><img loading=\"lazy\" decoding=\"async\" width=\"570\" height=\"472\" src=\"https:\/\/l2sacrifice.fr\/wp-content\/uploads\/2020\/05\/image-62.png\" alt=\"\" class=\"wp-image-764\"\/><\/figure><\/div>\n\n\n\n<p>Shugarine vous demande de collecter 25 Aion Red Heart et 25 Aion Green Heart<\/p>\n\n\n\n<p>Cliquer sur notification pour voir la r\u00e9colte des coeurs en temps r\u00e9el<\/p>\n\n\n\n<div class=\"wp-block-image\"><figure class=\"aligncenter\"><img loading=\"lazy\" decoding=\"async\" width=\"230\" height=\"79\" src=\"https:\/\/l2sacrifice.fr\/wp-content\/uploads\/2020\/05\/image-63.png\" alt=\"\" class=\"wp-image-765\"\/><\/figure><\/div>\n\n\n\n<p>Shugarine vous pr\u00eatera une Quest Aion Sword pour pouvoir tuer les monstres de la qu\u00eate<\/p>\n\n\n\n<div class=\"wp-block-image\"><figure class=\"aligncenter is-resized\"><img loading=\"lazy\" decoding=\"async\" src=\"https:\/\/l2sacrifice.fr\/wp-content\/uploads\/2020\/05\/image-65.png\" alt=\"\" class=\"wp-image-768\" width=\"297\" height=\"372\"\/><figcaption>Aion Quest Sword<\/figcaption><\/figure><\/div>\n\n\n\n<p>Rechercher sur votre Map le punaise de quest vous montrant le lieu ou se trouve les mobs dropant les c\u0153urs<\/p>\n\n\n\n<div class=\"wp-block-image\"><figure class=\"aligncenter\"><img loading=\"lazy\" decoding=\"async\" width=\"363\" height=\"445\" src=\"https:\/\/l2sacrifice.fr\/wp-content\/uploads\/2020\/05\/image-64.png\" alt=\"\" class=\"wp-image-766\"\/><\/figure><\/div>\n\n\n\n<p>Vous pouvez vous y rendre \u00e0 pied<\/p>\n\n\n\n<p>Sur zone vous trouverez les nuisibles: Les Mumu<\/p>\n\n\n\n<figure class=\"wp-block-image is-resized\"><img loading=\"lazy\" decoding=\"async\" src=\"https:\/\/l2sacrifice.fr\/wp-content\/uploads\/2020\/05\/image-66.png\" alt=\"\" class=\"wp-image-770\" width=\"608\" height=\"290\"\/><figcaption>Aion Quest Zone <\/figcaption><\/figure>\n\n\n\n<p>Faites vous plaisir, d\u00e9chirer les jusqu&rsquo;\u00e0 obtenir les  25 Aion Red Heart et 25 Aion Green Heart <\/p>\n\n\n\n<figure class=\"wp-block-image\"><img loading=\"lazy\" decoding=\"async\" width=\"621\" height=\"675\" src=\"https:\/\/l2sacrifice.fr\/wp-content\/uploads\/2020\/05\/image-67.png\" alt=\"\" class=\"wp-image-772\"\/><\/figure>\n\n\n\n<p>Une fois les 2 fois 25 coeurs obtenue retourner voir Shugarine au Aion Village<\/p>\n\n\n\n<figure class=\"wp-block-image\"><img loading=\"lazy\" decoding=\"async\" width=\"996\" height=\"525\" src=\"https:\/\/l2sacrifice.fr\/wp-content\/uploads\/2020\/05\/image-68.png\" alt=\"\" class=\"wp-image-773\"\/><\/figure>\n\n\n\n<p>Shugarine vous accueillera<\/p>\n\n\n\n<figure class=\"wp-block-image\"><img loading=\"lazy\" decoding=\"async\" width=\"1012\" height=\"740\" src=\"https:\/\/l2sacrifice.fr\/wp-content\/uploads\/2020\/05\/image-69.png\" alt=\"\" class=\"wp-image-775\"\/><figcaption>NPC Quest: Shugarine <\/figcaption><\/figure>\n\n\n\n<p>et elle vous reprendra l&rsquo;arme et vous donnera votre certificat Aion qui validera votre entr\u00e9e dans la faction Aion<\/p>\n\n\n\n<figure class=\"wp-block-image\"><img loading=\"lazy\" decoding=\"async\" width=\"940\" height=\"816\" src=\"https:\/\/l2sacrifice.fr\/wp-content\/uploads\/2020\/05\/image-70.png\" alt=\"\" class=\"wp-image-777\"\/><\/figure>\n\n\n\n<p>Et vous donnera Shugo Ring qui vous permettra d&rsquo;avoir un acc\u00e8s direct avec le Aion Village<\/p>\n\n\n\n<div class=\"wp-block-image\"><figure class=\"aligncenter is-resized\"><img loading=\"lazy\" decoding=\"async\" src=\"https:\/\/l2sacrifice.fr\/wp-content\/uploads\/2020\/05\/image-91.png\" alt=\"\" class=\"wp-image-813\" width=\"77\" height=\"75\"\/><figcaption>Shugo Ring<\/figcaption><\/figure><\/div>\n\n\n\n<p>F\u00e9licitation vous \u00eates officiellement de la faction Aion<\/p>\n","protected":false},"excerpt":{"rendered":"<p>Si vous voulez faire parti de la faction Aion, il vous faudra faire la Quest:\u00a0\u00bb Aion Temptation\u00a0\u00bb (Lvl1 \u00e0 99) La qu\u00eate d\u00e9but au Aion Village (pour vous y rendre utilis\u00e9 le Aion Messenger \u00e0 Giran ou dans les zones de d\u00e9part) , rapprocher vous du centre du village pr\u00e8s du t\u00e9l\u00e9porter. Parler \u00e0 Shugarine &hellip; <\/p>\n<p class=\"link-more\"><a href=\"https:\/\/l2sacrifice.fr\/?page_id=744\" class=\"more-link\">Continuer la lecture<span class=\"screen-reader-text\"> de &laquo;&nbsp;Quest: Aion Temptation&nbsp;&raquo;<\/span><\/a><\/p>\n","protected":false},"author":1,"featured_media":757,"parent":0,"menu_order":0,"comment_status":"closed","ping_status":"closed","template":"","meta":{"footnotes":""},"class_list":["post-744","page","type-page","status-publish","has-post-thumbnail","hentry"],"yoast_head":"<!-- This site is optimized with the Yoast SEO plugin v27.0 - https:\/\/yoast.com\/product\/yoast-seo-wordpress\/ -->\n<title>Quest: Aion Temptation - L2Sacrifice<\/title>\n<meta name=\"robots\" content=\"index, follow, max-snippet:-1, max-image-preview:large, max-video-preview:-1\" \/>\n<link rel=\"canonical\" href=\"https:\/\/l2sacrifice.fr\/?page_id=744\" \/>\n<meta property=\"og:locale\" content=\"fr_FR\" \/>\n<meta property=\"og:type\" content=\"article\" \/>\n<meta property=\"og:title\" content=\"Quest: Aion Temptation - L2Sacrifice\" \/>\n<meta property=\"og:description\" content=\"Si vous voulez faire parti de la faction Aion, il vous faudra faire la Quest:\u00a0\u00bb Aion Temptation\u00a0\u00bb (Lvl1 \u00e0 99) La qu\u00eate d\u00e9but au Aion Village (pour vous y rendre utilis\u00e9 le Aion Messenger \u00e0 Giran ou dans les zones de d\u00e9part) , rapprocher vous du centre du village pr\u00e8s du t\u00e9l\u00e9porter. Parler \u00e0 Shugarine &hellip; Continuer la lecture de &laquo;&nbsp;Quest: Aion Temptation&nbsp;&raquo;\" \/>\n<meta property=\"og:url\" content=\"https:\/\/l2sacrifice.fr\/?page_id=744\" \/>\n<meta property=\"og:site_name\" content=\"L2Sacrifice\" \/>\n<meta property=\"article:modified_time\" content=\"2020-05-08T09:50:49+00:00\" \/>\n<meta property=\"og:image\" content=\"https:\/\/l2sacrifice.fr\/wp-content\/uploads\/2020\/05\/Aion_Quest-1.png\" \/>\n\t<meta property=\"og:image:width\" content=\"1010\" \/>\n\t<meta property=\"og:image:height\" content=\"510\" \/>\n\t<meta property=\"og:image:type\" content=\"image\/png\" \/>\n<meta name=\"twitter:card\" content=\"summary_large_image\" \/>\n<meta name=\"twitter:label1\" content=\"Dur\u00e9e de lecture estim\u00e9e\" \/>\n\t<meta name=\"twitter:data1\" content=\"1 minute\" \/>\n<script type=\"application\/ld+json\" class=\"yoast-schema-graph\">{\"@context\":\"https:\/\/schema.org\",\"@graph\":[{\"@type\":\"WebPage\",\"@id\":\"https:\/\/l2sacrifice.fr\/?page_id=744\",\"url\":\"https:\/\/l2sacrifice.fr\/?page_id=744\",\"name\":\"Quest: Aion Temptation - L2Sacrifice\",\"isPartOf\":{\"@id\":\"https:\/\/l2sacrifice.fr\/#website\"},\"primaryImageOfPage\":{\"@id\":\"https:\/\/l2sacrifice.fr\/?page_id=744#primaryimage\"},\"image\":{\"@id\":\"https:\/\/l2sacrifice.fr\/?page_id=744#primaryimage\"},\"thumbnailUrl\":\"https:\/\/l2sacrifice.fr\/wp-content\/uploads\/2020\/05\/Aion_Quest-1.png\",\"datePublished\":\"2020-05-07T18:31:51+00:00\",\"dateModified\":\"2020-05-08T09:50:49+00:00\",\"breadcrumb\":{\"@id\":\"https:\/\/l2sacrifice.fr\/?page_id=744#breadcrumb\"},\"inLanguage\":\"fr-FR\",\"potentialAction\":[{\"@type\":\"ReadAction\",\"target\":[\"https:\/\/l2sacrifice.fr\/?page_id=744\"]}]},{\"@type\":\"ImageObject\",\"inLanguage\":\"fr-FR\",\"@id\":\"https:\/\/l2sacrifice.fr\/?page_id=744#primaryimage\",\"url\":\"https:\/\/l2sacrifice.fr\/wp-content\/uploads\/2020\/05\/Aion_Quest-1.png\",\"contentUrl\":\"https:\/\/l2sacrifice.fr\/wp-content\/uploads\/2020\/05\/Aion_Quest-1.png\",\"width\":1010,\"height\":510},{\"@type\":\"BreadcrumbList\",\"@id\":\"https:\/\/l2sacrifice.fr\/?page_id=744#breadcrumb\",\"itemListElement\":[{\"@type\":\"ListItem\",\"position\":1,\"name\":\"Home\",\"item\":\"https:\/\/l2sacrifice.fr\/\"},{\"@type\":\"ListItem\",\"position\":2,\"name\":\"Quest: Aion Temptation\"}]},{\"@type\":\"WebSite\",\"@id\":\"https:\/\/l2sacrifice.fr\/#website\",\"url\":\"https:\/\/l2sacrifice.fr\/\",\"name\":\"L2Sacrifice\",\"description\":\"Lineage 2 Sacrifice pour la vie\",\"publisher\":{\"@id\":\"https:\/\/l2sacrifice.fr\/#\/schema\/person\/4ff20fbcfb77afded60cac13ff16dfa8\"},\"potentialAction\":[{\"@type\":\"SearchAction\",\"target\":{\"@type\":\"EntryPoint\",\"urlTemplate\":\"https:\/\/l2sacrifice.fr\/?s={search_term_string}\"},\"query-input\":{\"@type\":\"PropertyValueSpecification\",\"valueRequired\":true,\"valueName\":\"search_term_string\"}}],\"inLanguage\":\"fr-FR\"},{\"@type\":[\"Person\",\"Organization\"],\"@id\":\"https:\/\/l2sacrifice.fr\/#\/schema\/person\/4ff20fbcfb77afded60cac13ff16dfa8\",\"name\":\"darksimonus\",\"image\":{\"@type\":\"ImageObject\",\"inLanguage\":\"fr-FR\",\"@id\":\"https:\/\/l2sacrifice.fr\/#\/schema\/person\/image\/\",\"url\":\"https:\/\/l2sacrifice.fr\/wp-content\/uploads\/2020\/05\/Logo_mini.png\",\"contentUrl\":\"https:\/\/l2sacrifice.fr\/wp-content\/uploads\/2020\/05\/Logo_mini.png\",\"width\":225,\"height\":225,\"caption\":\"darksimonus\"},\"logo\":{\"@id\":\"https:\/\/l2sacrifice.fr\/#\/schema\/person\/image\/\"}}]}<\/script>\n<!-- \/ Yoast SEO plugin. -->","yoast_head_json":{"title":"Quest: Aion Temptation - L2Sacrifice","robots":{"index":"index","follow":"follow","max-snippet":"max-snippet:-1","max-image-preview":"max-image-preview:large","max-video-preview":"max-video-preview:-1"},"canonical":"https:\/\/l2sacrifice.fr\/?page_id=744","og_locale":"fr_FR","og_type":"article","og_title":"Quest: Aion Temptation - L2Sacrifice","og_description":"Si vous voulez faire parti de la faction Aion, il vous faudra faire la Quest:\u00a0\u00bb Aion Temptation\u00a0\u00bb (Lvl1 \u00e0 99) La qu\u00eate d\u00e9but au Aion Village (pour vous y rendre utilis\u00e9 le Aion Messenger \u00e0 Giran ou dans les zones de d\u00e9part) , rapprocher vous du centre du village pr\u00e8s du t\u00e9l\u00e9porter. Parler \u00e0 Shugarine &hellip; Continuer la lecture de &laquo;&nbsp;Quest: Aion Temptation&nbsp;&raquo;","og_url":"https:\/\/l2sacrifice.fr\/?page_id=744","og_site_name":"L2Sacrifice","article_modified_time":"2020-05-08T09:50:49+00:00","og_image":[{"width":1010,"height":510,"url":"https:\/\/l2sacrifice.fr\/wp-content\/uploads\/2020\/05\/Aion_Quest-1.png","type":"image\/png"}],"twitter_card":"summary_large_image","twitter_misc":{"Dur\u00e9e de lecture estim\u00e9e":"1 minute"},"schema":{"@context":"https:\/\/schema.org","@graph":[{"@type":"WebPage","@id":"https:\/\/l2sacrifice.fr\/?page_id=744","url":"https:\/\/l2sacrifice.fr\/?page_id=744","name":"Quest: Aion Temptation - L2Sacrifice","isPartOf":{"@id":"https:\/\/l2sacrifice.fr\/#website"},"primaryImageOfPage":{"@id":"https:\/\/l2sacrifice.fr\/?page_id=744#primaryimage"},"image":{"@id":"https:\/\/l2sacrifice.fr\/?page_id=744#primaryimage"},"thumbnailUrl":"https:\/\/l2sacrifice.fr\/wp-content\/uploads\/2020\/05\/Aion_Quest-1.png","datePublished":"2020-05-07T18:31:51+00:00","dateModified":"2020-05-08T09:50:49+00:00","breadcrumb":{"@id":"https:\/\/l2sacrifice.fr\/?page_id=744#breadcrumb"},"inLanguage":"fr-FR","potentialAction":[{"@type":"ReadAction","target":["https:\/\/l2sacrifice.fr\/?page_id=744"]}]},{"@type":"ImageObject","inLanguage":"fr-FR","@id":"https:\/\/l2sacrifice.fr\/?page_id=744#primaryimage","url":"https:\/\/l2sacrifice.fr\/wp-content\/uploads\/2020\/05\/Aion_Quest-1.png","contentUrl":"https:\/\/l2sacrifice.fr\/wp-content\/uploads\/2020\/05\/Aion_Quest-1.png","width":1010,"height":510},{"@type":"BreadcrumbList","@id":"https:\/\/l2sacrifice.fr\/?page_id=744#breadcrumb","itemListElement":[{"@type":"ListItem","position":1,"name":"Home","item":"https:\/\/l2sacrifice.fr\/"},{"@type":"ListItem","position":2,"name":"Quest: Aion Temptation"}]},{"@type":"WebSite","@id":"https:\/\/l2sacrifice.fr\/#website","url":"https:\/\/l2sacrifice.fr\/","name":"L2Sacrifice","description":"Lineage 2 Sacrifice pour la vie","publisher":{"@id":"https:\/\/l2sacrifice.fr\/#\/schema\/person\/4ff20fbcfb77afded60cac13ff16dfa8"},"potentialAction":[{"@type":"SearchAction","target":{"@type":"EntryPoint","urlTemplate":"https:\/\/l2sacrifice.fr\/?s={search_term_string}"},"query-input":{"@type":"PropertyValueSpecification","valueRequired":true,"valueName":"search_term_string"}}],"inLanguage":"fr-FR"},{"@type":["Person","Organization"],"@id":"https:\/\/l2sacrifice.fr\/#\/schema\/person\/4ff20fbcfb77afded60cac13ff16dfa8","name":"darksimonus","image":{"@type":"ImageObject","inLanguage":"fr-FR","@id":"https:\/\/l2sacrifice.fr\/#\/schema\/person\/image\/","url":"https:\/\/l2sacrifice.fr\/wp-content\/uploads\/2020\/05\/Logo_mini.png","contentUrl":"https:\/\/l2sacrifice.fr\/wp-content\/uploads\/2020\/05\/Logo_mini.png","width":225,"height":225,"caption":"darksimonus"},"logo":{"@id":"https:\/\/l2sacrifice.fr\/#\/schema\/person\/image\/"}}]}},"_links":{"self":[{"href":"https:\/\/l2sacrifice.fr\/index.php?rest_route=\/wp\/v2\/pages\/744","targetHints":{"allow":["GET"]}}],"collection":[{"href":"https:\/\/l2sacrifice.fr\/index.php?rest_route=\/wp\/v2\/pages"}],"about":[{"href":"https:\/\/l2sacrifice.fr\/index.php?rest_route=\/wp\/v2\/types\/page"}],"author":[{"embeddable":true,"href":"https:\/\/l2sacrifice.fr\/index.php?rest_route=\/wp\/v2\/users\/1"}],"replies":[{"embeddable":true,"href":"https:\/\/l2sacrifice.fr\/index.php?rest_route=%2Fwp%2Fv2%2Fcomments&post=744"}],"version-history":[{"count":17,"href":"https:\/\/l2sacrifice.fr\/index.php?rest_route=\/wp\/v2\/pages\/744\/revisions"}],"predecessor-version":[{"id":880,"href":"https:\/\/l2sacrifice.fr\/index.php?rest_route=\/wp\/v2\/pages\/744\/revisions\/880"}],"wp:featuredmedia":[{"embeddable":true,"href":"https:\/\/l2sacrifice.fr\/index.php?rest_route=\/wp\/v2\/media\/757"}],"wp:attachment":[{"href":"https:\/\/l2sacrifice.fr\/index.php?rest_route=%2Fwp%2Fv2%2Fmedia&parent=744"}],"curies":[{"name":"wp","href":"https:\/\/api.w.org\/{rel}","templated":true}]}}