{"id":446,"date":"2020-05-03T15:47:54","date_gmt":"2020-05-03T13:47:54","guid":{"rendered":"https:\/\/l2sacrifice.fr\/?page_id=446"},"modified":"2020-05-07T14:44:51","modified_gmt":"2020-05-07T12:44:51","slug":"bibliotheque","status":"publish","type":"page","link":"https:\/\/l2sacrifice.fr\/?page_id=446","title":{"rendered":"Biblioth\u00e8que"},"content":{"rendered":"\n<p>Pour vous rendre \u00e0 la biblioth\u00e8que parler au Sacrifice Gatekeeper<\/p>\n\n\n\n<div class=\"wp-block-image\"><figure class=\"aligncenter is-resized\"><img loading=\"lazy\" decoding=\"async\" src=\"https:\/\/l2sacrifice.fr\/wp-content\/uploads\/2020\/05\/Gatekeeper.png\" alt=\"\" class=\"wp-image-301\" width=\"204\" height=\"222\"\/><figcaption>Sacrifice Gatekeeper: Riley<\/figcaption><\/figure><\/div>\n\n\n\n<p>Puis choisir l\u2019ic\u00f4ne des zones custom:<\/p>\n\n\n\n<div class=\"wp-block-image\"><figure class=\"aligncenter\"><img loading=\"lazy\" decoding=\"async\" width=\"291\" height=\"375\" src=\"https:\/\/l2sacrifice.fr\/wp-content\/uploads\/2020\/05\/Biblio_2.png\" alt=\"\" class=\"wp-image-477\"\/><\/figure><\/div>\n\n\n\n<p>Dans Sacrifice Divers<\/p>\n\n\n\n<div class=\"wp-block-image\"><figure class=\"aligncenter\"><img loading=\"lazy\" decoding=\"async\" width=\"291\" height=\"375\" src=\"https:\/\/l2sacrifice.fr\/wp-content\/uploads\/2020\/05\/Biblio_3.png\" alt=\"\" class=\"wp-image-478\"\/><\/figure><\/div>\n\n\n\n<p>Vous trouverez la biblioth\u00e8que<\/p>\n\n\n\n<div class=\"wp-block-image\"><figure class=\"aligncenter\"><img loading=\"lazy\" decoding=\"async\" width=\"291\" height=\"375\" src=\"https:\/\/l2sacrifice.fr\/wp-content\/uploads\/2020\/05\/Biblio_1.png\" alt=\"\" class=\"wp-image-479\"\/><\/figure><\/div>\n\n\n\n<p>Vous serez report\u00e9 directement dans la biblioth\u00e8que<\/p>\n\n\n\n<div class=\"wp-block-image\"><figure class=\"aligncenter\"><img loading=\"lazy\" decoding=\"async\" width=\"710\" height=\"399\" src=\"https:\/\/l2sacrifice.fr\/wp-content\/uploads\/2020\/05\/biblio_title2.png\" alt=\"\" class=\"wp-image-452\"\/><\/figure><\/div>\n\n\n\n<p>Bienvenue dans la biblioth\u00e8que, vous disposez de livres en \u00e9changent de Bibliobon vous donnant le maximum d&rsquo;information (Qu\u00eate m\u00e9tier, Classes&#8230;.)<\/p>\n\n\n\n<div class=\"wp-block-image\"><figure class=\"aligncenter\"><img loading=\"lazy\" decoding=\"async\" width=\"1482\" height=\"935\" src=\"https:\/\/l2sacrifice.fr\/wp-content\/uploads\/2020\/05\/image-38.png\" alt=\"\" class=\"wp-image-454\"\/><\/figure><\/div>\n\n\n\n<div class=\"wp-block-image\"><figure class=\"aligncenter\"><img loading=\"lazy\" decoding=\"async\" width=\"1251\" height=\"1100\" src=\"https:\/\/l2sacrifice.fr\/wp-content\/uploads\/2020\/05\/image-39.png\" alt=\"\" class=\"wp-image-455\"\/><\/figure><\/div>\n\n\n\n<figure class=\"wp-block-image\"><img loading=\"lazy\" decoding=\"async\" width=\"1138\" height=\"804\" src=\"https:\/\/l2sacrifice.fr\/wp-content\/uploads\/2020\/05\/image-40.png\" alt=\"\" class=\"wp-image-456\"\/><\/figure>\n\n\n\n<figure class=\"wp-block-image\"><img loading=\"lazy\" decoding=\"async\" width=\"1285\" height=\"875\" src=\"https:\/\/l2sacrifice.fr\/wp-content\/uploads\/2020\/05\/image-41.png\" alt=\"\" class=\"wp-image-457\"\/><\/figure>\n\n\n\n<p>Les livres sont en 2 langues: Fran\u00e7ais et Anglais<\/p>\n\n\n\n<figure class=\"wp-block-image\"><img loading=\"lazy\" decoding=\"async\" width=\"1272\" height=\"1152\" src=\"https:\/\/l2sacrifice.fr\/wp-content\/uploads\/2020\/05\/image-42.png\" alt=\"\" class=\"wp-image-458\"\/><figcaption>Livre de la qu\u00eate m\u00e9tier Chimiste<\/figcaption><\/figure>\n\n\n\n<p><\/p>\n","protected":false},"excerpt":{"rendered":"<p>Pour vous rendre \u00e0 la biblioth\u00e8que parler au Sacrifice Gatekeeper Puis choisir l\u2019ic\u00f4ne des zones custom: Dans Sacrifice Divers Vous trouverez la biblioth\u00e8que Vous serez report\u00e9 directement dans la biblioth\u00e8que Bienvenue dans la biblioth\u00e8que, vous disposez de livres en \u00e9changent de Bibliobon vous donnant le maximum d&rsquo;information (Qu\u00eate m\u00e9tier, Classes&#8230;.) Les livres sont en 2 &hellip; <\/p>\n<p class=\"link-more\"><a href=\"https:\/\/l2sacrifice.fr\/?page_id=446\" class=\"more-link\">Continuer la lecture<span class=\"screen-reader-text\"> de &laquo;&nbsp;Biblioth\u00e8que&nbsp;&raquo;<\/span><\/a><\/p>\n","protected":false},"author":1,"featured_media":654,"parent":0,"menu_order":0,"comment_status":"closed","ping_status":"closed","template":"","meta":{"footnotes":""},"class_list":["post-446","page","type-page","status-publish","has-post-thumbnail","hentry"],"yoast_head":"<!-- This site is optimized with the Yoast SEO plugin v27.0 - https:\/\/yoast.com\/product\/yoast-seo-wordpress\/ -->\n<title>Biblioth\u00e8que - L2Sacrifice<\/title>\n<meta name=\"robots\" content=\"index, follow, max-snippet:-1, max-image-preview:large, max-video-preview:-1\" \/>\n<link rel=\"canonical\" href=\"https:\/\/l2sacrifice.fr\/?page_id=446\" \/>\n<meta property=\"og:locale\" content=\"fr_FR\" \/>\n<meta property=\"og:type\" content=\"article\" \/>\n<meta property=\"og:title\" content=\"Biblioth\u00e8que - L2Sacrifice\" \/>\n<meta property=\"og:description\" content=\"Pour vous rendre \u00e0 la biblioth\u00e8que parler au Sacrifice Gatekeeper Puis choisir l\u2019ic\u00f4ne des zones custom: Dans Sacrifice Divers Vous trouverez la biblioth\u00e8que Vous serez report\u00e9 directement dans la biblioth\u00e8que Bienvenue dans la biblioth\u00e8que, vous disposez de livres en \u00e9changent de Bibliobon vous donnant le maximum d&rsquo;information (Qu\u00eate m\u00e9tier, Classes&#8230;.) Les livres sont en 2 &hellip; Continuer la lecture de &laquo;&nbsp;Biblioth\u00e8que&nbsp;&raquo;\" \/>\n<meta property=\"og:url\" content=\"https:\/\/l2sacrifice.fr\/?page_id=446\" \/>\n<meta property=\"og:site_name\" content=\"L2Sacrifice\" \/>\n<meta property=\"article:modified_time\" content=\"2020-05-07T12:44:51+00:00\" \/>\n<meta property=\"og:image\" content=\"https:\/\/l2sacrifice.fr\/wp-content\/uploads\/2020\/05\/Biblio_title.png\" \/>\n\t<meta property=\"og:image:width\" content=\"1067\" \/>\n\t<meta property=\"og:image:height\" content=\"510\" \/>\n\t<meta property=\"og:image:type\" content=\"image\/png\" \/>\n<meta name=\"twitter:card\" content=\"summary_large_image\" \/>\n<script type=\"application\/ld+json\" class=\"yoast-schema-graph\">{\"@context\":\"https:\/\/schema.org\",\"@graph\":[{\"@type\":\"WebPage\",\"@id\":\"https:\/\/l2sacrifice.fr\/?page_id=446\",\"url\":\"https:\/\/l2sacrifice.fr\/?page_id=446\",\"name\":\"Biblioth\u00e8que - L2Sacrifice\",\"isPartOf\":{\"@id\":\"https:\/\/l2sacrifice.fr\/#website\"},\"primaryImageOfPage\":{\"@id\":\"https:\/\/l2sacrifice.fr\/?page_id=446#primaryimage\"},\"image\":{\"@id\":\"https:\/\/l2sacrifice.fr\/?page_id=446#primaryimage\"},\"thumbnailUrl\":\"https:\/\/l2sacrifice.fr\/wp-content\/uploads\/2020\/05\/Biblio_title.png\",\"datePublished\":\"2020-05-03T13:47:54+00:00\",\"dateModified\":\"2020-05-07T12:44:51+00:00\",\"breadcrumb\":{\"@id\":\"https:\/\/l2sacrifice.fr\/?page_id=446#breadcrumb\"},\"inLanguage\":\"fr-FR\",\"potentialAction\":[{\"@type\":\"ReadAction\",\"target\":[\"https:\/\/l2sacrifice.fr\/?page_id=446\"]}]},{\"@type\":\"ImageObject\",\"inLanguage\":\"fr-FR\",\"@id\":\"https:\/\/l2sacrifice.fr\/?page_id=446#primaryimage\",\"url\":\"https:\/\/l2sacrifice.fr\/wp-content\/uploads\/2020\/05\/Biblio_title.png\",\"contentUrl\":\"https:\/\/l2sacrifice.fr\/wp-content\/uploads\/2020\/05\/Biblio_title.png\",\"width\":1067,\"height\":510},{\"@type\":\"BreadcrumbList\",\"@id\":\"https:\/\/l2sacrifice.fr\/?page_id=446#breadcrumb\",\"itemListElement\":[{\"@type\":\"ListItem\",\"position\":1,\"name\":\"Home\",\"item\":\"https:\/\/l2sacrifice.fr\/\"},{\"@type\":\"ListItem\",\"position\":2,\"name\":\"Biblioth\u00e8que\"}]},{\"@type\":\"WebSite\",\"@id\":\"https:\/\/l2sacrifice.fr\/#website\",\"url\":\"https:\/\/l2sacrifice.fr\/\",\"name\":\"L2Sacrifice\",\"description\":\"Lineage 2 Sacrifice pour la vie\",\"publisher\":{\"@id\":\"https:\/\/l2sacrifice.fr\/#\/schema\/person\/4ff20fbcfb77afded60cac13ff16dfa8\"},\"potentialAction\":[{\"@type\":\"SearchAction\",\"target\":{\"@type\":\"EntryPoint\",\"urlTemplate\":\"https:\/\/l2sacrifice.fr\/?s={search_term_string}\"},\"query-input\":{\"@type\":\"PropertyValueSpecification\",\"valueRequired\":true,\"valueName\":\"search_term_string\"}}],\"inLanguage\":\"fr-FR\"},{\"@type\":[\"Person\",\"Organization\"],\"@id\":\"https:\/\/l2sacrifice.fr\/#\/schema\/person\/4ff20fbcfb77afded60cac13ff16dfa8\",\"name\":\"darksimonus\",\"image\":{\"@type\":\"ImageObject\",\"inLanguage\":\"fr-FR\",\"@id\":\"https:\/\/l2sacrifice.fr\/#\/schema\/person\/image\/\",\"url\":\"https:\/\/l2sacrifice.fr\/wp-content\/uploads\/2020\/05\/Logo_mini.png\",\"contentUrl\":\"https:\/\/l2sacrifice.fr\/wp-content\/uploads\/2020\/05\/Logo_mini.png\",\"width\":225,\"height\":225,\"caption\":\"darksimonus\"},\"logo\":{\"@id\":\"https:\/\/l2sacrifice.fr\/#\/schema\/person\/image\/\"}}]}<\/script>\n<!-- \/ Yoast SEO plugin. -->","yoast_head_json":{"title":"Biblioth\u00e8que - L2Sacrifice","robots":{"index":"index","follow":"follow","max-snippet":"max-snippet:-1","max-image-preview":"max-image-preview:large","max-video-preview":"max-video-preview:-1"},"canonical":"https:\/\/l2sacrifice.fr\/?page_id=446","og_locale":"fr_FR","og_type":"article","og_title":"Biblioth\u00e8que - L2Sacrifice","og_description":"Pour vous rendre \u00e0 la biblioth\u00e8que parler au Sacrifice Gatekeeper Puis choisir l\u2019ic\u00f4ne des zones custom: Dans Sacrifice Divers Vous trouverez la biblioth\u00e8que Vous serez report\u00e9 directement dans la biblioth\u00e8que Bienvenue dans la biblioth\u00e8que, vous disposez de livres en \u00e9changent de Bibliobon vous donnant le maximum d&rsquo;information (Qu\u00eate m\u00e9tier, Classes&#8230;.) Les livres sont en 2 &hellip; Continuer la lecture de &laquo;&nbsp;Biblioth\u00e8que&nbsp;&raquo;","og_url":"https:\/\/l2sacrifice.fr\/?page_id=446","og_site_name":"L2Sacrifice","article_modified_time":"2020-05-07T12:44:51+00:00","og_image":[{"width":1067,"height":510,"url":"https:\/\/l2sacrifice.fr\/wp-content\/uploads\/2020\/05\/Biblio_title.png","type":"image\/png"}],"twitter_card":"summary_large_image","schema":{"@context":"https:\/\/schema.org","@graph":[{"@type":"WebPage","@id":"https:\/\/l2sacrifice.fr\/?page_id=446","url":"https:\/\/l2sacrifice.fr\/?page_id=446","name":"Biblioth\u00e8que - L2Sacrifice","isPartOf":{"@id":"https:\/\/l2sacrifice.fr\/#website"},"primaryImageOfPage":{"@id":"https:\/\/l2sacrifice.fr\/?page_id=446#primaryimage"},"image":{"@id":"https:\/\/l2sacrifice.fr\/?page_id=446#primaryimage"},"thumbnailUrl":"https:\/\/l2sacrifice.fr\/wp-content\/uploads\/2020\/05\/Biblio_title.png","datePublished":"2020-05-03T13:47:54+00:00","dateModified":"2020-05-07T12:44:51+00:00","breadcrumb":{"@id":"https:\/\/l2sacrifice.fr\/?page_id=446#breadcrumb"},"inLanguage":"fr-FR","potentialAction":[{"@type":"ReadAction","target":["https:\/\/l2sacrifice.fr\/?page_id=446"]}]},{"@type":"ImageObject","inLanguage":"fr-FR","@id":"https:\/\/l2sacrifice.fr\/?page_id=446#primaryimage","url":"https:\/\/l2sacrifice.fr\/wp-content\/uploads\/2020\/05\/Biblio_title.png","contentUrl":"https:\/\/l2sacrifice.fr\/wp-content\/uploads\/2020\/05\/Biblio_title.png","width":1067,"height":510},{"@type":"BreadcrumbList","@id":"https:\/\/l2sacrifice.fr\/?page_id=446#breadcrumb","itemListElement":[{"@type":"ListItem","position":1,"name":"Home","item":"https:\/\/l2sacrifice.fr\/"},{"@type":"ListItem","position":2,"name":"Biblioth\u00e8que"}]},{"@type":"WebSite","@id":"https:\/\/l2sacrifice.fr\/#website","url":"https:\/\/l2sacrifice.fr\/","name":"L2Sacrifice","description":"Lineage 2 Sacrifice pour la vie","publisher":{"@id":"https:\/\/l2sacrifice.fr\/#\/schema\/person\/4ff20fbcfb77afded60cac13ff16dfa8"},"potentialAction":[{"@type":"SearchAction","target":{"@type":"EntryPoint","urlTemplate":"https:\/\/l2sacrifice.fr\/?s={search_term_string}"},"query-input":{"@type":"PropertyValueSpecification","valueRequired":true,"valueName":"search_term_string"}}],"inLanguage":"fr-FR"},{"@type":["Person","Organization"],"@id":"https:\/\/l2sacrifice.fr\/#\/schema\/person\/4ff20fbcfb77afded60cac13ff16dfa8","name":"darksimonus","image":{"@type":"ImageObject","inLanguage":"fr-FR","@id":"https:\/\/l2sacrifice.fr\/#\/schema\/person\/image\/","url":"https:\/\/l2sacrifice.fr\/wp-content\/uploads\/2020\/05\/Logo_mini.png","contentUrl":"https:\/\/l2sacrifice.fr\/wp-content\/uploads\/2020\/05\/Logo_mini.png","width":225,"height":225,"caption":"darksimonus"},"logo":{"@id":"https:\/\/l2sacrifice.fr\/#\/schema\/person\/image\/"}}]}},"_links":{"self":[{"href":"https:\/\/l2sacrifice.fr\/index.php?rest_route=\/wp\/v2\/pages\/446","targetHints":{"allow":["GET"]}}],"collection":[{"href":"https:\/\/l2sacrifice.fr\/index.php?rest_route=\/wp\/v2\/pages"}],"about":[{"href":"https:\/\/l2sacrifice.fr\/index.php?rest_route=\/wp\/v2\/types\/page"}],"author":[{"embeddable":true,"href":"https:\/\/l2sacrifice.fr\/index.php?rest_route=\/wp\/v2\/users\/1"}],"replies":[{"embeddable":true,"href":"https:\/\/l2sacrifice.fr\/index.php?rest_route=%2Fwp%2Fv2%2Fcomments&post=446"}],"version-history":[{"count":6,"href":"https:\/\/l2sacrifice.fr\/index.php?rest_route=\/wp\/v2\/pages\/446\/revisions"}],"predecessor-version":[{"id":482,"href":"https:\/\/l2sacrifice.fr\/index.php?rest_route=\/wp\/v2\/pages\/446\/revisions\/482"}],"wp:featuredmedia":[{"embeddable":true,"href":"https:\/\/l2sacrifice.fr\/index.php?rest_route=\/wp\/v2\/media\/654"}],"wp:attachment":[{"href":"https:\/\/l2sacrifice.fr\/index.php?rest_route=%2Fwp%2Fv2%2Fmedia&parent=446"}],"curies":[{"name":"wp","href":"https:\/\/api.w.org\/{rel}","templated":true}]}}