{"id":228,"date":"2020-05-02T11:15:35","date_gmt":"2020-05-02T09:15:35","guid":{"rendered":"https:\/\/l2sacrifice.fr\/?page_id=228"},"modified":"2020-11-16T12:56:24","modified_gmt":"2020-11-16T11:56:24","slug":"grade","status":"publish","type":"page","link":"https:\/\/l2sacrifice.fr\/?page_id=228","title":{"rendered":"\u00c9quipement Grades"},"content":{"rendered":"\n<p>Les \u00e9quipements ont des grades.  Les habilit\u00e9s Grade s\u2019obtiennent automatiquement en fonction du level de votre personnage<\/p>\n\n\n\n<p>Voici la liste des Grades en fonction des Levels:<\/p>\n\n\n\n<p>No-Grade: Levels 1-19<\/p>\n\n\n\n<figure class=\"wp-block-image is-resized\"><img loading=\"lazy\" decoding=\"async\" src=\"https:\/\/l2sacrifice.fr\/wp-content\/uploads\/2020\/05\/image-7.png\" alt=\"\" class=\"wp-image-278\" width=\"45\" height=\"45\"\/><\/figure>\n\n\n\n<p> D-Grade: Levels 20-39 <\/p>\n\n\n\n<figure class=\"wp-block-image is-resized\"><img loading=\"lazy\" decoding=\"async\" src=\"https:\/\/l2sacrifice.fr\/wp-content\/uploads\/2020\/05\/image-9.png\" alt=\"\" class=\"wp-image-280\" width=\"46\" height=\"46\"\/><\/figure>\n\n\n\n<p>C-Grade: Levels 40-51<\/p>\n\n\n\n<figure class=\"wp-block-image is-resized\"><img loading=\"lazy\" decoding=\"async\" src=\"https:\/\/l2sacrifice.fr\/wp-content\/uploads\/2020\/05\/image-10.png\" alt=\"\" class=\"wp-image-281\" width=\"48\" height=\"48\"\/><\/figure>\n\n\n\n<p>B-Grade: Levels 52-60<\/p>\n\n\n\n<figure class=\"wp-block-image is-resized\"><img loading=\"lazy\" decoding=\"async\" src=\"https:\/\/l2sacrifice.fr\/wp-content\/uploads\/2020\/05\/image-11.png\" alt=\"\" class=\"wp-image-282\" width=\"47\" height=\"48\"\/><\/figure>\n\n\n\n<p>A-Grade: Levels 61-75<\/p>\n\n\n\n<figure class=\"wp-block-image is-resized\"><img loading=\"lazy\" decoding=\"async\" src=\"https:\/\/l2sacrifice.fr\/wp-content\/uploads\/2020\/05\/image-12.png\" alt=\"\" class=\"wp-image-283\" width=\"51\" height=\"52\"\/><\/figure>\n\n\n\n<p>S-Grade: Levels 76-79<\/p>\n\n\n\n<figure class=\"wp-block-image is-resized\"><img loading=\"lazy\" decoding=\"async\" src=\"https:\/\/l2sacrifice.fr\/wp-content\/uploads\/2020\/05\/image-13.png\" alt=\"\" class=\"wp-image-284\" width=\"109\" height=\"52\"\/><\/figure>\n\n\n\n<p>S80-Grade: Levels 80-84<\/p>\n\n\n\n<figure class=\"wp-block-image is-resized\"><img loading=\"lazy\" decoding=\"async\" src=\"https:\/\/l2sacrifice.fr\/wp-content\/uploads\/2020\/05\/image-14.png\" alt=\"\" class=\"wp-image-285\" width=\"112\" height=\"54\"\/><\/figure>\n\n\n\n<p>S84-Grade: Levels 84-89<\/p>\n\n\n\n<figure class=\"wp-block-image is-resized\"><img loading=\"lazy\" decoding=\"async\" src=\"https:\/\/l2sacrifice.fr\/wp-content\/uploads\/2020\/05\/image-15.png\" alt=\"\" class=\"wp-image-287\" width=\"113\" height=\"55\"\/><\/figure>\n\n\n\n<p>R90-Grade: Levels 90-94<\/p>\n\n\n\n<figure class=\"wp-block-image is-resized\"><img loading=\"lazy\" decoding=\"async\" src=\"https:\/\/l2sacrifice.fr\/wp-content\/uploads\/2020\/05\/image-16.png\" alt=\"\" class=\"wp-image-288\" width=\"110\" height=\"54\"\/><\/figure>\n\n\n\n<p>R95-Grade: Levels 95-96<\/p>\n\n\n\n<figure class=\"wp-block-image is-resized\"><img loading=\"lazy\" decoding=\"async\" src=\"https:\/\/l2sacrifice.fr\/wp-content\/uploads\/2020\/05\/image-17.png\" alt=\"\" class=\"wp-image-289\" width=\"109\" height=\"55\"\/><\/figure>\n\n\n\n<p>R97-Grade: Levels 97-98<\/p>\n\n\n\n<figure class=\"wp-block-image is-resized\"><img loading=\"lazy\" decoding=\"async\" src=\"https:\/\/l2sacrifice.fr\/wp-content\/uploads\/2020\/05\/image-18.png\" alt=\"\" class=\"wp-image-291\" width=\"109\" height=\"54\"\/><\/figure>\n\n\n\n<p>R99-Grade: Levels 99<\/p>\n\n\n\n<figure class=\"wp-block-image is-resized\"><img loading=\"lazy\" decoding=\"async\" src=\"https:\/\/l2sacrifice.fr\/wp-content\/uploads\/2020\/05\/image-19.png\" alt=\"\" class=\"wp-image-292\" width=\"109\" height=\"52\"\/><\/figure>\n\n\n\n<p>X99-Grade: Levels 99 + Rebirth Lv5 + Non Tradeable Items<\/p>\n","protected":false},"excerpt":{"rendered":"<p>Les \u00e9quipements ont des grades. Les habilit\u00e9s Grade s\u2019obtiennent automatiquement en fonction du level de votre personnage Voici la liste des Grades en fonction des Levels: No-Grade: Levels 1-19 D-Grade: Levels 20-39 C-Grade: Levels 40-51 B-Grade: Levels 52-60 A-Grade: Levels 61-75 S-Grade: Levels 76-79 S80-Grade: Levels 80-84 S84-Grade: Levels 84-89 R90-Grade: Levels 90-94 R95-Grade: Levels &hellip; <\/p>\n<p class=\"link-more\"><a href=\"https:\/\/l2sacrifice.fr\/?page_id=228\" class=\"more-link\">Continuer la lecture<span class=\"screen-reader-text\"> de &laquo;&nbsp;\u00c9quipement Grades&nbsp;&raquo;<\/span><\/a><\/p>\n","protected":false},"author":1,"featured_media":0,"parent":0,"menu_order":0,"comment_status":"closed","ping_status":"closed","template":"","meta":{"footnotes":""},"class_list":["post-228","page","type-page","status-publish","hentry"],"yoast_head":"<!-- This site is optimized with the Yoast SEO plugin v27.0 - https:\/\/yoast.com\/product\/yoast-seo-wordpress\/ -->\n<title>\u00c9quipement Grades - L2Sacrifice<\/title>\n<meta name=\"robots\" content=\"index, follow, max-snippet:-1, max-image-preview:large, max-video-preview:-1\" \/>\n<link rel=\"canonical\" href=\"https:\/\/l2sacrifice.fr\/?page_id=228\" \/>\n<meta property=\"og:locale\" content=\"fr_FR\" \/>\n<meta property=\"og:type\" content=\"article\" \/>\n<meta property=\"og:title\" content=\"\u00c9quipement Grades - L2Sacrifice\" \/>\n<meta property=\"og:description\" content=\"Les \u00e9quipements ont des grades. Les habilit\u00e9s Grade s\u2019obtiennent automatiquement en fonction du level de votre personnage Voici la liste des Grades en fonction des Levels: No-Grade: Levels 1-19 D-Grade: Levels 20-39 C-Grade: Levels 40-51 B-Grade: Levels 52-60 A-Grade: Levels 61-75 S-Grade: Levels 76-79 S80-Grade: Levels 80-84 S84-Grade: Levels 84-89 R90-Grade: Levels 90-94 R95-Grade: Levels &hellip; Continuer la lecture de &laquo;&nbsp;\u00c9quipement Grades&nbsp;&raquo;\" \/>\n<meta property=\"og:url\" content=\"https:\/\/l2sacrifice.fr\/?page_id=228\" \/>\n<meta property=\"og:site_name\" content=\"L2Sacrifice\" \/>\n<meta property=\"article:modified_time\" content=\"2020-11-16T11:56:24+00:00\" \/>\n<meta property=\"og:image\" content=\"https:\/\/l2sacrifice.fr\/wp-content\/uploads\/2020\/05\/image-7.png\" \/>\n<meta name=\"twitter:card\" content=\"summary_large_image\" \/>\n<script type=\"application\/ld+json\" class=\"yoast-schema-graph\">{\"@context\":\"https:\/\/schema.org\",\"@graph\":[{\"@type\":\"WebPage\",\"@id\":\"https:\/\/l2sacrifice.fr\/?page_id=228\",\"url\":\"https:\/\/l2sacrifice.fr\/?page_id=228\",\"name\":\"\u00c9quipement Grades - L2Sacrifice\",\"isPartOf\":{\"@id\":\"https:\/\/l2sacrifice.fr\/#website\"},\"primaryImageOfPage\":{\"@id\":\"https:\/\/l2sacrifice.fr\/?page_id=228#primaryimage\"},\"image\":{\"@id\":\"https:\/\/l2sacrifice.fr\/?page_id=228#primaryimage\"},\"thumbnailUrl\":\"https:\/\/l2sacrifice.fr\/wp-content\/uploads\/2020\/05\/image-7.png\",\"datePublished\":\"2020-05-02T09:15:35+00:00\",\"dateModified\":\"2020-11-16T11:56:24+00:00\",\"breadcrumb\":{\"@id\":\"https:\/\/l2sacrifice.fr\/?page_id=228#breadcrumb\"},\"inLanguage\":\"fr-FR\",\"potentialAction\":[{\"@type\":\"ReadAction\",\"target\":[\"https:\/\/l2sacrifice.fr\/?page_id=228\"]}]},{\"@type\":\"ImageObject\",\"inLanguage\":\"fr-FR\",\"@id\":\"https:\/\/l2sacrifice.fr\/?page_id=228#primaryimage\",\"url\":\"https:\/\/l2sacrifice.fr\/wp-content\/uploads\/2020\/05\/image-7.png\",\"contentUrl\":\"https:\/\/l2sacrifice.fr\/wp-content\/uploads\/2020\/05\/image-7.png\",\"width\":210,\"height\":209},{\"@type\":\"BreadcrumbList\",\"@id\":\"https:\/\/l2sacrifice.fr\/?page_id=228#breadcrumb\",\"itemListElement\":[{\"@type\":\"ListItem\",\"position\":1,\"name\":\"Home\",\"item\":\"https:\/\/l2sacrifice.fr\/\"},{\"@type\":\"ListItem\",\"position\":2,\"name\":\"\u00c9quipement Grades\"}]},{\"@type\":\"WebSite\",\"@id\":\"https:\/\/l2sacrifice.fr\/#website\",\"url\":\"https:\/\/l2sacrifice.fr\/\",\"name\":\"L2Sacrifice\",\"description\":\"Lineage 2 Sacrifice pour la vie\",\"publisher\":{\"@id\":\"https:\/\/l2sacrifice.fr\/#\/schema\/person\/4ff20fbcfb77afded60cac13ff16dfa8\"},\"potentialAction\":[{\"@type\":\"SearchAction\",\"target\":{\"@type\":\"EntryPoint\",\"urlTemplate\":\"https:\/\/l2sacrifice.fr\/?s={search_term_string}\"},\"query-input\":{\"@type\":\"PropertyValueSpecification\",\"valueRequired\":true,\"valueName\":\"search_term_string\"}}],\"inLanguage\":\"fr-FR\"},{\"@type\":[\"Person\",\"Organization\"],\"@id\":\"https:\/\/l2sacrifice.fr\/#\/schema\/person\/4ff20fbcfb77afded60cac13ff16dfa8\",\"name\":\"darksimonus\",\"image\":{\"@type\":\"ImageObject\",\"inLanguage\":\"fr-FR\",\"@id\":\"https:\/\/l2sacrifice.fr\/#\/schema\/person\/image\/\",\"url\":\"https:\/\/l2sacrifice.fr\/wp-content\/uploads\/2020\/05\/Logo_mini.png\",\"contentUrl\":\"https:\/\/l2sacrifice.fr\/wp-content\/uploads\/2020\/05\/Logo_mini.png\",\"width\":225,\"height\":225,\"caption\":\"darksimonus\"},\"logo\":{\"@id\":\"https:\/\/l2sacrifice.fr\/#\/schema\/person\/image\/\"}}]}<\/script>\n<!-- \/ Yoast SEO plugin. -->","yoast_head_json":{"title":"\u00c9quipement Grades - L2Sacrifice","robots":{"index":"index","follow":"follow","max-snippet":"max-snippet:-1","max-image-preview":"max-image-preview:large","max-video-preview":"max-video-preview:-1"},"canonical":"https:\/\/l2sacrifice.fr\/?page_id=228","og_locale":"fr_FR","og_type":"article","og_title":"\u00c9quipement Grades - L2Sacrifice","og_description":"Les \u00e9quipements ont des grades. Les habilit\u00e9s Grade s\u2019obtiennent automatiquement en fonction du level de votre personnage Voici la liste des Grades en fonction des Levels: No-Grade: Levels 1-19 D-Grade: Levels 20-39 C-Grade: Levels 40-51 B-Grade: Levels 52-60 A-Grade: Levels 61-75 S-Grade: Levels 76-79 S80-Grade: Levels 80-84 S84-Grade: Levels 84-89 R90-Grade: Levels 90-94 R95-Grade: Levels &hellip; Continuer la lecture de &laquo;&nbsp;\u00c9quipement Grades&nbsp;&raquo;","og_url":"https:\/\/l2sacrifice.fr\/?page_id=228","og_site_name":"L2Sacrifice","article_modified_time":"2020-11-16T11:56:24+00:00","og_image":[{"url":"https:\/\/l2sacrifice.fr\/wp-content\/uploads\/2020\/05\/image-7.png","type":"","width":"","height":""}],"twitter_card":"summary_large_image","schema":{"@context":"https:\/\/schema.org","@graph":[{"@type":"WebPage","@id":"https:\/\/l2sacrifice.fr\/?page_id=228","url":"https:\/\/l2sacrifice.fr\/?page_id=228","name":"\u00c9quipement Grades - L2Sacrifice","isPartOf":{"@id":"https:\/\/l2sacrifice.fr\/#website"},"primaryImageOfPage":{"@id":"https:\/\/l2sacrifice.fr\/?page_id=228#primaryimage"},"image":{"@id":"https:\/\/l2sacrifice.fr\/?page_id=228#primaryimage"},"thumbnailUrl":"https:\/\/l2sacrifice.fr\/wp-content\/uploads\/2020\/05\/image-7.png","datePublished":"2020-05-02T09:15:35+00:00","dateModified":"2020-11-16T11:56:24+00:00","breadcrumb":{"@id":"https:\/\/l2sacrifice.fr\/?page_id=228#breadcrumb"},"inLanguage":"fr-FR","potentialAction":[{"@type":"ReadAction","target":["https:\/\/l2sacrifice.fr\/?page_id=228"]}]},{"@type":"ImageObject","inLanguage":"fr-FR","@id":"https:\/\/l2sacrifice.fr\/?page_id=228#primaryimage","url":"https:\/\/l2sacrifice.fr\/wp-content\/uploads\/2020\/05\/image-7.png","contentUrl":"https:\/\/l2sacrifice.fr\/wp-content\/uploads\/2020\/05\/image-7.png","width":210,"height":209},{"@type":"BreadcrumbList","@id":"https:\/\/l2sacrifice.fr\/?page_id=228#breadcrumb","itemListElement":[{"@type":"ListItem","position":1,"name":"Home","item":"https:\/\/l2sacrifice.fr\/"},{"@type":"ListItem","position":2,"name":"\u00c9quipement Grades"}]},{"@type":"WebSite","@id":"https:\/\/l2sacrifice.fr\/#website","url":"https:\/\/l2sacrifice.fr\/","name":"L2Sacrifice","description":"Lineage 2 Sacrifice pour la vie","publisher":{"@id":"https:\/\/l2sacrifice.fr\/#\/schema\/person\/4ff20fbcfb77afded60cac13ff16dfa8"},"potentialAction":[{"@type":"SearchAction","target":{"@type":"EntryPoint","urlTemplate":"https:\/\/l2sacrifice.fr\/?s={search_term_string}"},"query-input":{"@type":"PropertyValueSpecification","valueRequired":true,"valueName":"search_term_string"}}],"inLanguage":"fr-FR"},{"@type":["Person","Organization"],"@id":"https:\/\/l2sacrifice.fr\/#\/schema\/person\/4ff20fbcfb77afded60cac13ff16dfa8","name":"darksimonus","image":{"@type":"ImageObject","inLanguage":"fr-FR","@id":"https:\/\/l2sacrifice.fr\/#\/schema\/person\/image\/","url":"https:\/\/l2sacrifice.fr\/wp-content\/uploads\/2020\/05\/Logo_mini.png","contentUrl":"https:\/\/l2sacrifice.fr\/wp-content\/uploads\/2020\/05\/Logo_mini.png","width":225,"height":225,"caption":"darksimonus"},"logo":{"@id":"https:\/\/l2sacrifice.fr\/#\/schema\/person\/image\/"}}]}},"_links":{"self":[{"href":"https:\/\/l2sacrifice.fr\/index.php?rest_route=\/wp\/v2\/pages\/228","targetHints":{"allow":["GET"]}}],"collection":[{"href":"https:\/\/l2sacrifice.fr\/index.php?rest_route=\/wp\/v2\/pages"}],"about":[{"href":"https:\/\/l2sacrifice.fr\/index.php?rest_route=\/wp\/v2\/types\/page"}],"author":[{"embeddable":true,"href":"https:\/\/l2sacrifice.fr\/index.php?rest_route=\/wp\/v2\/users\/1"}],"replies":[{"embeddable":true,"href":"https:\/\/l2sacrifice.fr\/index.php?rest_route=%2Fwp%2Fv2%2Fcomments&post=228"}],"version-history":[{"count":11,"href":"https:\/\/l2sacrifice.fr\/index.php?rest_route=\/wp\/v2\/pages\/228\/revisions"}],"predecessor-version":[{"id":1879,"href":"https:\/\/l2sacrifice.fr\/index.php?rest_route=\/wp\/v2\/pages\/228\/revisions\/1879"}],"wp:attachment":[{"href":"https:\/\/l2sacrifice.fr\/index.php?rest_route=%2Fwp%2Fv2%2Fmedia&parent=228"}],"curies":[{"name":"wp","href":"https:\/\/api.w.org\/{rel}","templated":true}]}}