{"id":213,"date":"2020-05-02T11:11:09","date_gmt":"2020-05-02T09:11:09","guid":{"rendered":"https:\/\/l2sacrifice.fr\/?page_id=213"},"modified":"2020-05-03T13:52:35","modified_gmt":"2020-05-03T11:52:35","slug":"rebirth","status":"publish","type":"page","link":"https:\/\/l2sacrifice.fr\/?page_id=213","title":{"rendered":"Rebirth"},"content":{"rendered":"\n<p>Sur Sacrifice, vous avez 5 Rebirth, \u00e0 chacune des rebirths vous obtenez des avantages (skills bonus passif rebirth, \u00e9quipements rebirth, montures etc&#8230;.) et au level 99 de la 5\u00e8me vous pourrez porter l&rsquo;\u00e9quipement grade X99.<\/p>\n\n\n\n<p>Faire une Rebirth de son personnage consiste \u00e0 revenir au level 1 pour le remonter au level 99 pour obtenir ou faire monter son skill passif rebirth evolution et otenir des Rebith coin \u00e0 utiliser dans le Rebith Shop<\/p>\n\n\n\n<p>Elle peut se prendre au level 85 pour les 4 premi\u00e8res Rebirth et au level 99 pour la 5\u00e8me Rebith<\/p>\n\n\n\n<p class=\"has-text-color has-vivid-red-color\">Attention: Pour la Rebirth vous avez une mal\u00e9diction de rate XP important, il est conseiller de faire le stock de boost XP Rebith 5, et de faire l&rsquo;instance Akatsuki \u00e0 partir du level 70 qui donne 1 level (peut se faire tout les 22h)<\/p>\n\n\n\n<div class=\"wp-block-image\"><figure class=\"aligncenter is-resized\"><img loading=\"lazy\" decoding=\"async\" src=\"https:\/\/l2sacrifice.fr\/wp-content\/uploads\/2020\/05\/5th_Rebirth_Boost.png\" alt=\"\" class=\"wp-image-360\" width=\"119\" height=\"119\"\/><figcaption>Boost XP Rebith 5<\/figcaption><\/figure><\/div>\n\n\n\n<p>Pour faire demander votre rebirth vous devez parler \u00e0 Jibril \u00e0 Giran<\/p>\n\n\n\n<div class=\"wp-block-image\"><figure class=\"aligncenter is-resized\"><img loading=\"lazy\" decoding=\"async\" src=\"https:\/\/l2sacrifice.fr\/wp-content\/uploads\/2020\/05\/Jibril.png\" alt=\"\" class=\"wp-image-344\" width=\"325\" height=\"530\"\/><figcaption> Rebirth Manager : Jibril <\/figcaption><\/figure><\/div>\n\n\n\n<p>A giran il se trouve \u00e0 gauche de la zone du Gatekeeper:<\/p>\n\n\n\n<div class=\"wp-block-image\"><figure class=\"aligncenter is-resized\"><img loading=\"lazy\" decoding=\"async\" src=\"https:\/\/l2sacrifice.fr\/wp-content\/uploads\/2020\/05\/Giran_Jibril.png\" alt=\"\" class=\"wp-image-345\" width=\"326\" height=\"313\"\/><figcaption>Localisation Rebirth Manager \u00e0 Giran<\/figcaption><\/figure><\/div>\n\n\n\n<p>Il vous proposera, un acc\u00e8s au Rebith Shop, \u00e0 la demande de Rebirth, \u00e0 l&rsquo;annulation de la Rebirth et \u00e0 sauvegarder vos skill enchant:<\/p>\n\n\n\n<div class=\"wp-block-image\"><figure class=\"aligncenter\"><img loading=\"lazy\" decoding=\"async\" width=\"291\" height=\"375\" src=\"https:\/\/l2sacrifice.fr\/wp-content\/uploads\/2020\/05\/Rebirth.png\" alt=\"\" class=\"wp-image-346\"\/><\/figure><\/div>\n\n\n\n<p>Descriptif Skill passif Rebith Evolution:<\/p>\n\n\n\n<div class=\"wp-block-image\"><figure class=\"aligncenter is-resized\"><img loading=\"lazy\" decoding=\"async\" src=\"https:\/\/l2sacrifice.fr\/wp-content\/uploads\/2020\/05\/Rebirth_Skill-1.png\" alt=\"\" class=\"wp-image-363\" width=\"135\" height=\"135\"\/><figcaption>Skill: Rebirth Evolution<\/figcaption><\/figure><\/div>\n\n\n\n<p> Rebirth Evolution I :   Rebirth strengthens body and mind. Max HP\/CP\/MP +100 and increases all your talents of 5% during PVP. <\/p>\n\n\n\n<p> Rebirth Evolution II :   Rebirth strengthens body and mind. Max HP\/CP\/MP +200 and increases all your talents of 7% during PVP. <\/p>\n\n\n\n<p> Rebirth Evolution III :    Rebirth strengthens body and mind. Max HP\/CP\/MP +300 and increases all your talents of 10% during PVP. <\/p>\n\n\n\n<p><br> Rebirth Evolution IV :    Rebirth strengthens body and mind. Max HP\/CP\/MP +400 and increases all your talents of 15% during PVP. <\/p>\n\n\n\n<p> Rebirth Evolution V :    Rebirth strengthens body and mind. Max HP\/CP\/MP +500 and increases all your talents of 17% during PVP <\/p>\n\n\n\n<p>Voici quelques exemples de montures Sp\u00e9ciales Rebirth:<\/p>\n\n\n\n<ul class=\"wp-block-gallery columns-3 is-cropped wp-block-gallery-1 is-layout-flex wp-block-gallery-is-layout-flex\"><li class=\"blocks-gallery-item\"><figure><img loading=\"lazy\" decoding=\"async\" width=\"700\" height=\"512\" src=\"https:\/\/l2sacrifice.fr\/wp-content\/uploads\/2020\/05\/Rebirth_Mount.png\" alt=\"\" data-id=\"404\" data-link=\"https:\/\/l2sacrifice.fr\/?attachment_id=404\" class=\"wp-image-404\"\/><\/figure><\/li><li class=\"blocks-gallery-item\"><figure><img loading=\"lazy\" decoding=\"async\" width=\"700\" height=\"512\" src=\"https:\/\/l2sacrifice.fr\/wp-content\/uploads\/2020\/05\/Rebirth_Mount3.png\" alt=\"\" data-id=\"405\" data-link=\"https:\/\/l2sacrifice.fr\/?attachment_id=405\" class=\"wp-image-405\"\/><\/figure><\/li><li class=\"blocks-gallery-item\"><figure><img loading=\"lazy\" decoding=\"async\" width=\"700\" height=\"512\" src=\"https:\/\/l2sacrifice.fr\/wp-content\/uploads\/2020\/05\/Rebirth_Mount5.png\" alt=\"\" data-id=\"406\" data-link=\"https:\/\/l2sacrifice.fr\/?attachment_id=406\" class=\"wp-image-406\"\/><\/figure><\/li><li class=\"blocks-gallery-item\"><figure><img loading=\"lazy\" decoding=\"async\" width=\"700\" height=\"512\" src=\"https:\/\/l2sacrifice.fr\/wp-content\/uploads\/2020\/05\/Rebirth_Mount6.png\" alt=\"\" data-id=\"407\" data-link=\"https:\/\/l2sacrifice.fr\/?attachment_id=407\" class=\"wp-image-407\"\/><\/figure><\/li><li class=\"blocks-gallery-item\"><figure><img loading=\"lazy\" decoding=\"async\" width=\"700\" height=\"512\" src=\"https:\/\/l2sacrifice.fr\/wp-content\/uploads\/2020\/05\/Rebirth_Mount7.png\" alt=\"\" data-id=\"408\" data-link=\"https:\/\/l2sacrifice.fr\/?attachment_id=408\" class=\"wp-image-408\"\/><\/figure><\/li><li class=\"blocks-gallery-item\"><figure><img loading=\"lazy\" decoding=\"async\" width=\"700\" height=\"512\" src=\"https:\/\/l2sacrifice.fr\/wp-content\/uploads\/2020\/05\/Rebirth_Wy1.png\" alt=\"\" data-id=\"409\" data-link=\"https:\/\/l2sacrifice.fr\/?attachment_id=409\" class=\"wp-image-409\"\/><\/figure><\/li><li class=\"blocks-gallery-item\"><figure><img loading=\"lazy\" decoding=\"async\" width=\"700\" height=\"512\" src=\"https:\/\/l2sacrifice.fr\/wp-content\/uploads\/2020\/05\/Rebirth_Wy2.png\" alt=\"\" data-id=\"410\" data-link=\"https:\/\/l2sacrifice.fr\/?attachment_id=410\" class=\"wp-image-410\"\/><\/figure><\/li><li class=\"blocks-gallery-item\"><figure><img loading=\"lazy\" decoding=\"async\" width=\"700\" height=\"512\" src=\"https:\/\/l2sacrifice.fr\/wp-content\/uploads\/2020\/05\/Rebirth_Wy3.png\" alt=\"\" data-id=\"411\" data-link=\"https:\/\/l2sacrifice.fr\/?attachment_id=411\" class=\"wp-image-411\"\/><\/figure><\/li><\/ul>\n","protected":false},"excerpt":{"rendered":"<p>Sur Sacrifice, vous avez 5 Rebirth, \u00e0 chacune des rebirths vous obtenez des avantages (skills bonus passif rebirth, \u00e9quipements rebirth, montures etc&#8230;.) et au level 99 de la 5\u00e8me vous pourrez porter l&rsquo;\u00e9quipement grade X99. Faire une Rebirth de son personnage consiste \u00e0 revenir au level 1 pour le remonter au level 99 pour obtenir &hellip; <\/p>\n<p class=\"link-more\"><a href=\"https:\/\/l2sacrifice.fr\/?page_id=213\" class=\"more-link\">Continuer la lecture<span class=\"screen-reader-text\"> de &laquo;&nbsp;Rebirth&nbsp;&raquo;<\/span><\/a><\/p>\n","protected":false},"author":1,"featured_media":343,"parent":0,"menu_order":0,"comment_status":"closed","ping_status":"closed","template":"","meta":{"footnotes":""},"class_list":["post-213","page","type-page","status-publish","has-post-thumbnail","hentry"],"yoast_head":"<!-- This site is optimized with the Yoast SEO plugin v27.0 - https:\/\/yoast.com\/product\/yoast-seo-wordpress\/ -->\n<title>Rebirth - L2Sacrifice<\/title>\n<meta name=\"robots\" content=\"index, follow, max-snippet:-1, max-image-preview:large, max-video-preview:-1\" \/>\n<link rel=\"canonical\" href=\"https:\/\/l2sacrifice.fr\/?page_id=213\" \/>\n<meta property=\"og:locale\" content=\"fr_FR\" \/>\n<meta property=\"og:type\" content=\"article\" \/>\n<meta property=\"og:title\" content=\"Rebirth - L2Sacrifice\" \/>\n<meta property=\"og:description\" content=\"Sur Sacrifice, vous avez 5 Rebirth, \u00e0 chacune des rebirths vous obtenez des avantages (skills bonus passif rebirth, \u00e9quipements rebirth, montures etc&#8230;.) et au level 99 de la 5\u00e8me vous pourrez porter l&rsquo;\u00e9quipement grade X99. Faire une Rebirth de son personnage consiste \u00e0 revenir au level 1 pour le remonter au level 99 pour obtenir &hellip; Continuer la lecture de &laquo;&nbsp;Rebirth&nbsp;&raquo;\" \/>\n<meta property=\"og:url\" content=\"https:\/\/l2sacrifice.fr\/?page_id=213\" \/>\n<meta property=\"og:site_name\" content=\"L2Sacrifice\" \/>\n<meta property=\"article:modified_time\" content=\"2020-05-03T11:52:35+00:00\" \/>\n<meta property=\"og:image\" content=\"https:\/\/l2sacrifice.fr\/wp-content\/uploads\/2020\/05\/Rebirth2.png\" \/>\n\t<meta property=\"og:image:width\" content=\"1134\" \/>\n\t<meta property=\"og:image:height\" content=\"512\" \/>\n\t<meta property=\"og:image:type\" content=\"image\/png\" \/>\n<meta name=\"twitter:card\" content=\"summary_large_image\" \/>\n<meta name=\"twitter:label1\" content=\"Dur\u00e9e de lecture estim\u00e9e\" \/>\n\t<meta name=\"twitter:data1\" content=\"1 minute\" \/>\n<script type=\"application\/ld+json\" class=\"yoast-schema-graph\">{\"@context\":\"https:\/\/schema.org\",\"@graph\":[{\"@type\":\"WebPage\",\"@id\":\"https:\/\/l2sacrifice.fr\/?page_id=213\",\"url\":\"https:\/\/l2sacrifice.fr\/?page_id=213\",\"name\":\"Rebirth - L2Sacrifice\",\"isPartOf\":{\"@id\":\"https:\/\/l2sacrifice.fr\/#website\"},\"primaryImageOfPage\":{\"@id\":\"https:\/\/l2sacrifice.fr\/?page_id=213#primaryimage\"},\"image\":{\"@id\":\"https:\/\/l2sacrifice.fr\/?page_id=213#primaryimage\"},\"thumbnailUrl\":\"https:\/\/l2sacrifice.fr\/wp-content\/uploads\/2020\/05\/Rebirth2.png\",\"datePublished\":\"2020-05-02T09:11:09+00:00\",\"dateModified\":\"2020-05-03T11:52:35+00:00\",\"breadcrumb\":{\"@id\":\"https:\/\/l2sacrifice.fr\/?page_id=213#breadcrumb\"},\"inLanguage\":\"fr-FR\",\"potentialAction\":[{\"@type\":\"ReadAction\",\"target\":[\"https:\/\/l2sacrifice.fr\/?page_id=213\"]}]},{\"@type\":\"ImageObject\",\"inLanguage\":\"fr-FR\",\"@id\":\"https:\/\/l2sacrifice.fr\/?page_id=213#primaryimage\",\"url\":\"https:\/\/l2sacrifice.fr\/wp-content\/uploads\/2020\/05\/Rebirth2.png\",\"contentUrl\":\"https:\/\/l2sacrifice.fr\/wp-content\/uploads\/2020\/05\/Rebirth2.png\",\"width\":1134,\"height\":512},{\"@type\":\"BreadcrumbList\",\"@id\":\"https:\/\/l2sacrifice.fr\/?page_id=213#breadcrumb\",\"itemListElement\":[{\"@type\":\"ListItem\",\"position\":1,\"name\":\"Home\",\"item\":\"https:\/\/l2sacrifice.fr\/\"},{\"@type\":\"ListItem\",\"position\":2,\"name\":\"Rebirth\"}]},{\"@type\":\"WebSite\",\"@id\":\"https:\/\/l2sacrifice.fr\/#website\",\"url\":\"https:\/\/l2sacrifice.fr\/\",\"name\":\"L2Sacrifice\",\"description\":\"Lineage 2 Sacrifice pour la vie\",\"publisher\":{\"@id\":\"https:\/\/l2sacrifice.fr\/#\/schema\/person\/4ff20fbcfb77afded60cac13ff16dfa8\"},\"potentialAction\":[{\"@type\":\"SearchAction\",\"target\":{\"@type\":\"EntryPoint\",\"urlTemplate\":\"https:\/\/l2sacrifice.fr\/?s={search_term_string}\"},\"query-input\":{\"@type\":\"PropertyValueSpecification\",\"valueRequired\":true,\"valueName\":\"search_term_string\"}}],\"inLanguage\":\"fr-FR\"},{\"@type\":[\"Person\",\"Organization\"],\"@id\":\"https:\/\/l2sacrifice.fr\/#\/schema\/person\/4ff20fbcfb77afded60cac13ff16dfa8\",\"name\":\"darksimonus\",\"image\":{\"@type\":\"ImageObject\",\"inLanguage\":\"fr-FR\",\"@id\":\"https:\/\/l2sacrifice.fr\/#\/schema\/person\/image\/\",\"url\":\"https:\/\/l2sacrifice.fr\/wp-content\/uploads\/2020\/05\/Logo_mini.png\",\"contentUrl\":\"https:\/\/l2sacrifice.fr\/wp-content\/uploads\/2020\/05\/Logo_mini.png\",\"width\":225,\"height\":225,\"caption\":\"darksimonus\"},\"logo\":{\"@id\":\"https:\/\/l2sacrifice.fr\/#\/schema\/person\/image\/\"}}]}<\/script>\n<!-- \/ Yoast SEO plugin. -->","yoast_head_json":{"title":"Rebirth - L2Sacrifice","robots":{"index":"index","follow":"follow","max-snippet":"max-snippet:-1","max-image-preview":"max-image-preview:large","max-video-preview":"max-video-preview:-1"},"canonical":"https:\/\/l2sacrifice.fr\/?page_id=213","og_locale":"fr_FR","og_type":"article","og_title":"Rebirth - L2Sacrifice","og_description":"Sur Sacrifice, vous avez 5 Rebirth, \u00e0 chacune des rebirths vous obtenez des avantages (skills bonus passif rebirth, \u00e9quipements rebirth, montures etc&#8230;.) et au level 99 de la 5\u00e8me vous pourrez porter l&rsquo;\u00e9quipement grade X99. Faire une Rebirth de son personnage consiste \u00e0 revenir au level 1 pour le remonter au level 99 pour obtenir &hellip; Continuer la lecture de &laquo;&nbsp;Rebirth&nbsp;&raquo;","og_url":"https:\/\/l2sacrifice.fr\/?page_id=213","og_site_name":"L2Sacrifice","article_modified_time":"2020-05-03T11:52:35+00:00","og_image":[{"width":1134,"height":512,"url":"https:\/\/l2sacrifice.fr\/wp-content\/uploads\/2020\/05\/Rebirth2.png","type":"image\/png"}],"twitter_card":"summary_large_image","twitter_misc":{"Dur\u00e9e de lecture estim\u00e9e":"1 minute"},"schema":{"@context":"https:\/\/schema.org","@graph":[{"@type":"WebPage","@id":"https:\/\/l2sacrifice.fr\/?page_id=213","url":"https:\/\/l2sacrifice.fr\/?page_id=213","name":"Rebirth - L2Sacrifice","isPartOf":{"@id":"https:\/\/l2sacrifice.fr\/#website"},"primaryImageOfPage":{"@id":"https:\/\/l2sacrifice.fr\/?page_id=213#primaryimage"},"image":{"@id":"https:\/\/l2sacrifice.fr\/?page_id=213#primaryimage"},"thumbnailUrl":"https:\/\/l2sacrifice.fr\/wp-content\/uploads\/2020\/05\/Rebirth2.png","datePublished":"2020-05-02T09:11:09+00:00","dateModified":"2020-05-03T11:52:35+00:00","breadcrumb":{"@id":"https:\/\/l2sacrifice.fr\/?page_id=213#breadcrumb"},"inLanguage":"fr-FR","potentialAction":[{"@type":"ReadAction","target":["https:\/\/l2sacrifice.fr\/?page_id=213"]}]},{"@type":"ImageObject","inLanguage":"fr-FR","@id":"https:\/\/l2sacrifice.fr\/?page_id=213#primaryimage","url":"https:\/\/l2sacrifice.fr\/wp-content\/uploads\/2020\/05\/Rebirth2.png","contentUrl":"https:\/\/l2sacrifice.fr\/wp-content\/uploads\/2020\/05\/Rebirth2.png","width":1134,"height":512},{"@type":"BreadcrumbList","@id":"https:\/\/l2sacrifice.fr\/?page_id=213#breadcrumb","itemListElement":[{"@type":"ListItem","position":1,"name":"Home","item":"https:\/\/l2sacrifice.fr\/"},{"@type":"ListItem","position":2,"name":"Rebirth"}]},{"@type":"WebSite","@id":"https:\/\/l2sacrifice.fr\/#website","url":"https:\/\/l2sacrifice.fr\/","name":"L2Sacrifice","description":"Lineage 2 Sacrifice pour la vie","publisher":{"@id":"https:\/\/l2sacrifice.fr\/#\/schema\/person\/4ff20fbcfb77afded60cac13ff16dfa8"},"potentialAction":[{"@type":"SearchAction","target":{"@type":"EntryPoint","urlTemplate":"https:\/\/l2sacrifice.fr\/?s={search_term_string}"},"query-input":{"@type":"PropertyValueSpecification","valueRequired":true,"valueName":"search_term_string"}}],"inLanguage":"fr-FR"},{"@type":["Person","Organization"],"@id":"https:\/\/l2sacrifice.fr\/#\/schema\/person\/4ff20fbcfb77afded60cac13ff16dfa8","name":"darksimonus","image":{"@type":"ImageObject","inLanguage":"fr-FR","@id":"https:\/\/l2sacrifice.fr\/#\/schema\/person\/image\/","url":"https:\/\/l2sacrifice.fr\/wp-content\/uploads\/2020\/05\/Logo_mini.png","contentUrl":"https:\/\/l2sacrifice.fr\/wp-content\/uploads\/2020\/05\/Logo_mini.png","width":225,"height":225,"caption":"darksimonus"},"logo":{"@id":"https:\/\/l2sacrifice.fr\/#\/schema\/person\/image\/"}}]}},"_links":{"self":[{"href":"https:\/\/l2sacrifice.fr\/index.php?rest_route=\/wp\/v2\/pages\/213","targetHints":{"allow":["GET"]}}],"collection":[{"href":"https:\/\/l2sacrifice.fr\/index.php?rest_route=\/wp\/v2\/pages"}],"about":[{"href":"https:\/\/l2sacrifice.fr\/index.php?rest_route=\/wp\/v2\/types\/page"}],"author":[{"embeddable":true,"href":"https:\/\/l2sacrifice.fr\/index.php?rest_route=\/wp\/v2\/users\/1"}],"replies":[{"embeddable":true,"href":"https:\/\/l2sacrifice.fr\/index.php?rest_route=%2Fwp%2Fv2%2Fcomments&post=213"}],"version-history":[{"count":15,"href":"https:\/\/l2sacrifice.fr\/index.php?rest_route=\/wp\/v2\/pages\/213\/revisions"}],"predecessor-version":[{"id":413,"href":"https:\/\/l2sacrifice.fr\/index.php?rest_route=\/wp\/v2\/pages\/213\/revisions\/413"}],"wp:featuredmedia":[{"embeddable":true,"href":"https:\/\/l2sacrifice.fr\/index.php?rest_route=\/wp\/v2\/media\/343"}],"wp:attachment":[{"href":"https:\/\/l2sacrifice.fr\/index.php?rest_route=%2Fwp%2Fv2%2Fmedia&parent=213"}],"curies":[{"name":"wp","href":"https:\/\/api.w.org\/{rel}","templated":true}]}}