{"id":205,"date":"2020-05-02T11:10:20","date_gmt":"2020-05-02T09:10:20","guid":{"rendered":"https:\/\/l2sacrifice.fr\/?page_id=205"},"modified":"2020-05-08T10:47:02","modified_gmt":"2020-05-08T08:47:02","slug":"aion","status":"publish","type":"page","link":"https:\/\/l2sacrifice.fr\/?page_id=205","title":{"rendered":"Aion"},"content":{"rendered":"\n<p>Sur Sacrifice vous pouvez choisir entre 2 factions, la faction Aion ou la faction Tera<\/p>\n\n\n\n<p>Aion est tout un \u00e9cosyst\u00e8me compos\u00e9 d&rsquo;un village, de sa monnaie, d&rsquo;armes, de bijoux, items divers, de son buffer, de montures et de transfo par classe et ces zones de farming.<\/p>\n\n\n\n<figure class=\"wp-block-image is-resized\"><img loading=\"lazy\" decoding=\"async\" src=\"https:\/\/l2sacrifice.fr\/wp-content\/uploads\/2020\/05\/image-46.png\" alt=\"\" class=\"wp-image-700\" width=\"638\" height=\"268\"\/><figcaption><br>Place du village Aion<\/figcaption><\/figure>\n\n\n\n<figure class=\"wp-block-image\"><img loading=\"lazy\" decoding=\"async\" width=\"2348\" height=\"957\" src=\"https:\/\/l2sacrifice.fr\/wp-content\/uploads\/2020\/05\/image-47.png\" alt=\"\" class=\"wp-image-701\"\/><figcaption> Place du village Aion <\/figcaption><\/figure>\n\n\n\n<figure class=\"wp-block-image\"><img loading=\"lazy\" decoding=\"async\" width=\"970\" height=\"684\" src=\"https:\/\/l2sacrifice.fr\/wp-content\/uploads\/2020\/05\/image-48.png\" alt=\"\" class=\"wp-image-703\"\/><figcaption>Aion Bank<\/figcaption><\/figure>\n\n\n\n<figure class=\"wp-block-image\"><img loading=\"lazy\" decoding=\"async\" width=\"862\" height=\"724\" src=\"https:\/\/l2sacrifice.fr\/wp-content\/uploads\/2020\/05\/image-49.png\" alt=\"\" class=\"wp-image-704\"\/><figcaption>Aion Jewelery<\/figcaption><\/figure>\n\n\n\n<figure class=\"wp-block-image\"><img loading=\"lazy\" decoding=\"async\" width=\"948\" height=\"831\" src=\"https:\/\/l2sacrifice.fr\/wp-content\/uploads\/2020\/05\/image-51.png\" alt=\"\" class=\"wp-image-707\"\/><figcaption>Aion Buffer<\/figcaption><\/figure>\n\n\n\n<figure class=\"wp-block-image\"><img loading=\"lazy\" decoding=\"async\" width=\"899\" height=\"702\" src=\"https:\/\/l2sacrifice.fr\/wp-content\/uploads\/2020\/05\/image-52.png\" alt=\"\" class=\"wp-image-709\"\/><figcaption>Aion Armor Shop<\/figcaption><\/figure>\n\n\n\n<figure class=\"wp-block-image\"><img loading=\"lazy\" decoding=\"async\" width=\"879\" height=\"699\" src=\"https:\/\/l2sacrifice.fr\/wp-content\/uploads\/2020\/05\/image-53.png\" alt=\"\" class=\"wp-image-711\"\/><figcaption>Aion Manager (pour la quest transfo class)<\/figcaption><\/figure>\n\n\n\n<figure class=\"wp-block-image\"><img loading=\"lazy\" decoding=\"async\" width=\"870\" height=\"708\" src=\"https:\/\/l2sacrifice.fr\/wp-content\/uploads\/2020\/05\/image-54.png\" alt=\"\" class=\"wp-image-713\"\/><figcaption>Aion Weapon Shop<\/figcaption><\/figure>\n\n\n\n<p>Aion c&rsquo;est aussi le syst\u00e8me d&rsquo;armes de tous les grades (Nograde \u00e0 grade X99) et tous les types:<\/p>\n\n\n\n<figure class=\"wp-block-image\"><img loading=\"lazy\" decoding=\"async\" width=\"100\" height=\"48\" src=\"https:\/\/l2sacrifice.fr\/wp-content\/uploads\/2020\/05\/image-56.png\" alt=\"\" class=\"wp-image-728\"\/><figcaption>Kinah : Aion Monnaie<\/figcaption><\/figure>\n\n\n\n<div class=\"wp-block-image\"><figure class=\"aligncenter\"><img loading=\"lazy\" decoding=\"async\" width=\"291\" height=\"375\" src=\"https:\/\/l2sacrifice.fr\/wp-content\/uploads\/2020\/05\/Aion_1.png\" alt=\"\" class=\"wp-image-715\"\/><figcaption> Aion Weapon Shop Nograde \u00e0 X99 grade<\/figcaption><\/figure><\/div>\n\n\n\n<div class=\"wp-block-image\"><figure class=\"aligncenter\"><img loading=\"lazy\" decoding=\"async\" width=\"291\" height=\"375\" src=\"https:\/\/l2sacrifice.fr\/wp-content\/uploads\/2020\/05\/Aion_3.png\" alt=\"\" class=\"wp-image-718\"\/><figcaption>Armes class\u00e9es par type<\/figcaption><\/figure><\/div>\n\n\n\n<div class=\"wp-block-image\"><figure class=\"aligncenter\"><img loading=\"lazy\" decoding=\"async\" width=\"507\" height=\"394\" src=\"https:\/\/l2sacrifice.fr\/wp-content\/uploads\/2020\/05\/Aion_5.png\" alt=\"\" class=\"wp-image-725\"\/><figcaption> Exemple d&rsquo;arme nograde Bigsword <\/figcaption><\/figure><\/div>\n\n\n\n<p>Les tickets weapons se crafte gr\u00e2ce aux runes drop\u00e9e sur tous les monstres Aion, le nom de la rune correspond au nom du monstre<\/p>\n\n\n\n<div class=\"wp-block-image\"><figure class=\"aligncenter\"><img loading=\"lazy\" decoding=\"async\" width=\"507\" height=\"394\" src=\"https:\/\/l2sacrifice.fr\/wp-content\/uploads\/2020\/05\/Aion_2.png\" alt=\"\" class=\"wp-image-716\"\/><figcaption>Ticket Weapon permettant convertir les armes nograde aux grades suivants<\/figcaption><\/figure><\/div>\n\n\n\n<p>Il faut d\u00e9buter son armes en nograde et la faire \u00e9voluer en grade<\/p>\n\n\n\n<div class=\"wp-block-image\"><figure class=\"aligncenter\"><img loading=\"lazy\" decoding=\"async\" width=\"507\" height=\"394\" src=\"https:\/\/l2sacrifice.fr\/wp-content\/uploads\/2020\/05\/Aion_4.png\" alt=\"\" class=\"wp-image-722\"\/><figcaption>Exemple de conversion Bigsword du grade R99 au grade X99<\/figcaption><\/figure><\/div>\n\n\n\n<p>Seul les personnes ayant fait la qu\u00eate: \u00ab\u00a0Aion Temptation\u00a0\u00bb: pourrons porter les \u00e9quipements Aion et interagir avec les NPC Aion<\/p>\n\n\n\n<p>Pour combattre dans les zones Aion il vous faudra une arme Aion<\/p>\n\n\n\n<p>Voici les zones Aion Propos\u00e9 au GateKeeper se trouvant au centre du village:<\/p>\n\n\n\n<div class=\"wp-block-image\"><figure class=\"aligncenter is-resized\"><img loading=\"lazy\" decoding=\"async\" src=\"https:\/\/l2sacrifice.fr\/wp-content\/uploads\/2020\/05\/image-112.png\" alt=\"\" class=\"wp-image-851\" width=\"382\" height=\"419\"\/><figcaption>Aion Gatekeeper<\/figcaption><\/figure><\/div>\n\n\n\n<div class=\"wp-block-image\"><figure class=\"aligncenter\"><img loading=\"lazy\" decoding=\"async\" width=\"291\" height=\"1111\" src=\"https:\/\/l2sacrifice.fr\/wp-content\/uploads\/2020\/05\/Aion_6.png\" alt=\"\" class=\"wp-image-731\"\/><figcaption>Zones Aion<\/figcaption><\/figure><\/div>\n\n\n\n<p>Il vous sera indispensable de choisir une des faction Aion ou Tera pour convertir toutes les \u00e9quipement haut grade en \u00e9quipement PvP, gr\u00e2ce au ticket PvP achet\u00e9 chez le Merchant of Aion<\/p>\n\n\n\n<figure class=\"wp-block-image\"><img loading=\"lazy\" decoding=\"async\" width=\"733\" height=\"629\" src=\"https:\/\/l2sacrifice.fr\/wp-content\/uploads\/2020\/05\/image-58.png\" alt=\"\" class=\"wp-image-733\"\/><figcaption>Merchant of Aion<\/figcaption><\/figure>\n\n\n\n<p>Vous avez \u00e9galement le Blacksmith of Aion qui spawn al\u00e9atoirement dans tous les villages du jeu et qui vous fournira divers services comme l&rsquo;ajout des SA sur vos armes Aion&#8230;.<\/p>\n\n\n\n<figure class=\"wp-block-image\"><img loading=\"lazy\" decoding=\"async\" width=\"697\" height=\"505\" src=\"https:\/\/l2sacrifice.fr\/wp-content\/uploads\/2020\/05\/image-60.png\" alt=\"\" class=\"wp-image-740\"\/><figcaption>Blacksmith of Aion (spawn al\u00e9atoirement dans les villes avec une annonce dans le general)<\/figcaption><\/figure>\n","protected":false},"excerpt":{"rendered":"<p>Sur Sacrifice vous pouvez choisir entre 2 factions, la faction Aion ou la faction Tera Aion est tout un \u00e9cosyst\u00e8me compos\u00e9 d&rsquo;un village, de sa monnaie, d&rsquo;armes, de bijoux, items divers, de son buffer, de montures et de transfo par classe et ces zones de farming. Aion c&rsquo;est aussi le syst\u00e8me d&rsquo;armes de tous les &hellip; <\/p>\n<p class=\"link-more\"><a href=\"https:\/\/l2sacrifice.fr\/?page_id=205\" class=\"more-link\">Continuer la lecture<span class=\"screen-reader-text\"> de &laquo;&nbsp;Aion&nbsp;&raquo;<\/span><\/a><\/p>\n","protected":false},"author":1,"featured_media":697,"parent":0,"menu_order":0,"comment_status":"closed","ping_status":"closed","template":"","meta":{"footnotes":""},"class_list":["post-205","page","type-page","status-publish","has-post-thumbnail","hentry"],"yoast_head":"<!-- This site is optimized with the Yoast SEO plugin v27.0 - https:\/\/yoast.com\/product\/yoast-seo-wordpress\/ -->\n<title>Aion - L2Sacrifice<\/title>\n<meta name=\"robots\" content=\"index, follow, max-snippet:-1, max-image-preview:large, max-video-preview:-1\" \/>\n<link rel=\"canonical\" href=\"https:\/\/l2sacrifice.fr\/?page_id=205\" \/>\n<meta property=\"og:locale\" content=\"fr_FR\" \/>\n<meta property=\"og:type\" content=\"article\" \/>\n<meta property=\"og:title\" content=\"Aion - L2Sacrifice\" \/>\n<meta property=\"og:description\" content=\"Sur Sacrifice vous pouvez choisir entre 2 factions, la faction Aion ou la faction Tera Aion est tout un \u00e9cosyst\u00e8me compos\u00e9 d&rsquo;un village, de sa monnaie, d&rsquo;armes, de bijoux, items divers, de son buffer, de montures et de transfo par classe et ces zones de farming. Aion c&rsquo;est aussi le syst\u00e8me d&rsquo;armes de tous les &hellip; Continuer la lecture de &laquo;&nbsp;Aion&nbsp;&raquo;\" \/>\n<meta property=\"og:url\" content=\"https:\/\/l2sacrifice.fr\/?page_id=205\" \/>\n<meta property=\"og:site_name\" content=\"L2Sacrifice\" \/>\n<meta property=\"article:modified_time\" content=\"2020-05-08T08:47:02+00:00\" \/>\n<meta property=\"og:image\" content=\"https:\/\/l2sacrifice.fr\/wp-content\/uploads\/2020\/05\/Aion_title.png\" \/>\n\t<meta property=\"og:image:width\" content=\"1010\" \/>\n\t<meta property=\"og:image:height\" content=\"510\" \/>\n\t<meta property=\"og:image:type\" content=\"image\/png\" \/>\n<meta name=\"twitter:card\" content=\"summary_large_image\" \/>\n<meta name=\"twitter:label1\" content=\"Dur\u00e9e de lecture estim\u00e9e\" \/>\n\t<meta name=\"twitter:data1\" content=\"2 minutes\" \/>\n<script type=\"application\/ld+json\" class=\"yoast-schema-graph\">{\"@context\":\"https:\/\/schema.org\",\"@graph\":[{\"@type\":\"WebPage\",\"@id\":\"https:\/\/l2sacrifice.fr\/?page_id=205\",\"url\":\"https:\/\/l2sacrifice.fr\/?page_id=205\",\"name\":\"Aion - L2Sacrifice\",\"isPartOf\":{\"@id\":\"https:\/\/l2sacrifice.fr\/#website\"},\"primaryImageOfPage\":{\"@id\":\"https:\/\/l2sacrifice.fr\/?page_id=205#primaryimage\"},\"image\":{\"@id\":\"https:\/\/l2sacrifice.fr\/?page_id=205#primaryimage\"},\"thumbnailUrl\":\"https:\/\/l2sacrifice.fr\/wp-content\/uploads\/2020\/05\/Aion_title.png\",\"datePublished\":\"2020-05-02T09:10:20+00:00\",\"dateModified\":\"2020-05-08T08:47:02+00:00\",\"breadcrumb\":{\"@id\":\"https:\/\/l2sacrifice.fr\/?page_id=205#breadcrumb\"},\"inLanguage\":\"fr-FR\",\"potentialAction\":[{\"@type\":\"ReadAction\",\"target\":[\"https:\/\/l2sacrifice.fr\/?page_id=205\"]}]},{\"@type\":\"ImageObject\",\"inLanguage\":\"fr-FR\",\"@id\":\"https:\/\/l2sacrifice.fr\/?page_id=205#primaryimage\",\"url\":\"https:\/\/l2sacrifice.fr\/wp-content\/uploads\/2020\/05\/Aion_title.png\",\"contentUrl\":\"https:\/\/l2sacrifice.fr\/wp-content\/uploads\/2020\/05\/Aion_title.png\",\"width\":1010,\"height\":510},{\"@type\":\"BreadcrumbList\",\"@id\":\"https:\/\/l2sacrifice.fr\/?page_id=205#breadcrumb\",\"itemListElement\":[{\"@type\":\"ListItem\",\"position\":1,\"name\":\"Home\",\"item\":\"https:\/\/l2sacrifice.fr\/\"},{\"@type\":\"ListItem\",\"position\":2,\"name\":\"Aion\"}]},{\"@type\":\"WebSite\",\"@id\":\"https:\/\/l2sacrifice.fr\/#website\",\"url\":\"https:\/\/l2sacrifice.fr\/\",\"name\":\"L2Sacrifice\",\"description\":\"Lineage 2 Sacrifice pour la vie\",\"publisher\":{\"@id\":\"https:\/\/l2sacrifice.fr\/#\/schema\/person\/4ff20fbcfb77afded60cac13ff16dfa8\"},\"potentialAction\":[{\"@type\":\"SearchAction\",\"target\":{\"@type\":\"EntryPoint\",\"urlTemplate\":\"https:\/\/l2sacrifice.fr\/?s={search_term_string}\"},\"query-input\":{\"@type\":\"PropertyValueSpecification\",\"valueRequired\":true,\"valueName\":\"search_term_string\"}}],\"inLanguage\":\"fr-FR\"},{\"@type\":[\"Person\",\"Organization\"],\"@id\":\"https:\/\/l2sacrifice.fr\/#\/schema\/person\/4ff20fbcfb77afded60cac13ff16dfa8\",\"name\":\"darksimonus\",\"image\":{\"@type\":\"ImageObject\",\"inLanguage\":\"fr-FR\",\"@id\":\"https:\/\/l2sacrifice.fr\/#\/schema\/person\/image\/\",\"url\":\"https:\/\/l2sacrifice.fr\/wp-content\/uploads\/2020\/05\/Logo_mini.png\",\"contentUrl\":\"https:\/\/l2sacrifice.fr\/wp-content\/uploads\/2020\/05\/Logo_mini.png\",\"width\":225,\"height\":225,\"caption\":\"darksimonus\"},\"logo\":{\"@id\":\"https:\/\/l2sacrifice.fr\/#\/schema\/person\/image\/\"}}]}<\/script>\n<!-- \/ Yoast SEO plugin. -->","yoast_head_json":{"title":"Aion - L2Sacrifice","robots":{"index":"index","follow":"follow","max-snippet":"max-snippet:-1","max-image-preview":"max-image-preview:large","max-video-preview":"max-video-preview:-1"},"canonical":"https:\/\/l2sacrifice.fr\/?page_id=205","og_locale":"fr_FR","og_type":"article","og_title":"Aion - L2Sacrifice","og_description":"Sur Sacrifice vous pouvez choisir entre 2 factions, la faction Aion ou la faction Tera Aion est tout un \u00e9cosyst\u00e8me compos\u00e9 d&rsquo;un village, de sa monnaie, d&rsquo;armes, de bijoux, items divers, de son buffer, de montures et de transfo par classe et ces zones de farming. Aion c&rsquo;est aussi le syst\u00e8me d&rsquo;armes de tous les &hellip; Continuer la lecture de &laquo;&nbsp;Aion&nbsp;&raquo;","og_url":"https:\/\/l2sacrifice.fr\/?page_id=205","og_site_name":"L2Sacrifice","article_modified_time":"2020-05-08T08:47:02+00:00","og_image":[{"width":1010,"height":510,"url":"https:\/\/l2sacrifice.fr\/wp-content\/uploads\/2020\/05\/Aion_title.png","type":"image\/png"}],"twitter_card":"summary_large_image","twitter_misc":{"Dur\u00e9e de lecture estim\u00e9e":"2 minutes"},"schema":{"@context":"https:\/\/schema.org","@graph":[{"@type":"WebPage","@id":"https:\/\/l2sacrifice.fr\/?page_id=205","url":"https:\/\/l2sacrifice.fr\/?page_id=205","name":"Aion - L2Sacrifice","isPartOf":{"@id":"https:\/\/l2sacrifice.fr\/#website"},"primaryImageOfPage":{"@id":"https:\/\/l2sacrifice.fr\/?page_id=205#primaryimage"},"image":{"@id":"https:\/\/l2sacrifice.fr\/?page_id=205#primaryimage"},"thumbnailUrl":"https:\/\/l2sacrifice.fr\/wp-content\/uploads\/2020\/05\/Aion_title.png","datePublished":"2020-05-02T09:10:20+00:00","dateModified":"2020-05-08T08:47:02+00:00","breadcrumb":{"@id":"https:\/\/l2sacrifice.fr\/?page_id=205#breadcrumb"},"inLanguage":"fr-FR","potentialAction":[{"@type":"ReadAction","target":["https:\/\/l2sacrifice.fr\/?page_id=205"]}]},{"@type":"ImageObject","inLanguage":"fr-FR","@id":"https:\/\/l2sacrifice.fr\/?page_id=205#primaryimage","url":"https:\/\/l2sacrifice.fr\/wp-content\/uploads\/2020\/05\/Aion_title.png","contentUrl":"https:\/\/l2sacrifice.fr\/wp-content\/uploads\/2020\/05\/Aion_title.png","width":1010,"height":510},{"@type":"BreadcrumbList","@id":"https:\/\/l2sacrifice.fr\/?page_id=205#breadcrumb","itemListElement":[{"@type":"ListItem","position":1,"name":"Home","item":"https:\/\/l2sacrifice.fr\/"},{"@type":"ListItem","position":2,"name":"Aion"}]},{"@type":"WebSite","@id":"https:\/\/l2sacrifice.fr\/#website","url":"https:\/\/l2sacrifice.fr\/","name":"L2Sacrifice","description":"Lineage 2 Sacrifice pour la vie","publisher":{"@id":"https:\/\/l2sacrifice.fr\/#\/schema\/person\/4ff20fbcfb77afded60cac13ff16dfa8"},"potentialAction":[{"@type":"SearchAction","target":{"@type":"EntryPoint","urlTemplate":"https:\/\/l2sacrifice.fr\/?s={search_term_string}"},"query-input":{"@type":"PropertyValueSpecification","valueRequired":true,"valueName":"search_term_string"}}],"inLanguage":"fr-FR"},{"@type":["Person","Organization"],"@id":"https:\/\/l2sacrifice.fr\/#\/schema\/person\/4ff20fbcfb77afded60cac13ff16dfa8","name":"darksimonus","image":{"@type":"ImageObject","inLanguage":"fr-FR","@id":"https:\/\/l2sacrifice.fr\/#\/schema\/person\/image\/","url":"https:\/\/l2sacrifice.fr\/wp-content\/uploads\/2020\/05\/Logo_mini.png","contentUrl":"https:\/\/l2sacrifice.fr\/wp-content\/uploads\/2020\/05\/Logo_mini.png","width":225,"height":225,"caption":"darksimonus"},"logo":{"@id":"https:\/\/l2sacrifice.fr\/#\/schema\/person\/image\/"}}]}},"_links":{"self":[{"href":"https:\/\/l2sacrifice.fr\/index.php?rest_route=\/wp\/v2\/pages\/205","targetHints":{"allow":["GET"]}}],"collection":[{"href":"https:\/\/l2sacrifice.fr\/index.php?rest_route=\/wp\/v2\/pages"}],"about":[{"href":"https:\/\/l2sacrifice.fr\/index.php?rest_route=\/wp\/v2\/types\/page"}],"author":[{"embeddable":true,"href":"https:\/\/l2sacrifice.fr\/index.php?rest_route=\/wp\/v2\/users\/1"}],"replies":[{"embeddable":true,"href":"https:\/\/l2sacrifice.fr\/index.php?rest_route=%2Fwp%2Fv2%2Fcomments&post=205"}],"version-history":[{"count":33,"href":"https:\/\/l2sacrifice.fr\/index.php?rest_route=\/wp\/v2\/pages\/205\/revisions"}],"predecessor-version":[{"id":862,"href":"https:\/\/l2sacrifice.fr\/index.php?rest_route=\/wp\/v2\/pages\/205\/revisions\/862"}],"wp:featuredmedia":[{"embeddable":true,"href":"https:\/\/l2sacrifice.fr\/index.php?rest_route=\/wp\/v2\/media\/697"}],"wp:attachment":[{"href":"https:\/\/l2sacrifice.fr\/index.php?rest_route=%2Fwp%2Fv2%2Fmedia&parent=205"}],"curies":[{"name":"wp","href":"https:\/\/api.w.org\/{rel}","templated":true}]}}