{"id":203,"date":"2020-05-02T11:08:57","date_gmt":"2020-05-02T09:08:57","guid":{"rendered":"https:\/\/l2sacrifice.fr\/?page_id=203"},"modified":"2020-05-08T10:47:00","modified_gmt":"2020-05-08T08:47:00","slug":"tera","status":"publish","type":"page","link":"https:\/\/l2sacrifice.fr\/?page_id=203","title":{"rendered":"Tera"},"content":{"rendered":"\n<p><\/p>\n\n\n\n<p> Sur Sacrifice vous pouvez choisir entre 2 factions, la faction Tera ou la faction Aion<\/p>\n\n\n\n<p> Aion est tout un \u00e9cosyst\u00e8me compos\u00e9 d&rsquo;un village, de sa monnaie,  d&rsquo;armes, de bijoux, items divers, de son buffer, de montures et de  transfo par classe et ces zones de farming. <\/p>\n\n\n\n<figure class=\"wp-block-image\"><img loading=\"lazy\" decoding=\"async\" width=\"1789\" height=\"859\" src=\"https:\/\/l2sacrifice.fr\/wp-content\/uploads\/2020\/05\/image-93.png\" alt=\"\" class=\"wp-image-819\"\/><figcaption> Place du village Tera<\/figcaption><\/figure>\n\n\n\n<figure class=\"wp-block-image\"><img loading=\"lazy\" decoding=\"async\" width=\"2089\" height=\"873\" src=\"https:\/\/l2sacrifice.fr\/wp-content\/uploads\/2020\/05\/image-94.png\" alt=\"\" class=\"wp-image-820\"\/><figcaption> Place du village Tera <\/figcaption><\/figure>\n\n\n\n<figure class=\"wp-block-image\"><img loading=\"lazy\" decoding=\"async\" width=\"823\" height=\"749\" src=\"https:\/\/l2sacrifice.fr\/wp-content\/uploads\/2020\/05\/image-113.png\" alt=\"\" class=\"wp-image-858\"\/><figcaption>Tera Bank<\/figcaption><\/figure>\n\n\n\n<figure class=\"wp-block-image\"><img loading=\"lazy\" decoding=\"async\" width=\"1343\" height=\"922\" src=\"https:\/\/l2sacrifice.fr\/wp-content\/uploads\/2020\/05\/image-96.png\" alt=\"\" class=\"wp-image-822\"\/><figcaption>Tera Manager<\/figcaption><\/figure>\n\n\n\n<figure class=\"wp-block-image\"><img loading=\"lazy\" decoding=\"async\" width=\"1165\" height=\"793\" src=\"https:\/\/l2sacrifice.fr\/wp-content\/uploads\/2020\/05\/image-97.png\" alt=\"\" class=\"wp-image-823\"\/><figcaption>Tera Consumable Shop<\/figcaption><\/figure>\n\n\n\n<figure class=\"wp-block-image\"><img loading=\"lazy\" decoding=\"async\" width=\"922\" height=\"733\" src=\"https:\/\/l2sacrifice.fr\/wp-content\/uploads\/2020\/05\/image-98.png\" alt=\"\" class=\"wp-image-824\"\/><figcaption>Tera Jewelery <\/figcaption><\/figure>\n\n\n\n<figure class=\"wp-block-image\"><img loading=\"lazy\" decoding=\"async\" width=\"1321\" height=\"865\" src=\"https:\/\/l2sacrifice.fr\/wp-content\/uploads\/2020\/05\/image-95.png\" alt=\"\" class=\"wp-image-821\"\/><figcaption>Tera Aman Weapon Shop<\/figcaption><\/figure>\n\n\n\n<figure class=\"wp-block-image\"><img loading=\"lazy\" decoding=\"async\" width=\"1134\" height=\"738\" src=\"https:\/\/l2sacrifice.fr\/wp-content\/uploads\/2020\/05\/image-99.png\" alt=\"\" class=\"wp-image-826\"\/><figcaption>Tera Popori  Weapon Shop <\/figcaption><\/figure>\n\n\n\n<figure class=\"wp-block-image\"><img loading=\"lazy\" decoding=\"async\" width=\"962\" height=\"716\" src=\"https:\/\/l2sacrifice.fr\/wp-content\/uploads\/2020\/05\/image-100.png\" alt=\"\" class=\"wp-image-827\"\/><figcaption>Tera Pet Manager<\/figcaption><\/figure>\n\n\n\n<figure class=\"wp-block-image\"><img loading=\"lazy\" decoding=\"async\" width=\"1089\" height=\"780\" src=\"https:\/\/l2sacrifice.fr\/wp-content\/uploads\/2020\/05\/image-101.png\" alt=\"\" class=\"wp-image-828\"\/><figcaption>Tera Buffer<\/figcaption><\/figure>\n\n\n\n<p>Tera c&rsquo;est aussi le syst\u00e8me d&rsquo;armes de tous les grades (Nograde \u00e0 grade X99) et tous les types: <\/p>\n\n\n\n<figure class=\"wp-block-image\"><img loading=\"lazy\" decoding=\"async\" width=\"101\" height=\"44\" src=\"https:\/\/l2sacrifice.fr\/wp-content\/uploads\/2020\/05\/image-106.png\" alt=\"\" class=\"wp-image-834\"\/><figcaption>Tera Gold : Tera Monnaie<\/figcaption><\/figure>\n\n\n\n<div class=\"wp-block-image\"><figure class=\"aligncenter\"><img loading=\"lazy\" decoding=\"async\" width=\"337\" height=\"424\" src=\"https:\/\/l2sacrifice.fr\/wp-content\/uploads\/2020\/05\/image-105.png\" alt=\"\" class=\"wp-image-833\"\/><figcaption>  Tera Weapon Shop Nograde \u00e0 X99 grade <\/figcaption><\/figure><\/div>\n\n\n\n<p>Les tickets weapons se crafte gr\u00e2ce aux runes drop\u00e9e sur tous les monstres Tera, le nom de la rune correspond au nom du monstre <\/p>\n\n\n\n<p>Les armes sont class\u00e9es par th\u00e8me de race de Tera, par exemple chez le Aman:<\/p>\n\n\n\n<div class=\"wp-block-image\"><figure class=\"aligncenter\"><img loading=\"lazy\" decoding=\"async\" width=\"523\" height=\"436\" src=\"https:\/\/l2sacrifice.fr\/wp-content\/uploads\/2020\/05\/image-109.png\" alt=\"\" class=\"wp-image-843\"\/><figcaption>  Exemple d&rsquo;arme Aman S-Grade Bigsword  <\/figcaption><\/figure><\/div>\n\n\n\n<div class=\"wp-block-image\"><figure class=\"aligncenter\"><img loading=\"lazy\" decoding=\"async\" width=\"523\" height=\"438\" src=\"https:\/\/l2sacrifice.fr\/wp-content\/uploads\/2020\/05\/image-108.png\" alt=\"\" class=\"wp-image-838\"\/><figcaption> Ticket Weapon permettant convertir les armes nograde aux grades suivants <\/figcaption><\/figure><\/div>\n\n\n\n<p> Il faut d\u00e9buter son armes en nograde et la faire \u00e9voluer en grade <\/p>\n\n\n\n<div class=\"wp-block-image\"><figure class=\"aligncenter\"><img loading=\"lazy\" decoding=\"async\" width=\"522\" height=\"439\" src=\"https:\/\/l2sacrifice.fr\/wp-content\/uploads\/2020\/05\/image-110.png\" alt=\"\" class=\"wp-image-845\"\/><figcaption> Exemple de conversion Bigsword du grade R99 au grade X99 <\/figcaption><\/figure><\/div>\n\n\n\n<p> Seul les personnes ayant fait la qu\u00eate: \u00ab\u00a0Tera Temptation\u00a0\u00bb: pourrons porter les \u00e9quipements Tera et interagir avec les NPC Tera<\/p>\n\n\n\n<p>Pour combattre dans les zones Tera il vous faudra une arme Tera<\/p>\n\n\n\n<p> Voici les zones Tera Propos\u00e9 au GateKeeper se trouvant au centre du village: <\/p>\n\n\n\n<div class=\"wp-block-image\"><figure class=\"aligncenter is-resized\"><img loading=\"lazy\" decoding=\"async\" src=\"https:\/\/l2sacrifice.fr\/wp-content\/uploads\/2020\/05\/image-111.png\" alt=\"\" class=\"wp-image-848\" width=\"374\" height=\"443\"\/><figcaption>Tera Gatekeeper<\/figcaption><\/figure><\/div>\n\n\n\n<div class=\"wp-block-image\"><figure class=\"aligncenter\"><img loading=\"lazy\" decoding=\"async\" width=\"291\" height=\"940\" src=\"https:\/\/l2sacrifice.fr\/wp-content\/uploads\/2020\/05\/Tera_5.png\" alt=\"\" class=\"wp-image-854\"\/><figcaption> Zones Tera<\/figcaption><\/figure><\/div>\n\n\n\n<p> Il vous sera indispensable de choisir une des faction Tera ou Aion pour  convertir toutes les \u00e9quipement haut grade en \u00e9quipement PvP, gr\u00e2ce au  ticket PvP achet\u00e9 chez le Merchant of Tera<\/p>\n\n\n\n<div class=\"wp-block-image\"><figure class=\"aligncenter\"><img loading=\"lazy\" decoding=\"async\" width=\"1235\" height=\"927\" src=\"https:\/\/l2sacrifice.fr\/wp-content\/uploads\/2020\/05\/image-114.png\" alt=\"\" class=\"wp-image-860\"\/><figcaption>Merchant of Tera<\/figcaption><\/figure><\/div>\n\n\n\n<p>Vous avez \u00e9galement le Blacksmith of Tera qui spawn al\u00e9atoirement dans  tous les villages du jeu et qui vous fournira divers services comme  l&rsquo;ajout des SA sur vos armes Tera&#8230;. <\/p>\n\n\n\n<figure class=\"wp-block-image\"><img loading=\"lazy\" decoding=\"async\" width=\"961\" height=\"707\" src=\"https:\/\/l2sacrifice.fr\/wp-content\/uploads\/2020\/05\/image-104.png\" alt=\"\" class=\"wp-image-832\"\/><figcaption>Blacksmith of Tera<\/figcaption><\/figure>\n","protected":false},"excerpt":{"rendered":"<p>Sur Sacrifice vous pouvez choisir entre 2 factions, la faction Tera ou la faction Aion Aion est tout un \u00e9cosyst\u00e8me compos\u00e9 d&rsquo;un village, de sa monnaie, d&rsquo;armes, de bijoux, items divers, de son buffer, de montures et de transfo par classe et ces zones de farming. Tera c&rsquo;est aussi le syst\u00e8me d&rsquo;armes de tous les &hellip; <\/p>\n<p class=\"link-more\"><a href=\"https:\/\/l2sacrifice.fr\/?page_id=203\" class=\"more-link\">Continuer la lecture<span class=\"screen-reader-text\"> de &laquo;&nbsp;Tera&nbsp;&raquo;<\/span><\/a><\/p>\n","protected":false},"author":1,"featured_media":817,"parent":0,"menu_order":0,"comment_status":"closed","ping_status":"closed","template":"","meta":{"footnotes":""},"class_list":["post-203","page","type-page","status-publish","has-post-thumbnail","hentry"],"yoast_head":"<!-- This site is optimized with the Yoast SEO plugin v27.0 - https:\/\/yoast.com\/product\/yoast-seo-wordpress\/ -->\n<title>Tera - L2Sacrifice<\/title>\n<meta name=\"robots\" content=\"index, follow, max-snippet:-1, max-image-preview:large, max-video-preview:-1\" \/>\n<link rel=\"canonical\" href=\"https:\/\/l2sacrifice.fr\/?page_id=203\" \/>\n<meta property=\"og:locale\" content=\"fr_FR\" \/>\n<meta property=\"og:type\" content=\"article\" \/>\n<meta property=\"og:title\" content=\"Tera - L2Sacrifice\" \/>\n<meta property=\"og:description\" content=\"Sur Sacrifice vous pouvez choisir entre 2 factions, la faction Tera ou la faction Aion Aion est tout un \u00e9cosyst\u00e8me compos\u00e9 d&rsquo;un village, de sa monnaie, d&rsquo;armes, de bijoux, items divers, de son buffer, de montures et de transfo par classe et ces zones de farming. Tera c&rsquo;est aussi le syst\u00e8me d&rsquo;armes de tous les &hellip; Continuer la lecture de &laquo;&nbsp;Tera&nbsp;&raquo;\" \/>\n<meta property=\"og:url\" content=\"https:\/\/l2sacrifice.fr\/?page_id=203\" \/>\n<meta property=\"og:site_name\" content=\"L2Sacrifice\" \/>\n<meta property=\"article:modified_time\" content=\"2020-05-08T08:47:00+00:00\" \/>\n<meta property=\"og:image\" content=\"https:\/\/l2sacrifice.fr\/wp-content\/uploads\/2020\/05\/Tera_title.png\" \/>\n\t<meta property=\"og:image:width\" content=\"1010\" \/>\n\t<meta property=\"og:image:height\" content=\"510\" \/>\n\t<meta property=\"og:image:type\" content=\"image\/png\" \/>\n<meta name=\"twitter:card\" content=\"summary_large_image\" \/>\n<meta name=\"twitter:label1\" content=\"Dur\u00e9e de lecture estim\u00e9e\" \/>\n\t<meta name=\"twitter:data1\" content=\"2 minutes\" \/>\n<script type=\"application\/ld+json\" class=\"yoast-schema-graph\">{\"@context\":\"https:\/\/schema.org\",\"@graph\":[{\"@type\":\"WebPage\",\"@id\":\"https:\/\/l2sacrifice.fr\/?page_id=203\",\"url\":\"https:\/\/l2sacrifice.fr\/?page_id=203\",\"name\":\"Tera - L2Sacrifice\",\"isPartOf\":{\"@id\":\"https:\/\/l2sacrifice.fr\/#website\"},\"primaryImageOfPage\":{\"@id\":\"https:\/\/l2sacrifice.fr\/?page_id=203#primaryimage\"},\"image\":{\"@id\":\"https:\/\/l2sacrifice.fr\/?page_id=203#primaryimage\"},\"thumbnailUrl\":\"https:\/\/l2sacrifice.fr\/wp-content\/uploads\/2020\/05\/Tera_title.png\",\"datePublished\":\"2020-05-02T09:08:57+00:00\",\"dateModified\":\"2020-05-08T08:47:00+00:00\",\"breadcrumb\":{\"@id\":\"https:\/\/l2sacrifice.fr\/?page_id=203#breadcrumb\"},\"inLanguage\":\"fr-FR\",\"potentialAction\":[{\"@type\":\"ReadAction\",\"target\":[\"https:\/\/l2sacrifice.fr\/?page_id=203\"]}]},{\"@type\":\"ImageObject\",\"inLanguage\":\"fr-FR\",\"@id\":\"https:\/\/l2sacrifice.fr\/?page_id=203#primaryimage\",\"url\":\"https:\/\/l2sacrifice.fr\/wp-content\/uploads\/2020\/05\/Tera_title.png\",\"contentUrl\":\"https:\/\/l2sacrifice.fr\/wp-content\/uploads\/2020\/05\/Tera_title.png\",\"width\":1010,\"height\":510},{\"@type\":\"BreadcrumbList\",\"@id\":\"https:\/\/l2sacrifice.fr\/?page_id=203#breadcrumb\",\"itemListElement\":[{\"@type\":\"ListItem\",\"position\":1,\"name\":\"Home\",\"item\":\"https:\/\/l2sacrifice.fr\/\"},{\"@type\":\"ListItem\",\"position\":2,\"name\":\"Tera\"}]},{\"@type\":\"WebSite\",\"@id\":\"https:\/\/l2sacrifice.fr\/#website\",\"url\":\"https:\/\/l2sacrifice.fr\/\",\"name\":\"L2Sacrifice\",\"description\":\"Lineage 2 Sacrifice pour la vie\",\"publisher\":{\"@id\":\"https:\/\/l2sacrifice.fr\/#\/schema\/person\/4ff20fbcfb77afded60cac13ff16dfa8\"},\"potentialAction\":[{\"@type\":\"SearchAction\",\"target\":{\"@type\":\"EntryPoint\",\"urlTemplate\":\"https:\/\/l2sacrifice.fr\/?s={search_term_string}\"},\"query-input\":{\"@type\":\"PropertyValueSpecification\",\"valueRequired\":true,\"valueName\":\"search_term_string\"}}],\"inLanguage\":\"fr-FR\"},{\"@type\":[\"Person\",\"Organization\"],\"@id\":\"https:\/\/l2sacrifice.fr\/#\/schema\/person\/4ff20fbcfb77afded60cac13ff16dfa8\",\"name\":\"darksimonus\",\"image\":{\"@type\":\"ImageObject\",\"inLanguage\":\"fr-FR\",\"@id\":\"https:\/\/l2sacrifice.fr\/#\/schema\/person\/image\/\",\"url\":\"https:\/\/l2sacrifice.fr\/wp-content\/uploads\/2020\/05\/Logo_mini.png\",\"contentUrl\":\"https:\/\/l2sacrifice.fr\/wp-content\/uploads\/2020\/05\/Logo_mini.png\",\"width\":225,\"height\":225,\"caption\":\"darksimonus\"},\"logo\":{\"@id\":\"https:\/\/l2sacrifice.fr\/#\/schema\/person\/image\/\"}}]}<\/script>\n<!-- \/ Yoast SEO plugin. -->","yoast_head_json":{"title":"Tera - L2Sacrifice","robots":{"index":"index","follow":"follow","max-snippet":"max-snippet:-1","max-image-preview":"max-image-preview:large","max-video-preview":"max-video-preview:-1"},"canonical":"https:\/\/l2sacrifice.fr\/?page_id=203","og_locale":"fr_FR","og_type":"article","og_title":"Tera - L2Sacrifice","og_description":"Sur Sacrifice vous pouvez choisir entre 2 factions, la faction Tera ou la faction Aion Aion est tout un \u00e9cosyst\u00e8me compos\u00e9 d&rsquo;un village, de sa monnaie, d&rsquo;armes, de bijoux, items divers, de son buffer, de montures et de transfo par classe et ces zones de farming. Tera c&rsquo;est aussi le syst\u00e8me d&rsquo;armes de tous les &hellip; Continuer la lecture de &laquo;&nbsp;Tera&nbsp;&raquo;","og_url":"https:\/\/l2sacrifice.fr\/?page_id=203","og_site_name":"L2Sacrifice","article_modified_time":"2020-05-08T08:47:00+00:00","og_image":[{"width":1010,"height":510,"url":"https:\/\/l2sacrifice.fr\/wp-content\/uploads\/2020\/05\/Tera_title.png","type":"image\/png"}],"twitter_card":"summary_large_image","twitter_misc":{"Dur\u00e9e de lecture estim\u00e9e":"2 minutes"},"schema":{"@context":"https:\/\/schema.org","@graph":[{"@type":"WebPage","@id":"https:\/\/l2sacrifice.fr\/?page_id=203","url":"https:\/\/l2sacrifice.fr\/?page_id=203","name":"Tera - L2Sacrifice","isPartOf":{"@id":"https:\/\/l2sacrifice.fr\/#website"},"primaryImageOfPage":{"@id":"https:\/\/l2sacrifice.fr\/?page_id=203#primaryimage"},"image":{"@id":"https:\/\/l2sacrifice.fr\/?page_id=203#primaryimage"},"thumbnailUrl":"https:\/\/l2sacrifice.fr\/wp-content\/uploads\/2020\/05\/Tera_title.png","datePublished":"2020-05-02T09:08:57+00:00","dateModified":"2020-05-08T08:47:00+00:00","breadcrumb":{"@id":"https:\/\/l2sacrifice.fr\/?page_id=203#breadcrumb"},"inLanguage":"fr-FR","potentialAction":[{"@type":"ReadAction","target":["https:\/\/l2sacrifice.fr\/?page_id=203"]}]},{"@type":"ImageObject","inLanguage":"fr-FR","@id":"https:\/\/l2sacrifice.fr\/?page_id=203#primaryimage","url":"https:\/\/l2sacrifice.fr\/wp-content\/uploads\/2020\/05\/Tera_title.png","contentUrl":"https:\/\/l2sacrifice.fr\/wp-content\/uploads\/2020\/05\/Tera_title.png","width":1010,"height":510},{"@type":"BreadcrumbList","@id":"https:\/\/l2sacrifice.fr\/?page_id=203#breadcrumb","itemListElement":[{"@type":"ListItem","position":1,"name":"Home","item":"https:\/\/l2sacrifice.fr\/"},{"@type":"ListItem","position":2,"name":"Tera"}]},{"@type":"WebSite","@id":"https:\/\/l2sacrifice.fr\/#website","url":"https:\/\/l2sacrifice.fr\/","name":"L2Sacrifice","description":"Lineage 2 Sacrifice pour la vie","publisher":{"@id":"https:\/\/l2sacrifice.fr\/#\/schema\/person\/4ff20fbcfb77afded60cac13ff16dfa8"},"potentialAction":[{"@type":"SearchAction","target":{"@type":"EntryPoint","urlTemplate":"https:\/\/l2sacrifice.fr\/?s={search_term_string}"},"query-input":{"@type":"PropertyValueSpecification","valueRequired":true,"valueName":"search_term_string"}}],"inLanguage":"fr-FR"},{"@type":["Person","Organization"],"@id":"https:\/\/l2sacrifice.fr\/#\/schema\/person\/4ff20fbcfb77afded60cac13ff16dfa8","name":"darksimonus","image":{"@type":"ImageObject","inLanguage":"fr-FR","@id":"https:\/\/l2sacrifice.fr\/#\/schema\/person\/image\/","url":"https:\/\/l2sacrifice.fr\/wp-content\/uploads\/2020\/05\/Logo_mini.png","contentUrl":"https:\/\/l2sacrifice.fr\/wp-content\/uploads\/2020\/05\/Logo_mini.png","width":225,"height":225,"caption":"darksimonus"},"logo":{"@id":"https:\/\/l2sacrifice.fr\/#\/schema\/person\/image\/"}}]}},"_links":{"self":[{"href":"https:\/\/l2sacrifice.fr\/index.php?rest_route=\/wp\/v2\/pages\/203","targetHints":{"allow":["GET"]}}],"collection":[{"href":"https:\/\/l2sacrifice.fr\/index.php?rest_route=\/wp\/v2\/pages"}],"about":[{"href":"https:\/\/l2sacrifice.fr\/index.php?rest_route=\/wp\/v2\/types\/page"}],"author":[{"embeddable":true,"href":"https:\/\/l2sacrifice.fr\/index.php?rest_route=\/wp\/v2\/users\/1"}],"replies":[{"embeddable":true,"href":"https:\/\/l2sacrifice.fr\/index.php?rest_route=%2Fwp%2Fv2%2Fcomments&post=203"}],"version-history":[{"count":13,"href":"https:\/\/l2sacrifice.fr\/index.php?rest_route=\/wp\/v2\/pages\/203\/revisions"}],"predecessor-version":[{"id":861,"href":"https:\/\/l2sacrifice.fr\/index.php?rest_route=\/wp\/v2\/pages\/203\/revisions\/861"}],"wp:featuredmedia":[{"embeddable":true,"href":"https:\/\/l2sacrifice.fr\/index.php?rest_route=\/wp\/v2\/media\/817"}],"wp:attachment":[{"href":"https:\/\/l2sacrifice.fr\/index.php?rest_route=%2Fwp%2Fv2%2Fmedia&parent=203"}],"curies":[{"name":"wp","href":"https:\/\/api.w.org\/{rel}","templated":true}]}}