{"id":1914,"date":"2020-12-11T22:35:39","date_gmt":"2020-12-11T21:35:39","guid":{"rendered":"https:\/\/l2sacrifice.fr\/?page_id=1914"},"modified":"2020-12-12T16:16:04","modified_gmt":"2020-12-12T15:16:04","slug":"mercenary-class","status":"publish","type":"page","link":"https:\/\/l2sacrifice.fr\/?page_id=1914","title":{"rendered":"Mercenary Class"},"content":{"rendered":"\n<p>Sur Sacrifice vous avez des mercenaires appel\u00e9 Mercenary:<\/p>\n\n\n\n<div class=\"wp-block-image\"><figure class=\"aligncenter size-large is-resized\"><img loading=\"lazy\" decoding=\"async\" src=\"https:\/\/l2sacrifice.fr\/wp-content\/uploads\/2020\/12\/image-16.png\" alt=\"\" class=\"wp-image-1923\" width=\"279\" height=\"70\"\/><\/figure><\/div>\n\n\n\n<p><\/p>\n\n\n\n<ul class=\"wp-block-list\"><li>Mercenay Tank<\/li><\/ul>\n\n\n\n<figure class=\"wp-block-video aligncenter\"><video autoplay loop muted src=\"https:\/\/l2sacrifice.fr\/wp-content\/uploads\/2020\/12\/Mercenary-Tank.mp4\"><\/video><\/figure>\n\n\n\n<ul class=\"wp-block-list\"><li>Mercenary Duelist<\/li><\/ul>\n\n\n\n<figure class=\"wp-block-video\"><video autoplay loop muted src=\"https:\/\/l2sacrifice.fr\/wp-content\/uploads\/2020\/12\/Mercenary-Duelist.mp4\" playsinline><\/video><\/figure>\n\n\n\n<ul class=\"wp-block-list\"><li>Mercenary Nuker<\/li><\/ul>\n\n\n\n<figure class=\"wp-block-video\"><video autoplay loop muted src=\"https:\/\/l2sacrifice.fr\/wp-content\/uploads\/2020\/12\/Mercenary-Nuker.mp4\" playsinline><\/video><\/figure>\n\n\n\n<ul class=\"wp-block-list\"><li>Mercenary Slayer<\/li><\/ul>\n\n\n\n<figure class=\"wp-block-video\"><video autoplay loop muted src=\"https:\/\/l2sacrifice.fr\/wp-content\/uploads\/2020\/12\/Mercenary-Slayer.mp4\" playsinline><\/video><\/figure>\n\n\n\n<p>Pour obtenir le mercenaire de votre choix il vous faudra recuperer les Mercenary Stones dans l&rsquo;instance Akatsuki (Disponible \u00e0 Giran sur Kakashi) <\/p>\n\n\n\n<div class=\"wp-block-image\"><figure class=\"aligncenter size-large is-resized\"><img loading=\"lazy\" decoding=\"async\" src=\"https:\/\/l2sacrifice.fr\/wp-content\/uploads\/2020\/12\/image-8.png\" alt=\"\" class=\"wp-image-1915\" width=\"298\" height=\"652\"\/><figcaption>Kakashi<\/figcaption><\/figure><\/div>\n\n\n\n<div class=\"wp-block-image\"><figure class=\"aligncenter size-large\"><img loading=\"lazy\" decoding=\"async\" width=\"245\" height=\"231\" src=\"https:\/\/l2sacrifice.fr\/wp-content\/uploads\/2020\/12\/image-9.png\" alt=\"\" class=\"wp-image-1916\"\/><\/figure><\/div>\n\n\n\n<p> et affrontez plusieurs fois le Mercenaire choisit dans leur instance  respective (Disponible \u00e0 Oren au Mercenary G\u00e9n\u00e9ral) pour obtenir leur  Mercenary Sp\u00e9cial Chakra. <\/p>\n\n\n\n<figure class=\"wp-block-image size-large\"><img loading=\"lazy\" decoding=\"async\" width=\"707\" height=\"782\" src=\"https:\/\/l2sacrifice.fr\/wp-content\/uploads\/2020\/12\/image-10.png\" alt=\"\" class=\"wp-image-1917\"\/><figcaption>Mercenary General<\/figcaption><\/figure>\n\n\n\n<div class=\"wp-block-image\"><figure class=\"aligncenter size-large\"><img loading=\"lazy\" decoding=\"async\" width=\"278\" height=\"359\" src=\"https:\/\/l2sacrifice.fr\/wp-content\/uploads\/2020\/12\/image-21.png\" alt=\"\" class=\"wp-image-1940\"\/><\/figure><\/div>\n\n\n\n<p>Une fois tous les objets r\u00e9colt\u00e9s vous devez aller au Mercenary Shop (Disponible \u00e0 Oren)<\/p>\n\n\n\n<div class=\"wp-block-image\"><figure class=\"aligncenter size-large\"><img loading=\"lazy\" decoding=\"async\" width=\"652\" height=\"686\" src=\"https:\/\/l2sacrifice.fr\/wp-content\/uploads\/2020\/12\/image-12.png\" alt=\"\" class=\"wp-image-1919\"\/><\/figure><\/div>\n\n\n\n<div class=\"wp-block-image\"><figure class=\"aligncenter size-large\"><img loading=\"lazy\" decoding=\"async\" width=\"329\" height=\"426\" src=\"https:\/\/l2sacrifice.fr\/wp-content\/uploads\/2020\/12\/image-13.png\" alt=\"\" class=\"wp-image-1920\"\/><\/figure><\/div>\n\n\n\n<div class=\"wp-block-image\"><figure class=\"aligncenter size-large\"><img loading=\"lazy\" decoding=\"async\" width=\"328\" height=\"420\" src=\"https:\/\/l2sacrifice.fr\/wp-content\/uploads\/2020\/12\/image-14.png\" alt=\"\" class=\"wp-image-1921\"\/><\/figure><\/div>\n\n\n\n<div class=\"wp-block-image\"><figure class=\"aligncenter size-large\"><img loading=\"lazy\" decoding=\"async\" width=\"522\" height=\"435\" src=\"https:\/\/l2sacrifice.fr\/wp-content\/uploads\/2020\/12\/image-15.png\" alt=\"\" class=\"wp-image-1922\"\/><\/figure><\/div>\n\n\n\n<p>Vous devez \u00e9galement acheter le stuff de votre mercenaire au Mercenary Shop<\/p>\n\n\n\n<div class=\"wp-block-image\"><figure class=\"aligncenter size-large\"><img loading=\"lazy\" decoding=\"async\" width=\"206\" height=\"354\" src=\"https:\/\/l2sacrifice.fr\/wp-content\/uploads\/2020\/12\/image-17.png\" alt=\"\" class=\"wp-image-1931\"\/><\/figure><\/div>\n\n\n\n<div class=\"wp-block-image\"><figure class=\"aligncenter size-large\"><img loading=\"lazy\" decoding=\"async\" width=\"519\" height=\"442\" src=\"https:\/\/l2sacrifice.fr\/wp-content\/uploads\/2020\/12\/image-18.png\" alt=\"\" class=\"wp-image-1932\"\/><\/figure><\/div>\n\n\n\n<p>Et leur consommable Shot et Potion&#8230;.<\/p>\n\n\n\n<div class=\"wp-block-image\"><figure class=\"aligncenter size-large\"><img loading=\"lazy\" decoding=\"async\" width=\"206\" height=\"352\" src=\"https:\/\/l2sacrifice.fr\/wp-content\/uploads\/2020\/12\/image-19.png\" alt=\"\" class=\"wp-image-1933\"\/><\/figure><\/div>\n\n\n\n<div class=\"wp-block-image\"><figure class=\"aligncenter size-large\"><img loading=\"lazy\" decoding=\"async\" width=\"519\" height=\"436\" src=\"https:\/\/l2sacrifice.fr\/wp-content\/uploads\/2020\/12\/image-20.png\" alt=\"\" class=\"wp-image-1934\"\/><\/figure><\/div>\n","protected":false},"excerpt":{"rendered":"<p>Sur Sacrifice vous avez des mercenaires appel\u00e9 Mercenary: Mercenay Tank Mercenary Duelist Mercenary Nuker Mercenary Slayer Pour obtenir le mercenaire de votre choix il vous faudra recuperer les Mercenary Stones dans l&rsquo;instance Akatsuki (Disponible \u00e0 Giran sur Kakashi) et affrontez plusieurs fois le Mercenaire choisit dans leur instance respective (Disponible \u00e0 Oren au Mercenary G\u00e9n\u00e9ral) &hellip; <\/p>\n<p class=\"link-more\"><a href=\"https:\/\/l2sacrifice.fr\/?page_id=1914\" class=\"more-link\">Continuer la lecture<span class=\"screen-reader-text\"> de &laquo;&nbsp;Mercenary Class&nbsp;&raquo;<\/span><\/a><\/p>\n","protected":false},"author":1,"featured_media":0,"parent":0,"menu_order":0,"comment_status":"closed","ping_status":"closed","template":"","meta":{"footnotes":""},"class_list":["post-1914","page","type-page","status-publish","hentry"],"yoast_head":"<!-- This site is optimized with the Yoast SEO plugin v27.0 - https:\/\/yoast.com\/product\/yoast-seo-wordpress\/ -->\n<title>Mercenary Class - L2Sacrifice<\/title>\n<meta name=\"robots\" content=\"index, follow, max-snippet:-1, max-image-preview:large, max-video-preview:-1\" \/>\n<link rel=\"canonical\" href=\"https:\/\/l2sacrifice.fr\/?page_id=1914\" \/>\n<meta property=\"og:locale\" content=\"fr_FR\" \/>\n<meta property=\"og:type\" content=\"article\" \/>\n<meta property=\"og:title\" content=\"Mercenary Class - L2Sacrifice\" \/>\n<meta property=\"og:description\" content=\"Sur Sacrifice vous avez des mercenaires appel\u00e9 Mercenary: Mercenay Tank Mercenary Duelist Mercenary Nuker Mercenary Slayer Pour obtenir le mercenaire de votre choix il vous faudra recuperer les Mercenary Stones dans l&rsquo;instance Akatsuki (Disponible \u00e0 Giran sur Kakashi) et affrontez plusieurs fois le Mercenaire choisit dans leur instance respective (Disponible \u00e0 Oren au Mercenary G\u00e9n\u00e9ral) &hellip; Continuer la lecture de &laquo;&nbsp;Mercenary Class&nbsp;&raquo;\" \/>\n<meta property=\"og:url\" content=\"https:\/\/l2sacrifice.fr\/?page_id=1914\" \/>\n<meta property=\"og:site_name\" content=\"L2Sacrifice\" \/>\n<meta property=\"article:modified_time\" content=\"2020-12-12T15:16:04+00:00\" \/>\n<meta property=\"og:image\" content=\"https:\/\/l2sacrifice.fr\/wp-content\/uploads\/2020\/12\/image-16.png\" \/>\n<meta name=\"twitter:card\" content=\"summary_large_image\" \/>\n<script type=\"application\/ld+json\" class=\"yoast-schema-graph\">{\"@context\":\"https:\/\/schema.org\",\"@graph\":[{\"@type\":\"WebPage\",\"@id\":\"https:\/\/l2sacrifice.fr\/?page_id=1914\",\"url\":\"https:\/\/l2sacrifice.fr\/?page_id=1914\",\"name\":\"Mercenary Class - L2Sacrifice\",\"isPartOf\":{\"@id\":\"https:\/\/l2sacrifice.fr\/#website\"},\"primaryImageOfPage\":{\"@id\":\"https:\/\/l2sacrifice.fr\/?page_id=1914#primaryimage\"},\"image\":{\"@id\":\"https:\/\/l2sacrifice.fr\/?page_id=1914#primaryimage\"},\"thumbnailUrl\":\"https:\/\/l2sacrifice.fr\/wp-content\/uploads\/2020\/12\/image-16.png\",\"datePublished\":\"2020-12-11T21:35:39+00:00\",\"dateModified\":\"2020-12-12T15:16:04+00:00\",\"breadcrumb\":{\"@id\":\"https:\/\/l2sacrifice.fr\/?page_id=1914#breadcrumb\"},\"inLanguage\":\"fr-FR\",\"potentialAction\":[{\"@type\":\"ReadAction\",\"target\":[\"https:\/\/l2sacrifice.fr\/?page_id=1914\"]}]},{\"@type\":\"ImageObject\",\"inLanguage\":\"fr-FR\",\"@id\":\"https:\/\/l2sacrifice.fr\/?page_id=1914#primaryimage\",\"url\":\"https:\/\/l2sacrifice.fr\/wp-content\/uploads\/2020\/12\/image-16.png\",\"contentUrl\":\"https:\/\/l2sacrifice.fr\/wp-content\/uploads\/2020\/12\/image-16.png\",\"width\":148,\"height\":37},{\"@type\":\"BreadcrumbList\",\"@id\":\"https:\/\/l2sacrifice.fr\/?page_id=1914#breadcrumb\",\"itemListElement\":[{\"@type\":\"ListItem\",\"position\":1,\"name\":\"Home\",\"item\":\"https:\/\/l2sacrifice.fr\/\"},{\"@type\":\"ListItem\",\"position\":2,\"name\":\"Mercenary Class\"}]},{\"@type\":\"WebSite\",\"@id\":\"https:\/\/l2sacrifice.fr\/#website\",\"url\":\"https:\/\/l2sacrifice.fr\/\",\"name\":\"L2Sacrifice\",\"description\":\"Lineage 2 Sacrifice pour la vie\",\"publisher\":{\"@id\":\"https:\/\/l2sacrifice.fr\/#\/schema\/person\/4ff20fbcfb77afded60cac13ff16dfa8\"},\"potentialAction\":[{\"@type\":\"SearchAction\",\"target\":{\"@type\":\"EntryPoint\",\"urlTemplate\":\"https:\/\/l2sacrifice.fr\/?s={search_term_string}\"},\"query-input\":{\"@type\":\"PropertyValueSpecification\",\"valueRequired\":true,\"valueName\":\"search_term_string\"}}],\"inLanguage\":\"fr-FR\"},{\"@type\":[\"Person\",\"Organization\"],\"@id\":\"https:\/\/l2sacrifice.fr\/#\/schema\/person\/4ff20fbcfb77afded60cac13ff16dfa8\",\"name\":\"darksimonus\",\"image\":{\"@type\":\"ImageObject\",\"inLanguage\":\"fr-FR\",\"@id\":\"https:\/\/l2sacrifice.fr\/#\/schema\/person\/image\/\",\"url\":\"https:\/\/l2sacrifice.fr\/wp-content\/uploads\/2020\/05\/Logo_mini.png\",\"contentUrl\":\"https:\/\/l2sacrifice.fr\/wp-content\/uploads\/2020\/05\/Logo_mini.png\",\"width\":225,\"height\":225,\"caption\":\"darksimonus\"},\"logo\":{\"@id\":\"https:\/\/l2sacrifice.fr\/#\/schema\/person\/image\/\"}}]}<\/script>\n<!-- \/ Yoast SEO plugin. -->","yoast_head_json":{"title":"Mercenary Class - L2Sacrifice","robots":{"index":"index","follow":"follow","max-snippet":"max-snippet:-1","max-image-preview":"max-image-preview:large","max-video-preview":"max-video-preview:-1"},"canonical":"https:\/\/l2sacrifice.fr\/?page_id=1914","og_locale":"fr_FR","og_type":"article","og_title":"Mercenary Class - L2Sacrifice","og_description":"Sur Sacrifice vous avez des mercenaires appel\u00e9 Mercenary: Mercenay Tank Mercenary Duelist Mercenary Nuker Mercenary Slayer Pour obtenir le mercenaire de votre choix il vous faudra recuperer les Mercenary Stones dans l&rsquo;instance Akatsuki (Disponible \u00e0 Giran sur Kakashi) et affrontez plusieurs fois le Mercenaire choisit dans leur instance respective (Disponible \u00e0 Oren au Mercenary G\u00e9n\u00e9ral) &hellip; Continuer la lecture de &laquo;&nbsp;Mercenary Class&nbsp;&raquo;","og_url":"https:\/\/l2sacrifice.fr\/?page_id=1914","og_site_name":"L2Sacrifice","article_modified_time":"2020-12-12T15:16:04+00:00","og_image":[{"url":"https:\/\/l2sacrifice.fr\/wp-content\/uploads\/2020\/12\/image-16.png","type":"","width":"","height":""}],"twitter_card":"summary_large_image","schema":{"@context":"https:\/\/schema.org","@graph":[{"@type":"WebPage","@id":"https:\/\/l2sacrifice.fr\/?page_id=1914","url":"https:\/\/l2sacrifice.fr\/?page_id=1914","name":"Mercenary Class - L2Sacrifice","isPartOf":{"@id":"https:\/\/l2sacrifice.fr\/#website"},"primaryImageOfPage":{"@id":"https:\/\/l2sacrifice.fr\/?page_id=1914#primaryimage"},"image":{"@id":"https:\/\/l2sacrifice.fr\/?page_id=1914#primaryimage"},"thumbnailUrl":"https:\/\/l2sacrifice.fr\/wp-content\/uploads\/2020\/12\/image-16.png","datePublished":"2020-12-11T21:35:39+00:00","dateModified":"2020-12-12T15:16:04+00:00","breadcrumb":{"@id":"https:\/\/l2sacrifice.fr\/?page_id=1914#breadcrumb"},"inLanguage":"fr-FR","potentialAction":[{"@type":"ReadAction","target":["https:\/\/l2sacrifice.fr\/?page_id=1914"]}]},{"@type":"ImageObject","inLanguage":"fr-FR","@id":"https:\/\/l2sacrifice.fr\/?page_id=1914#primaryimage","url":"https:\/\/l2sacrifice.fr\/wp-content\/uploads\/2020\/12\/image-16.png","contentUrl":"https:\/\/l2sacrifice.fr\/wp-content\/uploads\/2020\/12\/image-16.png","width":148,"height":37},{"@type":"BreadcrumbList","@id":"https:\/\/l2sacrifice.fr\/?page_id=1914#breadcrumb","itemListElement":[{"@type":"ListItem","position":1,"name":"Home","item":"https:\/\/l2sacrifice.fr\/"},{"@type":"ListItem","position":2,"name":"Mercenary Class"}]},{"@type":"WebSite","@id":"https:\/\/l2sacrifice.fr\/#website","url":"https:\/\/l2sacrifice.fr\/","name":"L2Sacrifice","description":"Lineage 2 Sacrifice pour la vie","publisher":{"@id":"https:\/\/l2sacrifice.fr\/#\/schema\/person\/4ff20fbcfb77afded60cac13ff16dfa8"},"potentialAction":[{"@type":"SearchAction","target":{"@type":"EntryPoint","urlTemplate":"https:\/\/l2sacrifice.fr\/?s={search_term_string}"},"query-input":{"@type":"PropertyValueSpecification","valueRequired":true,"valueName":"search_term_string"}}],"inLanguage":"fr-FR"},{"@type":["Person","Organization"],"@id":"https:\/\/l2sacrifice.fr\/#\/schema\/person\/4ff20fbcfb77afded60cac13ff16dfa8","name":"darksimonus","image":{"@type":"ImageObject","inLanguage":"fr-FR","@id":"https:\/\/l2sacrifice.fr\/#\/schema\/person\/image\/","url":"https:\/\/l2sacrifice.fr\/wp-content\/uploads\/2020\/05\/Logo_mini.png","contentUrl":"https:\/\/l2sacrifice.fr\/wp-content\/uploads\/2020\/05\/Logo_mini.png","width":225,"height":225,"caption":"darksimonus"},"logo":{"@id":"https:\/\/l2sacrifice.fr\/#\/schema\/person\/image\/"}}]}},"_links":{"self":[{"href":"https:\/\/l2sacrifice.fr\/index.php?rest_route=\/wp\/v2\/pages\/1914","targetHints":{"allow":["GET"]}}],"collection":[{"href":"https:\/\/l2sacrifice.fr\/index.php?rest_route=\/wp\/v2\/pages"}],"about":[{"href":"https:\/\/l2sacrifice.fr\/index.php?rest_route=\/wp\/v2\/types\/page"}],"author":[{"embeddable":true,"href":"https:\/\/l2sacrifice.fr\/index.php?rest_route=\/wp\/v2\/users\/1"}],"replies":[{"embeddable":true,"href":"https:\/\/l2sacrifice.fr\/index.php?rest_route=%2Fwp%2Fv2%2Fcomments&post=1914"}],"version-history":[{"count":6,"href":"https:\/\/l2sacrifice.fr\/index.php?rest_route=\/wp\/v2\/pages\/1914\/revisions"}],"predecessor-version":[{"id":1943,"href":"https:\/\/l2sacrifice.fr\/index.php?rest_route=\/wp\/v2\/pages\/1914\/revisions\/1943"}],"wp:attachment":[{"href":"https:\/\/l2sacrifice.fr\/index.php?rest_route=%2Fwp%2Fv2%2Fmedia&parent=1914"}],"curies":[{"name":"wp","href":"https:\/\/api.w.org\/{rel}","templated":true}]}}