{"id":187,"date":"2020-05-02T11:06:30","date_gmt":"2020-05-02T09:06:30","guid":{"rendered":"https:\/\/l2sacrifice.fr\/?page_id=187"},"modified":"2020-05-10T15:47:48","modified_gmt":"2020-05-10T13:47:48","slug":"saint-seiya","status":"publish","type":"page","link":"https:\/\/l2sacrifice.fr\/?page_id=187","title":{"rendered":"Saint Seiya"},"content":{"rendered":"\n<p>L&rsquo;univers Saint Seiya sur Sacrifice est incontournable (\u00c9quipements, Armes, Armures, Boss, Zone de Farm,&#8230;)<\/p>\n\n\n\n<p>Pour vous rendre dans toutes les lieux Saint Seiya il vous suffira de parler au grand Pope, qui se trouve \u00e0  Giran, au fond de l\u2019\u00e9glise: \u00ab\u00a0The Einhasad Temple\u00a0\u00bb<\/p>\n\n\n\n<p>Parler lui:<\/p>\n\n\n\n<figure class=\"wp-block-video aligncenter\"><video height=\"648\" style=\"aspect-ratio: 694 \/ 648;\" width=\"694\" autoplay controls loop muted src=\"https:\/\/l2sacrifice.fr\/wp-content\/uploads\/2020\/05\/Pope_GK.mp4\"><\/video><figcaption>Saint Seiya Gatekeeper: Grand Pope<\/figcaption><\/figure>\n\n\n\n<p>Il vous proposera plusieurs destinations:<\/p>\n\n\n\n<figure class=\"wp-block-image\"><a href=\"https:\/\/l2sacrifice.fr\/?page_id=926\"><img loading=\"lazy\" decoding=\"async\" width=\"157\" height=\"33\" src=\"https:\/\/l2sacrifice.fr\/wp-content\/uploads\/2020\/05\/image-301.png\" alt=\"\" class=\"wp-image-1292\"\/><\/a><\/figure>\n\n\n\n<p> Le Vieux Maitre vous permettra de d\u00e9buter les qu\u00eates: \u00ab\u00a0Saint Seiya Sancturary\u00a0\u00bb et \u00a0\u00bb Saint Seiya Had\u00e8s Sanctuary\u00a0\u00bb<\/p>\n\n\n\n<figure class=\"wp-block-image\"><a href=\"https:\/\/l2sacrifice.fr\/?page_id=970\"><img loading=\"lazy\" decoding=\"async\" width=\"155\" height=\"32\" src=\"https:\/\/l2sacrifice.fr\/wp-content\/uploads\/2020\/05\/image-302.png\" alt=\"\" class=\"wp-image-1293\"\/><\/a><\/figure>\n\n\n\n<p>Freyja vous permettra de d\u00e9buter la qu\u00eate: \u00ab\u00a0Saint Seiya Asgard\u00a0\u00bb<\/p>\n\n\n\n<figure class=\"wp-block-image\"><a href=\"https:\/\/l2sacrifice.fr\/?page_id=1306\"><img loading=\"lazy\" decoding=\"async\" width=\"154\" height=\"34\" src=\"https:\/\/l2sacrifice.fr\/wp-content\/uploads\/2020\/05\/image-303.png\" alt=\"\" class=\"wp-image-1294\"\/><\/a><\/figure>\n\n\n\n<p>La Athena Room est la salle ou vous pourrez acheter vos \u00e9quipements des 12 chevaliers d&rsquo;or<\/p>\n\n\n\n<figure class=\"wp-block-image\"><a href=\"https:\/\/l2sacrifice.fr\/?page_id=1366\"><img loading=\"lazy\" decoding=\"async\" width=\"154\" height=\"34\" src=\"https:\/\/l2sacrifice.fr\/wp-content\/uploads\/2020\/05\/image-304.png\" alt=\"\" class=\"wp-image-1295\"\/><\/a><\/figure>\n\n\n\n<p>La Pandora Room est la salle ou vous pourrez acheter vos \u00e9quipements des 12 chevaliers Surplis<\/p>\n\n\n\n<figure class=\"wp-block-image\"><a href=\"https:\/\/l2sacrifice.fr\/?page_id=1364\"><img loading=\"lazy\" decoding=\"async\" width=\"153\" height=\"33\" src=\"https:\/\/l2sacrifice.fr\/wp-content\/uploads\/2020\/05\/image-305.png\" alt=\"\" class=\"wp-image-1298\"\/><\/a><\/figure>\n\n\n\n<p>La Hilda Room est la salle ou vous pourrez acheter vos \u00e9quipements Asgard<\/p>\n\n\n\n<figure class=\"wp-block-image\"><img loading=\"lazy\" decoding=\"async\" width=\"155\" height=\"31\" src=\"https:\/\/l2sacrifice.fr\/wp-content\/uploads\/2020\/05\/image-306.png\" alt=\"\" class=\"wp-image-1300\"\/><\/figure>\n\n\n\n<p>La Bronze Zone est la zone ou vous affronterez les 5 chevaliers de bronze pour r\u00e9cup\u00e9rer leur pr\u00e9cieux cosmos<\/p>\n\n\n\n<figure class=\"wp-block-image\"><img loading=\"lazy\" decoding=\"async\" width=\"154\" height=\"33\" src=\"https:\/\/l2sacrifice.fr\/wp-content\/uploads\/2020\/05\/image-307.png\" alt=\"\" class=\"wp-image-1301\"\/><\/figure>\n\n\n\n<p>La Asgard Zone  est la zone ou vous affronterez les Asgardiens pour r\u00e9cup\u00e9rer leur cosmos, snowflake&#8230;<\/p>\n\n\n\n<p><\/p>\n","protected":false},"excerpt":{"rendered":"<p>L&rsquo;univers Saint Seiya sur Sacrifice est incontournable (\u00c9quipements, Armes, Armures, Boss, Zone de Farm,&#8230;) Pour vous rendre dans toutes les lieux Saint Seiya il vous suffira de parler au grand Pope, qui se trouve \u00e0 Giran, au fond de l\u2019\u00e9glise: \u00ab\u00a0The Einhasad Temple\u00a0\u00bb Parler lui: Il vous proposera plusieurs destinations: Le Vieux Maitre vous permettra &hellip; <\/p>\n<p class=\"link-more\"><a href=\"https:\/\/l2sacrifice.fr\/?page_id=187\" class=\"more-link\">Continuer la lecture<span class=\"screen-reader-text\"> de &laquo;&nbsp;Saint Seiya&nbsp;&raquo;<\/span><\/a><\/p>\n","protected":false},"author":1,"featured_media":1098,"parent":0,"menu_order":0,"comment_status":"closed","ping_status":"closed","template":"","meta":{"footnotes":""},"class_list":["post-187","page","type-page","status-publish","has-post-thumbnail","hentry"],"yoast_head":"<!-- This site is optimized with the Yoast SEO plugin v27.0 - https:\/\/yoast.com\/product\/yoast-seo-wordpress\/ -->\n<title>Saint Seiya - L2Sacrifice<\/title>\n<meta name=\"robots\" content=\"index, follow, max-snippet:-1, max-image-preview:large, max-video-preview:-1\" \/>\n<link rel=\"canonical\" href=\"https:\/\/l2sacrifice.fr\/?page_id=187\" \/>\n<meta property=\"og:locale\" content=\"fr_FR\" \/>\n<meta property=\"og:type\" content=\"article\" \/>\n<meta property=\"og:title\" content=\"Saint Seiya - L2Sacrifice\" \/>\n<meta property=\"og:description\" content=\"L&rsquo;univers Saint Seiya sur Sacrifice est incontournable (\u00c9quipements, Armes, Armures, Boss, Zone de Farm,&#8230;) Pour vous rendre dans toutes les lieux Saint Seiya il vous suffira de parler au grand Pope, qui se trouve \u00e0 Giran, au fond de l\u2019\u00e9glise: \u00ab\u00a0The Einhasad Temple\u00a0\u00bb Parler lui: Il vous proposera plusieurs destinations: Le Vieux Maitre vous permettra &hellip; Continuer la lecture de &laquo;&nbsp;Saint Seiya&nbsp;&raquo;\" \/>\n<meta property=\"og:url\" content=\"https:\/\/l2sacrifice.fr\/?page_id=187\" \/>\n<meta property=\"og:site_name\" content=\"L2Sacrifice\" \/>\n<meta property=\"article:modified_time\" content=\"2020-05-10T13:47:48+00:00\" \/>\n<meta property=\"og:image\" content=\"https:\/\/l2sacrifice.fr\/wp-content\/uploads\/2020\/05\/Saint_Seiya_title.png\" \/>\n\t<meta property=\"og:image:width\" content=\"1010\" \/>\n\t<meta property=\"og:image:height\" content=\"510\" \/>\n\t<meta property=\"og:image:type\" content=\"image\/png\" \/>\n<meta name=\"twitter:card\" content=\"summary_large_image\" \/>\n<meta name=\"twitter:label1\" content=\"Dur\u00e9e de lecture estim\u00e9e\" \/>\n\t<meta name=\"twitter:data1\" content=\"1 minute\" \/>\n<script type=\"application\/ld+json\" class=\"yoast-schema-graph\">{\"@context\":\"https:\/\/schema.org\",\"@graph\":[{\"@type\":\"WebPage\",\"@id\":\"https:\/\/l2sacrifice.fr\/?page_id=187\",\"url\":\"https:\/\/l2sacrifice.fr\/?page_id=187\",\"name\":\"Saint Seiya - L2Sacrifice\",\"isPartOf\":{\"@id\":\"https:\/\/l2sacrifice.fr\/#website\"},\"primaryImageOfPage\":{\"@id\":\"https:\/\/l2sacrifice.fr\/?page_id=187#primaryimage\"},\"image\":{\"@id\":\"https:\/\/l2sacrifice.fr\/?page_id=187#primaryimage\"},\"thumbnailUrl\":\"https:\/\/l2sacrifice.fr\/wp-content\/uploads\/2020\/05\/Saint_Seiya_title.png\",\"datePublished\":\"2020-05-02T09:06:30+00:00\",\"dateModified\":\"2020-05-10T13:47:48+00:00\",\"breadcrumb\":{\"@id\":\"https:\/\/l2sacrifice.fr\/?page_id=187#breadcrumb\"},\"inLanguage\":\"fr-FR\",\"potentialAction\":[{\"@type\":\"ReadAction\",\"target\":[\"https:\/\/l2sacrifice.fr\/?page_id=187\"]}]},{\"@type\":\"ImageObject\",\"inLanguage\":\"fr-FR\",\"@id\":\"https:\/\/l2sacrifice.fr\/?page_id=187#primaryimage\",\"url\":\"https:\/\/l2sacrifice.fr\/wp-content\/uploads\/2020\/05\/Saint_Seiya_title.png\",\"contentUrl\":\"https:\/\/l2sacrifice.fr\/wp-content\/uploads\/2020\/05\/Saint_Seiya_title.png\",\"width\":1010,\"height\":510},{\"@type\":\"BreadcrumbList\",\"@id\":\"https:\/\/l2sacrifice.fr\/?page_id=187#breadcrumb\",\"itemListElement\":[{\"@type\":\"ListItem\",\"position\":1,\"name\":\"Home\",\"item\":\"https:\/\/l2sacrifice.fr\/\"},{\"@type\":\"ListItem\",\"position\":2,\"name\":\"Saint Seiya\"}]},{\"@type\":\"WebSite\",\"@id\":\"https:\/\/l2sacrifice.fr\/#website\",\"url\":\"https:\/\/l2sacrifice.fr\/\",\"name\":\"L2Sacrifice\",\"description\":\"Lineage 2 Sacrifice pour la vie\",\"publisher\":{\"@id\":\"https:\/\/l2sacrifice.fr\/#\/schema\/person\/4ff20fbcfb77afded60cac13ff16dfa8\"},\"potentialAction\":[{\"@type\":\"SearchAction\",\"target\":{\"@type\":\"EntryPoint\",\"urlTemplate\":\"https:\/\/l2sacrifice.fr\/?s={search_term_string}\"},\"query-input\":{\"@type\":\"PropertyValueSpecification\",\"valueRequired\":true,\"valueName\":\"search_term_string\"}}],\"inLanguage\":\"fr-FR\"},{\"@type\":[\"Person\",\"Organization\"],\"@id\":\"https:\/\/l2sacrifice.fr\/#\/schema\/person\/4ff20fbcfb77afded60cac13ff16dfa8\",\"name\":\"darksimonus\",\"image\":{\"@type\":\"ImageObject\",\"inLanguage\":\"fr-FR\",\"@id\":\"https:\/\/l2sacrifice.fr\/#\/schema\/person\/image\/\",\"url\":\"https:\/\/l2sacrifice.fr\/wp-content\/uploads\/2020\/05\/Logo_mini.png\",\"contentUrl\":\"https:\/\/l2sacrifice.fr\/wp-content\/uploads\/2020\/05\/Logo_mini.png\",\"width\":225,\"height\":225,\"caption\":\"darksimonus\"},\"logo\":{\"@id\":\"https:\/\/l2sacrifice.fr\/#\/schema\/person\/image\/\"}}]}<\/script>\n<!-- \/ Yoast SEO plugin. -->","yoast_head_json":{"title":"Saint Seiya - L2Sacrifice","robots":{"index":"index","follow":"follow","max-snippet":"max-snippet:-1","max-image-preview":"max-image-preview:large","max-video-preview":"max-video-preview:-1"},"canonical":"https:\/\/l2sacrifice.fr\/?page_id=187","og_locale":"fr_FR","og_type":"article","og_title":"Saint Seiya - L2Sacrifice","og_description":"L&rsquo;univers Saint Seiya sur Sacrifice est incontournable (\u00c9quipements, Armes, Armures, Boss, Zone de Farm,&#8230;) Pour vous rendre dans toutes les lieux Saint Seiya il vous suffira de parler au grand Pope, qui se trouve \u00e0 Giran, au fond de l\u2019\u00e9glise: \u00ab\u00a0The Einhasad Temple\u00a0\u00bb Parler lui: Il vous proposera plusieurs destinations: Le Vieux Maitre vous permettra &hellip; Continuer la lecture de &laquo;&nbsp;Saint Seiya&nbsp;&raquo;","og_url":"https:\/\/l2sacrifice.fr\/?page_id=187","og_site_name":"L2Sacrifice","article_modified_time":"2020-05-10T13:47:48+00:00","og_image":[{"width":1010,"height":510,"url":"https:\/\/l2sacrifice.fr\/wp-content\/uploads\/2020\/05\/Saint_Seiya_title.png","type":"image\/png"}],"twitter_card":"summary_large_image","twitter_misc":{"Dur\u00e9e de lecture estim\u00e9e":"1 minute"},"schema":{"@context":"https:\/\/schema.org","@graph":[{"@type":"WebPage","@id":"https:\/\/l2sacrifice.fr\/?page_id=187","url":"https:\/\/l2sacrifice.fr\/?page_id=187","name":"Saint Seiya - L2Sacrifice","isPartOf":{"@id":"https:\/\/l2sacrifice.fr\/#website"},"primaryImageOfPage":{"@id":"https:\/\/l2sacrifice.fr\/?page_id=187#primaryimage"},"image":{"@id":"https:\/\/l2sacrifice.fr\/?page_id=187#primaryimage"},"thumbnailUrl":"https:\/\/l2sacrifice.fr\/wp-content\/uploads\/2020\/05\/Saint_Seiya_title.png","datePublished":"2020-05-02T09:06:30+00:00","dateModified":"2020-05-10T13:47:48+00:00","breadcrumb":{"@id":"https:\/\/l2sacrifice.fr\/?page_id=187#breadcrumb"},"inLanguage":"fr-FR","potentialAction":[{"@type":"ReadAction","target":["https:\/\/l2sacrifice.fr\/?page_id=187"]}]},{"@type":"ImageObject","inLanguage":"fr-FR","@id":"https:\/\/l2sacrifice.fr\/?page_id=187#primaryimage","url":"https:\/\/l2sacrifice.fr\/wp-content\/uploads\/2020\/05\/Saint_Seiya_title.png","contentUrl":"https:\/\/l2sacrifice.fr\/wp-content\/uploads\/2020\/05\/Saint_Seiya_title.png","width":1010,"height":510},{"@type":"BreadcrumbList","@id":"https:\/\/l2sacrifice.fr\/?page_id=187#breadcrumb","itemListElement":[{"@type":"ListItem","position":1,"name":"Home","item":"https:\/\/l2sacrifice.fr\/"},{"@type":"ListItem","position":2,"name":"Saint Seiya"}]},{"@type":"WebSite","@id":"https:\/\/l2sacrifice.fr\/#website","url":"https:\/\/l2sacrifice.fr\/","name":"L2Sacrifice","description":"Lineage 2 Sacrifice pour la vie","publisher":{"@id":"https:\/\/l2sacrifice.fr\/#\/schema\/person\/4ff20fbcfb77afded60cac13ff16dfa8"},"potentialAction":[{"@type":"SearchAction","target":{"@type":"EntryPoint","urlTemplate":"https:\/\/l2sacrifice.fr\/?s={search_term_string}"},"query-input":{"@type":"PropertyValueSpecification","valueRequired":true,"valueName":"search_term_string"}}],"inLanguage":"fr-FR"},{"@type":["Person","Organization"],"@id":"https:\/\/l2sacrifice.fr\/#\/schema\/person\/4ff20fbcfb77afded60cac13ff16dfa8","name":"darksimonus","image":{"@type":"ImageObject","inLanguage":"fr-FR","@id":"https:\/\/l2sacrifice.fr\/#\/schema\/person\/image\/","url":"https:\/\/l2sacrifice.fr\/wp-content\/uploads\/2020\/05\/Logo_mini.png","contentUrl":"https:\/\/l2sacrifice.fr\/wp-content\/uploads\/2020\/05\/Logo_mini.png","width":225,"height":225,"caption":"darksimonus"},"logo":{"@id":"https:\/\/l2sacrifice.fr\/#\/schema\/person\/image\/"}}]}},"_links":{"self":[{"href":"https:\/\/l2sacrifice.fr\/index.php?rest_route=\/wp\/v2\/pages\/187","targetHints":{"allow":["GET"]}}],"collection":[{"href":"https:\/\/l2sacrifice.fr\/index.php?rest_route=\/wp\/v2\/pages"}],"about":[{"href":"https:\/\/l2sacrifice.fr\/index.php?rest_route=\/wp\/v2\/types\/page"}],"author":[{"embeddable":true,"href":"https:\/\/l2sacrifice.fr\/index.php?rest_route=\/wp\/v2\/users\/1"}],"replies":[{"embeddable":true,"href":"https:\/\/l2sacrifice.fr\/index.php?rest_route=%2Fwp%2Fv2%2Fcomments&post=187"}],"version-history":[{"count":13,"href":"https:\/\/l2sacrifice.fr\/index.php?rest_route=\/wp\/v2\/pages\/187\/revisions"}],"predecessor-version":[{"id":1421,"href":"https:\/\/l2sacrifice.fr\/index.php?rest_route=\/wp\/v2\/pages\/187\/revisions\/1421"}],"wp:featuredmedia":[{"embeddable":true,"href":"https:\/\/l2sacrifice.fr\/index.php?rest_route=\/wp\/v2\/media\/1098"}],"wp:attachment":[{"href":"https:\/\/l2sacrifice.fr\/index.php?rest_route=%2Fwp%2Fv2%2Fmedia&parent=187"}],"curies":[{"name":"wp","href":"https:\/\/api.w.org\/{rel}","templated":true}]}}