{"id":1815,"date":"2020-11-15T16:35:32","date_gmt":"2020-11-15T15:35:32","guid":{"rendered":"https:\/\/l2sacrifice.fr\/?page_id=1815"},"modified":"2020-11-15T16:47:52","modified_gmt":"2020-11-15T15:47:52","slug":"mercenary-recruit-quest","status":"publish","type":"page","link":"https:\/\/l2sacrifice.fr\/?page_id=1815","title":{"rendered":"Mercenary Recruit Quest"},"content":{"rendered":"\n<p> Pour d\u00e9buter la qu\u00eate vous devez aller voir le Mercenary Recruteur  pour cela, aller \u00e0 Oren,  puis aller au Mercenary HeadQuarter<\/p>\n\n\n\n<div class=\"wp-block-image\"><figure class=\"aligncenter\"><img decoding=\"async\" src=\"https:\/\/l2sacrifice.fr\/wp-content\/uploads\/2020\/11\/image-4.png\" alt=\"L\u2019attribut alt de cette image est vide, son nom de fichier est image-4.png.\"\/><\/figure><\/div>\n\n\n\n<div class=\"wp-block-image\"><figure class=\"aligncenter size-large\"><img loading=\"lazy\" decoding=\"async\" width=\"980\" height=\"724\" src=\"https:\/\/l2sacrifice.fr\/wp-content\/uploads\/2020\/11\/image-14.png\" alt=\"\" class=\"wp-image-1817\"\/><\/figure><\/div>\n\n\n\n<p>Prendre la Mercenary Quest<\/p>\n\n\n\n<div class=\"wp-block-image\"><figure class=\"aligncenter size-large\"><img loading=\"lazy\" decoding=\"async\" width=\"338\" height=\"430\" src=\"https:\/\/l2sacrifice.fr\/wp-content\/uploads\/2020\/11\/image-15.png\" alt=\"\" class=\"wp-image-1818\"\/><\/figure><\/div>\n\n\n\n<div class=\"wp-block-image\"><figure class=\"aligncenter size-large\"><img loading=\"lazy\" decoding=\"async\" width=\"334\" height=\"425\" src=\"https:\/\/l2sacrifice.fr\/wp-content\/uploads\/2020\/11\/image-16.png\" alt=\"\" class=\"wp-image-1819\"\/><\/figure><\/div>\n\n\n\n<div class=\"wp-block-image\"><figure class=\"aligncenter size-large\"><img loading=\"lazy\" decoding=\"async\" width=\"559\" height=\"467\" src=\"https:\/\/l2sacrifice.fr\/wp-content\/uploads\/2020\/11\/image-17.png\" alt=\"\" class=\"wp-image-1820\"\/><\/figure><\/div>\n\n\n\n<p>Aller voir le Mercenary G\u00e9n\u00e9ral qui se trouve juste \u00e0 cot\u00e9<\/p>\n\n\n\n<div class=\"wp-block-image\"><figure class=\"aligncenter size-large\"><img loading=\"lazy\" decoding=\"async\" width=\"992\" height=\"728\" src=\"https:\/\/l2sacrifice.fr\/wp-content\/uploads\/2020\/11\/image-18.png\" alt=\"\" class=\"wp-image-1821\"\/><\/figure><\/div>\n\n\n\n<p>Choisir Mercenary Quest<\/p>\n\n\n\n<div class=\"wp-block-image\"><figure class=\"aligncenter size-large\"><img loading=\"lazy\" decoding=\"async\" width=\"344\" height=\"427\" src=\"https:\/\/l2sacrifice.fr\/wp-content\/uploads\/2020\/11\/image-19.png\" alt=\"\" class=\"wp-image-1822\"\/><\/figure><\/div>\n\n\n\n<p>Demander de passer le test<\/p>\n\n\n\n<div class=\"wp-block-image\"><figure class=\"aligncenter size-large\"><img loading=\"lazy\" decoding=\"async\" width=\"336\" height=\"428\" src=\"https:\/\/l2sacrifice.fr\/wp-content\/uploads\/2020\/11\/image-20.png\" alt=\"\" class=\"wp-image-1823\"\/><\/figure><\/div>\n\n\n\n<div class=\"wp-block-image\"><figure class=\"aligncenter size-large\"><img loading=\"lazy\" decoding=\"async\" width=\"335\" height=\"428\" src=\"https:\/\/l2sacrifice.fr\/wp-content\/uploads\/2020\/11\/image-21.png\" alt=\"\" class=\"wp-image-1824\"\/><\/figure><\/div>\n\n\n\n<div class=\"wp-block-image\"><figure class=\"aligncenter size-large\"><img loading=\"lazy\" decoding=\"async\" width=\"579\" height=\"551\" src=\"https:\/\/l2sacrifice.fr\/wp-content\/uploads\/2020\/11\/image-22.png\" alt=\"\" class=\"wp-image-1825\"\/><\/figure><\/div>\n\n\n\n<p>Il ne vous reste plus qu\u2019a affronter avec votre clan les 12 Mercenary Sergent pour r\u00e9colter les 12 Mercenary Sergent Badge<\/p>\n\n\n\n<p>Information: M\u00eame si vous \u00eates plusieurs \u00e0 avoir la qu\u00eate lors de la mort du Sergent un seul membre recevra le Badge (c\u2019est celui qui donne le coup final), vous pourrez transf\u00e9rer vos Badge au m\u00eame personnage pour pouvoir continuer la qu\u00eate<\/p>\n\n\n\n<p>Il vous faudra vous rendre dans les Mercenary Quarter I ou II pour trouver les 12 Sergents en utilisant le Mercenary Teleporter:<\/p>\n\n\n\n<figure class=\"wp-block-image size-large\"><img loading=\"lazy\" decoding=\"async\" width=\"849\" height=\"762\" src=\"https:\/\/l2sacrifice.fr\/wp-content\/uploads\/2020\/11\/image-23.png\" alt=\"\" class=\"wp-image-1826\"\/><\/figure>\n\n\n\n<p>Pour pouvoir vous t\u00e9l\u00e9portez il vous faudra des Mercenary Chakra (obtenu en Akatsuki Instance disponible \u00e0 Giran au pr\u00e8s de Kakashi)<\/p>\n\n\n\n<div class=\"wp-block-image\"><figure class=\"aligncenter size-large is-resized\"><img loading=\"lazy\" decoding=\"async\" src=\"https:\/\/l2sacrifice.fr\/wp-content\/uploads\/2020\/11\/image-53.png\" alt=\"\" class=\"wp-image-1871\" width=\"105\" height=\"105\"\/><figcaption> Mercenary Chakra <\/figcaption><\/figure><\/div>\n\n\n\n<p>Voici les 12 Mercenary Sergents:<\/p>\n\n\n\n<p>Dans le Quarter I vous rencontrez en 1er le Mercenary Sergent I<\/p>\n\n\n\n<figure class=\"wp-block-image size-large is-resized\"><img loading=\"lazy\" decoding=\"async\" src=\"https:\/\/l2sacrifice.fr\/wp-content\/uploads\/2020\/11\/image-25.png\" alt=\"\" class=\"wp-image-1828\" width=\"639\" height=\"1074\"\/><figcaption><br><\/figcaption><\/figure>\n\n\n\n<p>Pour acc\u00e9dez au Sergent II et III il vous faudra ouvrir cette porte avec des Mercenary Chakra (Attention la porte reste ouverte 2min<\/p>\n\n\n\n<div class=\"wp-block-image\"><figure class=\"aligncenter size-large\"><img loading=\"lazy\" decoding=\"async\" width=\"758\" height=\"658\" src=\"https:\/\/l2sacrifice.fr\/wp-content\/uploads\/2020\/11\/image-26.png\" alt=\"\" class=\"wp-image-1829\"\/><\/figure><\/div>\n\n\n\n<figure class=\"wp-block-image size-large\"><img loading=\"lazy\" decoding=\"async\" width=\"678\" height=\"994\" src=\"https:\/\/l2sacrifice.fr\/wp-content\/uploads\/2020\/11\/image-27.png\" alt=\"\" class=\"wp-image-1830\"\/><\/figure>\n\n\n\n<figure class=\"wp-block-image size-large is-resized\"><img loading=\"lazy\" decoding=\"async\" src=\"https:\/\/l2sacrifice.fr\/wp-content\/uploads\/2020\/11\/image-28.png\" alt=\"\" class=\"wp-image-1831\" width=\"645\" height=\"867\"\/><\/figure>\n\n\n\n<p>Puis il vous faudra ouvrir une nouvelle porte pour acc\u00e9der au Mercenary Sergent IV<\/p>\n\n\n\n<figure class=\"wp-block-image size-large\"><img loading=\"lazy\" decoding=\"async\" width=\"900\" height=\"678\" src=\"https:\/\/l2sacrifice.fr\/wp-content\/uploads\/2020\/11\/image-29.png\" alt=\"\" class=\"wp-image-1832\"\/><\/figure>\n\n\n\n<div class=\"wp-block-image\"><figure class=\"aligncenter size-large is-resized\"><img loading=\"lazy\" decoding=\"async\" src=\"https:\/\/l2sacrifice.fr\/wp-content\/uploads\/2020\/11\/image-30.png\" alt=\"\" class=\"wp-image-1833\" width=\"649\" height=\"774\"\/><\/figure><\/div>\n\n\n\n<p> Puis il vous faudra ouvrir une autre porte pour acc\u00e9der au Mercenary Sergent V et VI<\/p>\n\n\n\n<figure class=\"wp-block-image size-large\"><img loading=\"lazy\" decoding=\"async\" width=\"785\" height=\"740\" src=\"https:\/\/l2sacrifice.fr\/wp-content\/uploads\/2020\/11\/image-31.png\" alt=\"\" class=\"wp-image-1834\"\/><\/figure>\n\n\n\n<figure class=\"wp-block-image size-large\"><img loading=\"lazy\" decoding=\"async\" width=\"925\" height=\"1023\" src=\"https:\/\/l2sacrifice.fr\/wp-content\/uploads\/2020\/11\/image-32.png\" alt=\"\" class=\"wp-image-1835\"\/><\/figure>\n\n\n\n<figure class=\"wp-block-image size-large is-resized\"><img loading=\"lazy\" decoding=\"async\" src=\"https:\/\/l2sacrifice.fr\/wp-content\/uploads\/2020\/11\/image-33.png\" alt=\"\" class=\"wp-image-1836\" width=\"637\" height=\"1034\"\/><\/figure>\n\n\n\n<p>Les Mercenary Sergents suivant se trouvent dans le Quarter II<\/p>\n\n\n\n<figure class=\"wp-block-image size-large\"><img loading=\"lazy\" decoding=\"async\" width=\"921\" height=\"854\" src=\"https:\/\/l2sacrifice.fr\/wp-content\/uploads\/2020\/11\/image-34.png\" alt=\"\" class=\"wp-image-1837\"\/><\/figure>\n\n\n\n<p> Dans le Quarter II vous rencontrez en 1er le Mercenary Sergent VII<\/p>\n\n\n\n<figure class=\"wp-block-image size-large\"><img loading=\"lazy\" decoding=\"async\" width=\"762\" height=\"777\" src=\"https:\/\/l2sacrifice.fr\/wp-content\/uploads\/2020\/11\/image-35.png\" alt=\"\" class=\"wp-image-1838\"\/><\/figure>\n\n\n\n<p> Pour acc\u00e9dez au Sergent VIII et IX il vous faudra ouvrir cette porte avec  des Mercenary Chakra (Attention la porte reste ouverte 2min<\/p>\n\n\n\n<div class=\"wp-block-image\"><figure class=\"aligncenter size-large\"><img loading=\"lazy\" decoding=\"async\" width=\"758\" height=\"658\" src=\"https:\/\/l2sacrifice.fr\/wp-content\/uploads\/2020\/11\/image-26.png\" alt=\"\" class=\"wp-image-1829\"\/><\/figure><\/div>\n\n\n<p><!--EndFragment--><\/p>\n\n\n<div class=\"wp-block-image\"><figure class=\"aligncenter size-large is-resized\"><img loading=\"lazy\" decoding=\"async\" src=\"https:\/\/l2sacrifice.fr\/wp-content\/uploads\/2020\/11\/image-36.png\" alt=\"\" class=\"wp-image-1839\" width=\"634\" height=\"945\"\/><\/figure><\/div>\n\n\n\n<figure class=\"wp-block-image size-large is-resized\"><img loading=\"lazy\" decoding=\"async\" src=\"https:\/\/l2sacrifice.fr\/wp-content\/uploads\/2020\/11\/image-37.png\" alt=\"\" class=\"wp-image-1840\" width=\"641\" height=\"929\"\/><\/figure>\n\n\n<p>\n<!--StartFragment--><\/p>\n\n\n<p>Puis il vous faudra ouvrir une nouvelle porte pour acc\u00e9der au Mercenary Sergent X<\/p>\n\n\n\n<figure class=\"wp-block-image size-large\"><img loading=\"lazy\" decoding=\"async\" width=\"900\" height=\"678\" src=\"https:\/\/l2sacrifice.fr\/wp-content\/uploads\/2020\/11\/image-29.png\" alt=\"\" class=\"wp-image-1832\"\/><\/figure>\n\n\n\n<figure class=\"wp-block-image size-large\"><img loading=\"lazy\" decoding=\"async\" width=\"656\" height=\"849\" src=\"https:\/\/l2sacrifice.fr\/wp-content\/uploads\/2020\/11\/image-38.png\" alt=\"\" class=\"wp-image-1841\"\/><\/figure>\n\n\n<p>\n<!--StartFragment--><\/p>\n\n\n<p> Puis il vous faudra ouvrir une autre porte pour acc\u00e9der au Mercenary Sergent XI et XII<\/p>\n\n\n\n<figure class=\"wp-block-image size-large\"><img loading=\"lazy\" decoding=\"async\" width=\"785\" height=\"740\" src=\"https:\/\/l2sacrifice.fr\/wp-content\/uploads\/2020\/11\/image-31.png\" alt=\"\" class=\"wp-image-1834\"\/><\/figure>\n\n\n\n<figure class=\"wp-block-image size-large\"><img loading=\"lazy\" decoding=\"async\" width=\"662\" height=\"859\" src=\"https:\/\/l2sacrifice.fr\/wp-content\/uploads\/2020\/11\/image-39.png\" alt=\"\" class=\"wp-image-1842\"\/><\/figure>\n\n\n\n<figure class=\"wp-block-image size-large is-resized\"><img loading=\"lazy\" decoding=\"async\" src=\"https:\/\/l2sacrifice.fr\/wp-content\/uploads\/2020\/11\/image-40.png\" alt=\"\" class=\"wp-image-1843\" width=\"642\" height=\"989\"\/><\/figure>\n\n\n\n<p> Vous avez r\u00e9colt\u00e9 les 12 Mercenary Sergent Badges<\/p>\n\n\n\n<div class=\"wp-block-image\"><figure class=\"aligncenter size-large\"><img loading=\"lazy\" decoding=\"async\" width=\"347\" height=\"116\" src=\"https:\/\/l2sacrifice.fr\/wp-content\/uploads\/2020\/11\/image-54.png\" alt=\"\" class=\"wp-image-1876\"\/><\/figure><\/div>\n\n\n\n<p> Retournez voir le Mercenary G\u00e9n\u00e9ral \u00e0 Oren au Mercenary HeadQuarter qui vous appelera le portail conduisant dans la Chambre du Mercenary Caporal<\/p>\n\n\n\n<div class=\"wp-block-image\"><figure class=\"aligncenter size-large\"><img loading=\"lazy\" decoding=\"async\" width=\"336\" height=\"433\" src=\"https:\/\/l2sacrifice.fr\/wp-content\/uploads\/2020\/11\/image-43.png\" alt=\"\" class=\"wp-image-1850\"\/><\/figure><\/div>\n\n\n\n<div class=\"wp-block-image\"><figure class=\"aligncenter size-large\"><img loading=\"lazy\" decoding=\"async\" width=\"338\" height=\"431\" src=\"https:\/\/l2sacrifice.fr\/wp-content\/uploads\/2020\/11\/image-44.png\" alt=\"\" class=\"wp-image-1851\"\/><\/figure><\/div>\n\n\n\n<figure class=\"wp-block-image size-large is-resized\"><img loading=\"lazy\" decoding=\"async\" src=\"https:\/\/l2sacrifice.fr\/wp-content\/uploads\/2020\/11\/image-41.png\" alt=\"\" class=\"wp-image-1848\" width=\"644\" height=\"309\"\/><\/figure>\n\n\n\n<div class=\"wp-block-image\"><figure class=\"aligncenter size-large\"><img loading=\"lazy\" decoding=\"async\" width=\"338\" height=\"425\" src=\"https:\/\/l2sacrifice.fr\/wp-content\/uploads\/2020\/11\/image-45.png\" alt=\"\" class=\"wp-image-1852\"\/><\/figure><\/div>\n\n\n\n<p>  Le  Mercenary Caporal  vous attendra au fond de la pi\u00e8ce et vous pouvez l&rsquo;affronter<\/p>\n\n\n\n<figure class=\"wp-block-video\"><video height=\"1148\" style=\"aspect-ratio: 1154 \/ 1148;\" width=\"1154\" autoplay loop muted src=\"https:\/\/l2sacrifice.fr\/wp-content\/uploads\/2020\/11\/Mercenary_Caporal.mp4\" playsinline><\/video><\/figure>\n\n\n\n<div class=\"wp-block-image\"><figure class=\"aligncenter size-large\"><img loading=\"lazy\" decoding=\"async\" width=\"560\" height=\"486\" src=\"https:\/\/l2sacrifice.fr\/wp-content\/uploads\/2020\/11\/image-48.png\" alt=\"\" class=\"wp-image-1855\"\/><\/figure><\/div>\n\n\n\n<p>Si vous gagnez votre combat contre le  Mercenary G\u00e9n\u00e9ral  vous obtiendrez l&rsquo;insigne du caporal mais \u00e9galement les items n\u00e9cessaires pour terminer la confection de votre \u00e9quipement Mercenary. <\/p>\n\n\n\n<div class=\"wp-block-image\"><figure class=\"aligncenter size-large is-resized\"><img loading=\"lazy\" decoding=\"async\" src=\"https:\/\/l2sacrifice.fr\/wp-content\/uploads\/2020\/11\/image-49.png\" alt=\"\" class=\"wp-image-1857\" width=\"331\" height=\"76\"\/><\/figure><\/div>\n\n\n\n<div class=\"wp-block-image\"><figure class=\"aligncenter size-large is-resized\"><img loading=\"lazy\" decoding=\"async\" src=\"https:\/\/l2sacrifice.fr\/wp-content\/uploads\/2020\/11\/image-47.png\" alt=\"\" class=\"wp-image-1854\" width=\"360\" height=\"110\"\/><figcaption>Mercenary Spirit\/ Mercenary  Gemstone\/ Mercenary  Blood<\/figcaption><\/figure><\/div>\n\n\n\n<p> Le Mercenary Blood permet de convertir vos Bijoux Mercenary S84 au Grade R99<\/p>\n\n\n\n<p> <\/p>\n\n\n\n<p>Retourner voir le Mercenary G\u00e9n\u00e9ral \u00e0 Oren qui vous \u00e9changer l&rsquo;insigne du caporal contre 1 des 5 bijoux Mercenary<\/p>\n\n\n\n<div class=\"wp-block-image\"><figure class=\"aligncenter size-large\"><img loading=\"lazy\" decoding=\"async\" width=\"343\" height=\"432\" src=\"https:\/\/l2sacrifice.fr\/wp-content\/uploads\/2020\/11\/image-50.png\" alt=\"\" class=\"wp-image-1858\"\/><\/figure><\/div>\n\n\n\n<div class=\"wp-block-image\"><figure class=\"aligncenter size-large\"><img loading=\"lazy\" decoding=\"async\" width=\"337\" height=\"432\" src=\"https:\/\/l2sacrifice.fr\/wp-content\/uploads\/2020\/11\/image-51.png\" alt=\"\" class=\"wp-image-1859\"\/><\/figure><\/div>\n\n\n\n<div class=\"wp-block-image\"><figure class=\"aligncenter size-large is-resized\"><img loading=\"lazy\" decoding=\"async\" src=\"https:\/\/l2sacrifice.fr\/wp-content\/uploads\/2020\/11\/image-52.png\" alt=\"\" class=\"wp-image-1860\" width=\"280\" height=\"54\"\/><figcaption>                                Mercenary Jewels<\/figcaption><\/figure><\/div>\n","protected":false},"excerpt":{"rendered":"<p>Pour d\u00e9buter la qu\u00eate vous devez aller voir le Mercenary Recruteur pour cela, aller \u00e0 Oren, puis aller au Mercenary HeadQuarter Prendre la Mercenary Quest Aller voir le Mercenary G\u00e9n\u00e9ral qui se trouve juste \u00e0 cot\u00e9 Choisir Mercenary Quest Demander de passer le test Il ne vous reste plus qu\u2019a affronter avec votre clan les &hellip; <\/p>\n<p class=\"link-more\"><a href=\"https:\/\/l2sacrifice.fr\/?page_id=1815\" class=\"more-link\">Continuer la lecture<span class=\"screen-reader-text\"> de &laquo;&nbsp;Mercenary Recruit Quest&nbsp;&raquo;<\/span><\/a><\/p>\n","protected":false},"author":1,"featured_media":1816,"parent":0,"menu_order":0,"comment_status":"closed","ping_status":"closed","template":"","meta":{"footnotes":""},"class_list":["post-1815","page","type-page","status-publish","has-post-thumbnail","hentry"],"yoast_head":"<!-- This site is optimized with the Yoast SEO plugin v27.0 - https:\/\/yoast.com\/product\/yoast-seo-wordpress\/ -->\n<title>Mercenary Recruit Quest - L2Sacrifice<\/title>\n<meta name=\"robots\" content=\"index, follow, max-snippet:-1, max-image-preview:large, max-video-preview:-1\" \/>\n<link rel=\"canonical\" href=\"https:\/\/l2sacrifice.fr\/?page_id=1815\" \/>\n<meta property=\"og:locale\" content=\"fr_FR\" \/>\n<meta property=\"og:type\" content=\"article\" \/>\n<meta property=\"og:title\" content=\"Mercenary Recruit Quest - L2Sacrifice\" \/>\n<meta property=\"og:description\" content=\"Pour d\u00e9buter la qu\u00eate vous devez aller voir le Mercenary Recruteur pour cela, aller \u00e0 Oren, puis aller au Mercenary HeadQuarter Prendre la Mercenary Quest Aller voir le Mercenary G\u00e9n\u00e9ral qui se trouve juste \u00e0 cot\u00e9 Choisir Mercenary Quest Demander de passer le test Il ne vous reste plus qu\u2019a affronter avec votre clan les &hellip; Continuer la lecture de &laquo;&nbsp;Mercenary Recruit Quest&nbsp;&raquo;\" \/>\n<meta property=\"og:url\" content=\"https:\/\/l2sacrifice.fr\/?page_id=1815\" \/>\n<meta property=\"og:site_name\" content=\"L2Sacrifice\" \/>\n<meta property=\"article:modified_time\" content=\"2020-11-15T15:47:52+00:00\" \/>\n<meta property=\"og:image\" content=\"https:\/\/l2sacrifice.fr\/wp-content\/uploads\/2020\/11\/Mercenary_Quest_title.png\" \/>\n\t<meta property=\"og:image:width\" content=\"1010\" \/>\n\t<meta property=\"og:image:height\" content=\"510\" \/>\n\t<meta property=\"og:image:type\" content=\"image\/png\" \/>\n<meta name=\"twitter:card\" content=\"summary_large_image\" \/>\n<meta name=\"twitter:label1\" content=\"Dur\u00e9e de lecture estim\u00e9e\" \/>\n\t<meta name=\"twitter:data1\" content=\"2 minutes\" \/>\n<script type=\"application\/ld+json\" class=\"yoast-schema-graph\">{\"@context\":\"https:\/\/schema.org\",\"@graph\":[{\"@type\":\"WebPage\",\"@id\":\"https:\/\/l2sacrifice.fr\/?page_id=1815\",\"url\":\"https:\/\/l2sacrifice.fr\/?page_id=1815\",\"name\":\"Mercenary Recruit Quest - L2Sacrifice\",\"isPartOf\":{\"@id\":\"https:\/\/l2sacrifice.fr\/#website\"},\"primaryImageOfPage\":{\"@id\":\"https:\/\/l2sacrifice.fr\/?page_id=1815#primaryimage\"},\"image\":{\"@id\":\"https:\/\/l2sacrifice.fr\/?page_id=1815#primaryimage\"},\"thumbnailUrl\":\"https:\/\/l2sacrifice.fr\/wp-content\/uploads\/2020\/11\/Mercenary_Quest_title.png\",\"datePublished\":\"2020-11-15T15:35:32+00:00\",\"dateModified\":\"2020-11-15T15:47:52+00:00\",\"breadcrumb\":{\"@id\":\"https:\/\/l2sacrifice.fr\/?page_id=1815#breadcrumb\"},\"inLanguage\":\"fr-FR\",\"potentialAction\":[{\"@type\":\"ReadAction\",\"target\":[\"https:\/\/l2sacrifice.fr\/?page_id=1815\"]}]},{\"@type\":\"ImageObject\",\"inLanguage\":\"fr-FR\",\"@id\":\"https:\/\/l2sacrifice.fr\/?page_id=1815#primaryimage\",\"url\":\"https:\/\/l2sacrifice.fr\/wp-content\/uploads\/2020\/11\/Mercenary_Quest_title.png\",\"contentUrl\":\"https:\/\/l2sacrifice.fr\/wp-content\/uploads\/2020\/11\/Mercenary_Quest_title.png\",\"width\":1010,\"height\":510},{\"@type\":\"BreadcrumbList\",\"@id\":\"https:\/\/l2sacrifice.fr\/?page_id=1815#breadcrumb\",\"itemListElement\":[{\"@type\":\"ListItem\",\"position\":1,\"name\":\"Home\",\"item\":\"https:\/\/l2sacrifice.fr\/\"},{\"@type\":\"ListItem\",\"position\":2,\"name\":\"Mercenary Recruit Quest\"}]},{\"@type\":\"WebSite\",\"@id\":\"https:\/\/l2sacrifice.fr\/#website\",\"url\":\"https:\/\/l2sacrifice.fr\/\",\"name\":\"L2Sacrifice\",\"description\":\"Lineage 2 Sacrifice pour la vie\",\"publisher\":{\"@id\":\"https:\/\/l2sacrifice.fr\/#\/schema\/person\/4ff20fbcfb77afded60cac13ff16dfa8\"},\"potentialAction\":[{\"@type\":\"SearchAction\",\"target\":{\"@type\":\"EntryPoint\",\"urlTemplate\":\"https:\/\/l2sacrifice.fr\/?s={search_term_string}\"},\"query-input\":{\"@type\":\"PropertyValueSpecification\",\"valueRequired\":true,\"valueName\":\"search_term_string\"}}],\"inLanguage\":\"fr-FR\"},{\"@type\":[\"Person\",\"Organization\"],\"@id\":\"https:\/\/l2sacrifice.fr\/#\/schema\/person\/4ff20fbcfb77afded60cac13ff16dfa8\",\"name\":\"darksimonus\",\"image\":{\"@type\":\"ImageObject\",\"inLanguage\":\"fr-FR\",\"@id\":\"https:\/\/l2sacrifice.fr\/#\/schema\/person\/image\/\",\"url\":\"https:\/\/l2sacrifice.fr\/wp-content\/uploads\/2020\/05\/Logo_mini.png\",\"contentUrl\":\"https:\/\/l2sacrifice.fr\/wp-content\/uploads\/2020\/05\/Logo_mini.png\",\"width\":225,\"height\":225,\"caption\":\"darksimonus\"},\"logo\":{\"@id\":\"https:\/\/l2sacrifice.fr\/#\/schema\/person\/image\/\"}}]}<\/script>\n<!-- \/ Yoast SEO plugin. -->","yoast_head_json":{"title":"Mercenary Recruit Quest - L2Sacrifice","robots":{"index":"index","follow":"follow","max-snippet":"max-snippet:-1","max-image-preview":"max-image-preview:large","max-video-preview":"max-video-preview:-1"},"canonical":"https:\/\/l2sacrifice.fr\/?page_id=1815","og_locale":"fr_FR","og_type":"article","og_title":"Mercenary Recruit Quest - L2Sacrifice","og_description":"Pour d\u00e9buter la qu\u00eate vous devez aller voir le Mercenary Recruteur pour cela, aller \u00e0 Oren, puis aller au Mercenary HeadQuarter Prendre la Mercenary Quest Aller voir le Mercenary G\u00e9n\u00e9ral qui se trouve juste \u00e0 cot\u00e9 Choisir Mercenary Quest Demander de passer le test Il ne vous reste plus qu\u2019a affronter avec votre clan les &hellip; Continuer la lecture de &laquo;&nbsp;Mercenary Recruit Quest&nbsp;&raquo;","og_url":"https:\/\/l2sacrifice.fr\/?page_id=1815","og_site_name":"L2Sacrifice","article_modified_time":"2020-11-15T15:47:52+00:00","og_image":[{"width":1010,"height":510,"url":"https:\/\/l2sacrifice.fr\/wp-content\/uploads\/2020\/11\/Mercenary_Quest_title.png","type":"image\/png"}],"twitter_card":"summary_large_image","twitter_misc":{"Dur\u00e9e de lecture estim\u00e9e":"2 minutes"},"schema":{"@context":"https:\/\/schema.org","@graph":[{"@type":"WebPage","@id":"https:\/\/l2sacrifice.fr\/?page_id=1815","url":"https:\/\/l2sacrifice.fr\/?page_id=1815","name":"Mercenary Recruit Quest - L2Sacrifice","isPartOf":{"@id":"https:\/\/l2sacrifice.fr\/#website"},"primaryImageOfPage":{"@id":"https:\/\/l2sacrifice.fr\/?page_id=1815#primaryimage"},"image":{"@id":"https:\/\/l2sacrifice.fr\/?page_id=1815#primaryimage"},"thumbnailUrl":"https:\/\/l2sacrifice.fr\/wp-content\/uploads\/2020\/11\/Mercenary_Quest_title.png","datePublished":"2020-11-15T15:35:32+00:00","dateModified":"2020-11-15T15:47:52+00:00","breadcrumb":{"@id":"https:\/\/l2sacrifice.fr\/?page_id=1815#breadcrumb"},"inLanguage":"fr-FR","potentialAction":[{"@type":"ReadAction","target":["https:\/\/l2sacrifice.fr\/?page_id=1815"]}]},{"@type":"ImageObject","inLanguage":"fr-FR","@id":"https:\/\/l2sacrifice.fr\/?page_id=1815#primaryimage","url":"https:\/\/l2sacrifice.fr\/wp-content\/uploads\/2020\/11\/Mercenary_Quest_title.png","contentUrl":"https:\/\/l2sacrifice.fr\/wp-content\/uploads\/2020\/11\/Mercenary_Quest_title.png","width":1010,"height":510},{"@type":"BreadcrumbList","@id":"https:\/\/l2sacrifice.fr\/?page_id=1815#breadcrumb","itemListElement":[{"@type":"ListItem","position":1,"name":"Home","item":"https:\/\/l2sacrifice.fr\/"},{"@type":"ListItem","position":2,"name":"Mercenary Recruit Quest"}]},{"@type":"WebSite","@id":"https:\/\/l2sacrifice.fr\/#website","url":"https:\/\/l2sacrifice.fr\/","name":"L2Sacrifice","description":"Lineage 2 Sacrifice pour la vie","publisher":{"@id":"https:\/\/l2sacrifice.fr\/#\/schema\/person\/4ff20fbcfb77afded60cac13ff16dfa8"},"potentialAction":[{"@type":"SearchAction","target":{"@type":"EntryPoint","urlTemplate":"https:\/\/l2sacrifice.fr\/?s={search_term_string}"},"query-input":{"@type":"PropertyValueSpecification","valueRequired":true,"valueName":"search_term_string"}}],"inLanguage":"fr-FR"},{"@type":["Person","Organization"],"@id":"https:\/\/l2sacrifice.fr\/#\/schema\/person\/4ff20fbcfb77afded60cac13ff16dfa8","name":"darksimonus","image":{"@type":"ImageObject","inLanguage":"fr-FR","@id":"https:\/\/l2sacrifice.fr\/#\/schema\/person\/image\/","url":"https:\/\/l2sacrifice.fr\/wp-content\/uploads\/2020\/05\/Logo_mini.png","contentUrl":"https:\/\/l2sacrifice.fr\/wp-content\/uploads\/2020\/05\/Logo_mini.png","width":225,"height":225,"caption":"darksimonus"},"logo":{"@id":"https:\/\/l2sacrifice.fr\/#\/schema\/person\/image\/"}}]}},"_links":{"self":[{"href":"https:\/\/l2sacrifice.fr\/index.php?rest_route=\/wp\/v2\/pages\/1815","targetHints":{"allow":["GET"]}}],"collection":[{"href":"https:\/\/l2sacrifice.fr\/index.php?rest_route=\/wp\/v2\/pages"}],"about":[{"href":"https:\/\/l2sacrifice.fr\/index.php?rest_route=\/wp\/v2\/types\/page"}],"author":[{"embeddable":true,"href":"https:\/\/l2sacrifice.fr\/index.php?rest_route=\/wp\/v2\/users\/1"}],"replies":[{"embeddable":true,"href":"https:\/\/l2sacrifice.fr\/index.php?rest_route=%2Fwp%2Fv2%2Fcomments&post=1815"}],"version-history":[{"count":13,"href":"https:\/\/l2sacrifice.fr\/index.php?rest_route=\/wp\/v2\/pages\/1815\/revisions"}],"predecessor-version":[{"id":1877,"href":"https:\/\/l2sacrifice.fr\/index.php?rest_route=\/wp\/v2\/pages\/1815\/revisions\/1877"}],"wp:featuredmedia":[{"embeddable":true,"href":"https:\/\/l2sacrifice.fr\/index.php?rest_route=\/wp\/v2\/media\/1816"}],"wp:attachment":[{"href":"https:\/\/l2sacrifice.fr\/index.php?rest_route=%2Fwp%2Fv2%2Fmedia&parent=1815"}],"curies":[{"name":"wp","href":"https:\/\/api.w.org\/{rel}","templated":true}]}}