{"id":180,"date":"2020-05-02T11:01:45","date_gmt":"2020-05-02T09:01:45","guid":{"rendered":"https:\/\/l2sacrifice.fr\/?page_id=180"},"modified":"2020-05-07T14:50:27","modified_gmt":"2020-05-07T12:50:27","slug":"herboryst","status":"publish","type":"page","link":"https:\/\/l2sacrifice.fr\/?page_id=180","title":{"rendered":"Herborist"},"content":{"rendered":"\n<p>  Pour devenir expert en plante vous devez faire la qu\u00eate Herborist:<\/p>\n\n\n\n<center><figure><iframe loading=\"lazy\" src=\"https:\/\/www.youtube.com\/embed\/nAgtLC-6sBU\" allowfullscreen=\"\" width=\"560\" height=\"315\"><\/iframe><\/figure><\/center>\n\n\n\n<p> Vous avez choisi l&rsquo;herbologie, voici comment ce m\u00e9tier fonctionne <\/p>\n\n\n\n<p> Il se compose de votre chef herboriste et votre table d&rsquo;herbologie: <\/p>\n\n\n\n<div class=\"wp-block-image\"><figure class=\"aligncenter is-resized\"><img loading=\"lazy\" decoding=\"async\" src=\"https:\/\/l2sacrifice.fr\/wp-content\/uploads\/2020\/05\/image-32.png\" alt=\"L\u2019attribut alt de cette image est vide, son nom de fichier est image-32.png.\" width=\"517\" height=\"411\"\/><\/figure><\/div>\n\n\n\n<p> Le table vous permettra r\u00e9aliser des d\u00e9coction gr\u00e2ce  aux plantes et aux fleurs r\u00e9colt\u00e9s dans la zone sp\u00e9ciale herbo plantation (pour vous y rendre  utiliser le Sacrifice ou Job Gatekeeper qui se trouve au centre de la  chambre des m\u00e9tier). <\/p>\n\n\n\n<div class=\"wp-block-image\"><figure class=\"aligncenter\"><img loading=\"lazy\" decoding=\"async\" width=\"291\" height=\"375\" src=\"https:\/\/l2sacrifice.fr\/wp-content\/uploads\/2020\/05\/Herborist_1.png\" alt=\"\" class=\"wp-image-539\"\/><\/figure><\/div>\n\n\n\n<p>Voici des exemples de plantes s\u00e9ch\u00e9s, vous pouvez utiliser ces plantes s\u00e9ch\u00e9s pour cr\u00e9er de antidote et d\u00e9coction. Vous pouvez \u00e9galement utiliser votre production comme objet de craft pour obtenir certains \u00e9quipements: <\/p>\n\n\n\n<div class=\"wp-block-image\"><figure class=\"aligncenter\"><img loading=\"lazy\" decoding=\"async\" width=\"291\" height=\"375\" src=\"https:\/\/l2sacrifice.fr\/wp-content\/uploads\/2020\/05\/Herborist_2.png\" alt=\"\" class=\"wp-image-540\"\/><\/figure><\/div>\n\n\n\n<p>Pour s\u00e9cher vos plante vous devrez choisir une temp\u00e9rature, plus  vous augmentez la temp\u00e9rature de s\u00e9chage, plus vous pourrez obtenir  des plantes s\u00e8ches cependant plus la temp\u00e9rature est \u00e9lev\u00e9e plus il y a des  risques de rater votre s\u00e9chage. <\/p>\n\n\n\n<div class=\"wp-block-image\"><figure class=\"aligncenter\"><img loading=\"lazy\" decoding=\"async\" width=\"291\" height=\"375\" src=\"https:\/\/l2sacrifice.fr\/wp-content\/uploads\/2020\/05\/Herborist_3.png\" alt=\"\" class=\"wp-image-541\"\/><\/figure><\/div>\n\n\n\n<p>Votre chef en herbologie Candy vous proposera d\u2019\u00e9changer les plantes s\u00e8ches contre des antidote, d\u00e9coctions et des \u00e9quipements ou obtenir une \u00e9valuation de votre  \u00e9quipement en grade <\/p>\n\n\n\n<div class=\"wp-block-image\"><figure class=\"aligncenter\"><img loading=\"lazy\" decoding=\"async\" width=\"291\" height=\"743\" src=\"https:\/\/l2sacrifice.fr\/wp-content\/uploads\/2020\/05\/Herborist_4.png\" alt=\"\" class=\"wp-image-543\"\/><\/figure><\/div>\n\n\n\n<p>Attention vous devez combiner plusieurs objets de diff\u00e9rents m\u00e9tiers  pour pouvoir faire \u00e9voluer vos \u00e9quipements (il faudra donc avoir  plusieurs personnages avec des m\u00e9tiers diff\u00e9rents, ou vous organisez  dans votre clan)  <\/p>\n\n\n\n<p><\/p>\n","protected":false},"excerpt":{"rendered":"<p>Pour devenir expert en plante vous devez faire la qu\u00eate Herborist: Vous avez choisi l&rsquo;herbologie, voici comment ce m\u00e9tier fonctionne Il se compose de votre chef herboriste et votre table d&rsquo;herbologie: Le table vous permettra r\u00e9aliser des d\u00e9coction gr\u00e2ce aux plantes et aux fleurs r\u00e9colt\u00e9s dans la zone sp\u00e9ciale herbo plantation (pour vous y rendre &hellip; <\/p>\n<p class=\"link-more\"><a href=\"https:\/\/l2sacrifice.fr\/?page_id=180\" class=\"more-link\">Continuer la lecture<span class=\"screen-reader-text\"> de &laquo;&nbsp;Herborist&nbsp;&raquo;<\/span><\/a><\/p>\n","protected":false},"author":1,"featured_media":662,"parent":0,"menu_order":0,"comment_status":"closed","ping_status":"closed","template":"","meta":{"footnotes":""},"class_list":["post-180","page","type-page","status-publish","has-post-thumbnail","hentry"],"yoast_head":"<!-- This site is optimized with the Yoast SEO plugin v27.0 - https:\/\/yoast.com\/product\/yoast-seo-wordpress\/ -->\n<title>Herborist - L2Sacrifice<\/title>\n<meta name=\"robots\" content=\"index, follow, max-snippet:-1, max-image-preview:large, max-video-preview:-1\" \/>\n<link rel=\"canonical\" href=\"https:\/\/l2sacrifice.fr\/?page_id=180\" \/>\n<meta property=\"og:locale\" content=\"fr_FR\" \/>\n<meta property=\"og:type\" content=\"article\" \/>\n<meta property=\"og:title\" content=\"Herborist - L2Sacrifice\" \/>\n<meta property=\"og:description\" content=\"Pour devenir expert en plante vous devez faire la qu\u00eate Herborist: Vous avez choisi l&rsquo;herbologie, voici comment ce m\u00e9tier fonctionne Il se compose de votre chef herboriste et votre table d&rsquo;herbologie: Le table vous permettra r\u00e9aliser des d\u00e9coction gr\u00e2ce aux plantes et aux fleurs r\u00e9colt\u00e9s dans la zone sp\u00e9ciale herbo plantation (pour vous y rendre &hellip; Continuer la lecture de &laquo;&nbsp;Herborist&nbsp;&raquo;\" \/>\n<meta property=\"og:url\" content=\"https:\/\/l2sacrifice.fr\/?page_id=180\" \/>\n<meta property=\"og:site_name\" content=\"L2Sacrifice\" \/>\n<meta property=\"article:modified_time\" content=\"2020-05-07T12:50:27+00:00\" \/>\n<meta property=\"og:image\" content=\"https:\/\/l2sacrifice.fr\/wp-content\/uploads\/2020\/05\/Herborist_title.png\" \/>\n\t<meta property=\"og:image:width\" content=\"1010\" \/>\n\t<meta property=\"og:image:height\" content=\"510\" \/>\n\t<meta property=\"og:image:type\" content=\"image\/png\" \/>\n<meta name=\"twitter:card\" content=\"summary_large_image\" \/>\n<meta name=\"twitter:label1\" content=\"Dur\u00e9e de lecture estim\u00e9e\" \/>\n\t<meta name=\"twitter:data1\" content=\"1 minute\" \/>\n<script type=\"application\/ld+json\" class=\"yoast-schema-graph\">{\"@context\":\"https:\/\/schema.org\",\"@graph\":[{\"@type\":\"WebPage\",\"@id\":\"https:\/\/l2sacrifice.fr\/?page_id=180\",\"url\":\"https:\/\/l2sacrifice.fr\/?page_id=180\",\"name\":\"Herborist - L2Sacrifice\",\"isPartOf\":{\"@id\":\"https:\/\/l2sacrifice.fr\/#website\"},\"primaryImageOfPage\":{\"@id\":\"https:\/\/l2sacrifice.fr\/?page_id=180#primaryimage\"},\"image\":{\"@id\":\"https:\/\/l2sacrifice.fr\/?page_id=180#primaryimage\"},\"thumbnailUrl\":\"https:\/\/l2sacrifice.fr\/wp-content\/uploads\/2020\/05\/Herborist_title.png\",\"datePublished\":\"2020-05-02T09:01:45+00:00\",\"dateModified\":\"2020-05-07T12:50:27+00:00\",\"breadcrumb\":{\"@id\":\"https:\/\/l2sacrifice.fr\/?page_id=180#breadcrumb\"},\"inLanguage\":\"fr-FR\",\"potentialAction\":[{\"@type\":\"ReadAction\",\"target\":[\"https:\/\/l2sacrifice.fr\/?page_id=180\"]}]},{\"@type\":\"ImageObject\",\"inLanguage\":\"fr-FR\",\"@id\":\"https:\/\/l2sacrifice.fr\/?page_id=180#primaryimage\",\"url\":\"https:\/\/l2sacrifice.fr\/wp-content\/uploads\/2020\/05\/Herborist_title.png\",\"contentUrl\":\"https:\/\/l2sacrifice.fr\/wp-content\/uploads\/2020\/05\/Herborist_title.png\",\"width\":1010,\"height\":510},{\"@type\":\"BreadcrumbList\",\"@id\":\"https:\/\/l2sacrifice.fr\/?page_id=180#breadcrumb\",\"itemListElement\":[{\"@type\":\"ListItem\",\"position\":1,\"name\":\"Home\",\"item\":\"https:\/\/l2sacrifice.fr\/\"},{\"@type\":\"ListItem\",\"position\":2,\"name\":\"Herborist\"}]},{\"@type\":\"WebSite\",\"@id\":\"https:\/\/l2sacrifice.fr\/#website\",\"url\":\"https:\/\/l2sacrifice.fr\/\",\"name\":\"L2Sacrifice\",\"description\":\"Lineage 2 Sacrifice pour la vie\",\"publisher\":{\"@id\":\"https:\/\/l2sacrifice.fr\/#\/schema\/person\/4ff20fbcfb77afded60cac13ff16dfa8\"},\"potentialAction\":[{\"@type\":\"SearchAction\",\"target\":{\"@type\":\"EntryPoint\",\"urlTemplate\":\"https:\/\/l2sacrifice.fr\/?s={search_term_string}\"},\"query-input\":{\"@type\":\"PropertyValueSpecification\",\"valueRequired\":true,\"valueName\":\"search_term_string\"}}],\"inLanguage\":\"fr-FR\"},{\"@type\":[\"Person\",\"Organization\"],\"@id\":\"https:\/\/l2sacrifice.fr\/#\/schema\/person\/4ff20fbcfb77afded60cac13ff16dfa8\",\"name\":\"darksimonus\",\"image\":{\"@type\":\"ImageObject\",\"inLanguage\":\"fr-FR\",\"@id\":\"https:\/\/l2sacrifice.fr\/#\/schema\/person\/image\/\",\"url\":\"https:\/\/l2sacrifice.fr\/wp-content\/uploads\/2020\/05\/Logo_mini.png\",\"contentUrl\":\"https:\/\/l2sacrifice.fr\/wp-content\/uploads\/2020\/05\/Logo_mini.png\",\"width\":225,\"height\":225,\"caption\":\"darksimonus\"},\"logo\":{\"@id\":\"https:\/\/l2sacrifice.fr\/#\/schema\/person\/image\/\"}}]}<\/script>\n<!-- \/ Yoast SEO plugin. -->","yoast_head_json":{"title":"Herborist - L2Sacrifice","robots":{"index":"index","follow":"follow","max-snippet":"max-snippet:-1","max-image-preview":"max-image-preview:large","max-video-preview":"max-video-preview:-1"},"canonical":"https:\/\/l2sacrifice.fr\/?page_id=180","og_locale":"fr_FR","og_type":"article","og_title":"Herborist - L2Sacrifice","og_description":"Pour devenir expert en plante vous devez faire la qu\u00eate Herborist: Vous avez choisi l&rsquo;herbologie, voici comment ce m\u00e9tier fonctionne Il se compose de votre chef herboriste et votre table d&rsquo;herbologie: Le table vous permettra r\u00e9aliser des d\u00e9coction gr\u00e2ce aux plantes et aux fleurs r\u00e9colt\u00e9s dans la zone sp\u00e9ciale herbo plantation (pour vous y rendre &hellip; Continuer la lecture de &laquo;&nbsp;Herborist&nbsp;&raquo;","og_url":"https:\/\/l2sacrifice.fr\/?page_id=180","og_site_name":"L2Sacrifice","article_modified_time":"2020-05-07T12:50:27+00:00","og_image":[{"width":1010,"height":510,"url":"https:\/\/l2sacrifice.fr\/wp-content\/uploads\/2020\/05\/Herborist_title.png","type":"image\/png"}],"twitter_card":"summary_large_image","twitter_misc":{"Dur\u00e9e de lecture estim\u00e9e":"1 minute"},"schema":{"@context":"https:\/\/schema.org","@graph":[{"@type":"WebPage","@id":"https:\/\/l2sacrifice.fr\/?page_id=180","url":"https:\/\/l2sacrifice.fr\/?page_id=180","name":"Herborist - L2Sacrifice","isPartOf":{"@id":"https:\/\/l2sacrifice.fr\/#website"},"primaryImageOfPage":{"@id":"https:\/\/l2sacrifice.fr\/?page_id=180#primaryimage"},"image":{"@id":"https:\/\/l2sacrifice.fr\/?page_id=180#primaryimage"},"thumbnailUrl":"https:\/\/l2sacrifice.fr\/wp-content\/uploads\/2020\/05\/Herborist_title.png","datePublished":"2020-05-02T09:01:45+00:00","dateModified":"2020-05-07T12:50:27+00:00","breadcrumb":{"@id":"https:\/\/l2sacrifice.fr\/?page_id=180#breadcrumb"},"inLanguage":"fr-FR","potentialAction":[{"@type":"ReadAction","target":["https:\/\/l2sacrifice.fr\/?page_id=180"]}]},{"@type":"ImageObject","inLanguage":"fr-FR","@id":"https:\/\/l2sacrifice.fr\/?page_id=180#primaryimage","url":"https:\/\/l2sacrifice.fr\/wp-content\/uploads\/2020\/05\/Herborist_title.png","contentUrl":"https:\/\/l2sacrifice.fr\/wp-content\/uploads\/2020\/05\/Herborist_title.png","width":1010,"height":510},{"@type":"BreadcrumbList","@id":"https:\/\/l2sacrifice.fr\/?page_id=180#breadcrumb","itemListElement":[{"@type":"ListItem","position":1,"name":"Home","item":"https:\/\/l2sacrifice.fr\/"},{"@type":"ListItem","position":2,"name":"Herborist"}]},{"@type":"WebSite","@id":"https:\/\/l2sacrifice.fr\/#website","url":"https:\/\/l2sacrifice.fr\/","name":"L2Sacrifice","description":"Lineage 2 Sacrifice pour la vie","publisher":{"@id":"https:\/\/l2sacrifice.fr\/#\/schema\/person\/4ff20fbcfb77afded60cac13ff16dfa8"},"potentialAction":[{"@type":"SearchAction","target":{"@type":"EntryPoint","urlTemplate":"https:\/\/l2sacrifice.fr\/?s={search_term_string}"},"query-input":{"@type":"PropertyValueSpecification","valueRequired":true,"valueName":"search_term_string"}}],"inLanguage":"fr-FR"},{"@type":["Person","Organization"],"@id":"https:\/\/l2sacrifice.fr\/#\/schema\/person\/4ff20fbcfb77afded60cac13ff16dfa8","name":"darksimonus","image":{"@type":"ImageObject","inLanguage":"fr-FR","@id":"https:\/\/l2sacrifice.fr\/#\/schema\/person\/image\/","url":"https:\/\/l2sacrifice.fr\/wp-content\/uploads\/2020\/05\/Logo_mini.png","contentUrl":"https:\/\/l2sacrifice.fr\/wp-content\/uploads\/2020\/05\/Logo_mini.png","width":225,"height":225,"caption":"darksimonus"},"logo":{"@id":"https:\/\/l2sacrifice.fr\/#\/schema\/person\/image\/"}}]}},"_links":{"self":[{"href":"https:\/\/l2sacrifice.fr\/index.php?rest_route=\/wp\/v2\/pages\/180","targetHints":{"allow":["GET"]}}],"collection":[{"href":"https:\/\/l2sacrifice.fr\/index.php?rest_route=\/wp\/v2\/pages"}],"about":[{"href":"https:\/\/l2sacrifice.fr\/index.php?rest_route=\/wp\/v2\/types\/page"}],"author":[{"embeddable":true,"href":"https:\/\/l2sacrifice.fr\/index.php?rest_route=\/wp\/v2\/users\/1"}],"replies":[{"embeddable":true,"href":"https:\/\/l2sacrifice.fr\/index.php?rest_route=%2Fwp%2Fv2%2Fcomments&post=180"}],"version-history":[{"count":7,"href":"https:\/\/l2sacrifice.fr\/index.php?rest_route=\/wp\/v2\/pages\/180\/revisions"}],"predecessor-version":[{"id":639,"href":"https:\/\/l2sacrifice.fr\/index.php?rest_route=\/wp\/v2\/pages\/180\/revisions\/639"}],"wp:featuredmedia":[{"embeddable":true,"href":"https:\/\/l2sacrifice.fr\/index.php?rest_route=\/wp\/v2\/media\/662"}],"wp:attachment":[{"href":"https:\/\/l2sacrifice.fr\/index.php?rest_route=%2Fwp%2Fv2%2Fmedia&parent=180"}],"curies":[{"name":"wp","href":"https:\/\/api.w.org\/{rel}","templated":true}]}}