{"id":1790,"date":"2020-11-15T16:35:54","date_gmt":"2020-11-15T15:35:54","guid":{"rendered":"https:\/\/l2sacrifice.fr\/?page_id=1790"},"modified":"2020-12-11T22:05:25","modified_gmt":"2020-12-11T21:05:25","slug":"mercenary-headquarter","status":"publish","type":"page","link":"https:\/\/l2sacrifice.fr\/?page_id=1790","title":{"rendered":"Mercenary HeadQuarter"},"content":{"rendered":"\n<figure class=\"wp-block-video\"><video height=\"802\" style=\"aspect-ratio: 1508 \/ 802;\" width=\"1508\" autoplay loop src=\"https:\/\/l2sacrifice.fr\/wp-content\/uploads\/2020\/11\/Mercenary_Quarter.mp4\" playsinline><\/video><\/figure>\n\n\n\n<p> Vous \u00eates dans le Mercenary Quartier G\u00e9n\u00e9ral qui se trouve \u00e0 Oren, Vous y trouvez:<\/p>\n\n\n\n<div class=\"wp-block-image\"><figure class=\"aligncenter size-large\"><img loading=\"lazy\" decoding=\"async\" width=\"539\" height=\"484\" src=\"https:\/\/l2sacrifice.fr\/wp-content\/uploads\/2020\/11\/image-4.png\" alt=\"\" class=\"wp-image-1802\"\/><\/figure><\/div>\n\n\n\n<p>le Mercenary G\u00e9n\u00e9ral qui vous guidera dans la qu\u00eate Mercenary et qui vous proposera les instances pour affrontez les Mercenary Major X<\/p>\n\n\n\n<div class=\"wp-block-image\"><figure class=\"aligncenter size-large\"><img loading=\"lazy\" decoding=\"async\" width=\"1045\" height=\"718\" src=\"https:\/\/l2sacrifice.fr\/wp-content\/uploads\/2020\/12\/image-5.png\" alt=\"\" class=\"wp-image-1909\"\/><figcaption> Mercenary G\u00e9n\u00e9ral  <\/figcaption><\/figure><\/div>\n\n\n\n<ul class=\"wp-block-list\"><li> Le Mercenary G\u00e9n\u00e9ral qui vous guidera dans la qu\u00eate Mercenary et qui  vous proposera les instances pour affrontez les Mercenary Major X99<\/li><\/ul>\n\n\n\n<div class=\"wp-block-image\"><figure class=\"aligncenter size-large\"><img loading=\"lazy\" decoding=\"async\" width=\"343\" height=\"436\" src=\"https:\/\/l2sacrifice.fr\/wp-content\/uploads\/2020\/12\/image-6.png\" alt=\"\" class=\"wp-image-1910\"\/><\/figure><\/div>\n\n\n\n<p> Il vous proposera \u00e9galement les instances special Mercenary (Tank, Duelist&#8230;), Mercenary Summon et Pet <\/p>\n\n\n\n<div class=\"wp-block-image\"><figure class=\"aligncenter size-large\"><img loading=\"lazy\" decoding=\"async\" width=\"279\" height=\"899\" src=\"https:\/\/l2sacrifice.fr\/wp-content\/uploads\/2020\/12\/image-7.png\" alt=\"\" class=\"wp-image-1912\"\/><\/figure><\/div>\n\n\n\n<ul class=\"wp-block-list\"><li>  Le Mercenary Recruteur qui vous donnera la qu\u00eate Mercenary, pour recolter les 12 Mercenary Sergents Badge  <\/li><\/ul>\n\n\n\n<div class=\"wp-block-image\"><figure class=\"aligncenter size-large\"><img loading=\"lazy\" decoding=\"async\" width=\"943\" height=\"906\" src=\"https:\/\/l2sacrifice.fr\/wp-content\/uploads\/2020\/11\/image.png\" alt=\"\" class=\"wp-image-1796\"\/><figcaption> Mercenary Recruteur<\/figcaption><\/figure><\/div>\n\n\n\n<ul class=\"wp-block-list\"><li>  Le Mercenary Teleporter qui vous permettra d&rsquo;aller affronter les Mercenary Sergents R99 <\/li><\/ul>\n\n\n\n<div class=\"wp-block-image\"><figure class=\"aligncenter size-large\"><img loading=\"lazy\" decoding=\"async\" width=\"883\" height=\"723\" src=\"https:\/\/l2sacrifice.fr\/wp-content\/uploads\/2020\/11\/image-2.png\" alt=\"\" class=\"wp-image-1798\"\/><figcaption>  Mercenary Teleporter <\/figcaption><\/figure><\/div>\n\n\n\n<ul class=\"wp-block-list\"><li>  Le Mercenary Shop, ou vous pourrez acheter le stuff mercenary R99 et X99  <\/li><\/ul>\n\n\n\n<div class=\"wp-block-image\"><figure class=\"aligncenter size-large\"><img loading=\"lazy\" decoding=\"async\" width=\"877\" height=\"643\" src=\"https:\/\/l2sacrifice.fr\/wp-content\/uploads\/2020\/11\/image-3.png\" alt=\"\" class=\"wp-image-1799\"\/><figcaption>Mercenary Shop<\/figcaption><\/figure><\/div>\n\n\n\n<h3 class=\"wp-block-heading\">I) Faire son armure R99<\/h3>\n\n\n\n<div class=\"wp-block-image\"><figure class=\"aligncenter size-large\"><img loading=\"lazy\" decoding=\"async\" width=\"338\" height=\"433\" src=\"https:\/\/l2sacrifice.fr\/wp-content\/uploads\/2020\/11\/image-5.png\" alt=\"\" class=\"wp-image-1804\"\/><\/figure><\/div>\n\n\n\n<p>Vous pouvez faire votre armure Mercenary par 1 des 12 sergents suivant les Mercenary Sergents affront\u00e9s<\/p>\n\n\n\n<div class=\"wp-block-image\"><figure class=\"aligncenter size-large\"><img loading=\"lazy\" decoding=\"async\" width=\"522\" height=\"441\" src=\"https:\/\/l2sacrifice.fr\/wp-content\/uploads\/2020\/11\/image-6.png\" alt=\"\" class=\"wp-image-1805\"\/><figcaption> <em>Exemple: Armor Shop R99 Mercenary Sergent I<\/em><\/figcaption><\/figure><\/div>\n\n\n\n<ul class=\"wp-block-list\"><li>Mercenary Armor Fragment: s\u2019obtient en tuant le Mercenary Sergent correspondant<\/li><li>Mercenary Caporal Spirit: s\u2019obtient en tuant Mercenary Caporal (Quest Mercenary Recruitement)<\/li><\/ul>\n\n\n\n<h3 class=\"wp-block-heading\">II) Faire son arme R99<\/h3>\n\n\n\n<div class=\"wp-block-image\"><figure class=\"aligncenter size-large\"><img loading=\"lazy\" decoding=\"async\" width=\"523\" height=\"437\" src=\"https:\/\/l2sacrifice.fr\/wp-content\/uploads\/2020\/11\/image-8.png\" alt=\"\" class=\"wp-image-1807\"\/><figcaption>  <em>Weapon Shop: Craft 12th Mercenary Weapon Fragement<\/em> <\/figcaption><\/figure><\/div>\n\n\n\n<p> Le Mercenary Badge: s\u2019obtient en combinant les 12  <em>Mercenary Weapon Fragement<\/em>   en tuant les 12 Mercenary Sergents<\/p>\n\n\n\n<div class=\"wp-block-image\"><figure class=\"aligncenter size-large\"><img loading=\"lazy\" decoding=\"async\" width=\"526\" height=\"440\" src=\"https:\/\/l2sacrifice.fr\/wp-content\/uploads\/2020\/11\/image-9.png\" alt=\"\" class=\"wp-image-1808\"\/><figcaption> <em>Weapon Shop Mercenary<\/em><\/figcaption><\/figure><\/div>\n\n\n\n<ul class=\"wp-block-list\"><li> Mercenary Caporal Gemstone: s\u2019obtient en tuant Had\u00e8s (Quest Mercenary Recruitement) <\/li><\/ul>\n\n\n\n<h3 class=\"wp-block-heading\">III) Faire son armure et arme X99<\/h3>\n\n\n\n<p>En Affrontant 12 Mercenary Sergent: Vous obtiendrez les Mercenary Sergent Chakra qui vous donnerons acc\u00e8s aux 12 Instances Mercenary Major X99 <\/p>\n\n\n\n<div class=\"wp-block-image\"><figure class=\"aligncenter size-large\"><img loading=\"lazy\" decoding=\"async\" width=\"1059\" height=\"777\" src=\"https:\/\/l2sacrifice.fr\/wp-content\/uploads\/2020\/11\/image-10.png\" alt=\"\" class=\"wp-image-1809\"\/><\/figure><\/div>\n\n\n\n<div class=\"wp-block-image\"><figure class=\"aligncenter size-large\"><img loading=\"lazy\" decoding=\"async\" width=\"332\" height=\"425\" src=\"https:\/\/l2sacrifice.fr\/wp-content\/uploads\/2020\/11\/image-11.png\" alt=\"\" class=\"wp-image-1810\"\/><\/figure><\/div>\n\n\n\n<p>Puis au Mercenary Shop  vous pourrez r\u00e9aliser l\u2019upgrade de votre \u00e9quipement R99 en X99<\/p>\n\n\n\n<div class=\"wp-block-image\"><figure class=\"aligncenter size-large\"><img loading=\"lazy\" decoding=\"async\" width=\"528\" height=\"437\" src=\"https:\/\/l2sacrifice.fr\/wp-content\/uploads\/2020\/11\/image-12.png\" alt=\"\" class=\"wp-image-1811\"\/><\/figure><\/div>\n\n\n\n<ul class=\"wp-block-list\"><li>Mercenary Major Chakra: s\u2019obtient en tuant le Mercneary Major de votre choix dans sa Mercenary Instance<\/li><li>Tickets X (Au Sacrifice Shop en farmant dans les zone X)<\/li><li>Job Ticket (Au Sacrifice Shop avec les materiaux des m\u00e9tiers)<\/li><\/ul>\n\n\n\n<div class=\"wp-block-image\"><figure class=\"aligncenter size-large\"><img loading=\"lazy\" decoding=\"async\" width=\"518\" height=\"434\" src=\"https:\/\/l2sacrifice.fr\/wp-content\/uploads\/2020\/11\/image-13.png\" alt=\"\" class=\"wp-image-1813\"\/><\/figure><\/div>\n\n\n\n<ul class=\"wp-block-list\"><li>Mercenary Major Weapon Fragement: s\u2019obtient en tuant le Mercenary Major de votre choix dans  sa Mercenary Instance <\/li><li>Tickets X (Au Sacrifice Shop en farmant dans les zone X)<\/li><li>Job Ticket (Au Sacrifice Shop avec les materiaux des m\u00e9tiers)<\/li><\/ul>\n","protected":false},"excerpt":{"rendered":"<p>Vous \u00eates dans le Mercenary Quartier G\u00e9n\u00e9ral qui se trouve \u00e0 Oren, Vous y trouvez: le Mercenary G\u00e9n\u00e9ral qui vous guidera dans la qu\u00eate Mercenary et qui vous proposera les instances pour affrontez les Mercenary Major X Le Mercenary G\u00e9n\u00e9ral qui vous guidera dans la qu\u00eate Mercenary et qui vous proposera les instances pour affrontez &hellip; <\/p>\n<p class=\"link-more\"><a href=\"https:\/\/l2sacrifice.fr\/?page_id=1790\" class=\"more-link\">Continuer la lecture<span class=\"screen-reader-text\"> de &laquo;&nbsp;Mercenary HeadQuarter&nbsp;&raquo;<\/span><\/a><\/p>\n","protected":false},"author":1,"featured_media":1794,"parent":0,"menu_order":0,"comment_status":"closed","ping_status":"closed","template":"","meta":{"footnotes":""},"class_list":["post-1790","page","type-page","status-publish","has-post-thumbnail","hentry"],"yoast_head":"<!-- This site is optimized with the Yoast SEO plugin v27.0 - https:\/\/yoast.com\/product\/yoast-seo-wordpress\/ -->\n<title>Mercenary HeadQuarter - L2Sacrifice<\/title>\n<meta name=\"robots\" content=\"index, follow, max-snippet:-1, max-image-preview:large, max-video-preview:-1\" \/>\n<link rel=\"canonical\" href=\"https:\/\/l2sacrifice.fr\/?page_id=1790\" \/>\n<meta property=\"og:locale\" content=\"fr_FR\" \/>\n<meta property=\"og:type\" content=\"article\" \/>\n<meta property=\"og:title\" content=\"Mercenary HeadQuarter - L2Sacrifice\" \/>\n<meta property=\"og:description\" content=\"Vous \u00eates dans le Mercenary Quartier G\u00e9n\u00e9ral qui se trouve \u00e0 Oren, Vous y trouvez: le Mercenary G\u00e9n\u00e9ral qui vous guidera dans la qu\u00eate Mercenary et qui vous proposera les instances pour affrontez les Mercenary Major X Le Mercenary G\u00e9n\u00e9ral qui vous guidera dans la qu\u00eate Mercenary et qui vous proposera les instances pour affrontez &hellip; Continuer la lecture de &laquo;&nbsp;Mercenary HeadQuarter&nbsp;&raquo;\" \/>\n<meta property=\"og:url\" content=\"https:\/\/l2sacrifice.fr\/?page_id=1790\" \/>\n<meta property=\"og:site_name\" content=\"L2Sacrifice\" \/>\n<meta property=\"article:modified_time\" content=\"2020-12-11T21:05:25+00:00\" \/>\n<meta property=\"og:image\" content=\"https:\/\/l2sacrifice.fr\/wp-content\/uploads\/2020\/11\/Mercenary_Headquarter_title.png\" \/>\n\t<meta property=\"og:image:width\" content=\"1010\" \/>\n\t<meta property=\"og:image:height\" content=\"510\" \/>\n\t<meta property=\"og:image:type\" content=\"image\/png\" \/>\n<meta name=\"twitter:card\" content=\"summary_large_image\" \/>\n<meta name=\"twitter:label1\" content=\"Dur\u00e9e de lecture estim\u00e9e\" \/>\n\t<meta name=\"twitter:data1\" content=\"2 minutes\" \/>\n<script type=\"application\/ld+json\" class=\"yoast-schema-graph\">{\"@context\":\"https:\/\/schema.org\",\"@graph\":[{\"@type\":\"WebPage\",\"@id\":\"https:\/\/l2sacrifice.fr\/?page_id=1790\",\"url\":\"https:\/\/l2sacrifice.fr\/?page_id=1790\",\"name\":\"Mercenary HeadQuarter - L2Sacrifice\",\"isPartOf\":{\"@id\":\"https:\/\/l2sacrifice.fr\/#website\"},\"primaryImageOfPage\":{\"@id\":\"https:\/\/l2sacrifice.fr\/?page_id=1790#primaryimage\"},\"image\":{\"@id\":\"https:\/\/l2sacrifice.fr\/?page_id=1790#primaryimage\"},\"thumbnailUrl\":\"https:\/\/l2sacrifice.fr\/wp-content\/uploads\/2020\/11\/Mercenary_Headquarter_title.png\",\"datePublished\":\"2020-11-15T15:35:54+00:00\",\"dateModified\":\"2020-12-11T21:05:25+00:00\",\"breadcrumb\":{\"@id\":\"https:\/\/l2sacrifice.fr\/?page_id=1790#breadcrumb\"},\"inLanguage\":\"fr-FR\",\"potentialAction\":[{\"@type\":\"ReadAction\",\"target\":[\"https:\/\/l2sacrifice.fr\/?page_id=1790\"]}]},{\"@type\":\"ImageObject\",\"inLanguage\":\"fr-FR\",\"@id\":\"https:\/\/l2sacrifice.fr\/?page_id=1790#primaryimage\",\"url\":\"https:\/\/l2sacrifice.fr\/wp-content\/uploads\/2020\/11\/Mercenary_Headquarter_title.png\",\"contentUrl\":\"https:\/\/l2sacrifice.fr\/wp-content\/uploads\/2020\/11\/Mercenary_Headquarter_title.png\",\"width\":1010,\"height\":510},{\"@type\":\"BreadcrumbList\",\"@id\":\"https:\/\/l2sacrifice.fr\/?page_id=1790#breadcrumb\",\"itemListElement\":[{\"@type\":\"ListItem\",\"position\":1,\"name\":\"Home\",\"item\":\"https:\/\/l2sacrifice.fr\/\"},{\"@type\":\"ListItem\",\"position\":2,\"name\":\"Mercenary HeadQuarter\"}]},{\"@type\":\"WebSite\",\"@id\":\"https:\/\/l2sacrifice.fr\/#website\",\"url\":\"https:\/\/l2sacrifice.fr\/\",\"name\":\"L2Sacrifice\",\"description\":\"Lineage 2 Sacrifice pour la vie\",\"publisher\":{\"@id\":\"https:\/\/l2sacrifice.fr\/#\/schema\/person\/4ff20fbcfb77afded60cac13ff16dfa8\"},\"potentialAction\":[{\"@type\":\"SearchAction\",\"target\":{\"@type\":\"EntryPoint\",\"urlTemplate\":\"https:\/\/l2sacrifice.fr\/?s={search_term_string}\"},\"query-input\":{\"@type\":\"PropertyValueSpecification\",\"valueRequired\":true,\"valueName\":\"search_term_string\"}}],\"inLanguage\":\"fr-FR\"},{\"@type\":[\"Person\",\"Organization\"],\"@id\":\"https:\/\/l2sacrifice.fr\/#\/schema\/person\/4ff20fbcfb77afded60cac13ff16dfa8\",\"name\":\"darksimonus\",\"image\":{\"@type\":\"ImageObject\",\"inLanguage\":\"fr-FR\",\"@id\":\"https:\/\/l2sacrifice.fr\/#\/schema\/person\/image\/\",\"url\":\"https:\/\/l2sacrifice.fr\/wp-content\/uploads\/2020\/05\/Logo_mini.png\",\"contentUrl\":\"https:\/\/l2sacrifice.fr\/wp-content\/uploads\/2020\/05\/Logo_mini.png\",\"width\":225,\"height\":225,\"caption\":\"darksimonus\"},\"logo\":{\"@id\":\"https:\/\/l2sacrifice.fr\/#\/schema\/person\/image\/\"}}]}<\/script>\n<!-- \/ Yoast SEO plugin. -->","yoast_head_json":{"title":"Mercenary HeadQuarter - L2Sacrifice","robots":{"index":"index","follow":"follow","max-snippet":"max-snippet:-1","max-image-preview":"max-image-preview:large","max-video-preview":"max-video-preview:-1"},"canonical":"https:\/\/l2sacrifice.fr\/?page_id=1790","og_locale":"fr_FR","og_type":"article","og_title":"Mercenary HeadQuarter - L2Sacrifice","og_description":"Vous \u00eates dans le Mercenary Quartier G\u00e9n\u00e9ral qui se trouve \u00e0 Oren, Vous y trouvez: le Mercenary G\u00e9n\u00e9ral qui vous guidera dans la qu\u00eate Mercenary et qui vous proposera les instances pour affrontez les Mercenary Major X Le Mercenary G\u00e9n\u00e9ral qui vous guidera dans la qu\u00eate Mercenary et qui vous proposera les instances pour affrontez &hellip; Continuer la lecture de &laquo;&nbsp;Mercenary HeadQuarter&nbsp;&raquo;","og_url":"https:\/\/l2sacrifice.fr\/?page_id=1790","og_site_name":"L2Sacrifice","article_modified_time":"2020-12-11T21:05:25+00:00","og_image":[{"width":1010,"height":510,"url":"https:\/\/l2sacrifice.fr\/wp-content\/uploads\/2020\/11\/Mercenary_Headquarter_title.png","type":"image\/png"}],"twitter_card":"summary_large_image","twitter_misc":{"Dur\u00e9e de lecture estim\u00e9e":"2 minutes"},"schema":{"@context":"https:\/\/schema.org","@graph":[{"@type":"WebPage","@id":"https:\/\/l2sacrifice.fr\/?page_id=1790","url":"https:\/\/l2sacrifice.fr\/?page_id=1790","name":"Mercenary HeadQuarter - L2Sacrifice","isPartOf":{"@id":"https:\/\/l2sacrifice.fr\/#website"},"primaryImageOfPage":{"@id":"https:\/\/l2sacrifice.fr\/?page_id=1790#primaryimage"},"image":{"@id":"https:\/\/l2sacrifice.fr\/?page_id=1790#primaryimage"},"thumbnailUrl":"https:\/\/l2sacrifice.fr\/wp-content\/uploads\/2020\/11\/Mercenary_Headquarter_title.png","datePublished":"2020-11-15T15:35:54+00:00","dateModified":"2020-12-11T21:05:25+00:00","breadcrumb":{"@id":"https:\/\/l2sacrifice.fr\/?page_id=1790#breadcrumb"},"inLanguage":"fr-FR","potentialAction":[{"@type":"ReadAction","target":["https:\/\/l2sacrifice.fr\/?page_id=1790"]}]},{"@type":"ImageObject","inLanguage":"fr-FR","@id":"https:\/\/l2sacrifice.fr\/?page_id=1790#primaryimage","url":"https:\/\/l2sacrifice.fr\/wp-content\/uploads\/2020\/11\/Mercenary_Headquarter_title.png","contentUrl":"https:\/\/l2sacrifice.fr\/wp-content\/uploads\/2020\/11\/Mercenary_Headquarter_title.png","width":1010,"height":510},{"@type":"BreadcrumbList","@id":"https:\/\/l2sacrifice.fr\/?page_id=1790#breadcrumb","itemListElement":[{"@type":"ListItem","position":1,"name":"Home","item":"https:\/\/l2sacrifice.fr\/"},{"@type":"ListItem","position":2,"name":"Mercenary HeadQuarter"}]},{"@type":"WebSite","@id":"https:\/\/l2sacrifice.fr\/#website","url":"https:\/\/l2sacrifice.fr\/","name":"L2Sacrifice","description":"Lineage 2 Sacrifice pour la vie","publisher":{"@id":"https:\/\/l2sacrifice.fr\/#\/schema\/person\/4ff20fbcfb77afded60cac13ff16dfa8"},"potentialAction":[{"@type":"SearchAction","target":{"@type":"EntryPoint","urlTemplate":"https:\/\/l2sacrifice.fr\/?s={search_term_string}"},"query-input":{"@type":"PropertyValueSpecification","valueRequired":true,"valueName":"search_term_string"}}],"inLanguage":"fr-FR"},{"@type":["Person","Organization"],"@id":"https:\/\/l2sacrifice.fr\/#\/schema\/person\/4ff20fbcfb77afded60cac13ff16dfa8","name":"darksimonus","image":{"@type":"ImageObject","inLanguage":"fr-FR","@id":"https:\/\/l2sacrifice.fr\/#\/schema\/person\/image\/","url":"https:\/\/l2sacrifice.fr\/wp-content\/uploads\/2020\/05\/Logo_mini.png","contentUrl":"https:\/\/l2sacrifice.fr\/wp-content\/uploads\/2020\/05\/Logo_mini.png","width":225,"height":225,"caption":"darksimonus"},"logo":{"@id":"https:\/\/l2sacrifice.fr\/#\/schema\/person\/image\/"}}]}},"_links":{"self":[{"href":"https:\/\/l2sacrifice.fr\/index.php?rest_route=\/wp\/v2\/pages\/1790","targetHints":{"allow":["GET"]}}],"collection":[{"href":"https:\/\/l2sacrifice.fr\/index.php?rest_route=\/wp\/v2\/pages"}],"about":[{"href":"https:\/\/l2sacrifice.fr\/index.php?rest_route=\/wp\/v2\/types\/page"}],"author":[{"embeddable":true,"href":"https:\/\/l2sacrifice.fr\/index.php?rest_route=\/wp\/v2\/users\/1"}],"replies":[{"embeddable":true,"href":"https:\/\/l2sacrifice.fr\/index.php?rest_route=%2Fwp%2Fv2%2Fcomments&post=1790"}],"version-history":[{"count":13,"href":"https:\/\/l2sacrifice.fr\/index.php?rest_route=\/wp\/v2\/pages\/1790\/revisions"}],"predecessor-version":[{"id":1913,"href":"https:\/\/l2sacrifice.fr\/index.php?rest_route=\/wp\/v2\/pages\/1790\/revisions\/1913"}],"wp:featuredmedia":[{"embeddable":true,"href":"https:\/\/l2sacrifice.fr\/index.php?rest_route=\/wp\/v2\/media\/1794"}],"wp:attachment":[{"href":"https:\/\/l2sacrifice.fr\/index.php?rest_route=%2Fwp%2Fv2%2Fmedia&parent=1790"}],"curies":[{"name":"wp","href":"https:\/\/api.w.org\/{rel}","templated":true}]}}