{"id":1778,"date":"2020-10-08T14:12:28","date_gmt":"2020-10-08T12:12:28","guid":{"rendered":"https:\/\/l2sacrifice.fr\/?page_id=1778"},"modified":"2020-10-08T14:12:29","modified_gmt":"2020-10-08T12:12:29","slug":"xp-pvp-zone","status":"publish","type":"page","link":"https:\/\/l2sacrifice.fr\/?page_id=1778","title":{"rendered":"XP PVP Zone"},"content":{"rendered":"\n<p>Quand vous \u00eates lvl90 apr\u00e8s avoir fini les Gold PVP Zone inf\u00e9rieur \u00e0 90, vous pourrez vous orienter vers les  XP PVP Zone,  pour leveler rapidement<\/p>\n\n\n\n<p> Pour vous y rendre dans vos zones de d\u00e9part ou dans les villes, il vous faudra parler au Sacrifice Gatekeeper: <\/p>\n\n\n\n<div class=\"wp-block-image\"><figure class=\"aligncenter size-large\"><img loading=\"lazy\" decoding=\"async\" width=\"329\" height=\"421\" src=\"https:\/\/l2sacrifice.fr\/wp-content\/uploads\/2020\/10\/image-7.png\" alt=\"\" class=\"wp-image-1779\"\/><\/figure><\/div>\n\n\n\n<div class=\"wp-block-image\"><figure class=\"aligncenter size-large\"><img loading=\"lazy\" decoding=\"async\" width=\"328\" height=\"420\" src=\"https:\/\/l2sacrifice.fr\/wp-content\/uploads\/2020\/10\/image-8.png\" alt=\"\" class=\"wp-image-1780\"\/><\/figure><\/div>\n\n\n\n<div class=\"wp-block-image\"><figure class=\"aligncenter size-large\"><img loading=\"lazy\" decoding=\"async\" width=\"328\" height=\"421\" src=\"https:\/\/l2sacrifice.fr\/wp-content\/uploads\/2020\/10\/image-9.png\" alt=\"\" class=\"wp-image-1781\"\/><\/figure><\/div>\n\n\n\n<div class=\"wp-block-image\"><figure class=\"aligncenter size-large\"><img loading=\"lazy\" decoding=\"async\" width=\"328\" height=\"418\" src=\"https:\/\/l2sacrifice.fr\/wp-content\/uploads\/2020\/10\/image-10.png\" alt=\"\" class=\"wp-image-1782\"\/><\/figure><\/div>\n","protected":false},"excerpt":{"rendered":"<p>Quand vous \u00eates lvl90 apr\u00e8s avoir fini les Gold PVP Zone inf\u00e9rieur \u00e0 90, vous pourrez vous orienter vers les XP PVP Zone, pour leveler rapidement Pour vous y rendre dans vos zones de d\u00e9part ou dans les villes, il vous faudra parler au Sacrifice Gatekeeper:<\/p>\n","protected":false},"author":1,"featured_media":0,"parent":0,"menu_order":0,"comment_status":"closed","ping_status":"closed","template":"","meta":{"footnotes":""},"class_list":["post-1778","page","type-page","status-publish","hentry"],"yoast_head":"<!-- This site is optimized with the Yoast SEO plugin v27.0 - https:\/\/yoast.com\/product\/yoast-seo-wordpress\/ -->\n<title>XP PVP Zone - L2Sacrifice<\/title>\n<meta name=\"robots\" content=\"index, follow, max-snippet:-1, max-image-preview:large, max-video-preview:-1\" \/>\n<link rel=\"canonical\" href=\"https:\/\/l2sacrifice.fr\/?page_id=1778\" \/>\n<meta property=\"og:locale\" content=\"fr_FR\" \/>\n<meta property=\"og:type\" content=\"article\" \/>\n<meta property=\"og:title\" content=\"XP PVP Zone - L2Sacrifice\" \/>\n<meta property=\"og:description\" content=\"Quand vous \u00eates lvl90 apr\u00e8s avoir fini les Gold PVP Zone inf\u00e9rieur \u00e0 90, vous pourrez vous orienter vers les XP PVP Zone, pour leveler rapidement Pour vous y rendre dans vos zones de d\u00e9part ou dans les villes, il vous faudra parler au Sacrifice Gatekeeper:\" \/>\n<meta property=\"og:url\" content=\"https:\/\/l2sacrifice.fr\/?page_id=1778\" \/>\n<meta property=\"og:site_name\" content=\"L2Sacrifice\" \/>\n<meta property=\"article:modified_time\" content=\"2020-10-08T12:12:29+00:00\" \/>\n<meta property=\"og:image\" content=\"https:\/\/l2sacrifice.fr\/wp-content\/uploads\/2020\/10\/image-7.png\" \/>\n<meta name=\"twitter:card\" content=\"summary_large_image\" \/>\n<script type=\"application\/ld+json\" class=\"yoast-schema-graph\">{\"@context\":\"https:\/\/schema.org\",\"@graph\":[{\"@type\":\"WebPage\",\"@id\":\"https:\/\/l2sacrifice.fr\/?page_id=1778\",\"url\":\"https:\/\/l2sacrifice.fr\/?page_id=1778\",\"name\":\"XP PVP Zone - L2Sacrifice\",\"isPartOf\":{\"@id\":\"https:\/\/l2sacrifice.fr\/#website\"},\"primaryImageOfPage\":{\"@id\":\"https:\/\/l2sacrifice.fr\/?page_id=1778#primaryimage\"},\"image\":{\"@id\":\"https:\/\/l2sacrifice.fr\/?page_id=1778#primaryimage\"},\"thumbnailUrl\":\"https:\/\/l2sacrifice.fr\/wp-content\/uploads\/2020\/10\/image-7.png\",\"datePublished\":\"2020-10-08T12:12:28+00:00\",\"dateModified\":\"2020-10-08T12:12:29+00:00\",\"breadcrumb\":{\"@id\":\"https:\/\/l2sacrifice.fr\/?page_id=1778#breadcrumb\"},\"inLanguage\":\"fr-FR\",\"potentialAction\":[{\"@type\":\"ReadAction\",\"target\":[\"https:\/\/l2sacrifice.fr\/?page_id=1778\"]}]},{\"@type\":\"ImageObject\",\"inLanguage\":\"fr-FR\",\"@id\":\"https:\/\/l2sacrifice.fr\/?page_id=1778#primaryimage\",\"url\":\"https:\/\/l2sacrifice.fr\/wp-content\/uploads\/2020\/10\/image-7.png\",\"contentUrl\":\"https:\/\/l2sacrifice.fr\/wp-content\/uploads\/2020\/10\/image-7.png\",\"width\":329,\"height\":421},{\"@type\":\"BreadcrumbList\",\"@id\":\"https:\/\/l2sacrifice.fr\/?page_id=1778#breadcrumb\",\"itemListElement\":[{\"@type\":\"ListItem\",\"position\":1,\"name\":\"Home\",\"item\":\"https:\/\/l2sacrifice.fr\/\"},{\"@type\":\"ListItem\",\"position\":2,\"name\":\"XP PVP Zone\"}]},{\"@type\":\"WebSite\",\"@id\":\"https:\/\/l2sacrifice.fr\/#website\",\"url\":\"https:\/\/l2sacrifice.fr\/\",\"name\":\"L2Sacrifice\",\"description\":\"Lineage 2 Sacrifice pour la vie\",\"publisher\":{\"@id\":\"https:\/\/l2sacrifice.fr\/#\/schema\/person\/4ff20fbcfb77afded60cac13ff16dfa8\"},\"potentialAction\":[{\"@type\":\"SearchAction\",\"target\":{\"@type\":\"EntryPoint\",\"urlTemplate\":\"https:\/\/l2sacrifice.fr\/?s={search_term_string}\"},\"query-input\":{\"@type\":\"PropertyValueSpecification\",\"valueRequired\":true,\"valueName\":\"search_term_string\"}}],\"inLanguage\":\"fr-FR\"},{\"@type\":[\"Person\",\"Organization\"],\"@id\":\"https:\/\/l2sacrifice.fr\/#\/schema\/person\/4ff20fbcfb77afded60cac13ff16dfa8\",\"name\":\"darksimonus\",\"image\":{\"@type\":\"ImageObject\",\"inLanguage\":\"fr-FR\",\"@id\":\"https:\/\/l2sacrifice.fr\/#\/schema\/person\/image\/\",\"url\":\"https:\/\/l2sacrifice.fr\/wp-content\/uploads\/2020\/05\/Logo_mini.png\",\"contentUrl\":\"https:\/\/l2sacrifice.fr\/wp-content\/uploads\/2020\/05\/Logo_mini.png\",\"width\":225,\"height\":225,\"caption\":\"darksimonus\"},\"logo\":{\"@id\":\"https:\/\/l2sacrifice.fr\/#\/schema\/person\/image\/\"}}]}<\/script>\n<!-- \/ Yoast SEO plugin. -->","yoast_head_json":{"title":"XP PVP Zone - L2Sacrifice","robots":{"index":"index","follow":"follow","max-snippet":"max-snippet:-1","max-image-preview":"max-image-preview:large","max-video-preview":"max-video-preview:-1"},"canonical":"https:\/\/l2sacrifice.fr\/?page_id=1778","og_locale":"fr_FR","og_type":"article","og_title":"XP PVP Zone - L2Sacrifice","og_description":"Quand vous \u00eates lvl90 apr\u00e8s avoir fini les Gold PVP Zone inf\u00e9rieur \u00e0 90, vous pourrez vous orienter vers les XP PVP Zone, pour leveler rapidement Pour vous y rendre dans vos zones de d\u00e9part ou dans les villes, il vous faudra parler au Sacrifice Gatekeeper:","og_url":"https:\/\/l2sacrifice.fr\/?page_id=1778","og_site_name":"L2Sacrifice","article_modified_time":"2020-10-08T12:12:29+00:00","og_image":[{"url":"https:\/\/l2sacrifice.fr\/wp-content\/uploads\/2020\/10\/image-7.png","type":"","width":"","height":""}],"twitter_card":"summary_large_image","schema":{"@context":"https:\/\/schema.org","@graph":[{"@type":"WebPage","@id":"https:\/\/l2sacrifice.fr\/?page_id=1778","url":"https:\/\/l2sacrifice.fr\/?page_id=1778","name":"XP PVP Zone - L2Sacrifice","isPartOf":{"@id":"https:\/\/l2sacrifice.fr\/#website"},"primaryImageOfPage":{"@id":"https:\/\/l2sacrifice.fr\/?page_id=1778#primaryimage"},"image":{"@id":"https:\/\/l2sacrifice.fr\/?page_id=1778#primaryimage"},"thumbnailUrl":"https:\/\/l2sacrifice.fr\/wp-content\/uploads\/2020\/10\/image-7.png","datePublished":"2020-10-08T12:12:28+00:00","dateModified":"2020-10-08T12:12:29+00:00","breadcrumb":{"@id":"https:\/\/l2sacrifice.fr\/?page_id=1778#breadcrumb"},"inLanguage":"fr-FR","potentialAction":[{"@type":"ReadAction","target":["https:\/\/l2sacrifice.fr\/?page_id=1778"]}]},{"@type":"ImageObject","inLanguage":"fr-FR","@id":"https:\/\/l2sacrifice.fr\/?page_id=1778#primaryimage","url":"https:\/\/l2sacrifice.fr\/wp-content\/uploads\/2020\/10\/image-7.png","contentUrl":"https:\/\/l2sacrifice.fr\/wp-content\/uploads\/2020\/10\/image-7.png","width":329,"height":421},{"@type":"BreadcrumbList","@id":"https:\/\/l2sacrifice.fr\/?page_id=1778#breadcrumb","itemListElement":[{"@type":"ListItem","position":1,"name":"Home","item":"https:\/\/l2sacrifice.fr\/"},{"@type":"ListItem","position":2,"name":"XP PVP Zone"}]},{"@type":"WebSite","@id":"https:\/\/l2sacrifice.fr\/#website","url":"https:\/\/l2sacrifice.fr\/","name":"L2Sacrifice","description":"Lineage 2 Sacrifice pour la vie","publisher":{"@id":"https:\/\/l2sacrifice.fr\/#\/schema\/person\/4ff20fbcfb77afded60cac13ff16dfa8"},"potentialAction":[{"@type":"SearchAction","target":{"@type":"EntryPoint","urlTemplate":"https:\/\/l2sacrifice.fr\/?s={search_term_string}"},"query-input":{"@type":"PropertyValueSpecification","valueRequired":true,"valueName":"search_term_string"}}],"inLanguage":"fr-FR"},{"@type":["Person","Organization"],"@id":"https:\/\/l2sacrifice.fr\/#\/schema\/person\/4ff20fbcfb77afded60cac13ff16dfa8","name":"darksimonus","image":{"@type":"ImageObject","inLanguage":"fr-FR","@id":"https:\/\/l2sacrifice.fr\/#\/schema\/person\/image\/","url":"https:\/\/l2sacrifice.fr\/wp-content\/uploads\/2020\/05\/Logo_mini.png","contentUrl":"https:\/\/l2sacrifice.fr\/wp-content\/uploads\/2020\/05\/Logo_mini.png","width":225,"height":225,"caption":"darksimonus"},"logo":{"@id":"https:\/\/l2sacrifice.fr\/#\/schema\/person\/image\/"}}]}},"_links":{"self":[{"href":"https:\/\/l2sacrifice.fr\/index.php?rest_route=\/wp\/v2\/pages\/1778","targetHints":{"allow":["GET"]}}],"collection":[{"href":"https:\/\/l2sacrifice.fr\/index.php?rest_route=\/wp\/v2\/pages"}],"about":[{"href":"https:\/\/l2sacrifice.fr\/index.php?rest_route=\/wp\/v2\/types\/page"}],"author":[{"embeddable":true,"href":"https:\/\/l2sacrifice.fr\/index.php?rest_route=\/wp\/v2\/users\/1"}],"replies":[{"embeddable":true,"href":"https:\/\/l2sacrifice.fr\/index.php?rest_route=%2Fwp%2Fv2%2Fcomments&post=1778"}],"version-history":[{"count":1,"href":"https:\/\/l2sacrifice.fr\/index.php?rest_route=\/wp\/v2\/pages\/1778\/revisions"}],"predecessor-version":[{"id":1783,"href":"https:\/\/l2sacrifice.fr\/index.php?rest_route=\/wp\/v2\/pages\/1778\/revisions\/1783"}],"wp:attachment":[{"href":"https:\/\/l2sacrifice.fr\/index.php?rest_route=%2Fwp%2Fv2%2Fmedia&parent=1778"}],"curies":[{"name":"wp","href":"https:\/\/api.w.org\/{rel}","templated":true}]}}