{"id":1761,"date":"2020-10-08T13:36:42","date_gmt":"2020-10-08T11:36:42","guid":{"rendered":"https:\/\/l2sacrifice.fr\/?page_id=1761"},"modified":"2020-10-08T14:55:37","modified_gmt":"2020-10-08T12:55:37","slug":"gold-zone","status":"publish","type":"page","link":"https:\/\/l2sacrifice.fr\/?page_id=1761","title":{"rendered":"Gold PVP Zone"},"content":{"rendered":"\n<p>Sur Sacrifice quand vous d\u00e9butez il faut privil\u00e9gier les Gold Zone qui permettent d&rsquo;obtenir de bon drop et gagner beaucoup d&rsquo;adena et beaucoup d&rsquo;XP pour les Gold Zone inf\u00e9rieur \u00e0 90, cependant ces zones sont dangereux car vous \u00eatre constamment flag (violet) et vous pouvez vous faire tuer par d&rsquo;autres joueurs<\/p>\n\n\n\n<p>Pour vous y rendre dans vos zones de d\u00e9part ou dans les villes, il vous faudra parler au Sacrifice Gatekeeper:<\/p>\n\n\n\n<div class=\"wp-block-image\"><figure class=\"aligncenter size-large\"><img loading=\"lazy\" decoding=\"async\" width=\"329\" height=\"421\" src=\"https:\/\/l2sacrifice.fr\/wp-content\/uploads\/2020\/10\/image.png\" alt=\"\" class=\"wp-image-1762\"\/><\/figure><\/div>\n\n\n\n<div class=\"wp-block-image\"><figure class=\"aligncenter size-large\"><img loading=\"lazy\" decoding=\"async\" width=\"328\" height=\"420\" src=\"https:\/\/l2sacrifice.fr\/wp-content\/uploads\/2020\/10\/image-1.png\" alt=\"\" class=\"wp-image-1763\"\/><\/figure><\/div>\n\n\n\n<div class=\"wp-block-image\"><figure class=\"aligncenter size-large\"><img loading=\"lazy\" decoding=\"async\" width=\"328\" height=\"421\" src=\"https:\/\/l2sacrifice.fr\/wp-content\/uploads\/2020\/10\/image-2.png\" alt=\"\" class=\"wp-image-1764\"\/><\/figure><\/div>\n\n\n\n<p>Si vous \u00eates plus peureux et recherchez le s\u00e9curit\u00e9, il est pr\u00e9f\u00e9rable pour vous d\u2019aller dans les Sacrifice Safe Guard Zone<\/p>\n\n\n\n<div class=\"wp-block-image\"><figure class=\"aligncenter size-large\"><img loading=\"lazy\" decoding=\"async\" width=\"328\" height=\"420\" src=\"https:\/\/l2sacrifice.fr\/wp-content\/uploads\/2020\/10\/image-3.png\" alt=\"\" class=\"wp-image-1769\"\/><\/figure><\/div>\n","protected":false},"excerpt":{"rendered":"<p>Sur Sacrifice quand vous d\u00e9butez il faut privil\u00e9gier les Gold Zone qui permettent d&rsquo;obtenir de bon drop et gagner beaucoup d&rsquo;adena et beaucoup d&rsquo;XP pour les Gold Zone inf\u00e9rieur \u00e0 90, cependant ces zones sont dangereux car vous \u00eatre constamment flag (violet) et vous pouvez vous faire tuer par d&rsquo;autres joueurs Pour vous y rendre &hellip; <\/p>\n<p class=\"link-more\"><a href=\"https:\/\/l2sacrifice.fr\/?page_id=1761\" class=\"more-link\">Continuer la lecture<span class=\"screen-reader-text\"> de &laquo;&nbsp;Gold PVP Zone&nbsp;&raquo;<\/span><\/a><\/p>\n","protected":false},"author":1,"featured_media":0,"parent":0,"menu_order":0,"comment_status":"closed","ping_status":"closed","template":"","meta":{"footnotes":""},"class_list":["post-1761","page","type-page","status-publish","hentry"],"yoast_head":"<!-- This site is optimized with the Yoast SEO plugin v27.0 - https:\/\/yoast.com\/product\/yoast-seo-wordpress\/ -->\n<title>Gold PVP Zone - L2Sacrifice<\/title>\n<meta name=\"robots\" content=\"index, follow, max-snippet:-1, max-image-preview:large, max-video-preview:-1\" \/>\n<link rel=\"canonical\" href=\"https:\/\/l2sacrifice.fr\/?page_id=1761\" \/>\n<meta property=\"og:locale\" content=\"fr_FR\" \/>\n<meta property=\"og:type\" content=\"article\" \/>\n<meta property=\"og:title\" content=\"Gold PVP Zone - L2Sacrifice\" \/>\n<meta property=\"og:description\" content=\"Sur Sacrifice quand vous d\u00e9butez il faut privil\u00e9gier les Gold Zone qui permettent d&rsquo;obtenir de bon drop et gagner beaucoup d&rsquo;adena et beaucoup d&rsquo;XP pour les Gold Zone inf\u00e9rieur \u00e0 90, cependant ces zones sont dangereux car vous \u00eatre constamment flag (violet) et vous pouvez vous faire tuer par d&rsquo;autres joueurs Pour vous y rendre &hellip; Continuer la lecture de &laquo;&nbsp;Gold PVP Zone&nbsp;&raquo;\" \/>\n<meta property=\"og:url\" content=\"https:\/\/l2sacrifice.fr\/?page_id=1761\" \/>\n<meta property=\"og:site_name\" content=\"L2Sacrifice\" \/>\n<meta property=\"article:modified_time\" content=\"2020-10-08T12:55:37+00:00\" \/>\n<meta property=\"og:image\" content=\"https:\/\/l2sacrifice.fr\/wp-content\/uploads\/2020\/10\/image.png\" \/>\n<meta name=\"twitter:card\" content=\"summary_large_image\" \/>\n<script type=\"application\/ld+json\" class=\"yoast-schema-graph\">{\"@context\":\"https:\/\/schema.org\",\"@graph\":[{\"@type\":\"WebPage\",\"@id\":\"https:\/\/l2sacrifice.fr\/?page_id=1761\",\"url\":\"https:\/\/l2sacrifice.fr\/?page_id=1761\",\"name\":\"Gold PVP Zone - L2Sacrifice\",\"isPartOf\":{\"@id\":\"https:\/\/l2sacrifice.fr\/#website\"},\"primaryImageOfPage\":{\"@id\":\"https:\/\/l2sacrifice.fr\/?page_id=1761#primaryimage\"},\"image\":{\"@id\":\"https:\/\/l2sacrifice.fr\/?page_id=1761#primaryimage\"},\"thumbnailUrl\":\"https:\/\/l2sacrifice.fr\/wp-content\/uploads\/2020\/10\/image.png\",\"datePublished\":\"2020-10-08T11:36:42+00:00\",\"dateModified\":\"2020-10-08T12:55:37+00:00\",\"breadcrumb\":{\"@id\":\"https:\/\/l2sacrifice.fr\/?page_id=1761#breadcrumb\"},\"inLanguage\":\"fr-FR\",\"potentialAction\":[{\"@type\":\"ReadAction\",\"target\":[\"https:\/\/l2sacrifice.fr\/?page_id=1761\"]}]},{\"@type\":\"ImageObject\",\"inLanguage\":\"fr-FR\",\"@id\":\"https:\/\/l2sacrifice.fr\/?page_id=1761#primaryimage\",\"url\":\"https:\/\/l2sacrifice.fr\/wp-content\/uploads\/2020\/10\/image.png\",\"contentUrl\":\"https:\/\/l2sacrifice.fr\/wp-content\/uploads\/2020\/10\/image.png\",\"width\":329,\"height\":421},{\"@type\":\"BreadcrumbList\",\"@id\":\"https:\/\/l2sacrifice.fr\/?page_id=1761#breadcrumb\",\"itemListElement\":[{\"@type\":\"ListItem\",\"position\":1,\"name\":\"Home\",\"item\":\"https:\/\/l2sacrifice.fr\/\"},{\"@type\":\"ListItem\",\"position\":2,\"name\":\"Gold PVP Zone\"}]},{\"@type\":\"WebSite\",\"@id\":\"https:\/\/l2sacrifice.fr\/#website\",\"url\":\"https:\/\/l2sacrifice.fr\/\",\"name\":\"L2Sacrifice\",\"description\":\"Lineage 2 Sacrifice pour la vie\",\"publisher\":{\"@id\":\"https:\/\/l2sacrifice.fr\/#\/schema\/person\/4ff20fbcfb77afded60cac13ff16dfa8\"},\"potentialAction\":[{\"@type\":\"SearchAction\",\"target\":{\"@type\":\"EntryPoint\",\"urlTemplate\":\"https:\/\/l2sacrifice.fr\/?s={search_term_string}\"},\"query-input\":{\"@type\":\"PropertyValueSpecification\",\"valueRequired\":true,\"valueName\":\"search_term_string\"}}],\"inLanguage\":\"fr-FR\"},{\"@type\":[\"Person\",\"Organization\"],\"@id\":\"https:\/\/l2sacrifice.fr\/#\/schema\/person\/4ff20fbcfb77afded60cac13ff16dfa8\",\"name\":\"darksimonus\",\"image\":{\"@type\":\"ImageObject\",\"inLanguage\":\"fr-FR\",\"@id\":\"https:\/\/l2sacrifice.fr\/#\/schema\/person\/image\/\",\"url\":\"https:\/\/l2sacrifice.fr\/wp-content\/uploads\/2020\/05\/Logo_mini.png\",\"contentUrl\":\"https:\/\/l2sacrifice.fr\/wp-content\/uploads\/2020\/05\/Logo_mini.png\",\"width\":225,\"height\":225,\"caption\":\"darksimonus\"},\"logo\":{\"@id\":\"https:\/\/l2sacrifice.fr\/#\/schema\/person\/image\/\"}}]}<\/script>\n<!-- \/ Yoast SEO plugin. -->","yoast_head_json":{"title":"Gold PVP Zone - L2Sacrifice","robots":{"index":"index","follow":"follow","max-snippet":"max-snippet:-1","max-image-preview":"max-image-preview:large","max-video-preview":"max-video-preview:-1"},"canonical":"https:\/\/l2sacrifice.fr\/?page_id=1761","og_locale":"fr_FR","og_type":"article","og_title":"Gold PVP Zone - L2Sacrifice","og_description":"Sur Sacrifice quand vous d\u00e9butez il faut privil\u00e9gier les Gold Zone qui permettent d&rsquo;obtenir de bon drop et gagner beaucoup d&rsquo;adena et beaucoup d&rsquo;XP pour les Gold Zone inf\u00e9rieur \u00e0 90, cependant ces zones sont dangereux car vous \u00eatre constamment flag (violet) et vous pouvez vous faire tuer par d&rsquo;autres joueurs Pour vous y rendre &hellip; Continuer la lecture de &laquo;&nbsp;Gold PVP Zone&nbsp;&raquo;","og_url":"https:\/\/l2sacrifice.fr\/?page_id=1761","og_site_name":"L2Sacrifice","article_modified_time":"2020-10-08T12:55:37+00:00","og_image":[{"url":"https:\/\/l2sacrifice.fr\/wp-content\/uploads\/2020\/10\/image.png","type":"","width":"","height":""}],"twitter_card":"summary_large_image","schema":{"@context":"https:\/\/schema.org","@graph":[{"@type":"WebPage","@id":"https:\/\/l2sacrifice.fr\/?page_id=1761","url":"https:\/\/l2sacrifice.fr\/?page_id=1761","name":"Gold PVP Zone - L2Sacrifice","isPartOf":{"@id":"https:\/\/l2sacrifice.fr\/#website"},"primaryImageOfPage":{"@id":"https:\/\/l2sacrifice.fr\/?page_id=1761#primaryimage"},"image":{"@id":"https:\/\/l2sacrifice.fr\/?page_id=1761#primaryimage"},"thumbnailUrl":"https:\/\/l2sacrifice.fr\/wp-content\/uploads\/2020\/10\/image.png","datePublished":"2020-10-08T11:36:42+00:00","dateModified":"2020-10-08T12:55:37+00:00","breadcrumb":{"@id":"https:\/\/l2sacrifice.fr\/?page_id=1761#breadcrumb"},"inLanguage":"fr-FR","potentialAction":[{"@type":"ReadAction","target":["https:\/\/l2sacrifice.fr\/?page_id=1761"]}]},{"@type":"ImageObject","inLanguage":"fr-FR","@id":"https:\/\/l2sacrifice.fr\/?page_id=1761#primaryimage","url":"https:\/\/l2sacrifice.fr\/wp-content\/uploads\/2020\/10\/image.png","contentUrl":"https:\/\/l2sacrifice.fr\/wp-content\/uploads\/2020\/10\/image.png","width":329,"height":421},{"@type":"BreadcrumbList","@id":"https:\/\/l2sacrifice.fr\/?page_id=1761#breadcrumb","itemListElement":[{"@type":"ListItem","position":1,"name":"Home","item":"https:\/\/l2sacrifice.fr\/"},{"@type":"ListItem","position":2,"name":"Gold PVP Zone"}]},{"@type":"WebSite","@id":"https:\/\/l2sacrifice.fr\/#website","url":"https:\/\/l2sacrifice.fr\/","name":"L2Sacrifice","description":"Lineage 2 Sacrifice pour la vie","publisher":{"@id":"https:\/\/l2sacrifice.fr\/#\/schema\/person\/4ff20fbcfb77afded60cac13ff16dfa8"},"potentialAction":[{"@type":"SearchAction","target":{"@type":"EntryPoint","urlTemplate":"https:\/\/l2sacrifice.fr\/?s={search_term_string}"},"query-input":{"@type":"PropertyValueSpecification","valueRequired":true,"valueName":"search_term_string"}}],"inLanguage":"fr-FR"},{"@type":["Person","Organization"],"@id":"https:\/\/l2sacrifice.fr\/#\/schema\/person\/4ff20fbcfb77afded60cac13ff16dfa8","name":"darksimonus","image":{"@type":"ImageObject","inLanguage":"fr-FR","@id":"https:\/\/l2sacrifice.fr\/#\/schema\/person\/image\/","url":"https:\/\/l2sacrifice.fr\/wp-content\/uploads\/2020\/05\/Logo_mini.png","contentUrl":"https:\/\/l2sacrifice.fr\/wp-content\/uploads\/2020\/05\/Logo_mini.png","width":225,"height":225,"caption":"darksimonus"},"logo":{"@id":"https:\/\/l2sacrifice.fr\/#\/schema\/person\/image\/"}}]}},"_links":{"self":[{"href":"https:\/\/l2sacrifice.fr\/index.php?rest_route=\/wp\/v2\/pages\/1761","targetHints":{"allow":["GET"]}}],"collection":[{"href":"https:\/\/l2sacrifice.fr\/index.php?rest_route=\/wp\/v2\/pages"}],"about":[{"href":"https:\/\/l2sacrifice.fr\/index.php?rest_route=\/wp\/v2\/types\/page"}],"author":[{"embeddable":true,"href":"https:\/\/l2sacrifice.fr\/index.php?rest_route=\/wp\/v2\/users\/1"}],"replies":[{"embeddable":true,"href":"https:\/\/l2sacrifice.fr\/index.php?rest_route=%2Fwp%2Fv2%2Fcomments&post=1761"}],"version-history":[{"count":6,"href":"https:\/\/l2sacrifice.fr\/index.php?rest_route=\/wp\/v2\/pages\/1761\/revisions"}],"predecessor-version":[{"id":1785,"href":"https:\/\/l2sacrifice.fr\/index.php?rest_route=\/wp\/v2\/pages\/1761\/revisions\/1785"}],"wp:attachment":[{"href":"https:\/\/l2sacrifice.fr\/index.php?rest_route=%2Fwp%2Fv2%2Fmedia&parent=1761"}],"curies":[{"name":"wp","href":"https:\/\/api.w.org\/{rel}","templated":true}]}}