{"id":1694,"date":"2020-07-26T18:15:12","date_gmt":"2020-07-26T16:15:12","guid":{"rendered":"https:\/\/l2sacrifice.fr\/?page_id=1694"},"modified":"2020-07-26T18:40:37","modified_gmt":"2020-07-26T16:40:37","slug":"tera-transformation-5eme-rebirth","status":"publish","type":"page","link":"https:\/\/l2sacrifice.fr\/?page_id=1694","title":{"rendered":"Tera Transformation 5\u00e8me Rebirth"},"content":{"rendered":"\n<p>Les transformations de classe Tera \u00e9voluent: pour obtenir leurs \u00e9volutions, il vous faudra avoir la 5<sup>\u00e8me<\/sup> Rebirth, avoir votre 1<sup>\u00e8re<\/sup> transformation classe puis obtenir 10 Tera Confirmation Ticket et refaire une Tera Letter.<\/p>\n\n\n\n<div class=\"wp-block-image\"><figure class=\"aligncenter size-large is-resized\"><img loading=\"lazy\" decoding=\"async\" src=\"https:\/\/l2sacrifice.fr\/wp-content\/uploads\/2020\/07\/image-4.png\" alt=\"\" class=\"wp-image-1696\" width=\"89\" height=\"89\"\/><figcaption>Tera Confirmation Letter<\/figcaption><\/figure><\/div>\n\n\n\n<div class=\"wp-block-image\"><figure class=\"aligncenter size-large is-resized\"><img loading=\"lazy\" decoding=\"async\" src=\"https:\/\/l2sacrifice.fr\/wp-content\/uploads\/2020\/07\/image-3.png\" alt=\"\" class=\"wp-image-1695\" width=\"85\" height=\"90\"\/><figcaption>Tera Letter<\/figcaption><\/figure><\/div>\n\n\n\n<p>Les Tera Confirmation Tickets s\u2019obtient gr\u00e2ce \u00e0 l\u2019instance\u00a0: \u00ab\u00a0Tera Confrimation\u00a0\u00bb qui est un gros crystal qui se trouve \u00e0 c\u00f4t\u00e9 du manager.<\/p>\n\n\n\n<div class=\"wp-block-image\"><figure class=\"aligncenter size-large\"><img loading=\"lazy\" decoding=\"async\" width=\"1194\" height=\"783\" src=\"https:\/\/l2sacrifice.fr\/wp-content\/uploads\/2020\/07\/image-5.png\" alt=\"\" class=\"wp-image-1697\"\/><\/figure><\/div>\n\n\n\n<p>Pour entrer dans l\u2019instance qui est accessible tous les 20h, il faut faudra \u00eatre transformer en 1\u00e8re transformation Classe, avoir une arme Tera pour pouvoir taper les mobs, \u00eatre Rebirth 5, donner 1M de Tera Gold et \u00eatre en party de 2.<\/p>\n\n\n\n<div class=\"wp-block-image\"><figure class=\"aligncenter size-large\"><img loading=\"lazy\" decoding=\"async\" width=\"1199\" height=\"874\" src=\"https:\/\/l2sacrifice.fr\/wp-content\/uploads\/2020\/07\/image-6.png\" alt=\"\" class=\"wp-image-1698\"\/><\/figure><\/div>\n\n\n\n<div class=\"wp-block-image\"><figure class=\"aligncenter size-large\"><img loading=\"lazy\" decoding=\"async\" width=\"337\" height=\"436\" src=\"https:\/\/l2sacrifice.fr\/wp-content\/uploads\/2020\/07\/image-7.png\" alt=\"\" class=\"wp-image-1699\"\/><\/figure><\/div>\n\n\n\n<p>L\u2019instance poss\u00e8de 2 phases, vous affronterez les 1<sup>\u00e8res<\/sup>\nTera Transformations Femelle puis Males, un Crystal de transition \u00e0 d\u00e9truire\nvous permettra d\u2019acc\u00e9der \u00e0 la phase 2 ou vous combattrez les 5<sup>\u00e8me<\/sup>\nRebirth Tera Transformations Femelle puis Males. Pour terminer l\u2019instance il\nvous faudra d\u00e9truire le Crystal final. Vous obtiendrez au final le Tera\nConfirmation Ticket.<\/p>\n\n\n\n<p>A noter que sur chaque mob vous dropez individuellement 2 Tera Transfo Spirit \u00e0 utiliser pour vos Transformation Tera Rebirth 5.<\/p>\n\n\n\n<div class=\"wp-block-image\"><figure class=\"aligncenter size-large is-resized\"><img loading=\"lazy\" decoding=\"async\" src=\"https:\/\/l2sacrifice.fr\/wp-content\/uploads\/2020\/07\/image-8.png\" alt=\"\" class=\"wp-image-1700\" width=\"97\" height=\"100\"\/><figcaption> Tera Transfo Spirit  <\/figcaption><\/figure><\/div>\n\n\n\n<p>Pour cr\u00e9er le La lettre 5<sup>\u00e8me<\/sup> Rebirth Transformation il faudra les cr\u00e9er sur le Crystal.<\/p>\n\n\n\n<figure class=\"wp-block-image size-large\"><img loading=\"lazy\" decoding=\"async\" width=\"1199\" height=\"874\" src=\"https:\/\/l2sacrifice.fr\/wp-content\/uploads\/2020\/07\/image-6.png\" alt=\"\" class=\"wp-image-1698\"\/><\/figure>\n\n\n\n<p>Puis il vous faudra parler au manager pour obtenir votre transformation Class Rebirth 5<\/p>\n\n\n\n<div class=\"wp-block-image\"><figure class=\"aligncenter size-large\"><img loading=\"lazy\" decoding=\"async\" width=\"523\" height=\"435\" src=\"https:\/\/l2sacrifice.fr\/wp-content\/uploads\/2020\/07\/image-9.png\" alt=\"\" class=\"wp-image-1703\"\/><\/figure><\/div>\n\n\n\n<p> <\/p>\n\n\n\n<figure class=\"wp-block-image size-large\"><img loading=\"lazy\" decoding=\"async\" width=\"717\" height=\"628\" src=\"https:\/\/l2sacrifice.fr\/wp-content\/uploads\/2020\/07\/image-10.png\" alt=\"\" class=\"wp-image-1707\"\/><\/figure>\n\n\n\n<p>Et vous obtiendrez le skill transfo class R5<\/p>\n\n\n\n<figure class=\"wp-block-video aligncenter\"><video controls src=\"https:\/\/l2sacrifice.fr\/wp-content\/uploads\/2020\/07\/Tera_Dualist_R5_M.mp4\"><\/video><\/figure>\n","protected":false},"excerpt":{"rendered":"<p>Les transformations de classe Tera \u00e9voluent: pour obtenir leurs \u00e9volutions, il vous faudra avoir la 5\u00e8me Rebirth, avoir votre 1\u00e8re transformation classe puis obtenir 10 Tera Confirmation Ticket et refaire une Tera Letter. Les Tera Confirmation Tickets s\u2019obtient gr\u00e2ce \u00e0 l\u2019instance\u00a0: \u00ab\u00a0Tera Confrimation\u00a0\u00bb qui est un gros crystal qui se trouve \u00e0 c\u00f4t\u00e9 du manager. &hellip; <\/p>\n<p class=\"link-more\"><a href=\"https:\/\/l2sacrifice.fr\/?page_id=1694\" class=\"more-link\">Continuer la lecture<span class=\"screen-reader-text\"> de &laquo;&nbsp;Tera Transformation 5\u00e8me Rebirth&nbsp;&raquo;<\/span><\/a><\/p>\n","protected":false},"author":1,"featured_media":1725,"parent":0,"menu_order":0,"comment_status":"closed","ping_status":"closed","template":"","meta":{"footnotes":""},"class_list":["post-1694","page","type-page","status-publish","has-post-thumbnail","hentry"],"yoast_head":"<!-- This site is optimized with the Yoast SEO plugin v27.0 - https:\/\/yoast.com\/product\/yoast-seo-wordpress\/ -->\n<title>Tera Transformation 5\u00e8me Rebirth - L2Sacrifice<\/title>\n<meta name=\"robots\" content=\"index, follow, max-snippet:-1, max-image-preview:large, max-video-preview:-1\" \/>\n<link rel=\"canonical\" href=\"https:\/\/l2sacrifice.fr\/?page_id=1694\" \/>\n<meta property=\"og:locale\" content=\"fr_FR\" \/>\n<meta property=\"og:type\" content=\"article\" \/>\n<meta property=\"og:title\" content=\"Tera Transformation 5\u00e8me Rebirth - L2Sacrifice\" \/>\n<meta property=\"og:description\" content=\"Les transformations de classe Tera \u00e9voluent: pour obtenir leurs \u00e9volutions, il vous faudra avoir la 5\u00e8me Rebirth, avoir votre 1\u00e8re transformation classe puis obtenir 10 Tera Confirmation Ticket et refaire une Tera Letter. Les Tera Confirmation Tickets s\u2019obtient gr\u00e2ce \u00e0 l\u2019instance\u00a0: \u00ab\u00a0Tera Confrimation\u00a0\u00bb qui est un gros crystal qui se trouve \u00e0 c\u00f4t\u00e9 du manager. &hellip; Continuer la lecture de &laquo;&nbsp;Tera Transformation 5\u00e8me Rebirth&nbsp;&raquo;\" \/>\n<meta property=\"og:url\" content=\"https:\/\/l2sacrifice.fr\/?page_id=1694\" \/>\n<meta property=\"og:site_name\" content=\"L2Sacrifice\" \/>\n<meta property=\"article:modified_time\" content=\"2020-07-26T16:40:37+00:00\" \/>\n<meta property=\"og:image\" content=\"https:\/\/l2sacrifice.fr\/wp-content\/uploads\/2020\/07\/Tera_Transfo_R5.png\" \/>\n\t<meta property=\"og:image:width\" content=\"1010\" \/>\n\t<meta property=\"og:image:height\" content=\"510\" \/>\n\t<meta property=\"og:image:type\" content=\"image\/png\" \/>\n<meta name=\"twitter:card\" content=\"summary_large_image\" \/>\n<meta name=\"twitter:label1\" content=\"Dur\u00e9e de lecture estim\u00e9e\" \/>\n\t<meta name=\"twitter:data1\" content=\"1 minute\" \/>\n<script type=\"application\/ld+json\" class=\"yoast-schema-graph\">{\"@context\":\"https:\/\/schema.org\",\"@graph\":[{\"@type\":\"WebPage\",\"@id\":\"https:\/\/l2sacrifice.fr\/?page_id=1694\",\"url\":\"https:\/\/l2sacrifice.fr\/?page_id=1694\",\"name\":\"Tera Transformation 5\u00e8me Rebirth - L2Sacrifice\",\"isPartOf\":{\"@id\":\"https:\/\/l2sacrifice.fr\/#website\"},\"primaryImageOfPage\":{\"@id\":\"https:\/\/l2sacrifice.fr\/?page_id=1694#primaryimage\"},\"image\":{\"@id\":\"https:\/\/l2sacrifice.fr\/?page_id=1694#primaryimage\"},\"thumbnailUrl\":\"https:\/\/l2sacrifice.fr\/wp-content\/uploads\/2020\/07\/Tera_Transfo_R5.png\",\"datePublished\":\"2020-07-26T16:15:12+00:00\",\"dateModified\":\"2020-07-26T16:40:37+00:00\",\"breadcrumb\":{\"@id\":\"https:\/\/l2sacrifice.fr\/?page_id=1694#breadcrumb\"},\"inLanguage\":\"fr-FR\",\"potentialAction\":[{\"@type\":\"ReadAction\",\"target\":[\"https:\/\/l2sacrifice.fr\/?page_id=1694\"]}]},{\"@type\":\"ImageObject\",\"inLanguage\":\"fr-FR\",\"@id\":\"https:\/\/l2sacrifice.fr\/?page_id=1694#primaryimage\",\"url\":\"https:\/\/l2sacrifice.fr\/wp-content\/uploads\/2020\/07\/Tera_Transfo_R5.png\",\"contentUrl\":\"https:\/\/l2sacrifice.fr\/wp-content\/uploads\/2020\/07\/Tera_Transfo_R5.png\",\"width\":1010,\"height\":510},{\"@type\":\"BreadcrumbList\",\"@id\":\"https:\/\/l2sacrifice.fr\/?page_id=1694#breadcrumb\",\"itemListElement\":[{\"@type\":\"ListItem\",\"position\":1,\"name\":\"Home\",\"item\":\"https:\/\/l2sacrifice.fr\/\"},{\"@type\":\"ListItem\",\"position\":2,\"name\":\"Tera Transformation 5\u00e8me Rebirth\"}]},{\"@type\":\"WebSite\",\"@id\":\"https:\/\/l2sacrifice.fr\/#website\",\"url\":\"https:\/\/l2sacrifice.fr\/\",\"name\":\"L2Sacrifice\",\"description\":\"Lineage 2 Sacrifice pour la vie\",\"publisher\":{\"@id\":\"https:\/\/l2sacrifice.fr\/#\/schema\/person\/4ff20fbcfb77afded60cac13ff16dfa8\"},\"potentialAction\":[{\"@type\":\"SearchAction\",\"target\":{\"@type\":\"EntryPoint\",\"urlTemplate\":\"https:\/\/l2sacrifice.fr\/?s={search_term_string}\"},\"query-input\":{\"@type\":\"PropertyValueSpecification\",\"valueRequired\":true,\"valueName\":\"search_term_string\"}}],\"inLanguage\":\"fr-FR\"},{\"@type\":[\"Person\",\"Organization\"],\"@id\":\"https:\/\/l2sacrifice.fr\/#\/schema\/person\/4ff20fbcfb77afded60cac13ff16dfa8\",\"name\":\"darksimonus\",\"image\":{\"@type\":\"ImageObject\",\"inLanguage\":\"fr-FR\",\"@id\":\"https:\/\/l2sacrifice.fr\/#\/schema\/person\/image\/\",\"url\":\"https:\/\/l2sacrifice.fr\/wp-content\/uploads\/2020\/05\/Logo_mini.png\",\"contentUrl\":\"https:\/\/l2sacrifice.fr\/wp-content\/uploads\/2020\/05\/Logo_mini.png\",\"width\":225,\"height\":225,\"caption\":\"darksimonus\"},\"logo\":{\"@id\":\"https:\/\/l2sacrifice.fr\/#\/schema\/person\/image\/\"}}]}<\/script>\n<!-- \/ Yoast SEO plugin. -->","yoast_head_json":{"title":"Tera Transformation 5\u00e8me Rebirth - L2Sacrifice","robots":{"index":"index","follow":"follow","max-snippet":"max-snippet:-1","max-image-preview":"max-image-preview:large","max-video-preview":"max-video-preview:-1"},"canonical":"https:\/\/l2sacrifice.fr\/?page_id=1694","og_locale":"fr_FR","og_type":"article","og_title":"Tera Transformation 5\u00e8me Rebirth - L2Sacrifice","og_description":"Les transformations de classe Tera \u00e9voluent: pour obtenir leurs \u00e9volutions, il vous faudra avoir la 5\u00e8me Rebirth, avoir votre 1\u00e8re transformation classe puis obtenir 10 Tera Confirmation Ticket et refaire une Tera Letter. Les Tera Confirmation Tickets s\u2019obtient gr\u00e2ce \u00e0 l\u2019instance\u00a0: \u00ab\u00a0Tera Confrimation\u00a0\u00bb qui est un gros crystal qui se trouve \u00e0 c\u00f4t\u00e9 du manager. &hellip; Continuer la lecture de &laquo;&nbsp;Tera Transformation 5\u00e8me Rebirth&nbsp;&raquo;","og_url":"https:\/\/l2sacrifice.fr\/?page_id=1694","og_site_name":"L2Sacrifice","article_modified_time":"2020-07-26T16:40:37+00:00","og_image":[{"width":1010,"height":510,"url":"https:\/\/l2sacrifice.fr\/wp-content\/uploads\/2020\/07\/Tera_Transfo_R5.png","type":"image\/png"}],"twitter_card":"summary_large_image","twitter_misc":{"Dur\u00e9e de lecture estim\u00e9e":"1 minute"},"schema":{"@context":"https:\/\/schema.org","@graph":[{"@type":"WebPage","@id":"https:\/\/l2sacrifice.fr\/?page_id=1694","url":"https:\/\/l2sacrifice.fr\/?page_id=1694","name":"Tera Transformation 5\u00e8me Rebirth - L2Sacrifice","isPartOf":{"@id":"https:\/\/l2sacrifice.fr\/#website"},"primaryImageOfPage":{"@id":"https:\/\/l2sacrifice.fr\/?page_id=1694#primaryimage"},"image":{"@id":"https:\/\/l2sacrifice.fr\/?page_id=1694#primaryimage"},"thumbnailUrl":"https:\/\/l2sacrifice.fr\/wp-content\/uploads\/2020\/07\/Tera_Transfo_R5.png","datePublished":"2020-07-26T16:15:12+00:00","dateModified":"2020-07-26T16:40:37+00:00","breadcrumb":{"@id":"https:\/\/l2sacrifice.fr\/?page_id=1694#breadcrumb"},"inLanguage":"fr-FR","potentialAction":[{"@type":"ReadAction","target":["https:\/\/l2sacrifice.fr\/?page_id=1694"]}]},{"@type":"ImageObject","inLanguage":"fr-FR","@id":"https:\/\/l2sacrifice.fr\/?page_id=1694#primaryimage","url":"https:\/\/l2sacrifice.fr\/wp-content\/uploads\/2020\/07\/Tera_Transfo_R5.png","contentUrl":"https:\/\/l2sacrifice.fr\/wp-content\/uploads\/2020\/07\/Tera_Transfo_R5.png","width":1010,"height":510},{"@type":"BreadcrumbList","@id":"https:\/\/l2sacrifice.fr\/?page_id=1694#breadcrumb","itemListElement":[{"@type":"ListItem","position":1,"name":"Home","item":"https:\/\/l2sacrifice.fr\/"},{"@type":"ListItem","position":2,"name":"Tera Transformation 5\u00e8me Rebirth"}]},{"@type":"WebSite","@id":"https:\/\/l2sacrifice.fr\/#website","url":"https:\/\/l2sacrifice.fr\/","name":"L2Sacrifice","description":"Lineage 2 Sacrifice pour la vie","publisher":{"@id":"https:\/\/l2sacrifice.fr\/#\/schema\/person\/4ff20fbcfb77afded60cac13ff16dfa8"},"potentialAction":[{"@type":"SearchAction","target":{"@type":"EntryPoint","urlTemplate":"https:\/\/l2sacrifice.fr\/?s={search_term_string}"},"query-input":{"@type":"PropertyValueSpecification","valueRequired":true,"valueName":"search_term_string"}}],"inLanguage":"fr-FR"},{"@type":["Person","Organization"],"@id":"https:\/\/l2sacrifice.fr\/#\/schema\/person\/4ff20fbcfb77afded60cac13ff16dfa8","name":"darksimonus","image":{"@type":"ImageObject","inLanguage":"fr-FR","@id":"https:\/\/l2sacrifice.fr\/#\/schema\/person\/image\/","url":"https:\/\/l2sacrifice.fr\/wp-content\/uploads\/2020\/05\/Logo_mini.png","contentUrl":"https:\/\/l2sacrifice.fr\/wp-content\/uploads\/2020\/05\/Logo_mini.png","width":225,"height":225,"caption":"darksimonus"},"logo":{"@id":"https:\/\/l2sacrifice.fr\/#\/schema\/person\/image\/"}}]}},"_links":{"self":[{"href":"https:\/\/l2sacrifice.fr\/index.php?rest_route=\/wp\/v2\/pages\/1694","targetHints":{"allow":["GET"]}}],"collection":[{"href":"https:\/\/l2sacrifice.fr\/index.php?rest_route=\/wp\/v2\/pages"}],"about":[{"href":"https:\/\/l2sacrifice.fr\/index.php?rest_route=\/wp\/v2\/types\/page"}],"author":[{"embeddable":true,"href":"https:\/\/l2sacrifice.fr\/index.php?rest_route=\/wp\/v2\/users\/1"}],"replies":[{"embeddable":true,"href":"https:\/\/l2sacrifice.fr\/index.php?rest_route=%2Fwp%2Fv2%2Fcomments&post=1694"}],"version-history":[{"count":4,"href":"https:\/\/l2sacrifice.fr\/index.php?rest_route=\/wp\/v2\/pages\/1694\/revisions"}],"predecessor-version":[{"id":1711,"href":"https:\/\/l2sacrifice.fr\/index.php?rest_route=\/wp\/v2\/pages\/1694\/revisions\/1711"}],"wp:featuredmedia":[{"embeddable":true,"href":"https:\/\/l2sacrifice.fr\/index.php?rest_route=\/wp\/v2\/media\/1725"}],"wp:attachment":[{"href":"https:\/\/l2sacrifice.fr\/index.php?rest_route=%2Fwp%2Fv2%2Fmedia&parent=1694"}],"curies":[{"name":"wp","href":"https:\/\/api.w.org\/{rel}","templated":true}]}}