{"id":1622,"date":"2020-06-25T11:13:33","date_gmt":"2020-06-25T09:13:33","guid":{"rendered":"https:\/\/l2sacrifice.fr\/?page_id=1622"},"modified":"2020-06-25T15:30:18","modified_gmt":"2020-06-25T13:30:18","slug":"soloboss","status":"publish","type":"page","link":"https:\/\/l2sacrifice.fr\/?page_id=1622","title":{"rendered":"SoloBoss"},"content":{"rendered":"\n<center><iframe loading=\"lazy\" src=\"https:\/\/www.youtube.com\/embed\/81x5NDH_Chc\" allow=\"accelerometer; autoplay; encrypted-media; gyroscope; picture-in-picture\" allowfullscreen=\"\" width=\"560\" height=\"315\" frameborder=\"0\"><\/iframe><\/center>\n\n\n\n<p>En solo ou en duo vous pouvez affronter les plus grand boss \u00e0 bijou<\/p>\n\n\n\n<p>Pour affronter les Soloboss vous devez vous rendre \u00e0 Goddard et voir les Boss Manager et Boss Shop<\/p>\n\n\n\n<p>Vous devez vous \u00e9quipez pour participer aux instances, pour cela parlez \u00e0 Gunnor:<\/p>\n\n\n\n<div class=\"wp-block-image\"><figure class=\"aligncenter size-large\"><img loading=\"lazy\" decoding=\"async\" width=\"251\" height=\"383\" src=\"https:\/\/l2sacrifice.fr\/wp-content\/uploads\/2020\/06\/image-8.png\" alt=\"\" class=\"wp-image-1632\"\/><\/figure><\/div>\n\n\n\n<p>Choisir SoloBoss Shop puis SoloBoss Stuff R99 (ou X99 si vous \u00eates Rebirth 5):<\/p>\n\n\n\n<div class=\"wp-block-image\"><figure class=\"aligncenter size-large\"><img loading=\"lazy\" decoding=\"async\" width=\"326\" height=\"424\" src=\"https:\/\/l2sacrifice.fr\/wp-content\/uploads\/2020\/06\/image-9.png\" alt=\"\" class=\"wp-image-1633\"\/><\/figure><\/div>\n\n\n\n<div class=\"wp-block-image\"><figure class=\"aligncenter size-large\"><img loading=\"lazy\" decoding=\"async\" width=\"333\" height=\"425\" src=\"https:\/\/l2sacrifice.fr\/wp-content\/uploads\/2020\/06\/image-10.png\" alt=\"\" class=\"wp-image-1634\"\/><\/figure><\/div>\n\n\n\n<p>Vous pourrez achetez Weapon, Armor Set, Cloak, Helmet, Hood et bijou:<\/p>\n\n\n\n<div class=\"wp-block-image\"><figure class=\"aligncenter size-large\"><img loading=\"lazy\" decoding=\"async\" width=\"329\" height=\"421\" src=\"https:\/\/l2sacrifice.fr\/wp-content\/uploads\/2020\/06\/image-11.png\" alt=\"\" class=\"wp-image-1635\"\/><\/figure><\/div>\n\n\n\n<div class=\"wp-block-image\"><figure class=\"aligncenter size-large\"><img loading=\"lazy\" decoding=\"async\" width=\"522\" height=\"437\" src=\"https:\/\/l2sacrifice.fr\/wp-content\/uploads\/2020\/06\/image-12.png\" alt=\"\" class=\"wp-image-1636\"\/><\/figure><\/div>\n\n\n\n<div class=\"wp-block-image\"><figure class=\"aligncenter size-large\"><img loading=\"lazy\" decoding=\"async\" width=\"519\" height=\"429\" src=\"https:\/\/l2sacrifice.fr\/wp-content\/uploads\/2020\/06\/image-13.png\" alt=\"\" class=\"wp-image-1637\"\/><\/figure><\/div>\n\n\n\n<div class=\"wp-block-image\"><figure class=\"aligncenter size-large\"><img loading=\"lazy\" decoding=\"async\" width=\"522\" height=\"433\" src=\"https:\/\/l2sacrifice.fr\/wp-content\/uploads\/2020\/06\/image-15.png\" alt=\"\" class=\"wp-image-1640\"\/><\/figure><\/div>\n\n\n\n<div class=\"wp-block-image\"><figure class=\"aligncenter size-large\"><img loading=\"lazy\" decoding=\"async\" width=\"519\" height=\"435\" src=\"https:\/\/l2sacrifice.fr\/wp-content\/uploads\/2020\/06\/image-16.png\" alt=\"\" class=\"wp-image-1642\"\/><\/figure><\/div>\n\n\n\n<div class=\"wp-block-image\"><figure class=\"aligncenter size-large\"><img loading=\"lazy\" decoding=\"async\" width=\"519\" height=\"435\" src=\"https:\/\/l2sacrifice.fr\/wp-content\/uploads\/2020\/06\/image-18.png\" alt=\"\" class=\"wp-image-1644\"\/><\/figure><\/div>\n\n\n\n<div class=\"wp-block-image\"><figure class=\"aligncenter size-large\"><img loading=\"lazy\" decoding=\"async\" width=\"516\" height=\"428\" src=\"https:\/\/l2sacrifice.fr\/wp-content\/uploads\/2020\/06\/image-19.png\" alt=\"\" class=\"wp-image-1645\"\/><\/figure><\/div>\n\n\n\n<p>Shadow Solo Stuff R99:<\/p>\n\n\n\n<center><iframe loading=\"lazy\" width=\"560\" height=\"315\" src=\"https:\/\/www.youtube.com\/embed\/_Bkm0E6ubaQ\" frameborder=\"0\" allow=\"accelerometer; autoplay; encrypted-media; gyroscope; picture-in-picture\" allowfullscreen><\/iframe><\/center>\n\n\n\n<p> Shadow Solo Stuff X99: <\/p>\n\n\n\n<center><iframe loading=\"lazy\" width=\"560\" height=\"315\" src=\"https:\/\/www.youtube.com\/embed\/CEDolsfcsbo\" frameborder=\"0\" allow=\"accelerometer; autoplay; encrypted-media; gyroscope; picture-in-picture\" allowfullscreen><\/iframe><\/center>\n\n\n\n<p>Une fois \u00e9quip\u00e9, il vous faut un ticket SoloBoss:<\/p>\n\n\n\n<div class=\"wp-block-image\"><figure class=\"aligncenter size-large\"><img loading=\"lazy\" decoding=\"async\" width=\"337\" height=\"431\" src=\"https:\/\/l2sacrifice.fr\/wp-content\/uploads\/2020\/06\/image-20.png\" alt=\"\" class=\"wp-image-1648\"\/><\/figure><\/div>\n\n\n\n<div class=\"wp-block-image\"><figure class=\"aligncenter size-large\"><img loading=\"lazy\" decoding=\"async\" width=\"517\" height=\"220\" src=\"https:\/\/l2sacrifice.fr\/wp-content\/uploads\/2020\/06\/image-21.png\" alt=\"\" class=\"wp-image-1649\"\/><\/figure><\/div>\n\n\n\n<p>Il vous faudra faire plusieurs fois les instances pour acheter ces bijoux:<\/p>\n\n\n\n<div class=\"wp-block-image\"><figure class=\"aligncenter size-large\"><img loading=\"lazy\" decoding=\"async\" width=\"175\" height=\"164\" src=\"https:\/\/l2sacrifice.fr\/wp-content\/uploads\/2020\/06\/image-22.png\" alt=\"\" class=\"wp-image-1650\"\/><\/figure><\/div>\n\n\n\n<div class=\"wp-block-image\"><figure class=\"aligncenter size-large\"><img loading=\"lazy\" decoding=\"async\" width=\"522\" height=\"438\" src=\"https:\/\/l2sacrifice.fr\/wp-content\/uploads\/2020\/06\/image-23.png\" alt=\"\" class=\"wp-image-1651\"\/><\/figure><\/div>\n\n\n\n<p>Il faudra dans un premier temps faire la version S84 en affrontant les SoloBoss S84<\/p>\n\n\n\n<p>les instances se font tout les 20h et si vous la terminez vous obtenez un locked Jewel du boss choisi<\/p>\n\n\n\n<p>Il vous faudra  cr\u00e9er  5 Cl\u00e9s soloboss (qui se cr\u00e9er en r\u00e9alisant une fois toute les instances Soloboss)<\/p>\n\n\n\n<p>et r\u00e9unir 30 locked du bijou de votre choix pour faire votre bijou<\/p>\n\n\n\n<p>Une fois vos bijoux S84 obtenu vous pourrez r\u00e9aliser les instances R99 pour convertir vos bijoux en R99 puis de la m\u00eame fa\u00e7on convertir vos bijoux R99 en X99<\/p>\n\n\n\n<div class=\"wp-block-image\"><figure class=\"aligncenter size-large\"><img loading=\"lazy\" decoding=\"async\" width=\"520\" height=\"433\" src=\"https:\/\/l2sacrifice.fr\/wp-content\/uploads\/2020\/06\/image-24.png\" alt=\"\" class=\"wp-image-1652\"\/><\/figure><\/div>\n\n\n\n<div class=\"wp-block-image\"><figure class=\"aligncenter size-large\"><img loading=\"lazy\" decoding=\"async\" width=\"513\" height=\"428\" src=\"https:\/\/l2sacrifice.fr\/wp-content\/uploads\/2020\/06\/image-25.png\" alt=\"\" class=\"wp-image-1653\"\/><\/figure><\/div>\n\n\n\n<p>Pour r\u00e9aliser les instances parler au Baron Vanheine:<\/p>\n\n\n\n<div class=\"wp-block-image\"><figure class=\"aligncenter size-large\"><img loading=\"lazy\" decoding=\"async\" width=\"270\" height=\"435\" src=\"https:\/\/l2sacrifice.fr\/wp-content\/uploads\/2020\/06\/image-26.png\" alt=\"\" class=\"wp-image-1655\"\/><\/figure><\/div>\n\n\n\n<p>Choisir Soloboss:<\/p>\n\n\n\n<div class=\"wp-block-image\"><figure class=\"aligncenter size-large\"><img loading=\"lazy\" decoding=\"async\" width=\"339\" height=\"428\" src=\"https:\/\/l2sacrifice.fr\/wp-content\/uploads\/2020\/06\/image-27.png\" alt=\"\" class=\"wp-image-1656\"\/><\/figure><\/div>\n\n\n\n<p>Puis choisir l&rsquo;un des 14 Boss:<\/p>\n\n\n\n<div class=\"wp-block-image\"><figure class=\"aligncenter size-large\"><img loading=\"lazy\" decoding=\"async\" width=\"326\" height=\"705\" src=\"https:\/\/l2sacrifice.fr\/wp-content\/uploads\/2020\/06\/image-29.png\" alt=\"\" class=\"wp-image-1659\"\/><\/figure><\/div>\n\n\n\n<div class=\"wp-block-image\"><figure class=\"aligncenter size-large\"><img loading=\"lazy\" decoding=\"async\" width=\"332\" height=\"422\" src=\"https:\/\/l2sacrifice.fr\/wp-content\/uploads\/2020\/06\/image-30.png\" alt=\"\" class=\"wp-image-1661\"\/><\/figure><\/div>\n\n\n\n<p>A la fin de l&rsquo;instance il ne faut pas oublier de faire les Soloboss Coffres qui contiennent plein de drops int\u00e9ressants, tous types d&rsquo;enchant, fragment Boss, glittering&#8230;.<\/p>\n\n\n\n<center><iframe loading=\"lazy\" width=\"560\" height=\"315\" src=\"https:\/\/www.youtube.com\/embed\/VcjrxTxNY7Y\" frameborder=\"0\" allow=\"accelerometer; autoplay; encrypted-media; gyroscope; picture-in-picture\" allowfullscreen><\/iframe><\/center>\n\n\n\n\n<center><iframe loading=\"lazy\" width=\"560\" height=\"315\" src=\"https:\/\/www.youtube.com\/embed\/tcXVixg8aVg\" frameborder=\"0\" allow=\"accelerometer; autoplay; encrypted-media; gyroscope; picture-in-picture\" allowfullscreen><\/iframe><\/center>\n\n\n\n\n<center><iframe loading=\"lazy\" width=\"560\" height=\"315\" src=\"https:\/\/www.youtube.com\/embed\/Xarkp9Ja94I\" frameborder=\"0\" allow=\"accelerometer; autoplay; encrypted-media; gyroscope; picture-in-picture\" allowfullscreen><\/iframe><\/center>\n","protected":false},"excerpt":{"rendered":"<p>En solo ou en duo vous pouvez affronter les plus grand boss \u00e0 bijou Pour affronter les Soloboss vous devez vous rendre \u00e0 Goddard et voir les Boss Manager et Boss Shop Vous devez vous \u00e9quipez pour participer aux instances, pour cela parlez \u00e0 Gunnor: Choisir SoloBoss Shop puis SoloBoss Stuff R99 (ou X99 si &hellip; <\/p>\n<p class=\"link-more\"><a href=\"https:\/\/l2sacrifice.fr\/?page_id=1622\" class=\"more-link\">Continuer la lecture<span class=\"screen-reader-text\"> de &laquo;&nbsp;SoloBoss&nbsp;&raquo;<\/span><\/a><\/p>\n","protected":false},"author":1,"featured_media":1627,"parent":0,"menu_order":0,"comment_status":"closed","ping_status":"closed","template":"","meta":{"footnotes":""},"class_list":["post-1622","page","type-page","status-publish","has-post-thumbnail","hentry"],"yoast_head":"<!-- This site is optimized with the Yoast SEO plugin v27.0 - https:\/\/yoast.com\/product\/yoast-seo-wordpress\/ -->\n<title>SoloBoss - L2Sacrifice<\/title>\n<meta name=\"robots\" content=\"index, follow, max-snippet:-1, max-image-preview:large, max-video-preview:-1\" \/>\n<link rel=\"canonical\" href=\"https:\/\/l2sacrifice.fr\/?page_id=1622\" \/>\n<meta property=\"og:locale\" content=\"fr_FR\" \/>\n<meta property=\"og:type\" content=\"article\" \/>\n<meta property=\"og:title\" content=\"SoloBoss - L2Sacrifice\" \/>\n<meta property=\"og:description\" content=\"En solo ou en duo vous pouvez affronter les plus grand boss \u00e0 bijou Pour affronter les Soloboss vous devez vous rendre \u00e0 Goddard et voir les Boss Manager et Boss Shop Vous devez vous \u00e9quipez pour participer aux instances, pour cela parlez \u00e0 Gunnor: Choisir SoloBoss Shop puis SoloBoss Stuff R99 (ou X99 si &hellip; Continuer la lecture de &laquo;&nbsp;SoloBoss&nbsp;&raquo;\" \/>\n<meta property=\"og:url\" content=\"https:\/\/l2sacrifice.fr\/?page_id=1622\" \/>\n<meta property=\"og:site_name\" content=\"L2Sacrifice\" \/>\n<meta property=\"article:modified_time\" content=\"2020-06-25T13:30:18+00:00\" \/>\n<meta property=\"og:image\" content=\"https:\/\/l2sacrifice.fr\/wp-content\/uploads\/2020\/06\/SoloBoss_title.png\" \/>\n\t<meta property=\"og:image:width\" content=\"1010\" \/>\n\t<meta property=\"og:image:height\" content=\"510\" \/>\n\t<meta property=\"og:image:type\" content=\"image\/png\" \/>\n<meta name=\"twitter:card\" content=\"summary_large_image\" \/>\n<meta name=\"twitter:label1\" content=\"Dur\u00e9e de lecture estim\u00e9e\" \/>\n\t<meta name=\"twitter:data1\" content=\"1 minute\" \/>\n<script type=\"application\/ld+json\" class=\"yoast-schema-graph\">{\"@context\":\"https:\/\/schema.org\",\"@graph\":[{\"@type\":\"WebPage\",\"@id\":\"https:\/\/l2sacrifice.fr\/?page_id=1622\",\"url\":\"https:\/\/l2sacrifice.fr\/?page_id=1622\",\"name\":\"SoloBoss - L2Sacrifice\",\"isPartOf\":{\"@id\":\"https:\/\/l2sacrifice.fr\/#website\"},\"primaryImageOfPage\":{\"@id\":\"https:\/\/l2sacrifice.fr\/?page_id=1622#primaryimage\"},\"image\":{\"@id\":\"https:\/\/l2sacrifice.fr\/?page_id=1622#primaryimage\"},\"thumbnailUrl\":\"https:\/\/l2sacrifice.fr\/wp-content\/uploads\/2020\/06\/SoloBoss_title.png\",\"datePublished\":\"2020-06-25T09:13:33+00:00\",\"dateModified\":\"2020-06-25T13:30:18+00:00\",\"breadcrumb\":{\"@id\":\"https:\/\/l2sacrifice.fr\/?page_id=1622#breadcrumb\"},\"inLanguage\":\"fr-FR\",\"potentialAction\":[{\"@type\":\"ReadAction\",\"target\":[\"https:\/\/l2sacrifice.fr\/?page_id=1622\"]}]},{\"@type\":\"ImageObject\",\"inLanguage\":\"fr-FR\",\"@id\":\"https:\/\/l2sacrifice.fr\/?page_id=1622#primaryimage\",\"url\":\"https:\/\/l2sacrifice.fr\/wp-content\/uploads\/2020\/06\/SoloBoss_title.png\",\"contentUrl\":\"https:\/\/l2sacrifice.fr\/wp-content\/uploads\/2020\/06\/SoloBoss_title.png\",\"width\":1010,\"height\":510},{\"@type\":\"BreadcrumbList\",\"@id\":\"https:\/\/l2sacrifice.fr\/?page_id=1622#breadcrumb\",\"itemListElement\":[{\"@type\":\"ListItem\",\"position\":1,\"name\":\"Home\",\"item\":\"https:\/\/l2sacrifice.fr\/\"},{\"@type\":\"ListItem\",\"position\":2,\"name\":\"SoloBoss\"}]},{\"@type\":\"WebSite\",\"@id\":\"https:\/\/l2sacrifice.fr\/#website\",\"url\":\"https:\/\/l2sacrifice.fr\/\",\"name\":\"L2Sacrifice\",\"description\":\"Lineage 2 Sacrifice pour la vie\",\"publisher\":{\"@id\":\"https:\/\/l2sacrifice.fr\/#\/schema\/person\/4ff20fbcfb77afded60cac13ff16dfa8\"},\"potentialAction\":[{\"@type\":\"SearchAction\",\"target\":{\"@type\":\"EntryPoint\",\"urlTemplate\":\"https:\/\/l2sacrifice.fr\/?s={search_term_string}\"},\"query-input\":{\"@type\":\"PropertyValueSpecification\",\"valueRequired\":true,\"valueName\":\"search_term_string\"}}],\"inLanguage\":\"fr-FR\"},{\"@type\":[\"Person\",\"Organization\"],\"@id\":\"https:\/\/l2sacrifice.fr\/#\/schema\/person\/4ff20fbcfb77afded60cac13ff16dfa8\",\"name\":\"darksimonus\",\"image\":{\"@type\":\"ImageObject\",\"inLanguage\":\"fr-FR\",\"@id\":\"https:\/\/l2sacrifice.fr\/#\/schema\/person\/image\/\",\"url\":\"https:\/\/l2sacrifice.fr\/wp-content\/uploads\/2020\/05\/Logo_mini.png\",\"contentUrl\":\"https:\/\/l2sacrifice.fr\/wp-content\/uploads\/2020\/05\/Logo_mini.png\",\"width\":225,\"height\":225,\"caption\":\"darksimonus\"},\"logo\":{\"@id\":\"https:\/\/l2sacrifice.fr\/#\/schema\/person\/image\/\"}}]}<\/script>\n<!-- \/ Yoast SEO plugin. -->","yoast_head_json":{"title":"SoloBoss - L2Sacrifice","robots":{"index":"index","follow":"follow","max-snippet":"max-snippet:-1","max-image-preview":"max-image-preview:large","max-video-preview":"max-video-preview:-1"},"canonical":"https:\/\/l2sacrifice.fr\/?page_id=1622","og_locale":"fr_FR","og_type":"article","og_title":"SoloBoss - L2Sacrifice","og_description":"En solo ou en duo vous pouvez affronter les plus grand boss \u00e0 bijou Pour affronter les Soloboss vous devez vous rendre \u00e0 Goddard et voir les Boss Manager et Boss Shop Vous devez vous \u00e9quipez pour participer aux instances, pour cela parlez \u00e0 Gunnor: Choisir SoloBoss Shop puis SoloBoss Stuff R99 (ou X99 si &hellip; Continuer la lecture de &laquo;&nbsp;SoloBoss&nbsp;&raquo;","og_url":"https:\/\/l2sacrifice.fr\/?page_id=1622","og_site_name":"L2Sacrifice","article_modified_time":"2020-06-25T13:30:18+00:00","og_image":[{"width":1010,"height":510,"url":"https:\/\/l2sacrifice.fr\/wp-content\/uploads\/2020\/06\/SoloBoss_title.png","type":"image\/png"}],"twitter_card":"summary_large_image","twitter_misc":{"Dur\u00e9e de lecture estim\u00e9e":"1 minute"},"schema":{"@context":"https:\/\/schema.org","@graph":[{"@type":"WebPage","@id":"https:\/\/l2sacrifice.fr\/?page_id=1622","url":"https:\/\/l2sacrifice.fr\/?page_id=1622","name":"SoloBoss - L2Sacrifice","isPartOf":{"@id":"https:\/\/l2sacrifice.fr\/#website"},"primaryImageOfPage":{"@id":"https:\/\/l2sacrifice.fr\/?page_id=1622#primaryimage"},"image":{"@id":"https:\/\/l2sacrifice.fr\/?page_id=1622#primaryimage"},"thumbnailUrl":"https:\/\/l2sacrifice.fr\/wp-content\/uploads\/2020\/06\/SoloBoss_title.png","datePublished":"2020-06-25T09:13:33+00:00","dateModified":"2020-06-25T13:30:18+00:00","breadcrumb":{"@id":"https:\/\/l2sacrifice.fr\/?page_id=1622#breadcrumb"},"inLanguage":"fr-FR","potentialAction":[{"@type":"ReadAction","target":["https:\/\/l2sacrifice.fr\/?page_id=1622"]}]},{"@type":"ImageObject","inLanguage":"fr-FR","@id":"https:\/\/l2sacrifice.fr\/?page_id=1622#primaryimage","url":"https:\/\/l2sacrifice.fr\/wp-content\/uploads\/2020\/06\/SoloBoss_title.png","contentUrl":"https:\/\/l2sacrifice.fr\/wp-content\/uploads\/2020\/06\/SoloBoss_title.png","width":1010,"height":510},{"@type":"BreadcrumbList","@id":"https:\/\/l2sacrifice.fr\/?page_id=1622#breadcrumb","itemListElement":[{"@type":"ListItem","position":1,"name":"Home","item":"https:\/\/l2sacrifice.fr\/"},{"@type":"ListItem","position":2,"name":"SoloBoss"}]},{"@type":"WebSite","@id":"https:\/\/l2sacrifice.fr\/#website","url":"https:\/\/l2sacrifice.fr\/","name":"L2Sacrifice","description":"Lineage 2 Sacrifice pour la vie","publisher":{"@id":"https:\/\/l2sacrifice.fr\/#\/schema\/person\/4ff20fbcfb77afded60cac13ff16dfa8"},"potentialAction":[{"@type":"SearchAction","target":{"@type":"EntryPoint","urlTemplate":"https:\/\/l2sacrifice.fr\/?s={search_term_string}"},"query-input":{"@type":"PropertyValueSpecification","valueRequired":true,"valueName":"search_term_string"}}],"inLanguage":"fr-FR"},{"@type":["Person","Organization"],"@id":"https:\/\/l2sacrifice.fr\/#\/schema\/person\/4ff20fbcfb77afded60cac13ff16dfa8","name":"darksimonus","image":{"@type":"ImageObject","inLanguage":"fr-FR","@id":"https:\/\/l2sacrifice.fr\/#\/schema\/person\/image\/","url":"https:\/\/l2sacrifice.fr\/wp-content\/uploads\/2020\/05\/Logo_mini.png","contentUrl":"https:\/\/l2sacrifice.fr\/wp-content\/uploads\/2020\/05\/Logo_mini.png","width":225,"height":225,"caption":"darksimonus"},"logo":{"@id":"https:\/\/l2sacrifice.fr\/#\/schema\/person\/image\/"}}]}},"_links":{"self":[{"href":"https:\/\/l2sacrifice.fr\/index.php?rest_route=\/wp\/v2\/pages\/1622","targetHints":{"allow":["GET"]}}],"collection":[{"href":"https:\/\/l2sacrifice.fr\/index.php?rest_route=\/wp\/v2\/pages"}],"about":[{"href":"https:\/\/l2sacrifice.fr\/index.php?rest_route=\/wp\/v2\/types\/page"}],"author":[{"embeddable":true,"href":"https:\/\/l2sacrifice.fr\/index.php?rest_route=\/wp\/v2\/users\/1"}],"replies":[{"embeddable":true,"href":"https:\/\/l2sacrifice.fr\/index.php?rest_route=%2Fwp%2Fv2%2Fcomments&post=1622"}],"version-history":[{"count":19,"href":"https:\/\/l2sacrifice.fr\/index.php?rest_route=\/wp\/v2\/pages\/1622\/revisions"}],"predecessor-version":[{"id":1673,"href":"https:\/\/l2sacrifice.fr\/index.php?rest_route=\/wp\/v2\/pages\/1622\/revisions\/1673"}],"wp:featuredmedia":[{"embeddable":true,"href":"https:\/\/l2sacrifice.fr\/index.php?rest_route=\/wp\/v2\/media\/1627"}],"wp:attachment":[{"href":"https:\/\/l2sacrifice.fr\/index.php?rest_route=%2Fwp%2Fv2%2Fmedia&parent=1622"}],"curies":[{"name":"wp","href":"https:\/\/api.w.org\/{rel}","templated":true}]}}