{"id":161,"date":"2020-05-02T10:52:59","date_gmt":"2020-05-02T08:52:59","guid":{"rendered":"https:\/\/l2sacrifice.fr\/?page_id=161"},"modified":"2020-05-07T14:37:20","modified_gmt":"2020-05-07T12:37:20","slug":"tannery","status":"publish","type":"page","link":"https:\/\/l2sacrifice.fr\/?page_id=161","title":{"rendered":"Tannery"},"content":{"rendered":"\n<p> Pour devenir un grand trappeur vous devez faire la qu\u00eate du tanneur:   <\/p>\n\n\n\n<center><figure><iframe loading=\"lazy\" src=\"https:\/\/www.youtube.com\/embed\/djefQo5Uy8w\" allowfullscreen=\"\" width=\"560\" height=\"315\"><\/iframe><\/figure><\/center>\n\n\n\n<p>Vous avez choisi le m\u00e9tier du cuire et de la chasse, voici comment ce m\u00e9tier fonctionne<\/p>\n\n\n\n<p>  Il se compose de votre Maitre Tanneur et de votre vos s\u00e9choirs:  <\/p>\n\n\n\n<div class=\"wp-block-image\"><figure class=\"aligncenter\"><img decoding=\"async\" src=\"https:\/\/l2sacrifice.fr\/wp-content\/uploads\/2020\/05\/image-36.png\" alt=\"L\u2019attribut alt de cette image est vide, son nom de fichier est image-36.png.\"\/><\/figure><\/div>\n\n\n\n<p>Le m\u00e9tier de tanneur vous permettra de transformer vos peaux en cuirs gr\u00e2ce aux peaux r\u00e9colt\u00e9es dans la zone sp\u00e9ciale gibier (pour vous y  rendre  utiliser le Sacrifice ou Job Gatekeeper qui se trouve au centre  de la  chambre des m\u00e9tier). <\/p>\n\n\n\n<div class=\"wp-block-image\"><figure class=\"aligncenter\"><img loading=\"lazy\" decoding=\"async\" width=\"291\" height=\"403\" src=\"https:\/\/l2sacrifice.fr\/wp-content\/uploads\/2020\/05\/Tannery_1.png\" alt=\"\" class=\"wp-image-612\"\/><\/figure><\/div>\n\n\n\n<p>Voici des exemples de cuir. Vous pouvez utiliser ces cuirs comme objet de craft pour obtenir des items ou  certains \u00e9quipements:   <\/p>\n\n\n\n<div class=\"wp-block-image\"><figure class=\"aligncenter\"><img loading=\"lazy\" decoding=\"async\" width=\"291\" height=\"403\" src=\"https:\/\/l2sacrifice.fr\/wp-content\/uploads\/2020\/05\/Tannery_2.png\" alt=\"\" class=\"wp-image-613\"\/><\/figure><\/div>\n\n\n\n<p>Pour tanner vos peaux vous devrez choisir une puissance de s\u00e9chage, plus vous  augmentez la puissance, plus vous pourrez obtenir de cuire cependant plus la puissance est  \u00e9lev\u00e9e plus il y a des  risques de rater son cuir.  <\/p>\n\n\n\n<div class=\"wp-block-image\"><figure class=\"aligncenter\"><img loading=\"lazy\" decoding=\"async\" width=\"291\" height=\"403\" src=\"https:\/\/l2sacrifice.fr\/wp-content\/uploads\/2020\/05\/Tannery_3.png\" alt=\"\" class=\"wp-image-615\"\/><\/figure><\/div>\n\n\n\n<p>Votre maitre tanneur Crokett vous proposera de confectionner avec vos  cuirs certains \u00e9quipements (Sacs, Ceintures&#8230;) ou obtenir une \u00e9valuation de votre   \u00e9quipement en grade   <\/p>\n\n\n\n<div class=\"wp-block-image\"><figure class=\"aligncenter\"><img loading=\"lazy\" decoding=\"async\" width=\"291\" height=\"742\" src=\"https:\/\/l2sacrifice.fr\/wp-content\/uploads\/2020\/05\/Tannery_4.png\" alt=\"\" class=\"wp-image-616\"\/><\/figure><\/div>\n\n\n\n<p>Attention vous devez combiner plusieurs objets de diff\u00e9rents m\u00e9tiers   pour pouvoir faire \u00e9voluer vos \u00e9quipements (il faudra donc avoir   plusieurs personnages avec des m\u00e9tiers diff\u00e9rents, ou vous organisez   dans votre clan)  <\/p>\n\n\n\n<p>Voici un exemple de farm de la zone gibier: <\/p>\n\n\n\n<center><figure><iframe loading=\"lazy\" src=\"https:\/\/www.youtube.com\/embed\/QLXjzzVa3xY\" allowfullscreen=\"\" width=\"560\" height=\"315\"><\/iframe><\/figure><\/center>\n","protected":false},"excerpt":{"rendered":"<p>Pour devenir un grand trappeur vous devez faire la qu\u00eate du tanneur: Vous avez choisi le m\u00e9tier du cuire et de la chasse, voici comment ce m\u00e9tier fonctionne Il se compose de votre Maitre Tanneur et de votre vos s\u00e9choirs: Le m\u00e9tier de tanneur vous permettra de transformer vos peaux en cuirs gr\u00e2ce aux peaux &hellip; <\/p>\n<p class=\"link-more\"><a href=\"https:\/\/l2sacrifice.fr\/?page_id=161\" class=\"more-link\">Continuer la lecture<span class=\"screen-reader-text\"> de &laquo;&nbsp;Tannery&nbsp;&raquo;<\/span><\/a><\/p>\n","protected":false},"author":1,"featured_media":648,"parent":0,"menu_order":0,"comment_status":"closed","ping_status":"closed","template":"","meta":{"footnotes":""},"class_list":["post-161","page","type-page","status-publish","has-post-thumbnail","hentry"],"yoast_head":"<!-- This site is optimized with the Yoast SEO plugin v27.0 - https:\/\/yoast.com\/product\/yoast-seo-wordpress\/ -->\n<title>Tannery - L2Sacrifice<\/title>\n<meta name=\"robots\" content=\"index, follow, max-snippet:-1, max-image-preview:large, max-video-preview:-1\" \/>\n<link rel=\"canonical\" href=\"https:\/\/l2sacrifice.fr\/?page_id=161\" \/>\n<meta property=\"og:locale\" content=\"fr_FR\" \/>\n<meta property=\"og:type\" content=\"article\" \/>\n<meta property=\"og:title\" content=\"Tannery - L2Sacrifice\" \/>\n<meta property=\"og:description\" content=\"Pour devenir un grand trappeur vous devez faire la qu\u00eate du tanneur: Vous avez choisi le m\u00e9tier du cuire et de la chasse, voici comment ce m\u00e9tier fonctionne Il se compose de votre Maitre Tanneur et de votre vos s\u00e9choirs: Le m\u00e9tier de tanneur vous permettra de transformer vos peaux en cuirs gr\u00e2ce aux peaux &hellip; Continuer la lecture de &laquo;&nbsp;Tannery&nbsp;&raquo;\" \/>\n<meta property=\"og:url\" content=\"https:\/\/l2sacrifice.fr\/?page_id=161\" \/>\n<meta property=\"og:site_name\" content=\"L2Sacrifice\" \/>\n<meta property=\"article:modified_time\" content=\"2020-05-07T12:37:20+00:00\" \/>\n<meta property=\"og:image\" content=\"https:\/\/l2sacrifice.fr\/wp-content\/uploads\/2020\/05\/Tannery_title.png\" \/>\n\t<meta property=\"og:image:width\" content=\"1010\" \/>\n\t<meta property=\"og:image:height\" content=\"510\" \/>\n\t<meta property=\"og:image:type\" content=\"image\/png\" \/>\n<meta name=\"twitter:card\" content=\"summary_large_image\" \/>\n<meta name=\"twitter:label1\" content=\"Dur\u00e9e de lecture estim\u00e9e\" \/>\n\t<meta name=\"twitter:data1\" content=\"1 minute\" \/>\n<script type=\"application\/ld+json\" class=\"yoast-schema-graph\">{\"@context\":\"https:\/\/schema.org\",\"@graph\":[{\"@type\":\"WebPage\",\"@id\":\"https:\/\/l2sacrifice.fr\/?page_id=161\",\"url\":\"https:\/\/l2sacrifice.fr\/?page_id=161\",\"name\":\"Tannery - L2Sacrifice\",\"isPartOf\":{\"@id\":\"https:\/\/l2sacrifice.fr\/#website\"},\"primaryImageOfPage\":{\"@id\":\"https:\/\/l2sacrifice.fr\/?page_id=161#primaryimage\"},\"image\":{\"@id\":\"https:\/\/l2sacrifice.fr\/?page_id=161#primaryimage\"},\"thumbnailUrl\":\"https:\/\/l2sacrifice.fr\/wp-content\/uploads\/2020\/05\/Tannery_title.png\",\"datePublished\":\"2020-05-02T08:52:59+00:00\",\"dateModified\":\"2020-05-07T12:37:20+00:00\",\"breadcrumb\":{\"@id\":\"https:\/\/l2sacrifice.fr\/?page_id=161#breadcrumb\"},\"inLanguage\":\"fr-FR\",\"potentialAction\":[{\"@type\":\"ReadAction\",\"target\":[\"https:\/\/l2sacrifice.fr\/?page_id=161\"]}]},{\"@type\":\"ImageObject\",\"inLanguage\":\"fr-FR\",\"@id\":\"https:\/\/l2sacrifice.fr\/?page_id=161#primaryimage\",\"url\":\"https:\/\/l2sacrifice.fr\/wp-content\/uploads\/2020\/05\/Tannery_title.png\",\"contentUrl\":\"https:\/\/l2sacrifice.fr\/wp-content\/uploads\/2020\/05\/Tannery_title.png\",\"width\":1010,\"height\":510},{\"@type\":\"BreadcrumbList\",\"@id\":\"https:\/\/l2sacrifice.fr\/?page_id=161#breadcrumb\",\"itemListElement\":[{\"@type\":\"ListItem\",\"position\":1,\"name\":\"Home\",\"item\":\"https:\/\/l2sacrifice.fr\/\"},{\"@type\":\"ListItem\",\"position\":2,\"name\":\"Tannery\"}]},{\"@type\":\"WebSite\",\"@id\":\"https:\/\/l2sacrifice.fr\/#website\",\"url\":\"https:\/\/l2sacrifice.fr\/\",\"name\":\"L2Sacrifice\",\"description\":\"Lineage 2 Sacrifice pour la vie\",\"publisher\":{\"@id\":\"https:\/\/l2sacrifice.fr\/#\/schema\/person\/4ff20fbcfb77afded60cac13ff16dfa8\"},\"potentialAction\":[{\"@type\":\"SearchAction\",\"target\":{\"@type\":\"EntryPoint\",\"urlTemplate\":\"https:\/\/l2sacrifice.fr\/?s={search_term_string}\"},\"query-input\":{\"@type\":\"PropertyValueSpecification\",\"valueRequired\":true,\"valueName\":\"search_term_string\"}}],\"inLanguage\":\"fr-FR\"},{\"@type\":[\"Person\",\"Organization\"],\"@id\":\"https:\/\/l2sacrifice.fr\/#\/schema\/person\/4ff20fbcfb77afded60cac13ff16dfa8\",\"name\":\"darksimonus\",\"image\":{\"@type\":\"ImageObject\",\"inLanguage\":\"fr-FR\",\"@id\":\"https:\/\/l2sacrifice.fr\/#\/schema\/person\/image\/\",\"url\":\"https:\/\/l2sacrifice.fr\/wp-content\/uploads\/2020\/05\/Logo_mini.png\",\"contentUrl\":\"https:\/\/l2sacrifice.fr\/wp-content\/uploads\/2020\/05\/Logo_mini.png\",\"width\":225,\"height\":225,\"caption\":\"darksimonus\"},\"logo\":{\"@id\":\"https:\/\/l2sacrifice.fr\/#\/schema\/person\/image\/\"}}]}<\/script>\n<!-- \/ Yoast SEO plugin. -->","yoast_head_json":{"title":"Tannery - L2Sacrifice","robots":{"index":"index","follow":"follow","max-snippet":"max-snippet:-1","max-image-preview":"max-image-preview:large","max-video-preview":"max-video-preview:-1"},"canonical":"https:\/\/l2sacrifice.fr\/?page_id=161","og_locale":"fr_FR","og_type":"article","og_title":"Tannery - L2Sacrifice","og_description":"Pour devenir un grand trappeur vous devez faire la qu\u00eate du tanneur: Vous avez choisi le m\u00e9tier du cuire et de la chasse, voici comment ce m\u00e9tier fonctionne Il se compose de votre Maitre Tanneur et de votre vos s\u00e9choirs: Le m\u00e9tier de tanneur vous permettra de transformer vos peaux en cuirs gr\u00e2ce aux peaux &hellip; Continuer la lecture de &laquo;&nbsp;Tannery&nbsp;&raquo;","og_url":"https:\/\/l2sacrifice.fr\/?page_id=161","og_site_name":"L2Sacrifice","article_modified_time":"2020-05-07T12:37:20+00:00","og_image":[{"width":1010,"height":510,"url":"https:\/\/l2sacrifice.fr\/wp-content\/uploads\/2020\/05\/Tannery_title.png","type":"image\/png"}],"twitter_card":"summary_large_image","twitter_misc":{"Dur\u00e9e de lecture estim\u00e9e":"1 minute"},"schema":{"@context":"https:\/\/schema.org","@graph":[{"@type":"WebPage","@id":"https:\/\/l2sacrifice.fr\/?page_id=161","url":"https:\/\/l2sacrifice.fr\/?page_id=161","name":"Tannery - L2Sacrifice","isPartOf":{"@id":"https:\/\/l2sacrifice.fr\/#website"},"primaryImageOfPage":{"@id":"https:\/\/l2sacrifice.fr\/?page_id=161#primaryimage"},"image":{"@id":"https:\/\/l2sacrifice.fr\/?page_id=161#primaryimage"},"thumbnailUrl":"https:\/\/l2sacrifice.fr\/wp-content\/uploads\/2020\/05\/Tannery_title.png","datePublished":"2020-05-02T08:52:59+00:00","dateModified":"2020-05-07T12:37:20+00:00","breadcrumb":{"@id":"https:\/\/l2sacrifice.fr\/?page_id=161#breadcrumb"},"inLanguage":"fr-FR","potentialAction":[{"@type":"ReadAction","target":["https:\/\/l2sacrifice.fr\/?page_id=161"]}]},{"@type":"ImageObject","inLanguage":"fr-FR","@id":"https:\/\/l2sacrifice.fr\/?page_id=161#primaryimage","url":"https:\/\/l2sacrifice.fr\/wp-content\/uploads\/2020\/05\/Tannery_title.png","contentUrl":"https:\/\/l2sacrifice.fr\/wp-content\/uploads\/2020\/05\/Tannery_title.png","width":1010,"height":510},{"@type":"BreadcrumbList","@id":"https:\/\/l2sacrifice.fr\/?page_id=161#breadcrumb","itemListElement":[{"@type":"ListItem","position":1,"name":"Home","item":"https:\/\/l2sacrifice.fr\/"},{"@type":"ListItem","position":2,"name":"Tannery"}]},{"@type":"WebSite","@id":"https:\/\/l2sacrifice.fr\/#website","url":"https:\/\/l2sacrifice.fr\/","name":"L2Sacrifice","description":"Lineage 2 Sacrifice pour la vie","publisher":{"@id":"https:\/\/l2sacrifice.fr\/#\/schema\/person\/4ff20fbcfb77afded60cac13ff16dfa8"},"potentialAction":[{"@type":"SearchAction","target":{"@type":"EntryPoint","urlTemplate":"https:\/\/l2sacrifice.fr\/?s={search_term_string}"},"query-input":{"@type":"PropertyValueSpecification","valueRequired":true,"valueName":"search_term_string"}}],"inLanguage":"fr-FR"},{"@type":["Person","Organization"],"@id":"https:\/\/l2sacrifice.fr\/#\/schema\/person\/4ff20fbcfb77afded60cac13ff16dfa8","name":"darksimonus","image":{"@type":"ImageObject","inLanguage":"fr-FR","@id":"https:\/\/l2sacrifice.fr\/#\/schema\/person\/image\/","url":"https:\/\/l2sacrifice.fr\/wp-content\/uploads\/2020\/05\/Logo_mini.png","contentUrl":"https:\/\/l2sacrifice.fr\/wp-content\/uploads\/2020\/05\/Logo_mini.png","width":225,"height":225,"caption":"darksimonus"},"logo":{"@id":"https:\/\/l2sacrifice.fr\/#\/schema\/person\/image\/"}}]}},"_links":{"self":[{"href":"https:\/\/l2sacrifice.fr\/index.php?rest_route=\/wp\/v2\/pages\/161","targetHints":{"allow":["GET"]}}],"collection":[{"href":"https:\/\/l2sacrifice.fr\/index.php?rest_route=\/wp\/v2\/pages"}],"about":[{"href":"https:\/\/l2sacrifice.fr\/index.php?rest_route=\/wp\/v2\/types\/page"}],"author":[{"embeddable":true,"href":"https:\/\/l2sacrifice.fr\/index.php?rest_route=\/wp\/v2\/users\/1"}],"replies":[{"embeddable":true,"href":"https:\/\/l2sacrifice.fr\/index.php?rest_route=%2Fwp%2Fv2%2Fcomments&post=161"}],"version-history":[{"count":13,"href":"https:\/\/l2sacrifice.fr\/index.php?rest_route=\/wp\/v2\/pages\/161\/revisions"}],"predecessor-version":[{"id":641,"href":"https:\/\/l2sacrifice.fr\/index.php?rest_route=\/wp\/v2\/pages\/161\/revisions\/641"}],"wp:featuredmedia":[{"embeddable":true,"href":"https:\/\/l2sacrifice.fr\/index.php?rest_route=\/wp\/v2\/media\/648"}],"wp:attachment":[{"href":"https:\/\/l2sacrifice.fr\/index.php?rest_route=%2Fwp%2Fv2%2Fmedia&parent=161"}],"curies":[{"name":"wp","href":"https:\/\/api.w.org\/{rel}","templated":true}]}}