{"id":1565,"date":"2020-05-23T09:18:21","date_gmt":"2020-05-23T07:18:21","guid":{"rendered":"https:\/\/l2sacrifice.fr\/?page_id=1565"},"modified":"2020-05-23T10:17:49","modified_gmt":"2020-05-23T08:17:49","slug":"reward-hunter","status":"publish","type":"page","link":"https:\/\/l2sacrifice.fr\/?page_id=1565","title":{"rendered":"Wanted: Chasseur de primes"},"content":{"rendered":"\n<p>Vous avez toujours r\u00eavez d&rsquo;\u00eatre: \u00ab\u00a0<strong>Un hors-la-loi poursuivant les hors-la-loi, un chasseur de primes, un ren\u00e9gat.<\/strong>\u00a0\u00bb un Rebelle.<\/p>\n\n\n\n<p>Sur Sacrifice cela est possible, devenez chasseur de primes, tueur \u00e0 gage<\/p>\n\n\n\n<p>Il vous suffit de vous rendre \u00e0 Goddard et de parler \u00e0 Backarov:<\/p>\n\n\n\n<div class=\"wp-block-image\"><figure class=\"aligncenter size-large is-resized\"><img loading=\"lazy\" decoding=\"async\" src=\"https:\/\/l2sacrifice.fr\/wp-content\/uploads\/2020\/05\/image-359.png\" alt=\"\" class=\"wp-image-1566\" width=\"319\" height=\"531\"\/><figcaption>Reward Manager: Backarov<\/figcaption><\/figure><\/div>\n\n\n\n<p>Il vous proposera d&rsquo;enter dans la guilde des chasseurs de primes:<\/p>\n\n\n\n<div class=\"wp-block-image\"><figure class=\"aligncenter size-large\"><img loading=\"lazy\" decoding=\"async\" width=\"332\" height=\"431\" src=\"https:\/\/l2sacrifice.fr\/wp-content\/uploads\/2020\/05\/image-360.png\" alt=\"\" class=\"wp-image-1567\"\/><\/figure><\/div>\n\n\n\n<h3 class=\"wp-block-heading\"><strong>Devenir Chasseur de prime<\/strong>:<\/h3>\n\n\n\n<p>Signer la charte des chasseurs de prime<\/p>\n\n\n\n<div class=\"wp-block-image\"><figure class=\"aligncenter size-large\"><img loading=\"lazy\" decoding=\"async\" width=\"337\" height=\"437\" src=\"https:\/\/l2sacrifice.fr\/wp-content\/uploads\/2020\/05\/image-361.png\" alt=\"\" class=\"wp-image-1568\"\/><\/figure><\/div>\n\n\n\n<div class=\"wp-block-image\"><figure class=\"aligncenter size-large\"><img loading=\"lazy\" decoding=\"async\" width=\"337\" height=\"426\" src=\"https:\/\/l2sacrifice.fr\/wp-content\/uploads\/2020\/05\/image-365.png\" alt=\"\" class=\"wp-image-1572\"\/><\/figure><\/div>\n\n\n\n<p>Puis vous trouver dans le tableau des primes:<\/p>\n\n\n\n<div class=\"wp-block-image\"><figure class=\"aligncenter size-large\"><img loading=\"lazy\" decoding=\"async\" width=\"573\" height=\"641\" src=\"https:\/\/l2sacrifice.fr\/wp-content\/uploads\/2020\/05\/image-362.png\" alt=\"\" class=\"wp-image-1569\"\/><figcaption>Tableau des primes<\/figcaption><\/figure><\/div>\n\n\n\n<p>Les annonces des personnes qui ont mis la prime sur la t\u00eate de quelqu&rsquo;un:<\/p>\n\n\n\n<div class=\"wp-block-image\"><figure class=\"aligncenter size-large\"><img loading=\"lazy\" decoding=\"async\" width=\"336\" height=\"427\" src=\"https:\/\/l2sacrifice.fr\/wp-content\/uploads\/2020\/05\/image-363.png\" alt=\"\" class=\"wp-image-1570\"\/><\/figure><\/div>\n\n\n<p><!--EndFragment-->Vous pouvez consulter les annonces pour choisir votre cible:<\/p>\n\n\n<div class=\"wp-block-image\"><figure class=\"aligncenter size-large\"><img loading=\"lazy\" decoding=\"async\" width=\"337\" height=\"430\" src=\"https:\/\/l2sacrifice.fr\/wp-content\/uploads\/2020\/05\/image-368.png\" alt=\"\" class=\"wp-image-1579\"\/><\/figure><\/div>\n\n\n\n<div class=\"wp-block-image\"><figure class=\"aligncenter size-large\"><img loading=\"lazy\" decoding=\"async\" width=\"338\" height=\"77\" src=\"https:\/\/l2sacrifice.fr\/wp-content\/uploads\/2020\/05\/image-367.png\" alt=\"\" class=\"wp-image-1577\"\/><\/figure><\/div>\n\n\n\n<h3 class=\"wp-block-heading\"><strong>D\u00e9poser une annonce<\/strong><\/h3>\n\n\n\n<p>sur la personne qui m\u00e9rite une prime sur sa t\u00eate:<\/p>\n\n\n\n<div class=\"wp-block-image\"><figure class=\"aligncenter size-large\"><img loading=\"lazy\" decoding=\"async\" width=\"336\" height=\"427\" src=\"https:\/\/l2sacrifice.fr\/wp-content\/uploads\/2020\/05\/image-363.png\" alt=\"\" class=\"wp-image-1570\"\/><\/figure><\/div>\n\n\n\n<p>N&rsquo;importe qui peut d\u00e9poser une prime sur un quelqu&rsquo;un il faut payer en GC (pi\u00e8ce d&rsquo;or)<\/p>\n\n\n\n<div class=\"wp-block-image\"><figure class=\"aligncenter size-large\"><img loading=\"lazy\" decoding=\"async\" width=\"338\" height=\"425\" src=\"https:\/\/l2sacrifice.fr\/wp-content\/uploads\/2020\/05\/image-364.png\" alt=\"\" class=\"wp-image-1571\"\/><\/figure><\/div>\n\n\n\n<h3 class=\"wp-block-heading\"><strong>Rechercher votre cible et Remplir votre contrat<\/strong><\/h3>\n\n\n\n<p>Vous devez maintenant tuer votre cible pour recouper votre prime en GC<\/p>\n\n\n\n<div class=\"wp-block-image\"><figure class=\"aligncenter size-large\"><img loading=\"lazy\" decoding=\"async\" width=\"320\" height=\"46\" src=\"https:\/\/l2sacrifice.fr\/wp-content\/uploads\/2020\/05\/image-370.png\" alt=\"\" class=\"wp-image-1589\"\/><\/figure><\/div>\n","protected":false},"excerpt":{"rendered":"<p>Vous avez toujours r\u00eavez d&rsquo;\u00eatre: \u00ab\u00a0Un hors-la-loi poursuivant les hors-la-loi, un chasseur de primes, un ren\u00e9gat.\u00a0\u00bb un Rebelle. Sur Sacrifice cela est possible, devenez chasseur de primes, tueur \u00e0 gage Il vous suffit de vous rendre \u00e0 Goddard et de parler \u00e0 Backarov: Il vous proposera d&rsquo;enter dans la guilde des chasseurs de primes: Devenir &hellip; <\/p>\n<p class=\"link-more\"><a href=\"https:\/\/l2sacrifice.fr\/?page_id=1565\" class=\"more-link\">Continuer la lecture<span class=\"screen-reader-text\"> de &laquo;&nbsp;Wanted: Chasseur de primes&nbsp;&raquo;<\/span><\/a><\/p>\n","protected":false},"author":1,"featured_media":1581,"parent":0,"menu_order":0,"comment_status":"closed","ping_status":"closed","template":"","meta":{"footnotes":""},"class_list":["post-1565","page","type-page","status-publish","has-post-thumbnail","hentry"],"yoast_head":"<!-- This site is optimized with the Yoast SEO plugin v27.0 - https:\/\/yoast.com\/product\/yoast-seo-wordpress\/ -->\n<title>Wanted: Chasseur de primes - L2Sacrifice<\/title>\n<meta name=\"robots\" content=\"index, follow, max-snippet:-1, max-image-preview:large, max-video-preview:-1\" \/>\n<link rel=\"canonical\" href=\"https:\/\/l2sacrifice.fr\/?page_id=1565\" \/>\n<meta property=\"og:locale\" content=\"fr_FR\" \/>\n<meta property=\"og:type\" content=\"article\" \/>\n<meta property=\"og:title\" content=\"Wanted: Chasseur de primes - L2Sacrifice\" \/>\n<meta property=\"og:description\" content=\"Vous avez toujours r\u00eavez d&rsquo;\u00eatre: \u00ab\u00a0Un hors-la-loi poursuivant les hors-la-loi, un chasseur de primes, un ren\u00e9gat.\u00a0\u00bb un Rebelle. Sur Sacrifice cela est possible, devenez chasseur de primes, tueur \u00e0 gage Il vous suffit de vous rendre \u00e0 Goddard et de parler \u00e0 Backarov: Il vous proposera d&rsquo;enter dans la guilde des chasseurs de primes: Devenir &hellip; Continuer la lecture de &laquo;&nbsp;Wanted: Chasseur de primes&nbsp;&raquo;\" \/>\n<meta property=\"og:url\" content=\"https:\/\/l2sacrifice.fr\/?page_id=1565\" \/>\n<meta property=\"og:site_name\" content=\"L2Sacrifice\" \/>\n<meta property=\"article:modified_time\" content=\"2020-05-23T08:17:49+00:00\" \/>\n<meta property=\"og:image\" content=\"https:\/\/l2sacrifice.fr\/wp-content\/uploads\/2020\/05\/Wanted.png\" \/>\n\t<meta property=\"og:image:width\" content=\"1180\" \/>\n\t<meta property=\"og:image:height\" content=\"700\" \/>\n\t<meta property=\"og:image:type\" content=\"image\/png\" \/>\n<meta name=\"twitter:card\" content=\"summary_large_image\" \/>\n<meta name=\"twitter:label1\" content=\"Dur\u00e9e de lecture estim\u00e9e\" \/>\n\t<meta name=\"twitter:data1\" content=\"1 minute\" \/>\n<script type=\"application\/ld+json\" class=\"yoast-schema-graph\">{\"@context\":\"https:\/\/schema.org\",\"@graph\":[{\"@type\":\"WebPage\",\"@id\":\"https:\/\/l2sacrifice.fr\/?page_id=1565\",\"url\":\"https:\/\/l2sacrifice.fr\/?page_id=1565\",\"name\":\"Wanted: Chasseur de primes - L2Sacrifice\",\"isPartOf\":{\"@id\":\"https:\/\/l2sacrifice.fr\/#website\"},\"primaryImageOfPage\":{\"@id\":\"https:\/\/l2sacrifice.fr\/?page_id=1565#primaryimage\"},\"image\":{\"@id\":\"https:\/\/l2sacrifice.fr\/?page_id=1565#primaryimage\"},\"thumbnailUrl\":\"https:\/\/l2sacrifice.fr\/wp-content\/uploads\/2020\/05\/Wanted.png\",\"datePublished\":\"2020-05-23T07:18:21+00:00\",\"dateModified\":\"2020-05-23T08:17:49+00:00\",\"breadcrumb\":{\"@id\":\"https:\/\/l2sacrifice.fr\/?page_id=1565#breadcrumb\"},\"inLanguage\":\"fr-FR\",\"potentialAction\":[{\"@type\":\"ReadAction\",\"target\":[\"https:\/\/l2sacrifice.fr\/?page_id=1565\"]}]},{\"@type\":\"ImageObject\",\"inLanguage\":\"fr-FR\",\"@id\":\"https:\/\/l2sacrifice.fr\/?page_id=1565#primaryimage\",\"url\":\"https:\/\/l2sacrifice.fr\/wp-content\/uploads\/2020\/05\/Wanted.png\",\"contentUrl\":\"https:\/\/l2sacrifice.fr\/wp-content\/uploads\/2020\/05\/Wanted.png\",\"width\":1180,\"height\":700},{\"@type\":\"BreadcrumbList\",\"@id\":\"https:\/\/l2sacrifice.fr\/?page_id=1565#breadcrumb\",\"itemListElement\":[{\"@type\":\"ListItem\",\"position\":1,\"name\":\"Home\",\"item\":\"https:\/\/l2sacrifice.fr\/\"},{\"@type\":\"ListItem\",\"position\":2,\"name\":\"Wanted: Chasseur de primes\"}]},{\"@type\":\"WebSite\",\"@id\":\"https:\/\/l2sacrifice.fr\/#website\",\"url\":\"https:\/\/l2sacrifice.fr\/\",\"name\":\"L2Sacrifice\",\"description\":\"Lineage 2 Sacrifice pour la vie\",\"publisher\":{\"@id\":\"https:\/\/l2sacrifice.fr\/#\/schema\/person\/4ff20fbcfb77afded60cac13ff16dfa8\"},\"potentialAction\":[{\"@type\":\"SearchAction\",\"target\":{\"@type\":\"EntryPoint\",\"urlTemplate\":\"https:\/\/l2sacrifice.fr\/?s={search_term_string}\"},\"query-input\":{\"@type\":\"PropertyValueSpecification\",\"valueRequired\":true,\"valueName\":\"search_term_string\"}}],\"inLanguage\":\"fr-FR\"},{\"@type\":[\"Person\",\"Organization\"],\"@id\":\"https:\/\/l2sacrifice.fr\/#\/schema\/person\/4ff20fbcfb77afded60cac13ff16dfa8\",\"name\":\"darksimonus\",\"image\":{\"@type\":\"ImageObject\",\"inLanguage\":\"fr-FR\",\"@id\":\"https:\/\/l2sacrifice.fr\/#\/schema\/person\/image\/\",\"url\":\"https:\/\/l2sacrifice.fr\/wp-content\/uploads\/2020\/05\/Logo_mini.png\",\"contentUrl\":\"https:\/\/l2sacrifice.fr\/wp-content\/uploads\/2020\/05\/Logo_mini.png\",\"width\":225,\"height\":225,\"caption\":\"darksimonus\"},\"logo\":{\"@id\":\"https:\/\/l2sacrifice.fr\/#\/schema\/person\/image\/\"}}]}<\/script>\n<!-- \/ Yoast SEO plugin. -->","yoast_head_json":{"title":"Wanted: Chasseur de primes - L2Sacrifice","robots":{"index":"index","follow":"follow","max-snippet":"max-snippet:-1","max-image-preview":"max-image-preview:large","max-video-preview":"max-video-preview:-1"},"canonical":"https:\/\/l2sacrifice.fr\/?page_id=1565","og_locale":"fr_FR","og_type":"article","og_title":"Wanted: Chasseur de primes - L2Sacrifice","og_description":"Vous avez toujours r\u00eavez d&rsquo;\u00eatre: \u00ab\u00a0Un hors-la-loi poursuivant les hors-la-loi, un chasseur de primes, un ren\u00e9gat.\u00a0\u00bb un Rebelle. Sur Sacrifice cela est possible, devenez chasseur de primes, tueur \u00e0 gage Il vous suffit de vous rendre \u00e0 Goddard et de parler \u00e0 Backarov: Il vous proposera d&rsquo;enter dans la guilde des chasseurs de primes: Devenir &hellip; Continuer la lecture de &laquo;&nbsp;Wanted: Chasseur de primes&nbsp;&raquo;","og_url":"https:\/\/l2sacrifice.fr\/?page_id=1565","og_site_name":"L2Sacrifice","article_modified_time":"2020-05-23T08:17:49+00:00","og_image":[{"width":1180,"height":700,"url":"https:\/\/l2sacrifice.fr\/wp-content\/uploads\/2020\/05\/Wanted.png","type":"image\/png"}],"twitter_card":"summary_large_image","twitter_misc":{"Dur\u00e9e de lecture estim\u00e9e":"1 minute"},"schema":{"@context":"https:\/\/schema.org","@graph":[{"@type":"WebPage","@id":"https:\/\/l2sacrifice.fr\/?page_id=1565","url":"https:\/\/l2sacrifice.fr\/?page_id=1565","name":"Wanted: Chasseur de primes - L2Sacrifice","isPartOf":{"@id":"https:\/\/l2sacrifice.fr\/#website"},"primaryImageOfPage":{"@id":"https:\/\/l2sacrifice.fr\/?page_id=1565#primaryimage"},"image":{"@id":"https:\/\/l2sacrifice.fr\/?page_id=1565#primaryimage"},"thumbnailUrl":"https:\/\/l2sacrifice.fr\/wp-content\/uploads\/2020\/05\/Wanted.png","datePublished":"2020-05-23T07:18:21+00:00","dateModified":"2020-05-23T08:17:49+00:00","breadcrumb":{"@id":"https:\/\/l2sacrifice.fr\/?page_id=1565#breadcrumb"},"inLanguage":"fr-FR","potentialAction":[{"@type":"ReadAction","target":["https:\/\/l2sacrifice.fr\/?page_id=1565"]}]},{"@type":"ImageObject","inLanguage":"fr-FR","@id":"https:\/\/l2sacrifice.fr\/?page_id=1565#primaryimage","url":"https:\/\/l2sacrifice.fr\/wp-content\/uploads\/2020\/05\/Wanted.png","contentUrl":"https:\/\/l2sacrifice.fr\/wp-content\/uploads\/2020\/05\/Wanted.png","width":1180,"height":700},{"@type":"BreadcrumbList","@id":"https:\/\/l2sacrifice.fr\/?page_id=1565#breadcrumb","itemListElement":[{"@type":"ListItem","position":1,"name":"Home","item":"https:\/\/l2sacrifice.fr\/"},{"@type":"ListItem","position":2,"name":"Wanted: Chasseur de primes"}]},{"@type":"WebSite","@id":"https:\/\/l2sacrifice.fr\/#website","url":"https:\/\/l2sacrifice.fr\/","name":"L2Sacrifice","description":"Lineage 2 Sacrifice pour la vie","publisher":{"@id":"https:\/\/l2sacrifice.fr\/#\/schema\/person\/4ff20fbcfb77afded60cac13ff16dfa8"},"potentialAction":[{"@type":"SearchAction","target":{"@type":"EntryPoint","urlTemplate":"https:\/\/l2sacrifice.fr\/?s={search_term_string}"},"query-input":{"@type":"PropertyValueSpecification","valueRequired":true,"valueName":"search_term_string"}}],"inLanguage":"fr-FR"},{"@type":["Person","Organization"],"@id":"https:\/\/l2sacrifice.fr\/#\/schema\/person\/4ff20fbcfb77afded60cac13ff16dfa8","name":"darksimonus","image":{"@type":"ImageObject","inLanguage":"fr-FR","@id":"https:\/\/l2sacrifice.fr\/#\/schema\/person\/image\/","url":"https:\/\/l2sacrifice.fr\/wp-content\/uploads\/2020\/05\/Logo_mini.png","contentUrl":"https:\/\/l2sacrifice.fr\/wp-content\/uploads\/2020\/05\/Logo_mini.png","width":225,"height":225,"caption":"darksimonus"},"logo":{"@id":"https:\/\/l2sacrifice.fr\/#\/schema\/person\/image\/"}}]}},"_links":{"self":[{"href":"https:\/\/l2sacrifice.fr\/index.php?rest_route=\/wp\/v2\/pages\/1565","targetHints":{"allow":["GET"]}}],"collection":[{"href":"https:\/\/l2sacrifice.fr\/index.php?rest_route=\/wp\/v2\/pages"}],"about":[{"href":"https:\/\/l2sacrifice.fr\/index.php?rest_route=\/wp\/v2\/types\/page"}],"author":[{"embeddable":true,"href":"https:\/\/l2sacrifice.fr\/index.php?rest_route=\/wp\/v2\/users\/1"}],"replies":[{"embeddable":true,"href":"https:\/\/l2sacrifice.fr\/index.php?rest_route=%2Fwp%2Fv2%2Fcomments&post=1565"}],"version-history":[{"count":6,"href":"https:\/\/l2sacrifice.fr\/index.php?rest_route=\/wp\/v2\/pages\/1565\/revisions"}],"predecessor-version":[{"id":1593,"href":"https:\/\/l2sacrifice.fr\/index.php?rest_route=\/wp\/v2\/pages\/1565\/revisions\/1593"}],"wp:featuredmedia":[{"embeddable":true,"href":"https:\/\/l2sacrifice.fr\/index.php?rest_route=\/wp\/v2\/media\/1581"}],"wp:attachment":[{"href":"https:\/\/l2sacrifice.fr\/index.php?rest_route=%2Fwp%2Fv2%2Fmedia&parent=1565"}],"curies":[{"name":"wp","href":"https:\/\/api.w.org\/{rel}","templated":true}]}}