{"id":154,"date":"2020-05-02T10:50:59","date_gmt":"2020-05-02T08:50:59","guid":{"rendered":"https:\/\/l2sacrifice.fr\/?page_id=154"},"modified":"2020-05-07T14:51:48","modified_gmt":"2020-05-07T12:51:48","slug":"mineralogyst","status":"publish","type":"page","link":"https:\/\/l2sacrifice.fr\/?page_id=154","title":{"rendered":"Mineralogy"},"content":{"rendered":"\n<p>Pour devenir un professeur en min\u00e9ralogie vous devez faire la qu\u00eate Mineralogy:   <\/p>\n\n\n\n<center><figure><iframe loading=\"lazy\" src=\"https:\/\/www.youtube.com\/embed\/J_jA_G7gSNs\" allowfullscreen=\"\" width=\"560\" height=\"315\"><\/iframe><\/figure><\/center>\n\n\n\n<p>Vous avez choisi d&rsquo;\u00eatre min\u00e9ralogiste, voici comment ce m\u00e9tier fonctionne  <\/p>\n\n\n\n<p>Il se compose de votre docteur en min\u00e9ralogie et votre table des crystaux: <\/p>\n\n\n\n<div class=\"wp-block-image\"><figure class=\"aligncenter\"><img decoding=\"async\" src=\"https:\/\/l2sacrifice.fr\/wp-content\/uploads\/2020\/05\/image-33.png\" alt=\"L\u2019attribut alt de cette image est vide, son nom de fichier est image-33.png.\"\/><\/figure><\/div>\n\n\n\n<p>Le table vous permettra de convertir les min\u00e9raux en pierres pr\u00e9cieuses que vous r\u00e9colterez dans les sacrifice mines (pour vous y  rendre  utiliser le Sacrifice ou Job Gatekeeper qui se trouve au centre  de la  chambre des m\u00e9tier).  <\/p>\n\n\n\n<div class=\"wp-block-image\"><figure class=\"aligncenter\"><img loading=\"lazy\" decoding=\"async\" width=\"291\" height=\"375\" src=\"https:\/\/l2sacrifice.fr\/wp-content\/uploads\/2020\/05\/Mineralogy_1.png\" alt=\"\" class=\"wp-image-549\"\/><\/figure><\/div>\n\n\n\n<p>Voici des cristaux, vous pouvez utiliser pour crafter divers items (Soulshot, Soul Crystal, Gemstone&#8230;). Vous pouvez \u00e9galement  utiliser votre production comme objet de craft pour obtenir certains  \u00e9quipements:  <\/p>\n\n\n\n<div class=\"wp-block-image\"><figure class=\"aligncenter\"><img loading=\"lazy\" decoding=\"async\" width=\"291\" height=\"375\" src=\"https:\/\/l2sacrifice.fr\/wp-content\/uploads\/2020\/05\/Mineralogy_2.png\" alt=\"\" class=\"wp-image-551\"\/><\/figure><\/div>\n\n\n\n<p>Pour obtenir ces cristaux vous devrez choisir une puissance, plus vous augmentez la puissance, plus vous pourrez obtenir de cristaux cependant plus la puissance est \u00e9lev\u00e9e plus il y a des risques de rater la conversion.  <\/p>\n\n\n\n<div class=\"wp-block-image\"><figure class=\"aligncenter\"><img loading=\"lazy\" decoding=\"async\" width=\"291\" height=\"375\" src=\"https:\/\/l2sacrifice.fr\/wp-content\/uploads\/2020\/05\/Mineralogy_4.png\" alt=\"\" class=\"wp-image-552\"\/><\/figure><\/div>\n\n\n\n<p><\/p>\n\n\n\n<p>Votre maitre min\u00e9ralogiste Verne vous proposera d\u2019\u00e9changer les cristaux obtenus  contre divers items (Soulshot, Soul Crystal, Gemstone&#8230;), des \u00e9quipements ou obtenir une  \u00e9valuation de votre  \u00e9quipement en grade <\/p>\n\n\n\n<div class=\"wp-block-image\"><figure class=\"aligncenter\"><img loading=\"lazy\" decoding=\"async\" width=\"291\" height=\"686\" src=\"https:\/\/l2sacrifice.fr\/wp-content\/uploads\/2020\/05\/Mineralogy_5.png\" alt=\"\" class=\"wp-image-553\"\/><\/figure><\/div>\n\n\n\n<p>Attention vous devez combiner plusieurs objets de diff\u00e9rents m\u00e9tiers   pour pouvoir faire \u00e9voluer vos \u00e9quipements (il faudra donc avoir   plusieurs personnages avec des m\u00e9tiers diff\u00e9rents, ou vous organisez   dans votre clan)   <\/p>\n\n\n\n<p>Voici un exemple de farm dans la zone mini\u00e8re:<\/p>\n\n\n\n<center><figure><iframe loading=\"lazy\" src=\"https:\/\/www.youtube.com\/embed\/yFE390v9JMM\" allowfullscreen=\"\" width=\"560\" height=\"315\"><\/iframe><\/figure><\/center>\n\n\n\n<center><figure><iframe loading=\"lazy\" src=\"https:\/\/www.youtube.com\/embed\/dVE9JAkH1pw\" allowfullscreen=\"\" width=\"560\" height=\"315\"><\/iframe><\/figure><\/center>\n","protected":false},"excerpt":{"rendered":"<p>Pour devenir un professeur en min\u00e9ralogie vous devez faire la qu\u00eate Mineralogy: Vous avez choisi d&rsquo;\u00eatre min\u00e9ralogiste, voici comment ce m\u00e9tier fonctionne Il se compose de votre docteur en min\u00e9ralogie et votre table des crystaux: Le table vous permettra de convertir les min\u00e9raux en pierres pr\u00e9cieuses que vous r\u00e9colterez dans les sacrifice mines (pour vous &hellip; <\/p>\n<p class=\"link-more\"><a href=\"https:\/\/l2sacrifice.fr\/?page_id=154\" class=\"more-link\">Continuer la lecture<span class=\"screen-reader-text\"> de &laquo;&nbsp;Mineralogy&nbsp;&raquo;<\/span><\/a><\/p>\n","protected":false},"author":1,"featured_media":663,"parent":0,"menu_order":0,"comment_status":"closed","ping_status":"closed","template":"","meta":{"footnotes":""},"class_list":["post-154","page","type-page","status-publish","has-post-thumbnail","hentry"],"yoast_head":"<!-- This site is optimized with the Yoast SEO plugin v27.0 - https:\/\/yoast.com\/product\/yoast-seo-wordpress\/ -->\n<title>Mineralogy - L2Sacrifice<\/title>\n<meta name=\"robots\" content=\"index, follow, max-snippet:-1, max-image-preview:large, max-video-preview:-1\" \/>\n<link rel=\"canonical\" href=\"https:\/\/l2sacrifice.fr\/?page_id=154\" \/>\n<meta property=\"og:locale\" content=\"fr_FR\" \/>\n<meta property=\"og:type\" content=\"article\" \/>\n<meta property=\"og:title\" content=\"Mineralogy - L2Sacrifice\" \/>\n<meta property=\"og:description\" content=\"Pour devenir un professeur en min\u00e9ralogie vous devez faire la qu\u00eate Mineralogy: Vous avez choisi d&rsquo;\u00eatre min\u00e9ralogiste, voici comment ce m\u00e9tier fonctionne Il se compose de votre docteur en min\u00e9ralogie et votre table des crystaux: Le table vous permettra de convertir les min\u00e9raux en pierres pr\u00e9cieuses que vous r\u00e9colterez dans les sacrifice mines (pour vous &hellip; Continuer la lecture de &laquo;&nbsp;Mineralogy&nbsp;&raquo;\" \/>\n<meta property=\"og:url\" content=\"https:\/\/l2sacrifice.fr\/?page_id=154\" \/>\n<meta property=\"og:site_name\" content=\"L2Sacrifice\" \/>\n<meta property=\"article:modified_time\" content=\"2020-05-07T12:51:48+00:00\" \/>\n<meta property=\"og:image\" content=\"https:\/\/l2sacrifice.fr\/wp-content\/uploads\/2020\/05\/Mineralogy_title-1.png\" \/>\n\t<meta property=\"og:image:width\" content=\"1010\" \/>\n\t<meta property=\"og:image:height\" content=\"510\" \/>\n\t<meta property=\"og:image:type\" content=\"image\/png\" \/>\n<meta name=\"twitter:card\" content=\"summary_large_image\" \/>\n<meta name=\"twitter:label1\" content=\"Dur\u00e9e de lecture estim\u00e9e\" \/>\n\t<meta name=\"twitter:data1\" content=\"1 minute\" \/>\n<script type=\"application\/ld+json\" class=\"yoast-schema-graph\">{\"@context\":\"https:\/\/schema.org\",\"@graph\":[{\"@type\":\"WebPage\",\"@id\":\"https:\/\/l2sacrifice.fr\/?page_id=154\",\"url\":\"https:\/\/l2sacrifice.fr\/?page_id=154\",\"name\":\"Mineralogy - L2Sacrifice\",\"isPartOf\":{\"@id\":\"https:\/\/l2sacrifice.fr\/#website\"},\"primaryImageOfPage\":{\"@id\":\"https:\/\/l2sacrifice.fr\/?page_id=154#primaryimage\"},\"image\":{\"@id\":\"https:\/\/l2sacrifice.fr\/?page_id=154#primaryimage\"},\"thumbnailUrl\":\"https:\/\/l2sacrifice.fr\/wp-content\/uploads\/2020\/05\/Mineralogy_title-1.png\",\"datePublished\":\"2020-05-02T08:50:59+00:00\",\"dateModified\":\"2020-05-07T12:51:48+00:00\",\"breadcrumb\":{\"@id\":\"https:\/\/l2sacrifice.fr\/?page_id=154#breadcrumb\"},\"inLanguage\":\"fr-FR\",\"potentialAction\":[{\"@type\":\"ReadAction\",\"target\":[\"https:\/\/l2sacrifice.fr\/?page_id=154\"]}]},{\"@type\":\"ImageObject\",\"inLanguage\":\"fr-FR\",\"@id\":\"https:\/\/l2sacrifice.fr\/?page_id=154#primaryimage\",\"url\":\"https:\/\/l2sacrifice.fr\/wp-content\/uploads\/2020\/05\/Mineralogy_title-1.png\",\"contentUrl\":\"https:\/\/l2sacrifice.fr\/wp-content\/uploads\/2020\/05\/Mineralogy_title-1.png\",\"width\":1010,\"height\":510},{\"@type\":\"BreadcrumbList\",\"@id\":\"https:\/\/l2sacrifice.fr\/?page_id=154#breadcrumb\",\"itemListElement\":[{\"@type\":\"ListItem\",\"position\":1,\"name\":\"Home\",\"item\":\"https:\/\/l2sacrifice.fr\/\"},{\"@type\":\"ListItem\",\"position\":2,\"name\":\"Mineralogy\"}]},{\"@type\":\"WebSite\",\"@id\":\"https:\/\/l2sacrifice.fr\/#website\",\"url\":\"https:\/\/l2sacrifice.fr\/\",\"name\":\"L2Sacrifice\",\"description\":\"Lineage 2 Sacrifice pour la vie\",\"publisher\":{\"@id\":\"https:\/\/l2sacrifice.fr\/#\/schema\/person\/4ff20fbcfb77afded60cac13ff16dfa8\"},\"potentialAction\":[{\"@type\":\"SearchAction\",\"target\":{\"@type\":\"EntryPoint\",\"urlTemplate\":\"https:\/\/l2sacrifice.fr\/?s={search_term_string}\"},\"query-input\":{\"@type\":\"PropertyValueSpecification\",\"valueRequired\":true,\"valueName\":\"search_term_string\"}}],\"inLanguage\":\"fr-FR\"},{\"@type\":[\"Person\",\"Organization\"],\"@id\":\"https:\/\/l2sacrifice.fr\/#\/schema\/person\/4ff20fbcfb77afded60cac13ff16dfa8\",\"name\":\"darksimonus\",\"image\":{\"@type\":\"ImageObject\",\"inLanguage\":\"fr-FR\",\"@id\":\"https:\/\/l2sacrifice.fr\/#\/schema\/person\/image\/\",\"url\":\"https:\/\/l2sacrifice.fr\/wp-content\/uploads\/2020\/05\/Logo_mini.png\",\"contentUrl\":\"https:\/\/l2sacrifice.fr\/wp-content\/uploads\/2020\/05\/Logo_mini.png\",\"width\":225,\"height\":225,\"caption\":\"darksimonus\"},\"logo\":{\"@id\":\"https:\/\/l2sacrifice.fr\/#\/schema\/person\/image\/\"}}]}<\/script>\n<!-- \/ Yoast SEO plugin. -->","yoast_head_json":{"title":"Mineralogy - L2Sacrifice","robots":{"index":"index","follow":"follow","max-snippet":"max-snippet:-1","max-image-preview":"max-image-preview:large","max-video-preview":"max-video-preview:-1"},"canonical":"https:\/\/l2sacrifice.fr\/?page_id=154","og_locale":"fr_FR","og_type":"article","og_title":"Mineralogy - L2Sacrifice","og_description":"Pour devenir un professeur en min\u00e9ralogie vous devez faire la qu\u00eate Mineralogy: Vous avez choisi d&rsquo;\u00eatre min\u00e9ralogiste, voici comment ce m\u00e9tier fonctionne Il se compose de votre docteur en min\u00e9ralogie et votre table des crystaux: Le table vous permettra de convertir les min\u00e9raux en pierres pr\u00e9cieuses que vous r\u00e9colterez dans les sacrifice mines (pour vous &hellip; Continuer la lecture de &laquo;&nbsp;Mineralogy&nbsp;&raquo;","og_url":"https:\/\/l2sacrifice.fr\/?page_id=154","og_site_name":"L2Sacrifice","article_modified_time":"2020-05-07T12:51:48+00:00","og_image":[{"width":1010,"height":510,"url":"https:\/\/l2sacrifice.fr\/wp-content\/uploads\/2020\/05\/Mineralogy_title-1.png","type":"image\/png"}],"twitter_card":"summary_large_image","twitter_misc":{"Dur\u00e9e de lecture estim\u00e9e":"1 minute"},"schema":{"@context":"https:\/\/schema.org","@graph":[{"@type":"WebPage","@id":"https:\/\/l2sacrifice.fr\/?page_id=154","url":"https:\/\/l2sacrifice.fr\/?page_id=154","name":"Mineralogy - L2Sacrifice","isPartOf":{"@id":"https:\/\/l2sacrifice.fr\/#website"},"primaryImageOfPage":{"@id":"https:\/\/l2sacrifice.fr\/?page_id=154#primaryimage"},"image":{"@id":"https:\/\/l2sacrifice.fr\/?page_id=154#primaryimage"},"thumbnailUrl":"https:\/\/l2sacrifice.fr\/wp-content\/uploads\/2020\/05\/Mineralogy_title-1.png","datePublished":"2020-05-02T08:50:59+00:00","dateModified":"2020-05-07T12:51:48+00:00","breadcrumb":{"@id":"https:\/\/l2sacrifice.fr\/?page_id=154#breadcrumb"},"inLanguage":"fr-FR","potentialAction":[{"@type":"ReadAction","target":["https:\/\/l2sacrifice.fr\/?page_id=154"]}]},{"@type":"ImageObject","inLanguage":"fr-FR","@id":"https:\/\/l2sacrifice.fr\/?page_id=154#primaryimage","url":"https:\/\/l2sacrifice.fr\/wp-content\/uploads\/2020\/05\/Mineralogy_title-1.png","contentUrl":"https:\/\/l2sacrifice.fr\/wp-content\/uploads\/2020\/05\/Mineralogy_title-1.png","width":1010,"height":510},{"@type":"BreadcrumbList","@id":"https:\/\/l2sacrifice.fr\/?page_id=154#breadcrumb","itemListElement":[{"@type":"ListItem","position":1,"name":"Home","item":"https:\/\/l2sacrifice.fr\/"},{"@type":"ListItem","position":2,"name":"Mineralogy"}]},{"@type":"WebSite","@id":"https:\/\/l2sacrifice.fr\/#website","url":"https:\/\/l2sacrifice.fr\/","name":"L2Sacrifice","description":"Lineage 2 Sacrifice pour la vie","publisher":{"@id":"https:\/\/l2sacrifice.fr\/#\/schema\/person\/4ff20fbcfb77afded60cac13ff16dfa8"},"potentialAction":[{"@type":"SearchAction","target":{"@type":"EntryPoint","urlTemplate":"https:\/\/l2sacrifice.fr\/?s={search_term_string}"},"query-input":{"@type":"PropertyValueSpecification","valueRequired":true,"valueName":"search_term_string"}}],"inLanguage":"fr-FR"},{"@type":["Person","Organization"],"@id":"https:\/\/l2sacrifice.fr\/#\/schema\/person\/4ff20fbcfb77afded60cac13ff16dfa8","name":"darksimonus","image":{"@type":"ImageObject","inLanguage":"fr-FR","@id":"https:\/\/l2sacrifice.fr\/#\/schema\/person\/image\/","url":"https:\/\/l2sacrifice.fr\/wp-content\/uploads\/2020\/05\/Logo_mini.png","contentUrl":"https:\/\/l2sacrifice.fr\/wp-content\/uploads\/2020\/05\/Logo_mini.png","width":225,"height":225,"caption":"darksimonus"},"logo":{"@id":"https:\/\/l2sacrifice.fr\/#\/schema\/person\/image\/"}}]}},"_links":{"self":[{"href":"https:\/\/l2sacrifice.fr\/index.php?rest_route=\/wp\/v2\/pages\/154","targetHints":{"allow":["GET"]}}],"collection":[{"href":"https:\/\/l2sacrifice.fr\/index.php?rest_route=\/wp\/v2\/pages"}],"about":[{"href":"https:\/\/l2sacrifice.fr\/index.php?rest_route=\/wp\/v2\/types\/page"}],"author":[{"embeddable":true,"href":"https:\/\/l2sacrifice.fr\/index.php?rest_route=\/wp\/v2\/users\/1"}],"replies":[{"embeddable":true,"href":"https:\/\/l2sacrifice.fr\/index.php?rest_route=%2Fwp%2Fv2%2Fcomments&post=154"}],"version-history":[{"count":8,"href":"https:\/\/l2sacrifice.fr\/index.php?rest_route=\/wp\/v2\/pages\/154\/revisions"}],"predecessor-version":[{"id":640,"href":"https:\/\/l2sacrifice.fr\/index.php?rest_route=\/wp\/v2\/pages\/154\/revisions\/640"}],"wp:featuredmedia":[{"embeddable":true,"href":"https:\/\/l2sacrifice.fr\/index.php?rest_route=\/wp\/v2\/media\/663"}],"wp:attachment":[{"href":"https:\/\/l2sacrifice.fr\/index.php?rest_route=%2Fwp%2Fv2%2Fmedia&parent=154"}],"curies":[{"name":"wp","href":"https:\/\/api.w.org\/{rel}","templated":true}]}}