{"id":1501,"date":"2020-05-14T13:11:53","date_gmt":"2020-05-14T11:11:53","guid":{"rendered":"https:\/\/l2sacrifice.fr\/?page_id=1501"},"modified":"2020-12-09T18:25:13","modified_gmt":"2020-12-09T17:25:13","slug":"jouer","status":"publish","type":"page","link":"https:\/\/l2sacrifice.fr\/?page_id=1501","title":{"rendered":"Jouer"},"content":{"rendered":"\n<p><\/p>\n\n\n\n<p>Pour Jouer sur Sacrifice, c&rsquo;est tr\u00e8s simple <strong>, <\/strong>Pour obtenir et lancer Sacrifice vous avez <strong>2 m\u00e9thodes<\/strong> \u00e0 votre disposition<\/p>\n\n\n\n<p>(<strong>Pour cr\u00e9er un compte il vous suffira de vous connecter une 1\u00e8re fois dans le jeu en entrant un login qui n&rsquo;est pas utiliser et un 1er mot de passe qui sera le pass d\u00e9finitif<\/strong>)<\/p>\n\n\n\n<div class=\"wp-block-image\"><figure class=\"aligncenter size-large\"><img loading=\"lazy\" decoding=\"async\" width=\"335\" height=\"167\" src=\"https:\/\/l2sacrifice.fr\/wp-content\/uploads\/2020\/12\/image.png\" alt=\"\" class=\"wp-image-1901\"\/><\/figure><\/div>\n\n\n\n<p>Mais avant cela il vous faudra utiliser une de ces 2 m\u00e9thodes pour installer le client<\/p>\n\n\n\n<ul class=\"wp-block-list\"><li><strong>M\u00e9thode 1:<\/strong> Vous t\u00e9l\u00e9chargez le client en archive RAR puis le d\u00e9compresser:<\/li><\/ul>\n\n\n\n<div class=\"wp-block-image\"><figure class=\"aligncenter size-large is-resized\"><a href=\"https:\/\/l2sacrifice.fr\/?page_id=2\"><img loading=\"lazy\" decoding=\"async\" src=\"https:\/\/l2sacrifice.fr\/wp-content\/uploads\/2020\/05\/Logo-mini.png\" alt=\"\" class=\"wp-image-1530\" width=\"171\" height=\"171\"\/><\/a><figcaption>Click pour voir la m\u00e9thode 1<\/figcaption><\/figure><\/div>\n\n\n\n<p><strong>M\u00e9thode 2: <\/strong> T\u00e9l\u00e9charger \u00ab\u00a0Sacrifice.exe\u00a0\u00bb qui se trouve dans cette archive <\/p>\n\n\n\n<div class=\"wp-block-image\"><figure class=\"aligncenter size-large is-resized\"><a href=\"https:\/\/l2sacrifice.fr\/download\/Sacrifice.rar\"><img loading=\"lazy\" decoding=\"async\" src=\"https:\/\/l2sacrifice.fr\/wp-content\/uploads\/2020\/05\/winrar_icon.png\" alt=\"\" class=\"wp-image-1502\" width=\"85\" height=\"62\"\/><\/a><figcaption>Sacrifice.rar<\/figcaption><\/figure><\/div>\n\n\n\n<p>Extraire:<\/p>\n\n\n\n<figure class=\"wp-block-image size-large\"><img loading=\"lazy\" decoding=\"async\" width=\"391\" height=\"173\" src=\"https:\/\/l2sacrifice.fr\/wp-content\/uploads\/2020\/05\/image-348.png\" alt=\"\" class=\"wp-image-1503\"\/><\/figure>\n\n\n\n<p>Puis cliquer sur le \u00ab\u00a0Sacrifice.exe\u00a0\u00bb si vous voulez installer le client Sacrifice dans le fichier cr\u00e9\u00e9 (vous pouvez le mettre dans un autre dossier vide de votre choix) <\/p>\n\n\n\n<figure class=\"wp-block-image size-large\"><img loading=\"lazy\" decoding=\"async\" width=\"497\" height=\"81\" src=\"https:\/\/l2sacrifice.fr\/wp-content\/uploads\/2020\/05\/image-349.png\" alt=\"\" class=\"wp-image-1504\"\/><figcaption>Sacrifice.exe<\/figcaption><\/figure>\n\n\n\n<p>L&rsquo;updater Sacrifice installera la totalit\u00e9 du client (plus de 20Go) en environ 50min pour une connexion basique (si vous arr\u00eatez le processus vous pourrez reprendre en recliquant sur le \u00ab\u00a0Sacrifice.exe\u00a0\u00bb<\/p>\n\n\n\n<figure class=\"wp-block-video aligncenter\"><video height=\"750\" style=\"aspect-ratio: 1130 \/ 750;\" width=\"1130\" autoplay controls loop muted src=\"https:\/\/l2sacrifice.fr\/wp-content\/uploads\/2020\/05\/Updater-1ere-install.mp4\" playsinline><\/video><figcaption>Lancement de l&rsquo;updater pour la 1\u00e8re fois<\/figcaption><\/figure>\n\n\n\n<div class=\"wp-block-image\"><figure class=\"aligncenter size-large\"><img loading=\"lazy\" decoding=\"async\" width=\"382\" height=\"252\" src=\"https:\/\/l2sacrifice.fr\/wp-content\/uploads\/2020\/05\/image-350.png\" alt=\"\" class=\"wp-image-1505\"\/><figcaption>Zone de progression des t\u00e9l\u00e9chargements des fichiers du client Sacrifice<\/figcaption><\/figure><\/div>\n\n\n\n<p>lancement apr\u00e8s installation:<\/p>\n\n\n\n<figure class=\"wp-block-video aligncenter\"><video height=\"820\" style=\"aspect-ratio: 1224 \/ 820;\" width=\"1224\" autoplay controls loop muted src=\"https:\/\/l2sacrifice.fr\/wp-content\/uploads\/2020\/05\/Updater-a-jour.mp4\" playsinline><\/video><figcaption>Lancement Updater \u00e0 jour<\/figcaption><\/figure>\n\n\n\n<p>Si votre updater affiche \u00ab\u00a0Checking Files, Please Wait&#8230;\u00a0\u00bb:<\/p>\n\n\n\n<div class=\"wp-block-image\"><figure class=\"aligncenter size-large\"><img loading=\"lazy\" decoding=\"async\" width=\"219\" height=\"91\" src=\"https:\/\/l2sacrifice.fr\/wp-content\/uploads\/2020\/05\/image-351.png\" alt=\"\" class=\"wp-image-1513\"\/><\/figure><\/div>\n\n\n\n<p>c&rsquo;est qu&rsquo;il est entrain de v\u00e9rifier tous les fichiers, et cela peut \u00eatre long pas de panique<\/p>\n","protected":false},"excerpt":{"rendered":"<p>Pour Jouer sur Sacrifice, c&rsquo;est tr\u00e8s simple , Pour obtenir et lancer Sacrifice vous avez 2 m\u00e9thodes \u00e0 votre disposition (Pour cr\u00e9er un compte il vous suffira de vous connecter une 1\u00e8re fois dans le jeu en entrant un login qui n&rsquo;est pas utiliser et un 1er mot de passe qui sera le pass d\u00e9finitif) &hellip; <\/p>\n<p class=\"link-more\"><a href=\"https:\/\/l2sacrifice.fr\/?page_id=1501\" class=\"more-link\">Continuer la lecture<span class=\"screen-reader-text\"> de &laquo;&nbsp;Jouer&nbsp;&raquo;<\/span><\/a><\/p>\n","protected":false},"author":1,"featured_media":658,"parent":0,"menu_order":0,"comment_status":"closed","ping_status":"closed","template":"","meta":{"footnotes":""},"class_list":["post-1501","page","type-page","status-publish","has-post-thumbnail","hentry"],"yoast_head":"<!-- This site is optimized with the Yoast SEO plugin v27.0 - https:\/\/yoast.com\/product\/yoast-seo-wordpress\/ -->\n<title>Jouer - L2Sacrifice<\/title>\n<meta name=\"robots\" content=\"index, follow, max-snippet:-1, max-image-preview:large, max-video-preview:-1\" \/>\n<link rel=\"canonical\" href=\"https:\/\/l2sacrifice.fr\/?page_id=1501\" \/>\n<meta property=\"og:locale\" content=\"fr_FR\" \/>\n<meta property=\"og:type\" content=\"article\" \/>\n<meta property=\"og:title\" content=\"Jouer - L2Sacrifice\" \/>\n<meta property=\"og:description\" content=\"Pour Jouer sur Sacrifice, c&rsquo;est tr\u00e8s simple , Pour obtenir et lancer Sacrifice vous avez 2 m\u00e9thodes \u00e0 votre disposition (Pour cr\u00e9er un compte il vous suffira de vous connecter une 1\u00e8re fois dans le jeu en entrant un login qui n&rsquo;est pas utiliser et un 1er mot de passe qui sera le pass d\u00e9finitif) &hellip; Continuer la lecture de &laquo;&nbsp;Jouer&nbsp;&raquo;\" \/>\n<meta property=\"og:url\" content=\"https:\/\/l2sacrifice.fr\/?page_id=1501\" \/>\n<meta property=\"og:site_name\" content=\"L2Sacrifice\" \/>\n<meta property=\"article:modified_time\" content=\"2020-12-09T17:25:13+00:00\" \/>\n<meta property=\"og:image\" content=\"https:\/\/l2sacrifice.fr\/wp-content\/uploads\/2020\/05\/Play_title.png\" \/>\n\t<meta property=\"og:image:width\" content=\"1010\" \/>\n\t<meta property=\"og:image:height\" content=\"510\" \/>\n\t<meta property=\"og:image:type\" content=\"image\/png\" \/>\n<meta name=\"twitter:card\" content=\"summary_large_image\" \/>\n<meta name=\"twitter:label1\" content=\"Dur\u00e9e de lecture estim\u00e9e\" \/>\n\t<meta name=\"twitter:data1\" content=\"1 minute\" \/>\n<script type=\"application\/ld+json\" class=\"yoast-schema-graph\">{\"@context\":\"https:\/\/schema.org\",\"@graph\":[{\"@type\":\"WebPage\",\"@id\":\"https:\/\/l2sacrifice.fr\/?page_id=1501\",\"url\":\"https:\/\/l2sacrifice.fr\/?page_id=1501\",\"name\":\"Jouer - L2Sacrifice\",\"isPartOf\":{\"@id\":\"https:\/\/l2sacrifice.fr\/#website\"},\"primaryImageOfPage\":{\"@id\":\"https:\/\/l2sacrifice.fr\/?page_id=1501#primaryimage\"},\"image\":{\"@id\":\"https:\/\/l2sacrifice.fr\/?page_id=1501#primaryimage\"},\"thumbnailUrl\":\"https:\/\/l2sacrifice.fr\/wp-content\/uploads\/2020\/05\/Play_title.png\",\"datePublished\":\"2020-05-14T11:11:53+00:00\",\"dateModified\":\"2020-12-09T17:25:13+00:00\",\"breadcrumb\":{\"@id\":\"https:\/\/l2sacrifice.fr\/?page_id=1501#breadcrumb\"},\"inLanguage\":\"fr-FR\",\"potentialAction\":[{\"@type\":\"ReadAction\",\"target\":[\"https:\/\/l2sacrifice.fr\/?page_id=1501\"]}]},{\"@type\":\"ImageObject\",\"inLanguage\":\"fr-FR\",\"@id\":\"https:\/\/l2sacrifice.fr\/?page_id=1501#primaryimage\",\"url\":\"https:\/\/l2sacrifice.fr\/wp-content\/uploads\/2020\/05\/Play_title.png\",\"contentUrl\":\"https:\/\/l2sacrifice.fr\/wp-content\/uploads\/2020\/05\/Play_title.png\",\"width\":1010,\"height\":510},{\"@type\":\"BreadcrumbList\",\"@id\":\"https:\/\/l2sacrifice.fr\/?page_id=1501#breadcrumb\",\"itemListElement\":[{\"@type\":\"ListItem\",\"position\":1,\"name\":\"Home\",\"item\":\"https:\/\/l2sacrifice.fr\/\"},{\"@type\":\"ListItem\",\"position\":2,\"name\":\"Jouer\"}]},{\"@type\":\"WebSite\",\"@id\":\"https:\/\/l2sacrifice.fr\/#website\",\"url\":\"https:\/\/l2sacrifice.fr\/\",\"name\":\"L2Sacrifice\",\"description\":\"Lineage 2 Sacrifice pour la vie\",\"publisher\":{\"@id\":\"https:\/\/l2sacrifice.fr\/#\/schema\/person\/4ff20fbcfb77afded60cac13ff16dfa8\"},\"potentialAction\":[{\"@type\":\"SearchAction\",\"target\":{\"@type\":\"EntryPoint\",\"urlTemplate\":\"https:\/\/l2sacrifice.fr\/?s={search_term_string}\"},\"query-input\":{\"@type\":\"PropertyValueSpecification\",\"valueRequired\":true,\"valueName\":\"search_term_string\"}}],\"inLanguage\":\"fr-FR\"},{\"@type\":[\"Person\",\"Organization\"],\"@id\":\"https:\/\/l2sacrifice.fr\/#\/schema\/person\/4ff20fbcfb77afded60cac13ff16dfa8\",\"name\":\"darksimonus\",\"image\":{\"@type\":\"ImageObject\",\"inLanguage\":\"fr-FR\",\"@id\":\"https:\/\/l2sacrifice.fr\/#\/schema\/person\/image\/\",\"url\":\"https:\/\/l2sacrifice.fr\/wp-content\/uploads\/2020\/05\/Logo_mini.png\",\"contentUrl\":\"https:\/\/l2sacrifice.fr\/wp-content\/uploads\/2020\/05\/Logo_mini.png\",\"width\":225,\"height\":225,\"caption\":\"darksimonus\"},\"logo\":{\"@id\":\"https:\/\/l2sacrifice.fr\/#\/schema\/person\/image\/\"}}]}<\/script>\n<!-- \/ Yoast SEO plugin. -->","yoast_head_json":{"title":"Jouer - L2Sacrifice","robots":{"index":"index","follow":"follow","max-snippet":"max-snippet:-1","max-image-preview":"max-image-preview:large","max-video-preview":"max-video-preview:-1"},"canonical":"https:\/\/l2sacrifice.fr\/?page_id=1501","og_locale":"fr_FR","og_type":"article","og_title":"Jouer - L2Sacrifice","og_description":"Pour Jouer sur Sacrifice, c&rsquo;est tr\u00e8s simple , Pour obtenir et lancer Sacrifice vous avez 2 m\u00e9thodes \u00e0 votre disposition (Pour cr\u00e9er un compte il vous suffira de vous connecter une 1\u00e8re fois dans le jeu en entrant un login qui n&rsquo;est pas utiliser et un 1er mot de passe qui sera le pass d\u00e9finitif) &hellip; Continuer la lecture de &laquo;&nbsp;Jouer&nbsp;&raquo;","og_url":"https:\/\/l2sacrifice.fr\/?page_id=1501","og_site_name":"L2Sacrifice","article_modified_time":"2020-12-09T17:25:13+00:00","og_image":[{"width":1010,"height":510,"url":"https:\/\/l2sacrifice.fr\/wp-content\/uploads\/2020\/05\/Play_title.png","type":"image\/png"}],"twitter_card":"summary_large_image","twitter_misc":{"Dur\u00e9e de lecture estim\u00e9e":"1 minute"},"schema":{"@context":"https:\/\/schema.org","@graph":[{"@type":"WebPage","@id":"https:\/\/l2sacrifice.fr\/?page_id=1501","url":"https:\/\/l2sacrifice.fr\/?page_id=1501","name":"Jouer - L2Sacrifice","isPartOf":{"@id":"https:\/\/l2sacrifice.fr\/#website"},"primaryImageOfPage":{"@id":"https:\/\/l2sacrifice.fr\/?page_id=1501#primaryimage"},"image":{"@id":"https:\/\/l2sacrifice.fr\/?page_id=1501#primaryimage"},"thumbnailUrl":"https:\/\/l2sacrifice.fr\/wp-content\/uploads\/2020\/05\/Play_title.png","datePublished":"2020-05-14T11:11:53+00:00","dateModified":"2020-12-09T17:25:13+00:00","breadcrumb":{"@id":"https:\/\/l2sacrifice.fr\/?page_id=1501#breadcrumb"},"inLanguage":"fr-FR","potentialAction":[{"@type":"ReadAction","target":["https:\/\/l2sacrifice.fr\/?page_id=1501"]}]},{"@type":"ImageObject","inLanguage":"fr-FR","@id":"https:\/\/l2sacrifice.fr\/?page_id=1501#primaryimage","url":"https:\/\/l2sacrifice.fr\/wp-content\/uploads\/2020\/05\/Play_title.png","contentUrl":"https:\/\/l2sacrifice.fr\/wp-content\/uploads\/2020\/05\/Play_title.png","width":1010,"height":510},{"@type":"BreadcrumbList","@id":"https:\/\/l2sacrifice.fr\/?page_id=1501#breadcrumb","itemListElement":[{"@type":"ListItem","position":1,"name":"Home","item":"https:\/\/l2sacrifice.fr\/"},{"@type":"ListItem","position":2,"name":"Jouer"}]},{"@type":"WebSite","@id":"https:\/\/l2sacrifice.fr\/#website","url":"https:\/\/l2sacrifice.fr\/","name":"L2Sacrifice","description":"Lineage 2 Sacrifice pour la vie","publisher":{"@id":"https:\/\/l2sacrifice.fr\/#\/schema\/person\/4ff20fbcfb77afded60cac13ff16dfa8"},"potentialAction":[{"@type":"SearchAction","target":{"@type":"EntryPoint","urlTemplate":"https:\/\/l2sacrifice.fr\/?s={search_term_string}"},"query-input":{"@type":"PropertyValueSpecification","valueRequired":true,"valueName":"search_term_string"}}],"inLanguage":"fr-FR"},{"@type":["Person","Organization"],"@id":"https:\/\/l2sacrifice.fr\/#\/schema\/person\/4ff20fbcfb77afded60cac13ff16dfa8","name":"darksimonus","image":{"@type":"ImageObject","inLanguage":"fr-FR","@id":"https:\/\/l2sacrifice.fr\/#\/schema\/person\/image\/","url":"https:\/\/l2sacrifice.fr\/wp-content\/uploads\/2020\/05\/Logo_mini.png","contentUrl":"https:\/\/l2sacrifice.fr\/wp-content\/uploads\/2020\/05\/Logo_mini.png","width":225,"height":225,"caption":"darksimonus"},"logo":{"@id":"https:\/\/l2sacrifice.fr\/#\/schema\/person\/image\/"}}]}},"_links":{"self":[{"href":"https:\/\/l2sacrifice.fr\/index.php?rest_route=\/wp\/v2\/pages\/1501","targetHints":{"allow":["GET"]}}],"collection":[{"href":"https:\/\/l2sacrifice.fr\/index.php?rest_route=\/wp\/v2\/pages"}],"about":[{"href":"https:\/\/l2sacrifice.fr\/index.php?rest_route=\/wp\/v2\/types\/page"}],"author":[{"embeddable":true,"href":"https:\/\/l2sacrifice.fr\/index.php?rest_route=\/wp\/v2\/users\/1"}],"replies":[{"embeddable":true,"href":"https:\/\/l2sacrifice.fr\/index.php?rest_route=%2Fwp%2Fv2%2Fcomments&post=1501"}],"version-history":[{"count":12,"href":"https:\/\/l2sacrifice.fr\/index.php?rest_route=\/wp\/v2\/pages\/1501\/revisions"}],"predecessor-version":[{"id":1902,"href":"https:\/\/l2sacrifice.fr\/index.php?rest_route=\/wp\/v2\/pages\/1501\/revisions\/1902"}],"wp:featuredmedia":[{"embeddable":true,"href":"https:\/\/l2sacrifice.fr\/index.php?rest_route=\/wp\/v2\/media\/658"}],"wp:attachment":[{"href":"https:\/\/l2sacrifice.fr\/index.php?rest_route=%2Fwp%2Fv2%2Fmedia&parent=1501"}],"curies":[{"name":"wp","href":"https:\/\/api.w.org\/{rel}","templated":true}]}}