{"id":149,"date":"2020-05-02T10:50:26","date_gmt":"2020-05-02T08:50:26","guid":{"rendered":"https:\/\/l2sacrifice.fr\/?page_id=149"},"modified":"2020-05-07T14:54:02","modified_gmt":"2020-05-07T12:54:02","slug":"tissery","status":"publish","type":"page","link":"https:\/\/l2sacrifice.fr\/?page_id=149","title":{"rendered":"Tissery"},"content":{"rendered":"\n<p>  Pour devenir un grand couturier vous devez faire la qu\u00eate de tisseur:  <\/p>\n\n\n\n<center><figure><iframe loading=\"lazy\" src=\"https:\/\/www.youtube.com\/embed\/GSjLYoUNx70\" allowfullscreen=\"\" width=\"560\" height=\"315\"><\/iframe><\/figure><\/center>\n\n\n\n<p> Vous avez choisi d&rsquo;\u00eatre couturier, voici comment ce m\u00e9tier fonctionne <\/p>\n\n\n\n<p> Il se compose de votre Maitre couturier et de votre m\u00e9tier \u00e0 tisser: <\/p>\n\n\n\n<div class=\"wp-block-image\"><figure class=\"aligncenter is-resized\"><img loading=\"lazy\" decoding=\"async\" src=\"https:\/\/l2sacrifice.fr\/wp-content\/uploads\/2020\/05\/image-31.png\" alt=\"L\u2019attribut alt de cette image est vide, son nom de fichier est image-31.png.\" width=\"439\" height=\"423\"\/><\/figure><\/div>\n\n\n\n<p>Le m\u00e9tier \u00e0 tisser vous permettra de transformer vos fils en tissu gr\u00e2ce  aux bobines de fil r\u00e9colt\u00e9es dans la zone sp\u00e9ciale tissery (pour vous y rendre  utiliser le Sacrifice ou Job Gatekeeper qui se trouve au centre de la  chambre des m\u00e9tier).<\/p>\n\n\n\n<div class=\"wp-block-image\"><figure class=\"aligncenter\"><img loading=\"lazy\" decoding=\"async\" width=\"291\" height=\"375\" src=\"https:\/\/l2sacrifice.fr\/wp-content\/uploads\/2020\/05\/Tissery_1.png\" alt=\"\" class=\"wp-image-528\"\/><\/figure><\/div>\n\n\n\n<p>Voici des exemples de confection de tissu. Vous pouvez utiliser  ces tissus comme objet de craft pour obtenir certains \u00e9quipements: <\/p>\n\n\n\n<div class=\"wp-block-image\"><figure class=\"aligncenter\"><img loading=\"lazy\" decoding=\"async\" width=\"291\" height=\"375\" src=\"https:\/\/l2sacrifice.fr\/wp-content\/uploads\/2020\/05\/Tissery_2.png\" alt=\"\" class=\"wp-image-530\"\/><\/figure><\/div>\n\n\n\n<p>Pour tisser vos tissus vous devrez choisir une vitesse, plus vous augmentez la vitesse du m\u00e9tier \u00e0 tisser, plus vous pourrez confectionner une plus grandes quantit\u00e9s de tissu cependant plus la vitesse est \u00e9lev\u00e9e plus il y a des  risques de rater son tissage. <\/p>\n\n\n\n<div class=\"wp-block-image\"><figure class=\"aligncenter\"><img loading=\"lazy\" decoding=\"async\" width=\"291\" height=\"375\" src=\"https:\/\/l2sacrifice.fr\/wp-content\/uploads\/2020\/05\/Tissery_3.png\" alt=\"\" class=\"wp-image-529\"\/><\/figure><\/div>\n\n\n\n<p> Votre maitre couturier Cardin vous proposera de confectionner avec vos tissu certains \u00e9quipements ou obtenir une \u00e9valuation de votre  \u00e9quipement en grade  <\/p>\n\n\n\n<div class=\"wp-block-image\"><figure class=\"aligncenter\"><img loading=\"lazy\" decoding=\"async\" width=\"291\" height=\"743\" src=\"https:\/\/l2sacrifice.fr\/wp-content\/uploads\/2020\/05\/Tissery_4.png\" alt=\"\" class=\"wp-image-531\"\/><\/figure><\/div>\n\n\n\n<p>Attention vous devez combiner plusieurs objets de diff\u00e9rents m\u00e9tiers  pour pouvoir faire \u00e9voluer vos \u00e9quipements (il faudra donc avoir  plusieurs personnages avec des m\u00e9tiers diff\u00e9rents, ou vous organisez  dans votre clan)  <\/p>\n\n\n\n<p>  Voici un exemple de farming de la zone tissery:<\/p>\n\n\n\n<center><figure><iframe loading=\"lazy\" src=\"https:\/\/www.youtube.com\/embed\/Z4zdoLr2HRk\" allowfullscreen=\"\" width=\"560\" height=\"315\"><\/iframe><\/figure><\/center>\n","protected":false},"excerpt":{"rendered":"<p>Pour devenir un grand couturier vous devez faire la qu\u00eate de tisseur: Vous avez choisi d&rsquo;\u00eatre couturier, voici comment ce m\u00e9tier fonctionne Il se compose de votre Maitre couturier et de votre m\u00e9tier \u00e0 tisser: Le m\u00e9tier \u00e0 tisser vous permettra de transformer vos fils en tissu gr\u00e2ce aux bobines de fil r\u00e9colt\u00e9es dans la &hellip; <\/p>\n<p class=\"link-more\"><a href=\"https:\/\/l2sacrifice.fr\/?page_id=149\" class=\"more-link\">Continuer la lecture<span class=\"screen-reader-text\"> de &laquo;&nbsp;Tissery&nbsp;&raquo;<\/span><\/a><\/p>\n","protected":false},"author":1,"featured_media":666,"parent":0,"menu_order":0,"comment_status":"closed","ping_status":"closed","template":"","meta":{"footnotes":""},"class_list":["post-149","page","type-page","status-publish","has-post-thumbnail","hentry"],"yoast_head":"<!-- This site is optimized with the Yoast SEO plugin v27.0 - https:\/\/yoast.com\/product\/yoast-seo-wordpress\/ -->\n<title>Tissery - L2Sacrifice<\/title>\n<meta name=\"robots\" content=\"index, follow, max-snippet:-1, max-image-preview:large, max-video-preview:-1\" \/>\n<link rel=\"canonical\" href=\"https:\/\/l2sacrifice.fr\/?page_id=149\" \/>\n<meta property=\"og:locale\" content=\"fr_FR\" \/>\n<meta property=\"og:type\" content=\"article\" \/>\n<meta property=\"og:title\" content=\"Tissery - L2Sacrifice\" \/>\n<meta property=\"og:description\" content=\"Pour devenir un grand couturier vous devez faire la qu\u00eate de tisseur: Vous avez choisi d&rsquo;\u00eatre couturier, voici comment ce m\u00e9tier fonctionne Il se compose de votre Maitre couturier et de votre m\u00e9tier \u00e0 tisser: Le m\u00e9tier \u00e0 tisser vous permettra de transformer vos fils en tissu gr\u00e2ce aux bobines de fil r\u00e9colt\u00e9es dans la &hellip; Continuer la lecture de &laquo;&nbsp;Tissery&nbsp;&raquo;\" \/>\n<meta property=\"og:url\" content=\"https:\/\/l2sacrifice.fr\/?page_id=149\" \/>\n<meta property=\"og:site_name\" content=\"L2Sacrifice\" \/>\n<meta property=\"article:modified_time\" content=\"2020-05-07T12:54:02+00:00\" \/>\n<meta property=\"og:image\" content=\"https:\/\/l2sacrifice.fr\/wp-content\/uploads\/2020\/05\/Tissery_title-1.png\" \/>\n\t<meta property=\"og:image:width\" content=\"1010\" \/>\n\t<meta property=\"og:image:height\" content=\"510\" \/>\n\t<meta property=\"og:image:type\" content=\"image\/png\" \/>\n<meta name=\"twitter:card\" content=\"summary_large_image\" \/>\n<meta name=\"twitter:label1\" content=\"Dur\u00e9e de lecture estim\u00e9e\" \/>\n\t<meta name=\"twitter:data1\" content=\"1 minute\" \/>\n<script type=\"application\/ld+json\" class=\"yoast-schema-graph\">{\"@context\":\"https:\/\/schema.org\",\"@graph\":[{\"@type\":\"WebPage\",\"@id\":\"https:\/\/l2sacrifice.fr\/?page_id=149\",\"url\":\"https:\/\/l2sacrifice.fr\/?page_id=149\",\"name\":\"Tissery - L2Sacrifice\",\"isPartOf\":{\"@id\":\"https:\/\/l2sacrifice.fr\/#website\"},\"primaryImageOfPage\":{\"@id\":\"https:\/\/l2sacrifice.fr\/?page_id=149#primaryimage\"},\"image\":{\"@id\":\"https:\/\/l2sacrifice.fr\/?page_id=149#primaryimage\"},\"thumbnailUrl\":\"https:\/\/l2sacrifice.fr\/wp-content\/uploads\/2020\/05\/Tissery_title-1.png\",\"datePublished\":\"2020-05-02T08:50:26+00:00\",\"dateModified\":\"2020-05-07T12:54:02+00:00\",\"breadcrumb\":{\"@id\":\"https:\/\/l2sacrifice.fr\/?page_id=149#breadcrumb\"},\"inLanguage\":\"fr-FR\",\"potentialAction\":[{\"@type\":\"ReadAction\",\"target\":[\"https:\/\/l2sacrifice.fr\/?page_id=149\"]}]},{\"@type\":\"ImageObject\",\"inLanguage\":\"fr-FR\",\"@id\":\"https:\/\/l2sacrifice.fr\/?page_id=149#primaryimage\",\"url\":\"https:\/\/l2sacrifice.fr\/wp-content\/uploads\/2020\/05\/Tissery_title-1.png\",\"contentUrl\":\"https:\/\/l2sacrifice.fr\/wp-content\/uploads\/2020\/05\/Tissery_title-1.png\",\"width\":1010,\"height\":510},{\"@type\":\"BreadcrumbList\",\"@id\":\"https:\/\/l2sacrifice.fr\/?page_id=149#breadcrumb\",\"itemListElement\":[{\"@type\":\"ListItem\",\"position\":1,\"name\":\"Home\",\"item\":\"https:\/\/l2sacrifice.fr\/\"},{\"@type\":\"ListItem\",\"position\":2,\"name\":\"Tissery\"}]},{\"@type\":\"WebSite\",\"@id\":\"https:\/\/l2sacrifice.fr\/#website\",\"url\":\"https:\/\/l2sacrifice.fr\/\",\"name\":\"L2Sacrifice\",\"description\":\"Lineage 2 Sacrifice pour la vie\",\"publisher\":{\"@id\":\"https:\/\/l2sacrifice.fr\/#\/schema\/person\/4ff20fbcfb77afded60cac13ff16dfa8\"},\"potentialAction\":[{\"@type\":\"SearchAction\",\"target\":{\"@type\":\"EntryPoint\",\"urlTemplate\":\"https:\/\/l2sacrifice.fr\/?s={search_term_string}\"},\"query-input\":{\"@type\":\"PropertyValueSpecification\",\"valueRequired\":true,\"valueName\":\"search_term_string\"}}],\"inLanguage\":\"fr-FR\"},{\"@type\":[\"Person\",\"Organization\"],\"@id\":\"https:\/\/l2sacrifice.fr\/#\/schema\/person\/4ff20fbcfb77afded60cac13ff16dfa8\",\"name\":\"darksimonus\",\"image\":{\"@type\":\"ImageObject\",\"inLanguage\":\"fr-FR\",\"@id\":\"https:\/\/l2sacrifice.fr\/#\/schema\/person\/image\/\",\"url\":\"https:\/\/l2sacrifice.fr\/wp-content\/uploads\/2020\/05\/Logo_mini.png\",\"contentUrl\":\"https:\/\/l2sacrifice.fr\/wp-content\/uploads\/2020\/05\/Logo_mini.png\",\"width\":225,\"height\":225,\"caption\":\"darksimonus\"},\"logo\":{\"@id\":\"https:\/\/l2sacrifice.fr\/#\/schema\/person\/image\/\"}}]}<\/script>\n<!-- \/ Yoast SEO plugin. -->","yoast_head_json":{"title":"Tissery - L2Sacrifice","robots":{"index":"index","follow":"follow","max-snippet":"max-snippet:-1","max-image-preview":"max-image-preview:large","max-video-preview":"max-video-preview:-1"},"canonical":"https:\/\/l2sacrifice.fr\/?page_id=149","og_locale":"fr_FR","og_type":"article","og_title":"Tissery - L2Sacrifice","og_description":"Pour devenir un grand couturier vous devez faire la qu\u00eate de tisseur: Vous avez choisi d&rsquo;\u00eatre couturier, voici comment ce m\u00e9tier fonctionne Il se compose de votre Maitre couturier et de votre m\u00e9tier \u00e0 tisser: Le m\u00e9tier \u00e0 tisser vous permettra de transformer vos fils en tissu gr\u00e2ce aux bobines de fil r\u00e9colt\u00e9es dans la &hellip; Continuer la lecture de &laquo;&nbsp;Tissery&nbsp;&raquo;","og_url":"https:\/\/l2sacrifice.fr\/?page_id=149","og_site_name":"L2Sacrifice","article_modified_time":"2020-05-07T12:54:02+00:00","og_image":[{"width":1010,"height":510,"url":"https:\/\/l2sacrifice.fr\/wp-content\/uploads\/2020\/05\/Tissery_title-1.png","type":"image\/png"}],"twitter_card":"summary_large_image","twitter_misc":{"Dur\u00e9e de lecture estim\u00e9e":"1 minute"},"schema":{"@context":"https:\/\/schema.org","@graph":[{"@type":"WebPage","@id":"https:\/\/l2sacrifice.fr\/?page_id=149","url":"https:\/\/l2sacrifice.fr\/?page_id=149","name":"Tissery - L2Sacrifice","isPartOf":{"@id":"https:\/\/l2sacrifice.fr\/#website"},"primaryImageOfPage":{"@id":"https:\/\/l2sacrifice.fr\/?page_id=149#primaryimage"},"image":{"@id":"https:\/\/l2sacrifice.fr\/?page_id=149#primaryimage"},"thumbnailUrl":"https:\/\/l2sacrifice.fr\/wp-content\/uploads\/2020\/05\/Tissery_title-1.png","datePublished":"2020-05-02T08:50:26+00:00","dateModified":"2020-05-07T12:54:02+00:00","breadcrumb":{"@id":"https:\/\/l2sacrifice.fr\/?page_id=149#breadcrumb"},"inLanguage":"fr-FR","potentialAction":[{"@type":"ReadAction","target":["https:\/\/l2sacrifice.fr\/?page_id=149"]}]},{"@type":"ImageObject","inLanguage":"fr-FR","@id":"https:\/\/l2sacrifice.fr\/?page_id=149#primaryimage","url":"https:\/\/l2sacrifice.fr\/wp-content\/uploads\/2020\/05\/Tissery_title-1.png","contentUrl":"https:\/\/l2sacrifice.fr\/wp-content\/uploads\/2020\/05\/Tissery_title-1.png","width":1010,"height":510},{"@type":"BreadcrumbList","@id":"https:\/\/l2sacrifice.fr\/?page_id=149#breadcrumb","itemListElement":[{"@type":"ListItem","position":1,"name":"Home","item":"https:\/\/l2sacrifice.fr\/"},{"@type":"ListItem","position":2,"name":"Tissery"}]},{"@type":"WebSite","@id":"https:\/\/l2sacrifice.fr\/#website","url":"https:\/\/l2sacrifice.fr\/","name":"L2Sacrifice","description":"Lineage 2 Sacrifice pour la vie","publisher":{"@id":"https:\/\/l2sacrifice.fr\/#\/schema\/person\/4ff20fbcfb77afded60cac13ff16dfa8"},"potentialAction":[{"@type":"SearchAction","target":{"@type":"EntryPoint","urlTemplate":"https:\/\/l2sacrifice.fr\/?s={search_term_string}"},"query-input":{"@type":"PropertyValueSpecification","valueRequired":true,"valueName":"search_term_string"}}],"inLanguage":"fr-FR"},{"@type":["Person","Organization"],"@id":"https:\/\/l2sacrifice.fr\/#\/schema\/person\/4ff20fbcfb77afded60cac13ff16dfa8","name":"darksimonus","image":{"@type":"ImageObject","inLanguage":"fr-FR","@id":"https:\/\/l2sacrifice.fr\/#\/schema\/person\/image\/","url":"https:\/\/l2sacrifice.fr\/wp-content\/uploads\/2020\/05\/Logo_mini.png","contentUrl":"https:\/\/l2sacrifice.fr\/wp-content\/uploads\/2020\/05\/Logo_mini.png","width":225,"height":225,"caption":"darksimonus"},"logo":{"@id":"https:\/\/l2sacrifice.fr\/#\/schema\/person\/image\/"}}]}},"_links":{"self":[{"href":"https:\/\/l2sacrifice.fr\/index.php?rest_route=\/wp\/v2\/pages\/149","targetHints":{"allow":["GET"]}}],"collection":[{"href":"https:\/\/l2sacrifice.fr\/index.php?rest_route=\/wp\/v2\/pages"}],"about":[{"href":"https:\/\/l2sacrifice.fr\/index.php?rest_route=\/wp\/v2\/types\/page"}],"author":[{"embeddable":true,"href":"https:\/\/l2sacrifice.fr\/index.php?rest_route=\/wp\/v2\/users\/1"}],"replies":[{"embeddable":true,"href":"https:\/\/l2sacrifice.fr\/index.php?rest_route=%2Fwp%2Fv2%2Fcomments&post=149"}],"version-history":[{"count":6,"href":"https:\/\/l2sacrifice.fr\/index.php?rest_route=\/wp\/v2\/pages\/149\/revisions"}],"predecessor-version":[{"id":622,"href":"https:\/\/l2sacrifice.fr\/index.php?rest_route=\/wp\/v2\/pages\/149\/revisions\/622"}],"wp:featuredmedia":[{"embeddable":true,"href":"https:\/\/l2sacrifice.fr\/index.php?rest_route=\/wp\/v2\/media\/666"}],"wp:attachment":[{"href":"https:\/\/l2sacrifice.fr\/index.php?rest_route=%2Fwp%2Fv2%2Fmedia&parent=149"}],"curies":[{"name":"wp","href":"https:\/\/api.w.org\/{rel}","templated":true}]}}