{"id":144,"date":"2020-05-02T10:49:26","date_gmt":"2020-05-02T08:49:26","guid":{"rendered":"https:\/\/l2sacrifice.fr\/?page_id=144"},"modified":"2020-05-05T19:53:14","modified_gmt":"2020-05-05T17:53:14","slug":"metiers","status":"publish","type":"page","link":"https:\/\/l2sacrifice.fr\/?page_id=144","title":{"rendered":"M\u00e9tiers"},"content":{"rendered":"\n<p>La base du Craft sur Sacrifice s&rsquo;appuie sur 8 M\u00e9tiers:<\/p>\n\n\n\n<p>-Cooking : (m\u00e9tier de la cuisine et ces ingr\u00e9dients)<\/p>\n\n\n\n<div class=\"wp-block-image\"><figure class=\"aligncenter is-resized\"><img loading=\"lazy\" decoding=\"async\" src=\"https:\/\/l2sacrifice.fr\/wp-content\/uploads\/2020\/05\/image-29.png\" alt=\"\" class=\"wp-image-373\" width=\"368\" height=\"254\"\/><\/figure><\/div>\n\n\n\n<p>-Chemistry :  (m\u00e9tier des sciences de la chimie)<\/p>\n\n\n\n<div class=\"wp-block-image\"><figure class=\"aligncenter is-resized\"><img loading=\"lazy\" decoding=\"async\" src=\"https:\/\/l2sacrifice.fr\/wp-content\/uploads\/2020\/05\/image-30.png\" alt=\"\" class=\"wp-image-374\" width=\"373\" height=\"373\"\/><\/figure><\/div>\n\n\n\n<p><\/p>\n\n\n\n<p>-Tissery : (m\u00e9tier des fils et des tissus)<\/p>\n\n\n\n<div class=\"wp-block-image\"><figure class=\"aligncenter is-resized\"><img loading=\"lazy\" decoding=\"async\" src=\"https:\/\/l2sacrifice.fr\/wp-content\/uploads\/2020\/05\/image-31.png\" alt=\"\" class=\"wp-image-375\" width=\"387\" height=\"373\"\/><\/figure><\/div>\n\n\n\n<p>-Heborist : (M\u00e9tier des plantes et de fleurs et des d\u00e9coctions)<\/p>\n\n\n\n<div class=\"wp-block-image\"><figure class=\"aligncenter is-resized\"><img loading=\"lazy\" decoding=\"async\" src=\"https:\/\/l2sacrifice.fr\/wp-content\/uploads\/2020\/05\/image-32.png\" alt=\"\" class=\"wp-image-376\" width=\"390\" height=\"310\"\/><\/figure><\/div>\n\n\n\n<p>-Mineralogy : (M\u00e9tier des pierres et des cristaux)<\/p>\n\n\n\n<div class=\"wp-block-image\"><figure class=\"aligncenter is-resized\"><img loading=\"lazy\" decoding=\"async\" src=\"https:\/\/l2sacrifice.fr\/wp-content\/uploads\/2020\/05\/image-33.png\" alt=\"\" class=\"wp-image-378\" width=\"389\" height=\"395\"\/><\/figure><\/div>\n\n\n\n<p>-Forge : (M\u00e9tier des m\u00e9taux)<\/p>\n\n\n\n<div class=\"wp-block-image\"><figure class=\"aligncenter is-resized\"><img loading=\"lazy\" decoding=\"async\" src=\"https:\/\/l2sacrifice.fr\/wp-content\/uploads\/2020\/05\/image-34.png\" alt=\"\" class=\"wp-image-380\" width=\"412\" height=\"237\"\/><\/figure><\/div>\n\n\n\n<p>-Sciery: (M\u00e9tier du bois) <\/p>\n\n\n\n<div class=\"wp-block-image\"><figure class=\"aligncenter is-resized\"><img loading=\"lazy\" decoding=\"async\" src=\"https:\/\/l2sacrifice.fr\/wp-content\/uploads\/2020\/05\/image-35.png\" alt=\"\" class=\"wp-image-381\" width=\"413\" height=\"298\"\/><\/figure><\/div>\n\n\n\n<p>-Tannery : (M\u00e9tier de la chasse, des peaux et des cuires)<\/p>\n\n\n\n<div class=\"wp-block-image\"><figure class=\"aligncenter is-resized\"><img loading=\"lazy\" decoding=\"async\" src=\"https:\/\/l2sacrifice.fr\/wp-content\/uploads\/2020\/05\/image-36.png\" alt=\"\" class=\"wp-image-382\" width=\"418\" height=\"264\"\/><\/figure><\/div>\n\n\n\n<p>La chambre des m\u00e9tiers se trouve \u00e0 Heine dans Eva&rsquo;s Temple<\/p>\n\n\n\n<div class=\"wp-block-image\"><figure class=\"aligncenter is-resized\"><img loading=\"lazy\" decoding=\"async\" src=\"https:\/\/l2sacrifice.fr\/wp-content\/uploads\/2020\/05\/MapHeineJob.png\" alt=\"\" class=\"wp-image-383\" width=\"390\" height=\"351\"\/><\/figure><\/div>\n\n\n\n<p>Vous ne pouvez exercer qu&rsquo;un seul m\u00e9tier par personnage, pour excercer un m\u00e9tier il vous faudra faire la qu\u00eate pour obtenir le certificat de votre m\u00e9tier<\/p>\n\n\n\n<p>Vous obtiendrez \u00e9galement tout les \u00e9quipements (Armes, Armures&#8230;.) de votre m\u00e9tier pour r\u00e9colter les ingr\u00e9dients, mat\u00e9riaux, produits dans les zones m\u00e9tiers<\/p>\n\n\n\n<p>Voici quelques exemples d&rsquo;\u00e9quipements M\u00e9tier:<\/p>\n\n\n\n<ul class=\"wp-block-gallery columns-3 is-cropped wp-block-gallery-1 is-layout-flex wp-block-gallery-is-layout-flex\"><li class=\"blocks-gallery-item\"><figure><img loading=\"lazy\" decoding=\"async\" width=\"700\" height=\"512\" src=\"https:\/\/l2sacrifice.fr\/wp-content\/uploads\/2020\/05\/JobArmor34.png\" alt=\"\" data-id=\"388\" data-link=\"https:\/\/l2sacrifice.fr\/?attachment_id=388\" class=\"wp-image-388\"\/><\/figure><\/li><li class=\"blocks-gallery-item\"><figure><img loading=\"lazy\" decoding=\"async\" width=\"700\" height=\"512\" src=\"https:\/\/l2sacrifice.fr\/wp-content\/uploads\/2020\/05\/JobArmor38.png\" alt=\"\" data-id=\"389\" data-link=\"https:\/\/l2sacrifice.fr\/?attachment_id=389\" class=\"wp-image-389\"\/><\/figure><\/li><li class=\"blocks-gallery-item\"><figure><img loading=\"lazy\" decoding=\"async\" width=\"700\" height=\"512\" src=\"https:\/\/l2sacrifice.fr\/wp-content\/uploads\/2020\/05\/JobWeapon111.png\" alt=\"\" data-id=\"390\" data-link=\"https:\/\/l2sacrifice.fr\/?attachment_id=390\" class=\"wp-image-390\"\/><\/figure><\/li><li class=\"blocks-gallery-item\"><figure><img loading=\"lazy\" decoding=\"async\" width=\"700\" height=\"512\" src=\"https:\/\/l2sacrifice.fr\/wp-content\/uploads\/2020\/05\/JobWeapon112.png\" alt=\"\" data-id=\"391\" data-link=\"https:\/\/l2sacrifice.fr\/?attachment_id=391\" class=\"wp-image-391\"\/><\/figure><\/li><li class=\"blocks-gallery-item\"><figure><img loading=\"lazy\" decoding=\"async\" width=\"700\" height=\"512\" src=\"https:\/\/l2sacrifice.fr\/wp-content\/uploads\/2020\/05\/JobWeapon122.png\" alt=\"\" data-id=\"392\" data-link=\"https:\/\/l2sacrifice.fr\/?attachment_id=392\" class=\"wp-image-392\"\/><\/figure><\/li><li class=\"blocks-gallery-item\"><figure><img loading=\"lazy\" decoding=\"async\" width=\"700\" height=\"512\" src=\"https:\/\/l2sacrifice.fr\/wp-content\/uploads\/2020\/05\/JobArmor34-1.png\" alt=\"\" data-id=\"393\" data-link=\"https:\/\/l2sacrifice.fr\/?attachment_id=393\" class=\"wp-image-393\"\/><\/figure><\/li><li class=\"blocks-gallery-item\"><figure><img loading=\"lazy\" decoding=\"async\" width=\"700\" height=\"512\" src=\"https:\/\/l2sacrifice.fr\/wp-content\/uploads\/2020\/05\/JobArmor35-1.png\" alt=\"\" data-id=\"394\" data-link=\"https:\/\/l2sacrifice.fr\/?attachment_id=394\" class=\"wp-image-394\"\/><\/figure><\/li><li class=\"blocks-gallery-item\"><figure><img loading=\"lazy\" decoding=\"async\" width=\"700\" height=\"512\" src=\"https:\/\/l2sacrifice.fr\/wp-content\/uploads\/2020\/05\/JobArmor39-1.png\" alt=\"\" data-id=\"396\" data-link=\"https:\/\/l2sacrifice.fr\/?attachment_id=396\" class=\"wp-image-396\"\/><\/figure><\/li><li class=\"blocks-gallery-item\"><figure><img loading=\"lazy\" decoding=\"async\" width=\"700\" height=\"512\" src=\"https:\/\/l2sacrifice.fr\/wp-content\/uploads\/2020\/05\/JobArmor40-2.png\" alt=\"\" data-id=\"398\" data-link=\"https:\/\/l2sacrifice.fr\/?attachment_id=398\" class=\"wp-image-398\"\/><\/figure><\/li><\/ul>\n\n\n\n<p>Si vous souhaitez ne plus exercer votre m\u00e9tier vous pouvez renoncer \u00e0 votre m\u00e9tier pour refaire la qu\u00eate d&rsquo;un autre m\u00e9tier. Il vous faudra parler \u00e0 Lisancy au centre de la chambre des m\u00e9tiers<\/p>\n\n\n\n<div class=\"wp-block-image\"><figure class=\"aligncenter is-resized\"><img loading=\"lazy\" decoding=\"async\" src=\"https:\/\/l2sacrifice.fr\/wp-content\/uploads\/2020\/05\/image-37.png\" alt=\"\" class=\"wp-image-414\" width=\"165\" height=\"397\"\/><figcaption>Jobs Manager: Lisancy<\/figcaption><\/figure><\/div>\n\n\n\n<div class=\"wp-block-image\"><figure class=\"aligncenter\"><img loading=\"lazy\" decoding=\"async\" width=\"291\" height=\"375\" src=\"https:\/\/l2sacrifice.fr\/wp-content\/uploads\/2020\/05\/Jobnpc2.png\" alt=\"\" class=\"wp-image-417\"\/><\/figure><\/div>\n\n\n\n<p>Vous avez un bouton pour d\u00e9missionner de votre un m\u00e9tier et un bouton banque pour mettre tout les objets de votre ancien m\u00e9tier en banque dans le cas ou vous voudriez refaire votre ancien m\u00e9tier un jour.<\/p>\n\n\n\n<p>Vous avez \u00e0 votre disposition des zones de r\u00e9colte pour chacun des m\u00e9tiers, il vous faudra donc un \u00e9quipement m\u00e9tier pour r\u00e9colt\u00e9 les mati\u00e8res premi\u00e8res<\/p>\n\n\n\n<p>Dans chacun des zones m\u00e9tiers vous pourrez retrouver un boss m\u00e9tier<\/p>\n\n\n\n<div class=\"wp-block-image\"><figure class=\"aligncenter is-resized\"><img loading=\"lazy\" decoding=\"async\" src=\"https:\/\/l2sacrifice.fr\/wp-content\/uploads\/2020\/05\/Chemist_Boss-3.png\" alt=\"\" class=\"wp-image-437\" width=\"161\" height=\"340\"\/><figcaption>Chemstry Boss<\/figcaption><\/figure><\/div>\n\n\n\n<div class=\"wp-block-image\"><figure class=\"aligncenter is-resized\"><img loading=\"lazy\" decoding=\"async\" src=\"https:\/\/l2sacrifice.fr\/wp-content\/uploads\/2020\/05\/Cooking_Boss-3.png\" alt=\"\" class=\"wp-image-438\" width=\"312\" height=\"216\"\/><figcaption>Cooking Boss<\/figcaption><\/figure><\/div>\n","protected":false},"excerpt":{"rendered":"<p>La base du Craft sur Sacrifice s&rsquo;appuie sur 8 M\u00e9tiers: -Cooking : (m\u00e9tier de la cuisine et ces ingr\u00e9dients) -Chemistry : (m\u00e9tier des sciences de la chimie) -Tissery : (m\u00e9tier des fils et des tissus) -Heborist : (M\u00e9tier des plantes et de fleurs et des d\u00e9coctions) -Mineralogy : (M\u00e9tier des pierres et des cristaux) -Forge &hellip; <\/p>\n<p class=\"link-more\"><a href=\"https:\/\/l2sacrifice.fr\/?page_id=144\" class=\"more-link\">Continuer la lecture<span class=\"screen-reader-text\"> de &laquo;&nbsp;M\u00e9tiers&nbsp;&raquo;<\/span><\/a><\/p>\n","protected":false},"author":1,"featured_media":371,"parent":0,"menu_order":0,"comment_status":"closed","ping_status":"closed","template":"","meta":{"footnotes":""},"class_list":["post-144","page","type-page","status-publish","has-post-thumbnail","hentry"],"yoast_head":"<!-- This site is optimized with the Yoast SEO plugin v27.0 - https:\/\/yoast.com\/product\/yoast-seo-wordpress\/ -->\n<title>M\u00e9tiers - L2Sacrifice<\/title>\n<meta name=\"robots\" content=\"index, follow, max-snippet:-1, max-image-preview:large, max-video-preview:-1\" \/>\n<link rel=\"canonical\" href=\"https:\/\/l2sacrifice.fr\/?page_id=144\" \/>\n<meta property=\"og:locale\" content=\"fr_FR\" \/>\n<meta property=\"og:type\" content=\"article\" \/>\n<meta property=\"og:title\" content=\"M\u00e9tiers - L2Sacrifice\" \/>\n<meta property=\"og:description\" content=\"La base du Craft sur Sacrifice s&rsquo;appuie sur 8 M\u00e9tiers: -Cooking : (m\u00e9tier de la cuisine et ces ingr\u00e9dients) -Chemistry : (m\u00e9tier des sciences de la chimie) -Tissery : (m\u00e9tier des fils et des tissus) -Heborist : (M\u00e9tier des plantes et de fleurs et des d\u00e9coctions) -Mineralogy : (M\u00e9tier des pierres et des cristaux) -Forge &hellip; Continuer la lecture de &laquo;&nbsp;M\u00e9tiers&nbsp;&raquo;\" \/>\n<meta property=\"og:url\" content=\"https:\/\/l2sacrifice.fr\/?page_id=144\" \/>\n<meta property=\"og:site_name\" content=\"L2Sacrifice\" \/>\n<meta property=\"article:modified_time\" content=\"2020-05-05T17:53:14+00:00\" \/>\n<meta property=\"og:image\" content=\"https:\/\/l2sacrifice.fr\/wp-content\/uploads\/2020\/05\/Job1.png\" \/>\n\t<meta property=\"og:image:width\" content=\"980\" \/>\n\t<meta property=\"og:image:height\" content=\"624\" \/>\n\t<meta property=\"og:image:type\" content=\"image\/png\" \/>\n<meta name=\"twitter:card\" content=\"summary_large_image\" \/>\n<meta name=\"twitter:label1\" content=\"Dur\u00e9e de lecture estim\u00e9e\" \/>\n\t<meta name=\"twitter:data1\" content=\"1 minute\" \/>\n<script type=\"application\/ld+json\" class=\"yoast-schema-graph\">{\"@context\":\"https:\/\/schema.org\",\"@graph\":[{\"@type\":\"WebPage\",\"@id\":\"https:\/\/l2sacrifice.fr\/?page_id=144\",\"url\":\"https:\/\/l2sacrifice.fr\/?page_id=144\",\"name\":\"M\u00e9tiers - L2Sacrifice\",\"isPartOf\":{\"@id\":\"https:\/\/l2sacrifice.fr\/#website\"},\"primaryImageOfPage\":{\"@id\":\"https:\/\/l2sacrifice.fr\/?page_id=144#primaryimage\"},\"image\":{\"@id\":\"https:\/\/l2sacrifice.fr\/?page_id=144#primaryimage\"},\"thumbnailUrl\":\"https:\/\/l2sacrifice.fr\/wp-content\/uploads\/2020\/05\/Job1.png\",\"datePublished\":\"2020-05-02T08:49:26+00:00\",\"dateModified\":\"2020-05-05T17:53:14+00:00\",\"breadcrumb\":{\"@id\":\"https:\/\/l2sacrifice.fr\/?page_id=144#breadcrumb\"},\"inLanguage\":\"fr-FR\",\"potentialAction\":[{\"@type\":\"ReadAction\",\"target\":[\"https:\/\/l2sacrifice.fr\/?page_id=144\"]}]},{\"@type\":\"ImageObject\",\"inLanguage\":\"fr-FR\",\"@id\":\"https:\/\/l2sacrifice.fr\/?page_id=144#primaryimage\",\"url\":\"https:\/\/l2sacrifice.fr\/wp-content\/uploads\/2020\/05\/Job1.png\",\"contentUrl\":\"https:\/\/l2sacrifice.fr\/wp-content\/uploads\/2020\/05\/Job1.png\",\"width\":980,\"height\":624},{\"@type\":\"BreadcrumbList\",\"@id\":\"https:\/\/l2sacrifice.fr\/?page_id=144#breadcrumb\",\"itemListElement\":[{\"@type\":\"ListItem\",\"position\":1,\"name\":\"Home\",\"item\":\"https:\/\/l2sacrifice.fr\/\"},{\"@type\":\"ListItem\",\"position\":2,\"name\":\"M\u00e9tiers\"}]},{\"@type\":\"WebSite\",\"@id\":\"https:\/\/l2sacrifice.fr\/#website\",\"url\":\"https:\/\/l2sacrifice.fr\/\",\"name\":\"L2Sacrifice\",\"description\":\"Lineage 2 Sacrifice pour la vie\",\"publisher\":{\"@id\":\"https:\/\/l2sacrifice.fr\/#\/schema\/person\/4ff20fbcfb77afded60cac13ff16dfa8\"},\"potentialAction\":[{\"@type\":\"SearchAction\",\"target\":{\"@type\":\"EntryPoint\",\"urlTemplate\":\"https:\/\/l2sacrifice.fr\/?s={search_term_string}\"},\"query-input\":{\"@type\":\"PropertyValueSpecification\",\"valueRequired\":true,\"valueName\":\"search_term_string\"}}],\"inLanguage\":\"fr-FR\"},{\"@type\":[\"Person\",\"Organization\"],\"@id\":\"https:\/\/l2sacrifice.fr\/#\/schema\/person\/4ff20fbcfb77afded60cac13ff16dfa8\",\"name\":\"darksimonus\",\"image\":{\"@type\":\"ImageObject\",\"inLanguage\":\"fr-FR\",\"@id\":\"https:\/\/l2sacrifice.fr\/#\/schema\/person\/image\/\",\"url\":\"https:\/\/l2sacrifice.fr\/wp-content\/uploads\/2020\/05\/Logo_mini.png\",\"contentUrl\":\"https:\/\/l2sacrifice.fr\/wp-content\/uploads\/2020\/05\/Logo_mini.png\",\"width\":225,\"height\":225,\"caption\":\"darksimonus\"},\"logo\":{\"@id\":\"https:\/\/l2sacrifice.fr\/#\/schema\/person\/image\/\"}}]}<\/script>\n<!-- \/ Yoast SEO plugin. -->","yoast_head_json":{"title":"M\u00e9tiers - L2Sacrifice","robots":{"index":"index","follow":"follow","max-snippet":"max-snippet:-1","max-image-preview":"max-image-preview:large","max-video-preview":"max-video-preview:-1"},"canonical":"https:\/\/l2sacrifice.fr\/?page_id=144","og_locale":"fr_FR","og_type":"article","og_title":"M\u00e9tiers - L2Sacrifice","og_description":"La base du Craft sur Sacrifice s&rsquo;appuie sur 8 M\u00e9tiers: -Cooking : (m\u00e9tier de la cuisine et ces ingr\u00e9dients) -Chemistry : (m\u00e9tier des sciences de la chimie) -Tissery : (m\u00e9tier des fils et des tissus) -Heborist : (M\u00e9tier des plantes et de fleurs et des d\u00e9coctions) -Mineralogy : (M\u00e9tier des pierres et des cristaux) -Forge &hellip; Continuer la lecture de &laquo;&nbsp;M\u00e9tiers&nbsp;&raquo;","og_url":"https:\/\/l2sacrifice.fr\/?page_id=144","og_site_name":"L2Sacrifice","article_modified_time":"2020-05-05T17:53:14+00:00","og_image":[{"width":980,"height":624,"url":"https:\/\/l2sacrifice.fr\/wp-content\/uploads\/2020\/05\/Job1.png","type":"image\/png"}],"twitter_card":"summary_large_image","twitter_misc":{"Dur\u00e9e de lecture estim\u00e9e":"1 minute"},"schema":{"@context":"https:\/\/schema.org","@graph":[{"@type":"WebPage","@id":"https:\/\/l2sacrifice.fr\/?page_id=144","url":"https:\/\/l2sacrifice.fr\/?page_id=144","name":"M\u00e9tiers - L2Sacrifice","isPartOf":{"@id":"https:\/\/l2sacrifice.fr\/#website"},"primaryImageOfPage":{"@id":"https:\/\/l2sacrifice.fr\/?page_id=144#primaryimage"},"image":{"@id":"https:\/\/l2sacrifice.fr\/?page_id=144#primaryimage"},"thumbnailUrl":"https:\/\/l2sacrifice.fr\/wp-content\/uploads\/2020\/05\/Job1.png","datePublished":"2020-05-02T08:49:26+00:00","dateModified":"2020-05-05T17:53:14+00:00","breadcrumb":{"@id":"https:\/\/l2sacrifice.fr\/?page_id=144#breadcrumb"},"inLanguage":"fr-FR","potentialAction":[{"@type":"ReadAction","target":["https:\/\/l2sacrifice.fr\/?page_id=144"]}]},{"@type":"ImageObject","inLanguage":"fr-FR","@id":"https:\/\/l2sacrifice.fr\/?page_id=144#primaryimage","url":"https:\/\/l2sacrifice.fr\/wp-content\/uploads\/2020\/05\/Job1.png","contentUrl":"https:\/\/l2sacrifice.fr\/wp-content\/uploads\/2020\/05\/Job1.png","width":980,"height":624},{"@type":"BreadcrumbList","@id":"https:\/\/l2sacrifice.fr\/?page_id=144#breadcrumb","itemListElement":[{"@type":"ListItem","position":1,"name":"Home","item":"https:\/\/l2sacrifice.fr\/"},{"@type":"ListItem","position":2,"name":"M\u00e9tiers"}]},{"@type":"WebSite","@id":"https:\/\/l2sacrifice.fr\/#website","url":"https:\/\/l2sacrifice.fr\/","name":"L2Sacrifice","description":"Lineage 2 Sacrifice pour la vie","publisher":{"@id":"https:\/\/l2sacrifice.fr\/#\/schema\/person\/4ff20fbcfb77afded60cac13ff16dfa8"},"potentialAction":[{"@type":"SearchAction","target":{"@type":"EntryPoint","urlTemplate":"https:\/\/l2sacrifice.fr\/?s={search_term_string}"},"query-input":{"@type":"PropertyValueSpecification","valueRequired":true,"valueName":"search_term_string"}}],"inLanguage":"fr-FR"},{"@type":["Person","Organization"],"@id":"https:\/\/l2sacrifice.fr\/#\/schema\/person\/4ff20fbcfb77afded60cac13ff16dfa8","name":"darksimonus","image":{"@type":"ImageObject","inLanguage":"fr-FR","@id":"https:\/\/l2sacrifice.fr\/#\/schema\/person\/image\/","url":"https:\/\/l2sacrifice.fr\/wp-content\/uploads\/2020\/05\/Logo_mini.png","contentUrl":"https:\/\/l2sacrifice.fr\/wp-content\/uploads\/2020\/05\/Logo_mini.png","width":225,"height":225,"caption":"darksimonus"},"logo":{"@id":"https:\/\/l2sacrifice.fr\/#\/schema\/person\/image\/"}}]}},"_links":{"self":[{"href":"https:\/\/l2sacrifice.fr\/index.php?rest_route=\/wp\/v2\/pages\/144","targetHints":{"allow":["GET"]}}],"collection":[{"href":"https:\/\/l2sacrifice.fr\/index.php?rest_route=\/wp\/v2\/pages"}],"about":[{"href":"https:\/\/l2sacrifice.fr\/index.php?rest_route=\/wp\/v2\/types\/page"}],"author":[{"embeddable":true,"href":"https:\/\/l2sacrifice.fr\/index.php?rest_route=\/wp\/v2\/users\/1"}],"replies":[{"embeddable":true,"href":"https:\/\/l2sacrifice.fr\/index.php?rest_route=%2Fwp%2Fv2%2Fcomments&post=144"}],"version-history":[{"count":19,"href":"https:\/\/l2sacrifice.fr\/index.php?rest_route=\/wp\/v2\/pages\/144\/revisions"}],"predecessor-version":[{"id":547,"href":"https:\/\/l2sacrifice.fr\/index.php?rest_route=\/wp\/v2\/pages\/144\/revisions\/547"}],"wp:featuredmedia":[{"embeddable":true,"href":"https:\/\/l2sacrifice.fr\/index.php?rest_route=\/wp\/v2\/media\/371"}],"wp:attachment":[{"href":"https:\/\/l2sacrifice.fr\/index.php?rest_route=%2Fwp%2Fv2%2Fmedia&parent=144"}],"curies":[{"name":"wp","href":"https:\/\/api.w.org\/{rel}","templated":true}]}}