{"id":1366,"date":"2020-05-10T14:19:43","date_gmt":"2020-05-10T12:19:43","guid":{"rendered":"https:\/\/l2sacrifice.fr\/?page_id=1366"},"modified":"2020-05-10T20:16:11","modified_gmt":"2020-05-10T18:16:11","slug":"pandora-room","status":"publish","type":"page","link":"https:\/\/l2sacrifice.fr\/?page_id=1366","title":{"rendered":"Pandora Room"},"content":{"rendered":"\n<figure class=\"wp-block-video aligncenter\"><video height=\"1294\" style=\"aspect-ratio: 2896 \/ 1294;\" width=\"2896\" autoplay controls loop muted src=\"https:\/\/l2sacrifice.fr\/wp-content\/uploads\/2020\/05\/Pandora_Room.mp4\"><\/video><\/figure>\n\n\n\n<p>Vous \u00eates dans la Pandora Room qui se compose des 12 Chevaliers Surplis, de leurs Pandora Box, du Socle Surplis de la balance et de Pandora<\/p>\n\n\n\n<p>Pandora sera le lien avec  toute les zones.<\/p>\n\n\n\n<figure class=\"wp-block-image is-resized\"><img loading=\"lazy\" decoding=\"async\" src=\"https:\/\/l2sacrifice.fr\/wp-content\/uploads\/2020\/05\/image-325.png\" alt=\"\" class=\"wp-image-1383\" width=\"596\" height=\"606\"\/><\/figure>\n\n\n\n<h4 class=\"wp-block-heading\">Dans cette salle en cliquant sur:<\/h4>\n\n\n\n<p>I) Les Pandora Box vous pourrez essayer l&rsquo;\u00e9quipement (Wear Bouton) et acheter  l&rsquo;armure, cape, casque de votre choix des 12 chevaliers Surplis grade R99 {7th Sens} <\/p>\n\n\n\n<div class=\"wp-block-image\"><figure class=\"aligncenter\"><img loading=\"lazy\" decoding=\"async\" width=\"345\" height=\"431\" src=\"https:\/\/l2sacrifice.fr\/wp-content\/uploads\/2020\/05\/image-326.png\" alt=\"\" class=\"wp-image-1384\"\/><figcaption> Exemple: Pandora Box B\u00e9lier <\/figcaption><\/figure><\/div>\n\n\n\n<div class=\"wp-block-image\"><figure class=\"aligncenter\"><img loading=\"lazy\" decoding=\"async\" width=\"529\" height=\"436\" src=\"https:\/\/l2sacrifice.fr\/wp-content\/uploads\/2020\/05\/image-327.png\" alt=\"\" class=\"wp-image-1385\"\/><figcaption> Exemple: Armor Shop R99 Saint Seiya Surplis B\u00e9lier   <\/figcaption><\/figure><\/div>\n\n\n\n<ul class=\"wp-block-list\"><li>Surplis Armor Fragment: s&rsquo;obtient en tuant le chevalier Surplis correspondant<\/li><li>Had\u00e8s Spirit: s&rsquo;obtient en tuant Had\u00e8s (Quest Saint Seiya Had\u00e8s) <\/li><\/ul>\n\n\n\n<p>II) Les 12 Chevaliers Surplis: vous avez acc\u00e8s \u00e0 l&rsquo;instance Devil Saint X99 du chevalier et \u00e0 l&rsquo;upgrade de votre \u00e9quipement R99 en X99<\/p>\n\n\n\n<div class=\"wp-block-image\"><figure class=\"aligncenter\"><img loading=\"lazy\" decoding=\"async\" width=\"333\" height=\"427\" src=\"https:\/\/l2sacrifice.fr\/wp-content\/uploads\/2020\/05\/image-328.png\" alt=\"\" class=\"wp-image-1386\"\/><figcaption> Exemple: Chevalier du B\u00e9lier <\/figcaption><\/figure><\/div>\n\n\n\n<div class=\"wp-block-image\"><figure class=\"aligncenter\"><img loading=\"lazy\" decoding=\"async\" width=\"339\" height=\"435\" src=\"https:\/\/l2sacrifice.fr\/wp-content\/uploads\/2020\/05\/image-329.png\" alt=\"\" class=\"wp-image-1387\"\/><figcaption> Exemple: Interface Chevalier du B\u00e9lier  <\/figcaption><\/figure><\/div>\n\n\n\n<div class=\"wp-block-image\"><figure class=\"aligncenter\"><img loading=\"lazy\" decoding=\"async\" width=\"522\" height=\"439\" src=\"https:\/\/l2sacrifice.fr\/wp-content\/uploads\/2020\/05\/image-330.png\" alt=\"\" class=\"wp-image-1388\"\/><figcaption>  Exemple: Upgrade \u00e9quipements X99 Saint Seiya Surplis B\u00e9lier   <\/figcaption><\/figure><\/div>\n\n\n\n<ul class=\"wp-block-list\"><li> Devil Cosmos: s&rsquo;obtient en tuant le chevalier de votre choix  dans sa Devil Instance <\/li><li>Tickets X (Au Sacrifice Shop en farmant dans les zone X)<\/li><li>Job Ticket (Au Sacrifice Shop avec les materiaux des m\u00e9tiers)<\/li><\/ul>\n\n\n\n<div class=\"wp-block-image\"><figure class=\"aligncenter\"><img loading=\"lazy\" decoding=\"async\" width=\"523\" height=\"440\" src=\"https:\/\/l2sacrifice.fr\/wp-content\/uploads\/2020\/05\/image-331.png\" alt=\"\" class=\"wp-image-1389\"\/><figcaption>   Exemple: Upgrade Weapon X99 Saint Seiya Surplis au B\u00e9lier    <\/figcaption><\/figure><\/div>\n\n\n\n<ul class=\"wp-block-list\"><li>Devil Weapon Fragement: s&rsquo;obtient en tuant le chevalier de votre choix dans sa Devil Instance<\/li><li>Tickets X (Au Sacrifice Shop en farmant dans les zone X)<\/li><li>Job Ticket (Au Sacrifice Shop avec les materiaux des m\u00e9tiers) <\/li><\/ul>\n\n\n\n<div class=\"wp-block-image\"><figure class=\"aligncenter\"><img loading=\"lazy\" decoding=\"async\" width=\"334\" height=\"423\" src=\"https:\/\/l2sacrifice.fr\/wp-content\/uploads\/2020\/05\/image-332.png\" alt=\"\" class=\"wp-image-1391\"\/><figcaption>Exemple: Interface Instance Devil B\u00e9lier <\/figcaption><\/figure><\/div>\n\n\n\n<p>III) Le Socle de la balance: vous pourrez essayer (Wear Bouton) et acheter les armes Saint Seiya Surplis<\/p>\n\n\n\n<div class=\"wp-block-image\"><figure class=\"aligncenter is-resized\"><img loading=\"lazy\" decoding=\"async\" src=\"https:\/\/l2sacrifice.fr\/wp-content\/uploads\/2020\/05\/image-333.png\" alt=\"\" class=\"wp-image-1393\" width=\"514\" height=\"428\"\/><figcaption>Weapon Shop Saint Seiya Surplis<\/figcaption><\/figure><\/div>\n\n\n\n<div class=\"wp-block-image\"><figure class=\"aligncenter is-resized\"><img loading=\"lazy\" decoding=\"async\" src=\"https:\/\/l2sacrifice.fr\/wp-content\/uploads\/2020\/05\/image-334.png\" alt=\"\" class=\"wp-image-1396\" width=\"519\" height=\"431\"\/><figcaption>Weapon Shop: Craft 12th Surplis Pandor Box <\/figcaption><\/figure><\/div>\n\n\n\n<p> 12th Surplis Pandora Box: s&rsquo;obtient en combinant les 12 Surplis Weapon Fragement en tuant les 12 Chevaliers Surplis<\/p>\n\n\n\n<div class=\"wp-block-image\"><figure class=\"aligncenter\"><img loading=\"lazy\" decoding=\"async\" width=\"527\" height=\"441\" src=\"https:\/\/l2sacrifice.fr\/wp-content\/uploads\/2020\/05\/image-335.png\" alt=\"\" class=\"wp-image-1398\"\/><figcaption>Weapon Shop Saint Seiya Surplis<\/figcaption><\/figure><\/div>\n\n\n\n<ul class=\"wp-block-list\"><li>12th Surplis Pandora Box: s&rsquo;obtient en combinant les 12 Saint Weapon Fragement en tuant les 12 Chevaliers Surplis<\/li><li>Hades Gemstone:  s&rsquo;obtient en tuant Had\u00e8s (Quest Saint Seiya Hades)  <\/li><li>Thanatos Jewel  s&rsquo;obtient en tuant Had\u00e8s (Quest Saint Seiya  Hades ) <\/li><li>Hypnos Jewel  s&rsquo;obtient en tuant Had\u00e8s (Quest Saint Seiya  Hades )  <\/li><\/ul>\n\n\n\n<p><\/p>\n\n\n\n<h4 class=\"wp-block-heading\">Les 12 Chevaliers Surplis:<\/h4>\n\n\n\n<ul class=\"wp-block-list\"><li>Chevalier du B\u00e9lier: Mu<\/li><\/ul>\n\n\n\n<figure class=\"wp-block-video aligncenter\"><video height=\"1174\" style=\"aspect-ratio: 644 \/ 1174;\" width=\"644\" autoplay controls loop muted src=\"https:\/\/l2sacrifice.fr\/wp-content\/uploads\/2020\/05\/Aries_NPC2.mp4\"><\/video><\/figure>\n\n\n\n<ul class=\"wp-block-list\"><li> Chevalier du Taureau: Ald\u00e9baran<\/li><\/ul>\n\n\n\n<figure class=\"wp-block-video aligncenter\"><video height=\"1240\" style=\"aspect-ratio: 706 \/ 1240;\" width=\"706\" autoplay controls loop muted src=\"https:\/\/l2sacrifice.fr\/wp-content\/uploads\/2020\/05\/Taurus_NPC2.mp4\"><\/video><\/figure>\n\n\n\n<ul class=\"wp-block-list\"><li>Chevalier du G\u00e9meaux: Saga<\/li><\/ul>\n\n\n\n<figure class=\"wp-block-video aligncenter\"><video height=\"1240\" style=\"aspect-ratio: 590 \/ 1240;\" width=\"590\" autoplay controls loop muted src=\"https:\/\/l2sacrifice.fr\/wp-content\/uploads\/2020\/05\/Gemini_NPC2.mp4\"><\/video><\/figure>\n\n\n\n<ul class=\"wp-block-list\"><li>Chevalier du Cancer: Deathmask<\/li><\/ul>\n\n\n\n<figure class=\"wp-block-video aligncenter\"><video height=\"1158\" style=\"aspect-ratio: 610 \/ 1158;\" width=\"610\" autoplay controls loop muted src=\"https:\/\/l2sacrifice.fr\/wp-content\/uploads\/2020\/05\/Cancer_NPC2.mp4\"><\/video><\/figure>\n\n\n\n<ul class=\"wp-block-list\"><li> Chevalier du Lion: Aioria<\/li><\/ul>\n\n\n\n<figure class=\"wp-block-video aligncenter\"><video height=\"1190\" style=\"aspect-ratio: 652 \/ 1190;\" width=\"652\" autoplay controls loop muted src=\"https:\/\/l2sacrifice.fr\/wp-content\/uploads\/2020\/05\/Lion_NPC2.mp4\"><\/video><\/figure>\n\n\n\n<ul class=\"wp-block-list\"><li>Chevalier de la Vierge: Shaka<\/li><\/ul>\n\n\n\n<figure class=\"wp-block-video aligncenter\"><video height=\"1140\" style=\"aspect-ratio: 626 \/ 1140;\" width=\"626\" autoplay controls loop muted src=\"https:\/\/l2sacrifice.fr\/wp-content\/uploads\/2020\/05\/Virgo_NPC2.mp4\"><\/video><\/figure>\n\n\n\n<ul class=\"wp-block-list\"><li>Chevalier de la Balance: Dokho<\/li><\/ul>\n\n\n\n<figure class=\"wp-block-video aligncenter\"><video height=\"968\" style=\"aspect-ratio: 608 \/ 968;\" width=\"608\" autoplay controls loop muted src=\"https:\/\/l2sacrifice.fr\/wp-content\/uploads\/2020\/05\/Libra_NPC2.mp4\"><\/video><\/figure>\n\n\n\n<ul class=\"wp-block-list\"><li>Chevalier du Scorpion: Milo<\/li><\/ul>\n\n\n\n<figure class=\"wp-block-video aligncenter\"><video height=\"1110\" style=\"aspect-ratio: 608 \/ 1110;\" width=\"608\" autoplay controls loop muted src=\"https:\/\/l2sacrifice.fr\/wp-content\/uploads\/2020\/05\/Scorpio_NPC2.mp4\"><\/video><\/figure>\n\n\n\n<ul class=\"wp-block-list\"><li>Chevalier du Sagittaire: Aiolos<\/li><\/ul>\n\n\n\n<figure class=\"wp-block-video aligncenter\"><video height=\"1120\" style=\"aspect-ratio: 784 \/ 1120;\" width=\"784\" autoplay controls loop muted src=\"https:\/\/l2sacrifice.fr\/wp-content\/uploads\/2020\/05\/Sagi_NPC2.mp4\"><\/video><\/figure>\n\n\n\n<ul class=\"wp-block-list\"><li>Chevalier du Capricorne: Shura<\/li><\/ul>\n\n\n\n<figure class=\"wp-block-video aligncenter\"><video height=\"1112\" style=\"aspect-ratio: 554 \/ 1112;\" width=\"554\" autoplay controls loop muted src=\"https:\/\/l2sacrifice.fr\/wp-content\/uploads\/2020\/05\/Capri_NPC2.mp4\"><\/video><\/figure>\n\n\n\n<ul class=\"wp-block-list\"><li>Chevalier du Verseaux: Camus<\/li><\/ul>\n\n\n\n<figure class=\"wp-block-video aligncenter\"><video height=\"1068\" style=\"aspect-ratio: 578 \/ 1068;\" width=\"578\" autoplay controls loop muted src=\"https:\/\/l2sacrifice.fr\/wp-content\/uploads\/2020\/05\/Aqua_NPC2.mp4\"><\/video><\/figure>\n\n\n\n<ul class=\"wp-block-list\"><li>Chevalier du Poisson: Aphrodite<\/li><\/ul>\n\n\n\n<figure class=\"wp-block-video aligncenter\"><video height=\"1144\" style=\"aspect-ratio: 630 \/ 1144;\" width=\"630\" autoplay controls loop muted src=\"https:\/\/l2sacrifice.fr\/wp-content\/uploads\/2020\/05\/Pisces_NPC2.mp4\"><\/video><\/figure>\n","protected":false},"excerpt":{"rendered":"<p>Vous \u00eates dans la Pandora Room qui se compose des 12 Chevaliers Surplis, de leurs Pandora Box, du Socle Surplis de la balance et de Pandora Pandora sera le lien avec toute les zones. Dans cette salle en cliquant sur: I) Les Pandora Box vous pourrez essayer l&rsquo;\u00e9quipement (Wear Bouton) et acheter l&rsquo;armure, cape, casque &hellip; <\/p>\n<p class=\"link-more\"><a href=\"https:\/\/l2sacrifice.fr\/?page_id=1366\" class=\"more-link\">Continuer la lecture<span class=\"screen-reader-text\"> de &laquo;&nbsp;Pandora Room&nbsp;&raquo;<\/span><\/a><\/p>\n","protected":false},"author":1,"featured_media":1098,"parent":0,"menu_order":0,"comment_status":"closed","ping_status":"closed","template":"","meta":{"footnotes":""},"class_list":["post-1366","page","type-page","status-publish","has-post-thumbnail","hentry"],"yoast_head":"<!-- This site is optimized with the Yoast SEO plugin v27.0 - https:\/\/yoast.com\/product\/yoast-seo-wordpress\/ -->\n<title>Pandora Room - L2Sacrifice<\/title>\n<meta name=\"robots\" content=\"index, follow, max-snippet:-1, max-image-preview:large, max-video-preview:-1\" \/>\n<link rel=\"canonical\" href=\"https:\/\/l2sacrifice.fr\/?page_id=1366\" \/>\n<meta property=\"og:locale\" content=\"fr_FR\" \/>\n<meta property=\"og:type\" content=\"article\" \/>\n<meta property=\"og:title\" content=\"Pandora Room - L2Sacrifice\" \/>\n<meta property=\"og:description\" content=\"Vous \u00eates dans la Pandora Room qui se compose des 12 Chevaliers Surplis, de leurs Pandora Box, du Socle Surplis de la balance et de Pandora Pandora sera le lien avec toute les zones. Dans cette salle en cliquant sur: I) Les Pandora Box vous pourrez essayer l&rsquo;\u00e9quipement (Wear Bouton) et acheter l&rsquo;armure, cape, casque &hellip; Continuer la lecture de &laquo;&nbsp;Pandora Room&nbsp;&raquo;\" \/>\n<meta property=\"og:url\" content=\"https:\/\/l2sacrifice.fr\/?page_id=1366\" \/>\n<meta property=\"og:site_name\" content=\"L2Sacrifice\" \/>\n<meta property=\"article:modified_time\" content=\"2020-05-10T18:16:11+00:00\" \/>\n<meta property=\"og:image\" content=\"https:\/\/l2sacrifice.fr\/wp-content\/uploads\/2020\/05\/Saint_Seiya_title.png\" \/>\n\t<meta property=\"og:image:width\" content=\"1010\" \/>\n\t<meta property=\"og:image:height\" content=\"510\" \/>\n\t<meta property=\"og:image:type\" content=\"image\/png\" \/>\n<meta name=\"twitter:card\" content=\"summary_large_image\" \/>\n<meta name=\"twitter:label1\" content=\"Dur\u00e9e de lecture estim\u00e9e\" \/>\n\t<meta name=\"twitter:data1\" content=\"2 minutes\" \/>\n<script type=\"application\/ld+json\" class=\"yoast-schema-graph\">{\"@context\":\"https:\/\/schema.org\",\"@graph\":[{\"@type\":\"WebPage\",\"@id\":\"https:\/\/l2sacrifice.fr\/?page_id=1366\",\"url\":\"https:\/\/l2sacrifice.fr\/?page_id=1366\",\"name\":\"Pandora Room - L2Sacrifice\",\"isPartOf\":{\"@id\":\"https:\/\/l2sacrifice.fr\/#website\"},\"primaryImageOfPage\":{\"@id\":\"https:\/\/l2sacrifice.fr\/?page_id=1366#primaryimage\"},\"image\":{\"@id\":\"https:\/\/l2sacrifice.fr\/?page_id=1366#primaryimage\"},\"thumbnailUrl\":\"https:\/\/l2sacrifice.fr\/wp-content\/uploads\/2020\/05\/Saint_Seiya_title.png\",\"datePublished\":\"2020-05-10T12:19:43+00:00\",\"dateModified\":\"2020-05-10T18:16:11+00:00\",\"breadcrumb\":{\"@id\":\"https:\/\/l2sacrifice.fr\/?page_id=1366#breadcrumb\"},\"inLanguage\":\"fr-FR\",\"potentialAction\":[{\"@type\":\"ReadAction\",\"target\":[\"https:\/\/l2sacrifice.fr\/?page_id=1366\"]}]},{\"@type\":\"ImageObject\",\"inLanguage\":\"fr-FR\",\"@id\":\"https:\/\/l2sacrifice.fr\/?page_id=1366#primaryimage\",\"url\":\"https:\/\/l2sacrifice.fr\/wp-content\/uploads\/2020\/05\/Saint_Seiya_title.png\",\"contentUrl\":\"https:\/\/l2sacrifice.fr\/wp-content\/uploads\/2020\/05\/Saint_Seiya_title.png\",\"width\":1010,\"height\":510},{\"@type\":\"BreadcrumbList\",\"@id\":\"https:\/\/l2sacrifice.fr\/?page_id=1366#breadcrumb\",\"itemListElement\":[{\"@type\":\"ListItem\",\"position\":1,\"name\":\"Home\",\"item\":\"https:\/\/l2sacrifice.fr\/\"},{\"@type\":\"ListItem\",\"position\":2,\"name\":\"Pandora Room\"}]},{\"@type\":\"WebSite\",\"@id\":\"https:\/\/l2sacrifice.fr\/#website\",\"url\":\"https:\/\/l2sacrifice.fr\/\",\"name\":\"L2Sacrifice\",\"description\":\"Lineage 2 Sacrifice pour la vie\",\"publisher\":{\"@id\":\"https:\/\/l2sacrifice.fr\/#\/schema\/person\/4ff20fbcfb77afded60cac13ff16dfa8\"},\"potentialAction\":[{\"@type\":\"SearchAction\",\"target\":{\"@type\":\"EntryPoint\",\"urlTemplate\":\"https:\/\/l2sacrifice.fr\/?s={search_term_string}\"},\"query-input\":{\"@type\":\"PropertyValueSpecification\",\"valueRequired\":true,\"valueName\":\"search_term_string\"}}],\"inLanguage\":\"fr-FR\"},{\"@type\":[\"Person\",\"Organization\"],\"@id\":\"https:\/\/l2sacrifice.fr\/#\/schema\/person\/4ff20fbcfb77afded60cac13ff16dfa8\",\"name\":\"darksimonus\",\"image\":{\"@type\":\"ImageObject\",\"inLanguage\":\"fr-FR\",\"@id\":\"https:\/\/l2sacrifice.fr\/#\/schema\/person\/image\/\",\"url\":\"https:\/\/l2sacrifice.fr\/wp-content\/uploads\/2020\/05\/Logo_mini.png\",\"contentUrl\":\"https:\/\/l2sacrifice.fr\/wp-content\/uploads\/2020\/05\/Logo_mini.png\",\"width\":225,\"height\":225,\"caption\":\"darksimonus\"},\"logo\":{\"@id\":\"https:\/\/l2sacrifice.fr\/#\/schema\/person\/image\/\"}}]}<\/script>\n<!-- \/ Yoast SEO plugin. -->","yoast_head_json":{"title":"Pandora Room - L2Sacrifice","robots":{"index":"index","follow":"follow","max-snippet":"max-snippet:-1","max-image-preview":"max-image-preview:large","max-video-preview":"max-video-preview:-1"},"canonical":"https:\/\/l2sacrifice.fr\/?page_id=1366","og_locale":"fr_FR","og_type":"article","og_title":"Pandora Room - L2Sacrifice","og_description":"Vous \u00eates dans la Pandora Room qui se compose des 12 Chevaliers Surplis, de leurs Pandora Box, du Socle Surplis de la balance et de Pandora Pandora sera le lien avec toute les zones. Dans cette salle en cliquant sur: I) Les Pandora Box vous pourrez essayer l&rsquo;\u00e9quipement (Wear Bouton) et acheter l&rsquo;armure, cape, casque &hellip; Continuer la lecture de &laquo;&nbsp;Pandora Room&nbsp;&raquo;","og_url":"https:\/\/l2sacrifice.fr\/?page_id=1366","og_site_name":"L2Sacrifice","article_modified_time":"2020-05-10T18:16:11+00:00","og_image":[{"width":1010,"height":510,"url":"https:\/\/l2sacrifice.fr\/wp-content\/uploads\/2020\/05\/Saint_Seiya_title.png","type":"image\/png"}],"twitter_card":"summary_large_image","twitter_misc":{"Dur\u00e9e de lecture estim\u00e9e":"2 minutes"},"schema":{"@context":"https:\/\/schema.org","@graph":[{"@type":"WebPage","@id":"https:\/\/l2sacrifice.fr\/?page_id=1366","url":"https:\/\/l2sacrifice.fr\/?page_id=1366","name":"Pandora Room - L2Sacrifice","isPartOf":{"@id":"https:\/\/l2sacrifice.fr\/#website"},"primaryImageOfPage":{"@id":"https:\/\/l2sacrifice.fr\/?page_id=1366#primaryimage"},"image":{"@id":"https:\/\/l2sacrifice.fr\/?page_id=1366#primaryimage"},"thumbnailUrl":"https:\/\/l2sacrifice.fr\/wp-content\/uploads\/2020\/05\/Saint_Seiya_title.png","datePublished":"2020-05-10T12:19:43+00:00","dateModified":"2020-05-10T18:16:11+00:00","breadcrumb":{"@id":"https:\/\/l2sacrifice.fr\/?page_id=1366#breadcrumb"},"inLanguage":"fr-FR","potentialAction":[{"@type":"ReadAction","target":["https:\/\/l2sacrifice.fr\/?page_id=1366"]}]},{"@type":"ImageObject","inLanguage":"fr-FR","@id":"https:\/\/l2sacrifice.fr\/?page_id=1366#primaryimage","url":"https:\/\/l2sacrifice.fr\/wp-content\/uploads\/2020\/05\/Saint_Seiya_title.png","contentUrl":"https:\/\/l2sacrifice.fr\/wp-content\/uploads\/2020\/05\/Saint_Seiya_title.png","width":1010,"height":510},{"@type":"BreadcrumbList","@id":"https:\/\/l2sacrifice.fr\/?page_id=1366#breadcrumb","itemListElement":[{"@type":"ListItem","position":1,"name":"Home","item":"https:\/\/l2sacrifice.fr\/"},{"@type":"ListItem","position":2,"name":"Pandora Room"}]},{"@type":"WebSite","@id":"https:\/\/l2sacrifice.fr\/#website","url":"https:\/\/l2sacrifice.fr\/","name":"L2Sacrifice","description":"Lineage 2 Sacrifice pour la vie","publisher":{"@id":"https:\/\/l2sacrifice.fr\/#\/schema\/person\/4ff20fbcfb77afded60cac13ff16dfa8"},"potentialAction":[{"@type":"SearchAction","target":{"@type":"EntryPoint","urlTemplate":"https:\/\/l2sacrifice.fr\/?s={search_term_string}"},"query-input":{"@type":"PropertyValueSpecification","valueRequired":true,"valueName":"search_term_string"}}],"inLanguage":"fr-FR"},{"@type":["Person","Organization"],"@id":"https:\/\/l2sacrifice.fr\/#\/schema\/person\/4ff20fbcfb77afded60cac13ff16dfa8","name":"darksimonus","image":{"@type":"ImageObject","inLanguage":"fr-FR","@id":"https:\/\/l2sacrifice.fr\/#\/schema\/person\/image\/","url":"https:\/\/l2sacrifice.fr\/wp-content\/uploads\/2020\/05\/Logo_mini.png","contentUrl":"https:\/\/l2sacrifice.fr\/wp-content\/uploads\/2020\/05\/Logo_mini.png","width":225,"height":225,"caption":"darksimonus"},"logo":{"@id":"https:\/\/l2sacrifice.fr\/#\/schema\/person\/image\/"}}]}},"_links":{"self":[{"href":"https:\/\/l2sacrifice.fr\/index.php?rest_route=\/wp\/v2\/pages\/1366","targetHints":{"allow":["GET"]}}],"collection":[{"href":"https:\/\/l2sacrifice.fr\/index.php?rest_route=\/wp\/v2\/pages"}],"about":[{"href":"https:\/\/l2sacrifice.fr\/index.php?rest_route=\/wp\/v2\/types\/page"}],"author":[{"embeddable":true,"href":"https:\/\/l2sacrifice.fr\/index.php?rest_route=\/wp\/v2\/users\/1"}],"replies":[{"embeddable":true,"href":"https:\/\/l2sacrifice.fr\/index.php?rest_route=%2Fwp%2Fv2%2Fcomments&post=1366"}],"version-history":[{"count":22,"href":"https:\/\/l2sacrifice.fr\/index.php?rest_route=\/wp\/v2\/pages\/1366\/revisions"}],"predecessor-version":[{"id":1472,"href":"https:\/\/l2sacrifice.fr\/index.php?rest_route=\/wp\/v2\/pages\/1366\/revisions\/1472"}],"wp:featuredmedia":[{"embeddable":true,"href":"https:\/\/l2sacrifice.fr\/index.php?rest_route=\/wp\/v2\/media\/1098"}],"wp:attachment":[{"href":"https:\/\/l2sacrifice.fr\/index.php?rest_route=%2Fwp%2Fv2%2Fmedia&parent=1366"}],"curies":[{"name":"wp","href":"https:\/\/api.w.org\/{rel}","templated":true}]}}