{"id":1364,"date":"2020-05-10T14:19:02","date_gmt":"2020-05-10T12:19:02","guid":{"rendered":"https:\/\/l2sacrifice.fr\/?page_id=1364"},"modified":"2020-05-10T17:01:15","modified_gmt":"2020-05-10T15:01:15","slug":"hilda-room","status":"publish","type":"page","link":"https:\/\/l2sacrifice.fr\/?page_id=1364","title":{"rendered":"Hilda Room"},"content":{"rendered":"\n<figure class=\"wp-block-video aligncenter\"><video height=\"1294\" style=\"aspect-ratio: 2896 \/ 1294;\" width=\"2896\" autoplay controls loop muted src=\"https:\/\/l2sacrifice.fr\/wp-content\/uploads\/2020\/05\/Hilda_NPC.mp4\"><\/video><\/figure>\n\n\n\n<p>Vous \u00eates dans la Ath\u00e9na Room qui se compose des 8 Chevaliers d&rsquo;Asgard du Chevalier l\u00e9gendaire d&rsquo;Odin, de leurs Pandora Box, du Socle d&rsquo;Odin et d\u2019Hilda<\/p>\n\n\n\n<p>Ath\u00e9na sera le lien avec  toute les zones.<\/p>\n\n\n\n<div class=\"wp-block-image\"><figure class=\"aligncenter\"><img loading=\"lazy\" decoding=\"async\" width=\"964\" height=\"848\" src=\"https:\/\/l2sacrifice.fr\/wp-content\/uploads\/2020\/05\/image-336.png\" alt=\"\" class=\"wp-image-1422\"\/><figcaption>Asgard Gatekeeper: Hilda de Polaris<\/figcaption><\/figure><\/div>\n\n\n\n<h4 class=\"wp-block-heading\">Dans cette salle en cliquant sur:<\/h4>\n\n\n\n<p>I) Les Pandora Box vous pourrez essayer l&rsquo;\u00e9quipement (Wear Bouton) et acheter  l&rsquo;armure, cape, casque d&rsquo;Odin par le chevalier de votre choix grade R99 {7th Sens} <\/p>\n\n\n\n<div class=\"wp-block-image\"><figure class=\"aligncenter\"><img loading=\"lazy\" decoding=\"async\" width=\"342\" height=\"434\" src=\"https:\/\/l2sacrifice.fr\/wp-content\/uploads\/2020\/05\/image-337.png\" alt=\"\" class=\"wp-image-1427\"\/><figcaption>Exemple: Pandora Box Epsilon<\/figcaption><\/figure><\/div>\n\n\n\n<div class=\"wp-block-image\"><figure class=\"aligncenter\"><img loading=\"lazy\" decoding=\"async\" width=\"526\" height=\"439\" src=\"https:\/\/l2sacrifice.fr\/wp-content\/uploads\/2020\/05\/image-338.png\" alt=\"\" class=\"wp-image-1428\"\/><figcaption>Exemple: Armor Shop R99 Odin par Epsilon <\/figcaption><\/figure><\/div>\n\n\n\n<ul class=\"wp-block-list\"><li>Asgard Armor Fragment: s&rsquo;obtient en tuant le chevalier d&rsquo;or correspondant<\/li><li>Loki Sapphire: s&rsquo;obtient en tuant Loki (Quest Saint Seiya Asgard) <\/li><\/ul>\n\n\n\n<p>II) Les 9 Chevaliers d&rsquo;Asgard: vous avez acc\u00e8s \u00e0 l&rsquo;instance Asgard X99 du chevalier et \u00e0 l&rsquo;upgrade de votre \u00e9quipement R99 en X99<\/p>\n\n\n\n<div class=\"wp-block-image\"><figure class=\"aligncenter\"><img loading=\"lazy\" decoding=\"async\" width=\"341\" height=\"428\" src=\"https:\/\/l2sacrifice.fr\/wp-content\/uploads\/2020\/05\/image-339.png\" alt=\"\" class=\"wp-image-1430\"\/><figcaption>Exemple: Chevalier Epsilon<\/figcaption><\/figure><\/div>\n\n\n\n<div class=\"wp-block-image\"><figure class=\"aligncenter\"><img loading=\"lazy\" decoding=\"async\" width=\"330\" height=\"427\" src=\"https:\/\/l2sacrifice.fr\/wp-content\/uploads\/2020\/05\/image-340.png\" alt=\"\" class=\"wp-image-1431\"\/><figcaption>  Exemple: Interface Chevalier  Epsilon  <\/figcaption><\/figure><\/div>\n\n\n\n<div class=\"wp-block-image\"><figure class=\"aligncenter\"><img loading=\"lazy\" decoding=\"async\" width=\"523\" height=\"437\" src=\"https:\/\/l2sacrifice.fr\/wp-content\/uploads\/2020\/05\/image-341.png\" alt=\"\" class=\"wp-image-1432\"\/><figcaption>   Exemple: Upgrade \u00e9quipements X99 Odin par Epsilon<\/figcaption><\/figure><\/div>\n\n\n\n<ul class=\"wp-block-list\"><li> Divine Cosmos: s&rsquo;obtient en tuant le chevalier de votre choix dans sa Divine Asgard Instance <\/li><li>Tickets X (Au Sacrifice Shop en farmant dans les zone X)<\/li><li>Job Ticket (Au Sacrifice Shop avec les materiaux des m\u00e9tiers)<\/li><\/ul>\n\n\n\n<div class=\"wp-block-image\"><figure class=\"aligncenter\"><img loading=\"lazy\" decoding=\"async\" width=\"523\" height=\"441\" src=\"https:\/\/l2sacrifice.fr\/wp-content\/uploads\/2020\/05\/image-342.png\" alt=\"\" class=\"wp-image-1435\"\/><figcaption>  Exemple: Upgrade Weapon X99 Odin par Epsilon <\/figcaption><\/figure><\/div>\n\n\n\n<ul class=\"wp-block-list\"><li>Divine Weapon Fragement: s&rsquo;obtient en tuant le chevalier de votre choix dans  sa Divine Asgard Instance<\/li><li>Tickets X (Au Sacrifice Shop en farmant dans les zone X)<\/li><li>Job Ticket (Au Sacrifice Shop avec les materiaux des m\u00e9tiers) <\/li><\/ul>\n\n\n\n<div class=\"wp-block-image\"><figure class=\"aligncenter\"><img loading=\"lazy\" decoding=\"async\" width=\"335\" height=\"424\" src=\"https:\/\/l2sacrifice.fr\/wp-content\/uploads\/2020\/05\/image-343.png\" alt=\"\" class=\"wp-image-1437\"\/><figcaption>Exemple: Interface Instance Divine Asgard Epsilon<\/figcaption><\/figure><\/div>\n\n\n\n<p>III) Le Socle d&rsquo;Odin: vous pourrez essayer (Wear Bouton) et acheter les armes Saint Seiya Asgard<\/p>\n\n\n\n<div class=\"wp-block-image\"><figure class=\"aligncenter is-resized\"><img loading=\"lazy\" decoding=\"async\" src=\"https:\/\/l2sacrifice.fr\/wp-content\/uploads\/2020\/05\/image-344.png\" alt=\"\" class=\"wp-image-1441\" width=\"510\" height=\"453\"\/><figcaption> Weapon Shop Saint Seiya Asgard<\/figcaption><\/figure><\/div>\n\n\n\n<div class=\"wp-block-image\"><figure class=\"aligncenter\"><img loading=\"lazy\" decoding=\"async\" width=\"528\" height=\"441\" src=\"https:\/\/l2sacrifice.fr\/wp-content\/uploads\/2020\/05\/image-347.png\" alt=\"\" class=\"wp-image-1445\"\/><figcaption>  Weapon Shop: Craft Asgard <\/figcaption><\/figure><\/div>\n\n\n\n<ul class=\"wp-block-list\"><li> Asgard Weapon Fragements: s&rsquo;obtiennent en tuant les 9 chevaliers Asgard<\/li><li>Loki  Weapon Fragement :  s&rsquo;obtient en tuant Loki (Quest Saint Seiya  Asgard )  <\/li><li>Snowflake: A crafter avec Bjorn en framant la Asgard Zone   (Quest Saint Seiya Asgard)   <\/li><\/ul>\n\n\n\n<h4 class=\"wp-block-heading\">Les 9 Chevaliers d&rsquo;Asgard:<\/h4>\n\n\n\n<ul class=\"wp-block-list\"><li>Chevalier Alpha: Siegfried<\/li><\/ul>\n\n\n\n<figure class=\"wp-block-video aligncenter\"><video height=\"1036\" style=\"aspect-ratio: 504 \/ 1036;\" width=\"504\" autoplay controls loop muted src=\"https:\/\/l2sacrifice.fr\/wp-content\/uploads\/2020\/05\/Alpha_NPC.mp4\"><\/video><\/figure>\n\n\n\n<ul class=\"wp-block-list\"><li> Chevalier Beta: Hagan<\/li><\/ul>\n\n\n\n<p><\/p>\n\n\n\n<figure class=\"wp-block-video aligncenter\"><video height=\"1126\" style=\"aspect-ratio: 594 \/ 1126;\" width=\"594\" autoplay controls loop muted src=\"https:\/\/l2sacrifice.fr\/wp-content\/uploads\/2020\/05\/Beta_NPC.mp4\"><\/video><\/figure>\n\n\n\n<p>Chevalier Eta: Mime<\/p>\n\n\n\n<figure class=\"wp-block-video aligncenter\"><video height=\"1022\" style=\"aspect-ratio: 616 \/ 1022;\" width=\"616\" autoplay controls loop muted src=\"https:\/\/l2sacrifice.fr\/wp-content\/uploads\/2020\/05\/Eta_NPC.mp4\"><\/video><\/figure>\n\n\n\n<p>Chevalier Gamma: Thor<\/p>\n\n\n\n<figure class=\"wp-block-video aligncenter\"><video height=\"1244\" style=\"aspect-ratio: 814 \/ 1244;\" width=\"814\" autoplay controls loop muted src=\"https:\/\/l2sacrifice.fr\/wp-content\/uploads\/2020\/05\/Gamma_NPC.mp4\"><\/video><\/figure>\n\n\n\n<p> Chevalier Epsilon: Fenrir<\/p>\n\n\n\n<figure class=\"wp-block-video aligncenter\"><video height=\"1048\" style=\"aspect-ratio: 652 \/ 1048;\" width=\"652\" autoplay controls loop muted src=\"https:\/\/l2sacrifice.fr\/wp-content\/uploads\/2020\/05\/Epsilon_NPC.mp4\"><\/video><\/figure>\n\n\n\n<p>Chevalier Delta: Alberich<\/p>\n\n\n\n<figure class=\"wp-block-video aligncenter\"><video height=\"1170\" style=\"aspect-ratio: 748 \/ 1170;\" width=\"748\" autoplay controls loop muted src=\"https:\/\/l2sacrifice.fr\/wp-content\/uploads\/2020\/05\/Delta_NPC.mp4\"><\/video><\/figure>\n\n\n\n<p>Chevalier Seta: Bud<\/p>\n\n\n\n<figure class=\"wp-block-video aligncenter\"><video height=\"1236\" style=\"aspect-ratio: 672 \/ 1236;\" width=\"672\" autoplay controls loop muted src=\"https:\/\/l2sacrifice.fr\/wp-content\/uploads\/2020\/05\/Seta_NPC.mp4\"><\/video><\/figure>\n\n\n\n<p>Chevalier Zeta: Syd<\/p>\n\n\n\n<figure class=\"wp-block-video aligncenter\"><video height=\"1074\" style=\"aspect-ratio: 634 \/ 1074;\" width=\"634\" autoplay controls loop muted src=\"https:\/\/l2sacrifice.fr\/wp-content\/uploads\/2020\/05\/Zeta_NPC.mp4\"><\/video><\/figure>\n\n\n\n<p>Chevalier Odin: Seiyar<\/p>\n\n\n\n<figure class=\"wp-block-video aligncenter\"><video height=\"1038\" style=\"aspect-ratio: 718 \/ 1038;\" width=\"718\" autoplay controls loop muted src=\"https:\/\/l2sacrifice.fr\/wp-content\/uploads\/2020\/05\/Odin_NPC.mp4\"><\/video><\/figure>\n","protected":false},"excerpt":{"rendered":"<p>Vous \u00eates dans la Ath\u00e9na Room qui se compose des 8 Chevaliers d&rsquo;Asgard du Chevalier l\u00e9gendaire d&rsquo;Odin, de leurs Pandora Box, du Socle d&rsquo;Odin et d\u2019Hilda Ath\u00e9na sera le lien avec toute les zones. Dans cette salle en cliquant sur: I) Les Pandora Box vous pourrez essayer l&rsquo;\u00e9quipement (Wear Bouton) et acheter l&rsquo;armure, cape, casque &hellip; <\/p>\n<p class=\"link-more\"><a href=\"https:\/\/l2sacrifice.fr\/?page_id=1364\" class=\"more-link\">Continuer la lecture<span class=\"screen-reader-text\"> de &laquo;&nbsp;Hilda Room&nbsp;&raquo;<\/span><\/a><\/p>\n","protected":false},"author":1,"featured_media":1098,"parent":0,"menu_order":0,"comment_status":"closed","ping_status":"closed","template":"","meta":{"footnotes":""},"class_list":["post-1364","page","type-page","status-publish","has-post-thumbnail","hentry"],"yoast_head":"<!-- This site is optimized with the Yoast SEO plugin v27.0 - https:\/\/yoast.com\/product\/yoast-seo-wordpress\/ -->\n<title>Hilda Room - L2Sacrifice<\/title>\n<meta name=\"robots\" content=\"index, follow, max-snippet:-1, max-image-preview:large, max-video-preview:-1\" \/>\n<link rel=\"canonical\" href=\"https:\/\/l2sacrifice.fr\/?page_id=1364\" \/>\n<meta property=\"og:locale\" content=\"fr_FR\" \/>\n<meta property=\"og:type\" content=\"article\" \/>\n<meta property=\"og:title\" content=\"Hilda Room - L2Sacrifice\" \/>\n<meta property=\"og:description\" content=\"Vous \u00eates dans la Ath\u00e9na Room qui se compose des 8 Chevaliers d&rsquo;Asgard du Chevalier l\u00e9gendaire d&rsquo;Odin, de leurs Pandora Box, du Socle d&rsquo;Odin et d\u2019Hilda Ath\u00e9na sera le lien avec toute les zones. Dans cette salle en cliquant sur: I) Les Pandora Box vous pourrez essayer l&rsquo;\u00e9quipement (Wear Bouton) et acheter l&rsquo;armure, cape, casque &hellip; Continuer la lecture de &laquo;&nbsp;Hilda Room&nbsp;&raquo;\" \/>\n<meta property=\"og:url\" content=\"https:\/\/l2sacrifice.fr\/?page_id=1364\" \/>\n<meta property=\"og:site_name\" content=\"L2Sacrifice\" \/>\n<meta property=\"article:modified_time\" content=\"2020-05-10T15:01:15+00:00\" \/>\n<meta property=\"og:image\" content=\"https:\/\/l2sacrifice.fr\/wp-content\/uploads\/2020\/05\/Saint_Seiya_title.png\" \/>\n\t<meta property=\"og:image:width\" content=\"1010\" \/>\n\t<meta property=\"og:image:height\" content=\"510\" \/>\n\t<meta property=\"og:image:type\" content=\"image\/png\" \/>\n<meta name=\"twitter:card\" content=\"summary_large_image\" \/>\n<meta name=\"twitter:label1\" content=\"Dur\u00e9e de lecture estim\u00e9e\" \/>\n\t<meta name=\"twitter:data1\" content=\"2 minutes\" \/>\n<script type=\"application\/ld+json\" class=\"yoast-schema-graph\">{\"@context\":\"https:\/\/schema.org\",\"@graph\":[{\"@type\":\"WebPage\",\"@id\":\"https:\/\/l2sacrifice.fr\/?page_id=1364\",\"url\":\"https:\/\/l2sacrifice.fr\/?page_id=1364\",\"name\":\"Hilda Room - L2Sacrifice\",\"isPartOf\":{\"@id\":\"https:\/\/l2sacrifice.fr\/#website\"},\"primaryImageOfPage\":{\"@id\":\"https:\/\/l2sacrifice.fr\/?page_id=1364#primaryimage\"},\"image\":{\"@id\":\"https:\/\/l2sacrifice.fr\/?page_id=1364#primaryimage\"},\"thumbnailUrl\":\"https:\/\/l2sacrifice.fr\/wp-content\/uploads\/2020\/05\/Saint_Seiya_title.png\",\"datePublished\":\"2020-05-10T12:19:02+00:00\",\"dateModified\":\"2020-05-10T15:01:15+00:00\",\"breadcrumb\":{\"@id\":\"https:\/\/l2sacrifice.fr\/?page_id=1364#breadcrumb\"},\"inLanguage\":\"fr-FR\",\"potentialAction\":[{\"@type\":\"ReadAction\",\"target\":[\"https:\/\/l2sacrifice.fr\/?page_id=1364\"]}]},{\"@type\":\"ImageObject\",\"inLanguage\":\"fr-FR\",\"@id\":\"https:\/\/l2sacrifice.fr\/?page_id=1364#primaryimage\",\"url\":\"https:\/\/l2sacrifice.fr\/wp-content\/uploads\/2020\/05\/Saint_Seiya_title.png\",\"contentUrl\":\"https:\/\/l2sacrifice.fr\/wp-content\/uploads\/2020\/05\/Saint_Seiya_title.png\",\"width\":1010,\"height\":510},{\"@type\":\"BreadcrumbList\",\"@id\":\"https:\/\/l2sacrifice.fr\/?page_id=1364#breadcrumb\",\"itemListElement\":[{\"@type\":\"ListItem\",\"position\":1,\"name\":\"Home\",\"item\":\"https:\/\/l2sacrifice.fr\/\"},{\"@type\":\"ListItem\",\"position\":2,\"name\":\"Hilda Room\"}]},{\"@type\":\"WebSite\",\"@id\":\"https:\/\/l2sacrifice.fr\/#website\",\"url\":\"https:\/\/l2sacrifice.fr\/\",\"name\":\"L2Sacrifice\",\"description\":\"Lineage 2 Sacrifice pour la vie\",\"publisher\":{\"@id\":\"https:\/\/l2sacrifice.fr\/#\/schema\/person\/4ff20fbcfb77afded60cac13ff16dfa8\"},\"potentialAction\":[{\"@type\":\"SearchAction\",\"target\":{\"@type\":\"EntryPoint\",\"urlTemplate\":\"https:\/\/l2sacrifice.fr\/?s={search_term_string}\"},\"query-input\":{\"@type\":\"PropertyValueSpecification\",\"valueRequired\":true,\"valueName\":\"search_term_string\"}}],\"inLanguage\":\"fr-FR\"},{\"@type\":[\"Person\",\"Organization\"],\"@id\":\"https:\/\/l2sacrifice.fr\/#\/schema\/person\/4ff20fbcfb77afded60cac13ff16dfa8\",\"name\":\"darksimonus\",\"image\":{\"@type\":\"ImageObject\",\"inLanguage\":\"fr-FR\",\"@id\":\"https:\/\/l2sacrifice.fr\/#\/schema\/person\/image\/\",\"url\":\"https:\/\/l2sacrifice.fr\/wp-content\/uploads\/2020\/05\/Logo_mini.png\",\"contentUrl\":\"https:\/\/l2sacrifice.fr\/wp-content\/uploads\/2020\/05\/Logo_mini.png\",\"width\":225,\"height\":225,\"caption\":\"darksimonus\"},\"logo\":{\"@id\":\"https:\/\/l2sacrifice.fr\/#\/schema\/person\/image\/\"}}]}<\/script>\n<!-- \/ Yoast SEO plugin. -->","yoast_head_json":{"title":"Hilda Room - L2Sacrifice","robots":{"index":"index","follow":"follow","max-snippet":"max-snippet:-1","max-image-preview":"max-image-preview:large","max-video-preview":"max-video-preview:-1"},"canonical":"https:\/\/l2sacrifice.fr\/?page_id=1364","og_locale":"fr_FR","og_type":"article","og_title":"Hilda Room - L2Sacrifice","og_description":"Vous \u00eates dans la Ath\u00e9na Room qui se compose des 8 Chevaliers d&rsquo;Asgard du Chevalier l\u00e9gendaire d&rsquo;Odin, de leurs Pandora Box, du Socle d&rsquo;Odin et d\u2019Hilda Ath\u00e9na sera le lien avec toute les zones. Dans cette salle en cliquant sur: I) Les Pandora Box vous pourrez essayer l&rsquo;\u00e9quipement (Wear Bouton) et acheter l&rsquo;armure, cape, casque &hellip; Continuer la lecture de &laquo;&nbsp;Hilda Room&nbsp;&raquo;","og_url":"https:\/\/l2sacrifice.fr\/?page_id=1364","og_site_name":"L2Sacrifice","article_modified_time":"2020-05-10T15:01:15+00:00","og_image":[{"width":1010,"height":510,"url":"https:\/\/l2sacrifice.fr\/wp-content\/uploads\/2020\/05\/Saint_Seiya_title.png","type":"image\/png"}],"twitter_card":"summary_large_image","twitter_misc":{"Dur\u00e9e de lecture estim\u00e9e":"2 minutes"},"schema":{"@context":"https:\/\/schema.org","@graph":[{"@type":"WebPage","@id":"https:\/\/l2sacrifice.fr\/?page_id=1364","url":"https:\/\/l2sacrifice.fr\/?page_id=1364","name":"Hilda Room - L2Sacrifice","isPartOf":{"@id":"https:\/\/l2sacrifice.fr\/#website"},"primaryImageOfPage":{"@id":"https:\/\/l2sacrifice.fr\/?page_id=1364#primaryimage"},"image":{"@id":"https:\/\/l2sacrifice.fr\/?page_id=1364#primaryimage"},"thumbnailUrl":"https:\/\/l2sacrifice.fr\/wp-content\/uploads\/2020\/05\/Saint_Seiya_title.png","datePublished":"2020-05-10T12:19:02+00:00","dateModified":"2020-05-10T15:01:15+00:00","breadcrumb":{"@id":"https:\/\/l2sacrifice.fr\/?page_id=1364#breadcrumb"},"inLanguage":"fr-FR","potentialAction":[{"@type":"ReadAction","target":["https:\/\/l2sacrifice.fr\/?page_id=1364"]}]},{"@type":"ImageObject","inLanguage":"fr-FR","@id":"https:\/\/l2sacrifice.fr\/?page_id=1364#primaryimage","url":"https:\/\/l2sacrifice.fr\/wp-content\/uploads\/2020\/05\/Saint_Seiya_title.png","contentUrl":"https:\/\/l2sacrifice.fr\/wp-content\/uploads\/2020\/05\/Saint_Seiya_title.png","width":1010,"height":510},{"@type":"BreadcrumbList","@id":"https:\/\/l2sacrifice.fr\/?page_id=1364#breadcrumb","itemListElement":[{"@type":"ListItem","position":1,"name":"Home","item":"https:\/\/l2sacrifice.fr\/"},{"@type":"ListItem","position":2,"name":"Hilda Room"}]},{"@type":"WebSite","@id":"https:\/\/l2sacrifice.fr\/#website","url":"https:\/\/l2sacrifice.fr\/","name":"L2Sacrifice","description":"Lineage 2 Sacrifice pour la vie","publisher":{"@id":"https:\/\/l2sacrifice.fr\/#\/schema\/person\/4ff20fbcfb77afded60cac13ff16dfa8"},"potentialAction":[{"@type":"SearchAction","target":{"@type":"EntryPoint","urlTemplate":"https:\/\/l2sacrifice.fr\/?s={search_term_string}"},"query-input":{"@type":"PropertyValueSpecification","valueRequired":true,"valueName":"search_term_string"}}],"inLanguage":"fr-FR"},{"@type":["Person","Organization"],"@id":"https:\/\/l2sacrifice.fr\/#\/schema\/person\/4ff20fbcfb77afded60cac13ff16dfa8","name":"darksimonus","image":{"@type":"ImageObject","inLanguage":"fr-FR","@id":"https:\/\/l2sacrifice.fr\/#\/schema\/person\/image\/","url":"https:\/\/l2sacrifice.fr\/wp-content\/uploads\/2020\/05\/Logo_mini.png","contentUrl":"https:\/\/l2sacrifice.fr\/wp-content\/uploads\/2020\/05\/Logo_mini.png","width":225,"height":225,"caption":"darksimonus"},"logo":{"@id":"https:\/\/l2sacrifice.fr\/#\/schema\/person\/image\/"}}]}},"_links":{"self":[{"href":"https:\/\/l2sacrifice.fr\/index.php?rest_route=\/wp\/v2\/pages\/1364","targetHints":{"allow":["GET"]}}],"collection":[{"href":"https:\/\/l2sacrifice.fr\/index.php?rest_route=\/wp\/v2\/pages"}],"about":[{"href":"https:\/\/l2sacrifice.fr\/index.php?rest_route=\/wp\/v2\/types\/page"}],"author":[{"embeddable":true,"href":"https:\/\/l2sacrifice.fr\/index.php?rest_route=\/wp\/v2\/users\/1"}],"replies":[{"embeddable":true,"href":"https:\/\/l2sacrifice.fr\/index.php?rest_route=%2Fwp%2Fv2%2Fcomments&post=1364"}],"version-history":[{"count":27,"href":"https:\/\/l2sacrifice.fr\/index.php?rest_route=\/wp\/v2\/pages\/1364\/revisions"}],"predecessor-version":[{"id":1470,"href":"https:\/\/l2sacrifice.fr\/index.php?rest_route=\/wp\/v2\/pages\/1364\/revisions\/1470"}],"wp:featuredmedia":[{"embeddable":true,"href":"https:\/\/l2sacrifice.fr\/index.php?rest_route=\/wp\/v2\/media\/1098"}],"wp:attachment":[{"href":"https:\/\/l2sacrifice.fr\/index.php?rest_route=%2Fwp%2Fv2%2Fmedia&parent=1364"}],"curies":[{"name":"wp","href":"https:\/\/api.w.org\/{rel}","templated":true}]}}