{"id":1306,"date":"2020-05-10T12:14:47","date_gmt":"2020-05-10T10:14:47","guid":{"rendered":"https:\/\/l2sacrifice.fr\/?page_id=1306"},"modified":"2020-05-10T15:21:25","modified_gmt":"2020-05-10T13:21:25","slug":"athena-room","status":"publish","type":"page","link":"https:\/\/l2sacrifice.fr\/?page_id=1306","title":{"rendered":"Athena Room"},"content":{"rendered":"\n<figure class=\"wp-block-video aligncenter\"><video height=\"1294\" style=\"aspect-ratio: 3234 \/ 1294;\" width=\"3234\" autoplay controls loop muted src=\"https:\/\/l2sacrifice.fr\/wp-content\/uploads\/2020\/05\/Athena-Room-2.mp4\"><\/video><\/figure>\n\n\n\n<p>Vous \u00eates dans la Ath\u00e9na Room qui se compose des 12 Chevaliers d&rsquo;or, de leurs Pandora Box, du Socle de la balance et d\u2019Ath\u00e9na<\/p>\n\n\n\n<p>Ath\u00e9na sera le lien avec  toute les zones.<\/p>\n\n\n\n<div class=\"wp-block-image\"><figure class=\"aligncenter is-resized\"><img loading=\"lazy\" decoding=\"async\" src=\"https:\/\/l2sacrifice.fr\/wp-content\/uploads\/2020\/05\/image-311.png\" alt=\"\" class=\"wp-image-1323\" width=\"620\" height=\"583\"\/><figcaption>Saint Seiya Gatekeeper: Athena<\/figcaption><\/figure><\/div>\n\n\n\n<h4 class=\"wp-block-heading\">Dans cette salle en cliquant sur:<\/h4>\n\n\n\n<p>I) Les Pandora Box vous pourrez essayer l&rsquo;\u00e9quipement (Wear Bouton) et acheter  l&rsquo;armure, cape, casque de votre choix des 12 chevaliers d&rsquo;or grade R99 {7th Sens} <\/p>\n\n\n\n<div class=\"wp-block-image\"><figure class=\"aligncenter\"><img loading=\"lazy\" decoding=\"async\" width=\"343\" height=\"430\" src=\"https:\/\/l2sacrifice.fr\/wp-content\/uploads\/2020\/05\/image-313.png\" alt=\"\" class=\"wp-image-1326\"\/><figcaption>Exemple: Pandora Box B\u00e9lier<\/figcaption><\/figure><\/div>\n\n\n\n<div class=\"wp-block-image\"><figure class=\"aligncenter\"><img loading=\"lazy\" decoding=\"async\" width=\"518\" height=\"432\" src=\"https:\/\/l2sacrifice.fr\/wp-content\/uploads\/2020\/05\/image-312.png\" alt=\"\" class=\"wp-image-1324\"\/><figcaption> Exemple: Armor Shop R99 Saint Seiya Gold  B\u00e9lier  <\/figcaption><\/figure><\/div>\n\n\n\n<ul class=\"wp-block-list\"><li>Gold Armor Fragment: s&rsquo;obtient en tuant le chevalier d&rsquo;or correspondant<\/li><li>Pope Spirit: s&rsquo;obtient en tuant le Grand Pope (Quest Saint Seiya Gold) <\/li><\/ul>\n\n\n\n<p>II) Les 12 Chevaliers d&rsquo;or: vous avez acc\u00e8s \u00e0 l&rsquo;instance Divine Saint X99 du chevalier et \u00e0 l&rsquo;upgrade de votre \u00e9quipement R99 en X99<\/p>\n\n\n\n<div class=\"wp-block-image\"><figure class=\"aligncenter\"><img loading=\"lazy\" decoding=\"async\" width=\"337\" height=\"429\" src=\"https:\/\/l2sacrifice.fr\/wp-content\/uploads\/2020\/05\/image-314.png\" alt=\"\" class=\"wp-image-1328\"\/><figcaption>Exemple: Chevalier du B\u00e9lier<\/figcaption><\/figure><\/div>\n\n\n\n<div class=\"wp-block-image\"><figure class=\"aligncenter\"><img loading=\"lazy\" decoding=\"async\" width=\"338\" height=\"434\" src=\"https:\/\/l2sacrifice.fr\/wp-content\/uploads\/2020\/05\/image-322.png\" alt=\"\" class=\"wp-image-1358\"\/><figcaption> Exemple: Interface Chevalier du B\u00e9lier <\/figcaption><\/figure><\/div>\n\n\n\n<div class=\"wp-block-image\"><figure class=\"aligncenter\"><img loading=\"lazy\" decoding=\"async\" width=\"523\" height=\"438\" src=\"https:\/\/l2sacrifice.fr\/wp-content\/uploads\/2020\/05\/image-317.png\" alt=\"\" class=\"wp-image-1331\"\/><figcaption>  Exemple: Upgrade \u00e9quipements X99 Saint Seiya Gold  B\u00e9lier   <\/figcaption><\/figure><\/div>\n\n\n\n<ul class=\"wp-block-list\"><li> Divine Cosmos: s&rsquo;obtient en tuant le chevalier de votre choix  dans sa Divine Instance <\/li><li>Tickets X (Au Sacrifice Shop en farmant dans les zone X)<\/li><li>Job Ticket (Au Sacrifice Shop avec les materiaux des m\u00e9tiers)<\/li><\/ul>\n\n\n\n<div class=\"wp-block-image\"><figure class=\"aligncenter\"><img loading=\"lazy\" decoding=\"async\" width=\"523\" height=\"437\" src=\"https:\/\/l2sacrifice.fr\/wp-content\/uploads\/2020\/05\/image-323.png\" alt=\"\" class=\"wp-image-1359\"\/><figcaption>   Exemple: Upgrade Weapon X99 Saint Seiya Gold  au B\u00e9lier    <\/figcaption><\/figure><\/div>\n\n\n\n<ul class=\"wp-block-list\"><li>Divine Weapon Fragement: s&rsquo;obtient en tuant le chevalier de votre choix dans sa Divine Instance<\/li><li>Tickets X (Au Sacrifice Shop en farmant dans les zone X)<\/li><li>Job Ticket (Au Sacrifice Shop avec les materiaux des m\u00e9tiers) <\/li><\/ul>\n\n\n\n<div class=\"wp-block-image\"><figure class=\"aligncenter\"><img loading=\"lazy\" decoding=\"async\" width=\"333\" height=\"428\" src=\"https:\/\/l2sacrifice.fr\/wp-content\/uploads\/2020\/05\/image-318.png\" alt=\"\" class=\"wp-image-1332\"\/><figcaption>Exemple: Interface Instance Divine B\u00e9lier<\/figcaption><\/figure><\/div>\n\n\n\n<p>III) Le Socle de la balance: vous pourrez essayer (Wear Bouton) et acheter les armes Saint Seiya Gold<\/p>\n\n\n\n<div class=\"wp-block-image\"><figure class=\"aligncenter is-resized\"><img loading=\"lazy\" decoding=\"async\" src=\"https:\/\/l2sacrifice.fr\/wp-content\/uploads\/2020\/05\/image-319.png\" alt=\"\" class=\"wp-image-1355\" width=\"507\" height=\"480\"\/><figcaption>Weapon Shop Saint Seiya Gold<\/figcaption><\/figure><\/div>\n\n\n\n<div class=\"wp-block-image\"><figure class=\"aligncenter\"><img loading=\"lazy\" decoding=\"async\" width=\"520\" height=\"435\" src=\"https:\/\/l2sacrifice.fr\/wp-content\/uploads\/2020\/05\/image-324.png\" alt=\"\" class=\"wp-image-1361\"\/><figcaption>Weapon Shop: Craft 12th Gold Pandor Box<\/figcaption><\/figure><\/div>\n\n\n\n<p> 12th Gold Pandora Box: s&rsquo;obtient en combinant les 12 Saint Weapon Fragement en tuant les 12 Chevaliers d&rsquo;or <\/p>\n\n\n\n<div class=\"wp-block-image\"><figure class=\"aligncenter\"><img loading=\"lazy\" decoding=\"async\" width=\"525\" height=\"440\" src=\"https:\/\/l2sacrifice.fr\/wp-content\/uploads\/2020\/05\/image-320.png\" alt=\"\" class=\"wp-image-1356\"\/><figcaption> Weapon Shop Saint Seiya Gold <\/figcaption><\/figure><\/div>\n\n\n\n<ul class=\"wp-block-list\"><li>  12th Gold Pandora Box: s&rsquo;obtient en combinant les 12 Saint Weapon Fragement en tuant les 12 Chevaliers d&rsquo;or <\/li><li>Pope Gemstone:  s&rsquo;obtient en tuant le Grand Pope (Quest Saint Seiya Gold)  <\/li><\/ul>\n\n\n\n<p><\/p>\n\n\n\n<h4 class=\"wp-block-heading\">Les 12 Chevaliers d&rsquo;or:<\/h4>\n\n\n\n<ul class=\"wp-block-list\"><li>Chevalier du B\u00e9lier: Mu<\/li><\/ul>\n\n\n\n<figure class=\"wp-block-video aligncenter\"><video height=\"814\" style=\"aspect-ratio: 546 \/ 814;\" width=\"546\" autoplay controls loop muted src=\"https:\/\/l2sacrifice.fr\/wp-content\/uploads\/2020\/05\/Aries_NPC.mp4\"><\/video><\/figure>\n\n\n\n<ul class=\"wp-block-list\"><li> Chevalier du Taureau: Ald\u00e9baran<\/li><\/ul>\n\n\n\n<p><\/p>\n\n\n\n<figure class=\"wp-block-video aligncenter\"><video height=\"1084\" style=\"aspect-ratio: 546 \/ 1084;\" width=\"546\" autoplay controls loop muted src=\"https:\/\/l2sacrifice.fr\/wp-content\/uploads\/2020\/05\/Taurus_NPC.mp4\"><\/video><\/figure>\n\n\n\n<p>Chevalier du G\u00e9meaux: Saga<\/p>\n\n\n\n<figure class=\"wp-block-video aligncenter\"><video height=\"1068\" style=\"aspect-ratio: 568 \/ 1068;\" width=\"568\" autoplay controls loop muted src=\"https:\/\/l2sacrifice.fr\/wp-content\/uploads\/2020\/05\/Gemini_NPC.mp4\"><\/video><\/figure>\n\n\n\n<p>Chevalier du Cancer: Deathmask<\/p>\n\n\n\n<figure class=\"wp-block-video aligncenter\"><video height=\"1062\" style=\"aspect-ratio: 664 \/ 1062;\" width=\"664\" autoplay controls loop muted src=\"https:\/\/l2sacrifice.fr\/wp-content\/uploads\/2020\/05\/Cancer_NPC.mp4\"><\/video><\/figure>\n\n\n\n<p> Chevalier du Lion: Aioria<\/p>\n\n\n\n<figure class=\"wp-block-video aligncenter\"><video height=\"1072\" style=\"aspect-ratio: 568 \/ 1072;\" width=\"568\" autoplay controls loop muted src=\"https:\/\/l2sacrifice.fr\/wp-content\/uploads\/2020\/05\/Leo_NPC.mp4\"><\/video><\/figure>\n\n\n\n<p>Chevalier de la Vierge: Shaka<\/p>\n\n\n\n<figure class=\"wp-block-video aligncenter\"><video height=\"1130\" style=\"aspect-ratio: 562 \/ 1130;\" width=\"562\" autoplay controls loop muted src=\"https:\/\/l2sacrifice.fr\/wp-content\/uploads\/2020\/05\/Virgo_NPC.mp4\"><\/video><\/figure>\n\n\n\n<p>Chevalier de la Balance: Dokho<\/p>\n\n\n\n<figure class=\"wp-block-video aligncenter\"><video height=\"1192\" style=\"aspect-ratio: 806 \/ 1192;\" width=\"806\" autoplay controls loop muted src=\"https:\/\/l2sacrifice.fr\/wp-content\/uploads\/2020\/05\/Libra_NPC.mp4\"><\/video><\/figure>\n\n\n\n<p>Chevalier du Scorpion: Milo<\/p>\n\n\n\n<figure class=\"wp-block-video aligncenter\"><video height=\"1208\" style=\"aspect-ratio: 662 \/ 1208;\" width=\"662\" autoplay controls loop muted src=\"https:\/\/l2sacrifice.fr\/wp-content\/uploads\/2020\/05\/Scorpio_NPC.mp4\"><\/video><\/figure>\n\n\n\n<p>Chevalier du Sagittaire: Aiolos<\/p>\n\n\n\n<figure class=\"wp-block-video aligncenter\"><video height=\"1184\" style=\"aspect-ratio: 800 \/ 1184;\" width=\"800\" autoplay controls loop muted src=\"https:\/\/l2sacrifice.fr\/wp-content\/uploads\/2020\/05\/Sagi_NPC.mp4\"><\/video><\/figure>\n\n\n\n<p>Chevalier du Capricorne: Shura<\/p>\n\n\n\n<figure class=\"wp-block-video aligncenter\"><video height=\"1108\" style=\"aspect-ratio: 564 \/ 1108;\" width=\"564\" autoplay controls loop muted src=\"https:\/\/l2sacrifice.fr\/wp-content\/uploads\/2020\/05\/Capri_NPC.mp4\"><\/video><\/figure>\n\n\n\n<p>Chevalier du Verseaux: Camus<\/p>\n\n\n\n<figure class=\"wp-block-video aligncenter\"><video height=\"1196\" style=\"aspect-ratio: 574 \/ 1196;\" width=\"574\" autoplay controls loop muted src=\"https:\/\/l2sacrifice.fr\/wp-content\/uploads\/2020\/05\/Aqua_NPC.mp4\"><\/video><\/figure>\n\n\n\n<p>Chevalier du Poisson: Aphrodite<\/p>\n\n\n\n<figure class=\"wp-block-video aligncenter\"><video height=\"1178\" style=\"aspect-ratio: 604 \/ 1178;\" width=\"604\" autoplay controls loop muted src=\"https:\/\/l2sacrifice.fr\/wp-content\/uploads\/2020\/05\/Pisc_NPC.mp4\"><\/video><\/figure>\n","protected":false},"excerpt":{"rendered":"<p>Vous \u00eates dans la Ath\u00e9na Room qui se compose des 12 Chevaliers d&rsquo;or, de leurs Pandora Box, du Socle de la balance et d\u2019Ath\u00e9na Ath\u00e9na sera le lien avec toute les zones. Dans cette salle en cliquant sur: I) Les Pandora Box vous pourrez essayer l&rsquo;\u00e9quipement (Wear Bouton) et acheter l&rsquo;armure, cape, casque de votre &hellip; <\/p>\n<p class=\"link-more\"><a href=\"https:\/\/l2sacrifice.fr\/?page_id=1306\" class=\"more-link\">Continuer la lecture<span class=\"screen-reader-text\"> de &laquo;&nbsp;Athena Room&nbsp;&raquo;<\/span><\/a><\/p>\n","protected":false},"author":1,"featured_media":1098,"parent":0,"menu_order":0,"comment_status":"closed","ping_status":"closed","template":"","meta":{"footnotes":""},"class_list":["post-1306","page","type-page","status-publish","has-post-thumbnail","hentry"],"yoast_head":"<!-- This site is optimized with the Yoast SEO plugin v27.0 - https:\/\/yoast.com\/product\/yoast-seo-wordpress\/ -->\n<title>Athena Room - L2Sacrifice<\/title>\n<meta name=\"robots\" content=\"index, follow, max-snippet:-1, max-image-preview:large, max-video-preview:-1\" \/>\n<link rel=\"canonical\" href=\"https:\/\/l2sacrifice.fr\/?page_id=1306\" \/>\n<meta property=\"og:locale\" content=\"fr_FR\" \/>\n<meta property=\"og:type\" content=\"article\" \/>\n<meta property=\"og:title\" content=\"Athena Room - L2Sacrifice\" \/>\n<meta property=\"og:description\" content=\"Vous \u00eates dans la Ath\u00e9na Room qui se compose des 12 Chevaliers d&rsquo;or, de leurs Pandora Box, du Socle de la balance et d\u2019Ath\u00e9na Ath\u00e9na sera le lien avec toute les zones. Dans cette salle en cliquant sur: I) Les Pandora Box vous pourrez essayer l&rsquo;\u00e9quipement (Wear Bouton) et acheter l&rsquo;armure, cape, casque de votre &hellip; Continuer la lecture de &laquo;&nbsp;Athena Room&nbsp;&raquo;\" \/>\n<meta property=\"og:url\" content=\"https:\/\/l2sacrifice.fr\/?page_id=1306\" \/>\n<meta property=\"og:site_name\" content=\"L2Sacrifice\" \/>\n<meta property=\"article:modified_time\" content=\"2020-05-10T13:21:25+00:00\" \/>\n<meta property=\"og:image\" content=\"https:\/\/l2sacrifice.fr\/wp-content\/uploads\/2020\/05\/Saint_Seiya_title.png\" \/>\n\t<meta property=\"og:image:width\" content=\"1010\" \/>\n\t<meta property=\"og:image:height\" content=\"510\" \/>\n\t<meta property=\"og:image:type\" content=\"image\/png\" \/>\n<meta name=\"twitter:card\" content=\"summary_large_image\" \/>\n<meta name=\"twitter:label1\" content=\"Dur\u00e9e de lecture estim\u00e9e\" \/>\n\t<meta name=\"twitter:data1\" content=\"2 minutes\" \/>\n<script type=\"application\/ld+json\" class=\"yoast-schema-graph\">{\"@context\":\"https:\/\/schema.org\",\"@graph\":[{\"@type\":\"WebPage\",\"@id\":\"https:\/\/l2sacrifice.fr\/?page_id=1306\",\"url\":\"https:\/\/l2sacrifice.fr\/?page_id=1306\",\"name\":\"Athena Room - L2Sacrifice\",\"isPartOf\":{\"@id\":\"https:\/\/l2sacrifice.fr\/#website\"},\"primaryImageOfPage\":{\"@id\":\"https:\/\/l2sacrifice.fr\/?page_id=1306#primaryimage\"},\"image\":{\"@id\":\"https:\/\/l2sacrifice.fr\/?page_id=1306#primaryimage\"},\"thumbnailUrl\":\"https:\/\/l2sacrifice.fr\/wp-content\/uploads\/2020\/05\/Saint_Seiya_title.png\",\"datePublished\":\"2020-05-10T10:14:47+00:00\",\"dateModified\":\"2020-05-10T13:21:25+00:00\",\"breadcrumb\":{\"@id\":\"https:\/\/l2sacrifice.fr\/?page_id=1306#breadcrumb\"},\"inLanguage\":\"fr-FR\",\"potentialAction\":[{\"@type\":\"ReadAction\",\"target\":[\"https:\/\/l2sacrifice.fr\/?page_id=1306\"]}]},{\"@type\":\"ImageObject\",\"inLanguage\":\"fr-FR\",\"@id\":\"https:\/\/l2sacrifice.fr\/?page_id=1306#primaryimage\",\"url\":\"https:\/\/l2sacrifice.fr\/wp-content\/uploads\/2020\/05\/Saint_Seiya_title.png\",\"contentUrl\":\"https:\/\/l2sacrifice.fr\/wp-content\/uploads\/2020\/05\/Saint_Seiya_title.png\",\"width\":1010,\"height\":510},{\"@type\":\"BreadcrumbList\",\"@id\":\"https:\/\/l2sacrifice.fr\/?page_id=1306#breadcrumb\",\"itemListElement\":[{\"@type\":\"ListItem\",\"position\":1,\"name\":\"Home\",\"item\":\"https:\/\/l2sacrifice.fr\/\"},{\"@type\":\"ListItem\",\"position\":2,\"name\":\"Athena Room\"}]},{\"@type\":\"WebSite\",\"@id\":\"https:\/\/l2sacrifice.fr\/#website\",\"url\":\"https:\/\/l2sacrifice.fr\/\",\"name\":\"L2Sacrifice\",\"description\":\"Lineage 2 Sacrifice pour la vie\",\"publisher\":{\"@id\":\"https:\/\/l2sacrifice.fr\/#\/schema\/person\/4ff20fbcfb77afded60cac13ff16dfa8\"},\"potentialAction\":[{\"@type\":\"SearchAction\",\"target\":{\"@type\":\"EntryPoint\",\"urlTemplate\":\"https:\/\/l2sacrifice.fr\/?s={search_term_string}\"},\"query-input\":{\"@type\":\"PropertyValueSpecification\",\"valueRequired\":true,\"valueName\":\"search_term_string\"}}],\"inLanguage\":\"fr-FR\"},{\"@type\":[\"Person\",\"Organization\"],\"@id\":\"https:\/\/l2sacrifice.fr\/#\/schema\/person\/4ff20fbcfb77afded60cac13ff16dfa8\",\"name\":\"darksimonus\",\"image\":{\"@type\":\"ImageObject\",\"inLanguage\":\"fr-FR\",\"@id\":\"https:\/\/l2sacrifice.fr\/#\/schema\/person\/image\/\",\"url\":\"https:\/\/l2sacrifice.fr\/wp-content\/uploads\/2020\/05\/Logo_mini.png\",\"contentUrl\":\"https:\/\/l2sacrifice.fr\/wp-content\/uploads\/2020\/05\/Logo_mini.png\",\"width\":225,\"height\":225,\"caption\":\"darksimonus\"},\"logo\":{\"@id\":\"https:\/\/l2sacrifice.fr\/#\/schema\/person\/image\/\"}}]}<\/script>\n<!-- \/ Yoast SEO plugin. -->","yoast_head_json":{"title":"Athena Room - L2Sacrifice","robots":{"index":"index","follow":"follow","max-snippet":"max-snippet:-1","max-image-preview":"max-image-preview:large","max-video-preview":"max-video-preview:-1"},"canonical":"https:\/\/l2sacrifice.fr\/?page_id=1306","og_locale":"fr_FR","og_type":"article","og_title":"Athena Room - L2Sacrifice","og_description":"Vous \u00eates dans la Ath\u00e9na Room qui se compose des 12 Chevaliers d&rsquo;or, de leurs Pandora Box, du Socle de la balance et d\u2019Ath\u00e9na Ath\u00e9na sera le lien avec toute les zones. Dans cette salle en cliquant sur: I) Les Pandora Box vous pourrez essayer l&rsquo;\u00e9quipement (Wear Bouton) et acheter l&rsquo;armure, cape, casque de votre &hellip; Continuer la lecture de &laquo;&nbsp;Athena Room&nbsp;&raquo;","og_url":"https:\/\/l2sacrifice.fr\/?page_id=1306","og_site_name":"L2Sacrifice","article_modified_time":"2020-05-10T13:21:25+00:00","og_image":[{"width":1010,"height":510,"url":"https:\/\/l2sacrifice.fr\/wp-content\/uploads\/2020\/05\/Saint_Seiya_title.png","type":"image\/png"}],"twitter_card":"summary_large_image","twitter_misc":{"Dur\u00e9e de lecture estim\u00e9e":"2 minutes"},"schema":{"@context":"https:\/\/schema.org","@graph":[{"@type":"WebPage","@id":"https:\/\/l2sacrifice.fr\/?page_id=1306","url":"https:\/\/l2sacrifice.fr\/?page_id=1306","name":"Athena Room - L2Sacrifice","isPartOf":{"@id":"https:\/\/l2sacrifice.fr\/#website"},"primaryImageOfPage":{"@id":"https:\/\/l2sacrifice.fr\/?page_id=1306#primaryimage"},"image":{"@id":"https:\/\/l2sacrifice.fr\/?page_id=1306#primaryimage"},"thumbnailUrl":"https:\/\/l2sacrifice.fr\/wp-content\/uploads\/2020\/05\/Saint_Seiya_title.png","datePublished":"2020-05-10T10:14:47+00:00","dateModified":"2020-05-10T13:21:25+00:00","breadcrumb":{"@id":"https:\/\/l2sacrifice.fr\/?page_id=1306#breadcrumb"},"inLanguage":"fr-FR","potentialAction":[{"@type":"ReadAction","target":["https:\/\/l2sacrifice.fr\/?page_id=1306"]}]},{"@type":"ImageObject","inLanguage":"fr-FR","@id":"https:\/\/l2sacrifice.fr\/?page_id=1306#primaryimage","url":"https:\/\/l2sacrifice.fr\/wp-content\/uploads\/2020\/05\/Saint_Seiya_title.png","contentUrl":"https:\/\/l2sacrifice.fr\/wp-content\/uploads\/2020\/05\/Saint_Seiya_title.png","width":1010,"height":510},{"@type":"BreadcrumbList","@id":"https:\/\/l2sacrifice.fr\/?page_id=1306#breadcrumb","itemListElement":[{"@type":"ListItem","position":1,"name":"Home","item":"https:\/\/l2sacrifice.fr\/"},{"@type":"ListItem","position":2,"name":"Athena Room"}]},{"@type":"WebSite","@id":"https:\/\/l2sacrifice.fr\/#website","url":"https:\/\/l2sacrifice.fr\/","name":"L2Sacrifice","description":"Lineage 2 Sacrifice pour la vie","publisher":{"@id":"https:\/\/l2sacrifice.fr\/#\/schema\/person\/4ff20fbcfb77afded60cac13ff16dfa8"},"potentialAction":[{"@type":"SearchAction","target":{"@type":"EntryPoint","urlTemplate":"https:\/\/l2sacrifice.fr\/?s={search_term_string}"},"query-input":{"@type":"PropertyValueSpecification","valueRequired":true,"valueName":"search_term_string"}}],"inLanguage":"fr-FR"},{"@type":["Person","Organization"],"@id":"https:\/\/l2sacrifice.fr\/#\/schema\/person\/4ff20fbcfb77afded60cac13ff16dfa8","name":"darksimonus","image":{"@type":"ImageObject","inLanguage":"fr-FR","@id":"https:\/\/l2sacrifice.fr\/#\/schema\/person\/image\/","url":"https:\/\/l2sacrifice.fr\/wp-content\/uploads\/2020\/05\/Logo_mini.png","contentUrl":"https:\/\/l2sacrifice.fr\/wp-content\/uploads\/2020\/05\/Logo_mini.png","width":225,"height":225,"caption":"darksimonus"},"logo":{"@id":"https:\/\/l2sacrifice.fr\/#\/schema\/person\/image\/"}}]}},"_links":{"self":[{"href":"https:\/\/l2sacrifice.fr\/index.php?rest_route=\/wp\/v2\/pages\/1306","targetHints":{"allow":["GET"]}}],"collection":[{"href":"https:\/\/l2sacrifice.fr\/index.php?rest_route=\/wp\/v2\/pages"}],"about":[{"href":"https:\/\/l2sacrifice.fr\/index.php?rest_route=\/wp\/v2\/types\/page"}],"author":[{"embeddable":true,"href":"https:\/\/l2sacrifice.fr\/index.php?rest_route=\/wp\/v2\/users\/1"}],"replies":[{"embeddable":true,"href":"https:\/\/l2sacrifice.fr\/index.php?rest_route=%2Fwp%2Fv2%2Fcomments&post=1306"}],"version-history":[{"count":28,"href":"https:\/\/l2sacrifice.fr\/index.php?rest_route=\/wp\/v2\/pages\/1306\/revisions"}],"predecessor-version":[{"id":1399,"href":"https:\/\/l2sacrifice.fr\/index.php?rest_route=\/wp\/v2\/pages\/1306\/revisions\/1399"}],"wp:featuredmedia":[{"embeddable":true,"href":"https:\/\/l2sacrifice.fr\/index.php?rest_route=\/wp\/v2\/media\/1098"}],"wp:attachment":[{"href":"https:\/\/l2sacrifice.fr\/index.php?rest_route=%2Fwp%2Fv2%2Fmedia&parent=1306"}],"curies":[{"name":"wp","href":"https:\/\/api.w.org\/{rel}","templated":true}]}}