{"id":1249,"date":"2020-05-09T19:30:29","date_gmt":"2020-05-09T17:30:29","guid":{"rendered":"https:\/\/l2sacrifice.fr\/?page_id=1249"},"modified":"2020-08-20T20:49:01","modified_gmt":"2020-08-20T18:49:01","slug":"interface","status":"publish","type":"page","link":"https:\/\/l2sacrifice.fr\/?page_id=1249","title":{"rendered":"Interface"},"content":{"rendered":"\n<h4 class=\"wp-block-heading\">AutoEnchant (avanc\u00e9)<\/h4>\n\n\n\n<div class=\"wp-block-image\"><figure class=\"aligncenter is-resized\"><img loading=\"lazy\" decoding=\"async\" src=\"https:\/\/l2sacrifice.fr\/wp-content\/uploads\/2020\/05\/image-291.png\" alt=\"\" class=\"wp-image-1250\" width=\"657\" height=\"395\"\/><figcaption>Interface AutoEnchant<\/figcaption><\/figure><\/div>\n\n\n\n<p>Utilisation:<\/p>\n\n\n\n<ol class=\"wp-block-list\"><li>Ajouter un Item dans le 1er Slot.<\/li><li> Ajouter des Normal Enchant Scrolls dans le 2eme Slot. <\/li><li> Ajouter des Blessed ou Compressed Enchant Scrolls dans le 3eme Slot. <\/li><li> Ajouter le nombre d&rsquo;enchant que tu souhaites atteindre.<\/li><li> Clicker sur le Boutton: \u00ab\u00a0Enchant\u00a0\u00bb.  <\/li><\/ol>\n\n\n\n<p>Le syst\u00e8me prend automatiquement de Enchant normal jusqu&rsquo;au +6 (Safe enchant) et passe au Blessed ou Compressed apr\u00e8s le +6 <\/p>\n\n\n\n<h4 class=\"wp-block-heading\">  AutoSkill<\/h4>\n\n\n\n<div class=\"wp-block-image\"><figure class=\"aligncenter size-large is-resized\"><img loading=\"lazy\" decoding=\"async\" src=\"https:\/\/l2sacrifice.fr\/wp-content\/uploads\/2020\/05\/image-353.png\" alt=\"\" class=\"wp-image-1523\" width=\"557\" height=\"108\"\/><figcaption>Interface AutoSkill<\/figcaption><\/figure><\/div>\n\n\n\n<p>fonctionne  les skill (saute parfois quelques skills) et next target <\/p>\n\n\n\n<p>1. Glissez vos skill (ou target et nex target) dans votre barre autoskill, <\/p>\n\n\n\n<p>2. activer avec un 1er click droit et d\u00e9sactiver avec 2eme click droit &#8211; <\/p>\n\n\n\n<p>3. (Effacer avec un click gauche ou en restartant le jeu<\/p>\n\n\n\n<div class=\"wp-block-image\"><figure class=\"aligncenter is-resized\"><img loading=\"lazy\" decoding=\"async\" src=\"https:\/\/l2sacrifice.fr\/wp-content\/uploads\/2020\/05\/image-294.png\" alt=\"\" class=\"wp-image-1256\" width=\"70\" height=\"72\"\/><\/figure><\/div>\n\n\n\n<p> Petit ic\u00f4ne d\u2019\u00e9p\u00e9e: pour tout activer ou d\u00e9sactiver  <\/p>\n\n\n\n<h4 class=\"wp-block-heading\">AutoPotion (simplifi\u00e9)<\/h4>\n\n\n\n<div class=\"wp-block-image\"><figure class=\"aligncenter is-resized\"><img loading=\"lazy\" decoding=\"async\" src=\"https:\/\/l2sacrifice.fr\/wp-content\/uploads\/2020\/05\/image-298.png\" alt=\"\" class=\"wp-image-1275\" width=\"317\" height=\"58\"\/><figcaption> Interface AutoEnchant <\/figcaption><\/figure><\/div>\n\n\n\n<ol class=\"wp-block-list\"><li>Glissez la potion dans le slot<\/li><li> Activer avec un 1er clic droit ou d\u00e9sactiver avec 2eme clic droit <\/li><li> Effacer en restartant le jeu <\/li><\/ol>\n\n\n\n<div class=\"wp-block-image\"><figure class=\"aligncenter is-resized\"><img loading=\"lazy\" decoding=\"async\" src=\"https:\/\/l2sacrifice.fr\/wp-content\/uploads\/2020\/05\/image-294.png\" alt=\"\" class=\"wp-image-1256\" width=\"70\" height=\"72\"\/><\/figure><\/div>\n\n\n\n<p> Petit ic\u00f4ne d\u2019\u00e9p\u00e9e: pour tout activer ou d\u00e9sactiver <\/p>\n\n\n\n<h4 class=\"wp-block-heading\">AutoPotion (Avanc\u00e9)<\/h4>\n\n\n\n<div class=\"wp-block-image\"><figure class=\"aligncenter\"><img loading=\"lazy\" decoding=\"async\" width=\"779\" height=\"419\" src=\"https:\/\/l2sacrifice.fr\/wp-content\/uploads\/2020\/05\/image-292.png\" alt=\"\" class=\"wp-image-1251\"\/><\/figure><\/div>\n\n\n\n<ol class=\"wp-block-list\"><li>Cliquer sur l&rsquo;icon de petit sac en haut \u00e0 droit dans l&rsquo;inventaire pour faire apparaitre la fenetre des autopotion<\/li><li>Glisser la potion dans le slot<\/li><li>Choisir un pourcentage et un temps en seconde<\/li><\/ol>\n\n\n\n<h4 class=\"wp-block-heading\">Inventory (Max Display)<\/h4>\n\n\n\n<figure class=\"wp-block-image\"><img loading=\"lazy\" decoding=\"async\" width=\"713\" height=\"815\" src=\"https:\/\/l2sacrifice.fr\/wp-content\/uploads\/2020\/05\/image-295.png\" alt=\"\" class=\"wp-image-1259\"\/><figcaption>Inventory<br><\/figcaption><\/figure>\n\n\n\n<figure class=\"wp-block-video\"><video height=\"466\" style=\"aspect-ratio: 914 \/ 466;\" width=\"914\" autoplay controls loop muted src=\"https:\/\/l2sacrifice.fr\/wp-content\/uploads\/2020\/05\/Inventory-2.mp4\"><\/video><figcaption> Modification taille fen\u00eatre Inventaire<\/figcaption><\/figure>\n\n\n\n<div class=\"wp-block-image\"><figure class=\"aligncenter is-resized\"><img loading=\"lazy\" decoding=\"async\" src=\"https:\/\/l2sacrifice.fr\/wp-content\/uploads\/2020\/05\/image-297.png\" alt=\"\" class=\"wp-image-1268\" width=\"75\" height=\"69\"\/><\/figure><\/div>\n\n\n\n<ol class=\"wp-block-list\"><li>Cliquer sur le petit ic\u00f4ne en haut \u00e0 droite de l&rsquo;inventaire pour r\u00e9duire<\/li><li>Recliquer sur le petit icone pour r\u00e9duire<\/li><\/ol>\n\n\n\n<h4 class=\"wp-block-heading\">Onglet suppl\u00e9mentaires (Equip\/Misc)<\/h4>\n\n\n\n<div class=\"wp-block-image\"><figure class=\"aligncenter\"><img loading=\"lazy\" decoding=\"async\" width=\"497\" height=\"367\" src=\"https:\/\/l2sacrifice.fr\/wp-content\/uploads\/2020\/05\/image-299.png\" alt=\"\" class=\"wp-image-1283\"\/><figcaption>Onglet Equipement<\/figcaption><\/figure><\/div>\n\n\n\n<div class=\"wp-block-image\"><figure class=\"aligncenter\"><img loading=\"lazy\" decoding=\"async\" width=\"499\" height=\"368\" src=\"https:\/\/l2sacrifice.fr\/wp-content\/uploads\/2020\/05\/image-300.png\" alt=\"\" class=\"wp-image-1284\"\/><figcaption>Onglet Misc<\/figcaption><\/figure><\/div>\n\n\n\n<h4 class=\"wp-block-heading\">Barre Skill 6 Lignes<\/h4>\n\n\n\n<figure class=\"wp-block-video aligncenter\"><video height=\"308\" style=\"aspect-ratio: 528 \/ 308;\" width=\"528\" autoplay controls loop muted src=\"https:\/\/l2sacrifice.fr\/wp-content\/uploads\/2020\/05\/Bar-Skill-6-lignes.mp4\"><\/video><figcaption>Bar Skill : Fonctionnement 1 \u00e0 6 ligne<\/figcaption><\/figure>\n\n\n\n<h4 class=\"wp-block-heading\">Barre Skill Verticale<\/h4>\n\n\n\n<div class=\"wp-block-image\"><figure class=\"aligncenter\"><img loading=\"lazy\" decoding=\"async\" width=\"617\" height=\"532\" src=\"https:\/\/l2sacrifice.fr\/wp-content\/uploads\/2020\/05\/image-296.png\" alt=\"\" class=\"wp-image-1262\"\/><figcaption>Extra Barre Vertical<\/figcaption><\/figure><\/div>\n\n\n\n<figure class=\"wp-block-video\"><video height=\"656\" style=\"aspect-ratio: 708 \/ 656;\" width=\"708\" autoplay controls loop muted src=\"https:\/\/l2sacrifice.fr\/wp-content\/uploads\/2020\/05\/Barre-Vertical.mp4\"><\/video><\/figure>\n\n\n\n<p>Cliquer sur le petit icone en bas \u00e0 droite de la barre de skill<\/p>\n\n\n\n<h4 class=\"wp-block-heading\">Ic\u00f4nes Sp\u00e9cials Marco<\/h4>\n\n\n\n<div class=\"wp-block-image\"><figure class=\"aligncenter size-large\"><img loading=\"lazy\" decoding=\"async\" width=\"294\" height=\"477\" src=\"https:\/\/l2sacrifice.fr\/wp-content\/uploads\/2020\/08\/image-2.png\" alt=\"\" class=\"wp-image-1732\"\/><\/figure><\/div>\n\n\n\n<h4 class=\"wp-block-heading\">Fen\u00eatre Actions Skills Summon\/Pet Max Slot<\/h4>\n\n\n\n<figure class=\"wp-block-video aligncenter\"><video height=\"838\" style=\"aspect-ratio: 478 \/ 838;\" width=\"478\" autoplay controls loop muted src=\"https:\/\/l2sacrifice.fr\/wp-content\/uploads\/2020\/05\/Interface-Pet.mp4\"><\/video><figcaption> Fen\u00eatre Summon\/Pet Max Slot <\/figcaption><\/figure>\n\n\n\n<div class=\"wp-block-image\"><figure class=\"aligncenter is-resized\"><img loading=\"lazy\" decoding=\"async\" src=\"https:\/\/l2sacrifice.fr\/wp-content\/uploads\/2020\/05\/image-297.png\" alt=\"\" class=\"wp-image-1268\" width=\"75\" height=\"69\"\/><\/figure><\/div>\n\n\n\n<p>Cliquer sur l&rsquo;icone pour r\u00e9duire ou agrandir le fen\u00eatre pet ou la fen\u00eatre Actions Skills<\/p>\n\n\n\n<h2 class=\"wp-block-heading\"><strong>Actions Custom<\/strong><\/h2>\n\n\n\n<p>Dans les icons des actions vous avez la possibilit\u00e9 de convertir vos Adena en Golden Coin ou convertir vos Golden Coin en Adena  (limite:  1147000000 Adena)<\/p>\n\n\n\n<div class=\"wp-block-image\"><figure class=\"aligncenter size-large is-resized\"><img loading=\"lazy\" decoding=\"async\" src=\"https:\/\/l2sacrifice.fr\/wp-content\/uploads\/2020\/08\/image.png\" alt=\"\" class=\"wp-image-1728\" width=\"243\" height=\"446\"\/><\/figure><\/div>\n\n\n\n<div class=\"wp-block-image\"><figure class=\"aligncenter size-large\"><img loading=\"lazy\" decoding=\"async\" width=\"241\" height=\"441\" src=\"https:\/\/l2sacrifice.fr\/wp-content\/uploads\/2020\/08\/image-1.png\" alt=\"\" class=\"wp-image-1729\"\/><\/figure><\/div>\n","protected":false},"excerpt":{"rendered":"<p>AutoEnchant (avanc\u00e9) Utilisation: Ajouter un Item dans le 1er Slot. Ajouter des Normal Enchant Scrolls dans le 2eme Slot. Ajouter des Blessed ou Compressed Enchant Scrolls dans le 3eme Slot. Ajouter le nombre d&rsquo;enchant que tu souhaites atteindre. Clicker sur le Boutton: \u00ab\u00a0Enchant\u00a0\u00bb. Le syst\u00e8me prend automatiquement de Enchant normal jusqu&rsquo;au +6 (Safe enchant) et &hellip; <\/p>\n<p class=\"link-more\"><a href=\"https:\/\/l2sacrifice.fr\/?page_id=1249\" class=\"more-link\">Continuer la lecture<span class=\"screen-reader-text\"> de &laquo;&nbsp;Interface&nbsp;&raquo;<\/span><\/a><\/p>\n","protected":false},"author":1,"featured_media":1273,"parent":0,"menu_order":0,"comment_status":"closed","ping_status":"closed","template":"","meta":{"footnotes":""},"class_list":["post-1249","page","type-page","status-publish","has-post-thumbnail","hentry"],"yoast_head":"<!-- This site is optimized with the Yoast SEO plugin v27.0 - https:\/\/yoast.com\/product\/yoast-seo-wordpress\/ -->\n<title>Interface - L2Sacrifice<\/title>\n<meta name=\"robots\" content=\"index, follow, max-snippet:-1, max-image-preview:large, max-video-preview:-1\" \/>\n<link rel=\"canonical\" href=\"https:\/\/l2sacrifice.fr\/?page_id=1249\" \/>\n<meta property=\"og:locale\" content=\"fr_FR\" \/>\n<meta property=\"og:type\" content=\"article\" \/>\n<meta property=\"og:title\" content=\"Interface - L2Sacrifice\" \/>\n<meta property=\"og:description\" content=\"AutoEnchant (avanc\u00e9) Utilisation: Ajouter un Item dans le 1er Slot. Ajouter des Normal Enchant Scrolls dans le 2eme Slot. Ajouter des Blessed ou Compressed Enchant Scrolls dans le 3eme Slot. Ajouter le nombre d&rsquo;enchant que tu souhaites atteindre. Clicker sur le Boutton: \u00ab\u00a0Enchant\u00a0\u00bb. Le syst\u00e8me prend automatiquement de Enchant normal jusqu&rsquo;au +6 (Safe enchant) et &hellip; Continuer la lecture de &laquo;&nbsp;Interface&nbsp;&raquo;\" \/>\n<meta property=\"og:url\" content=\"https:\/\/l2sacrifice.fr\/?page_id=1249\" \/>\n<meta property=\"og:site_name\" content=\"L2Sacrifice\" \/>\n<meta property=\"article:modified_time\" content=\"2020-08-20T18:49:01+00:00\" \/>\n<meta property=\"og:image\" content=\"https:\/\/l2sacrifice.fr\/wp-content\/uploads\/2020\/05\/Interface_title.png\" \/>\n\t<meta property=\"og:image:width\" content=\"1010\" \/>\n\t<meta property=\"og:image:height\" content=\"510\" \/>\n\t<meta property=\"og:image:type\" content=\"image\/png\" \/>\n<meta name=\"twitter:card\" content=\"summary_large_image\" \/>\n<meta name=\"twitter:label1\" content=\"Dur\u00e9e de lecture estim\u00e9e\" \/>\n\t<meta name=\"twitter:data1\" content=\"2 minutes\" \/>\n<script type=\"application\/ld+json\" class=\"yoast-schema-graph\">{\"@context\":\"https:\/\/schema.org\",\"@graph\":[{\"@type\":\"WebPage\",\"@id\":\"https:\/\/l2sacrifice.fr\/?page_id=1249\",\"url\":\"https:\/\/l2sacrifice.fr\/?page_id=1249\",\"name\":\"Interface - L2Sacrifice\",\"isPartOf\":{\"@id\":\"https:\/\/l2sacrifice.fr\/#website\"},\"primaryImageOfPage\":{\"@id\":\"https:\/\/l2sacrifice.fr\/?page_id=1249#primaryimage\"},\"image\":{\"@id\":\"https:\/\/l2sacrifice.fr\/?page_id=1249#primaryimage\"},\"thumbnailUrl\":\"https:\/\/l2sacrifice.fr\/wp-content\/uploads\/2020\/05\/Interface_title.png\",\"datePublished\":\"2020-05-09T17:30:29+00:00\",\"dateModified\":\"2020-08-20T18:49:01+00:00\",\"breadcrumb\":{\"@id\":\"https:\/\/l2sacrifice.fr\/?page_id=1249#breadcrumb\"},\"inLanguage\":\"fr-FR\",\"potentialAction\":[{\"@type\":\"ReadAction\",\"target\":[\"https:\/\/l2sacrifice.fr\/?page_id=1249\"]}]},{\"@type\":\"ImageObject\",\"inLanguage\":\"fr-FR\",\"@id\":\"https:\/\/l2sacrifice.fr\/?page_id=1249#primaryimage\",\"url\":\"https:\/\/l2sacrifice.fr\/wp-content\/uploads\/2020\/05\/Interface_title.png\",\"contentUrl\":\"https:\/\/l2sacrifice.fr\/wp-content\/uploads\/2020\/05\/Interface_title.png\",\"width\":1010,\"height\":510},{\"@type\":\"BreadcrumbList\",\"@id\":\"https:\/\/l2sacrifice.fr\/?page_id=1249#breadcrumb\",\"itemListElement\":[{\"@type\":\"ListItem\",\"position\":1,\"name\":\"Home\",\"item\":\"https:\/\/l2sacrifice.fr\/\"},{\"@type\":\"ListItem\",\"position\":2,\"name\":\"Interface\"}]},{\"@type\":\"WebSite\",\"@id\":\"https:\/\/l2sacrifice.fr\/#website\",\"url\":\"https:\/\/l2sacrifice.fr\/\",\"name\":\"L2Sacrifice\",\"description\":\"Lineage 2 Sacrifice pour la vie\",\"publisher\":{\"@id\":\"https:\/\/l2sacrifice.fr\/#\/schema\/person\/4ff20fbcfb77afded60cac13ff16dfa8\"},\"potentialAction\":[{\"@type\":\"SearchAction\",\"target\":{\"@type\":\"EntryPoint\",\"urlTemplate\":\"https:\/\/l2sacrifice.fr\/?s={search_term_string}\"},\"query-input\":{\"@type\":\"PropertyValueSpecification\",\"valueRequired\":true,\"valueName\":\"search_term_string\"}}],\"inLanguage\":\"fr-FR\"},{\"@type\":[\"Person\",\"Organization\"],\"@id\":\"https:\/\/l2sacrifice.fr\/#\/schema\/person\/4ff20fbcfb77afded60cac13ff16dfa8\",\"name\":\"darksimonus\",\"image\":{\"@type\":\"ImageObject\",\"inLanguage\":\"fr-FR\",\"@id\":\"https:\/\/l2sacrifice.fr\/#\/schema\/person\/image\/\",\"url\":\"https:\/\/l2sacrifice.fr\/wp-content\/uploads\/2020\/05\/Logo_mini.png\",\"contentUrl\":\"https:\/\/l2sacrifice.fr\/wp-content\/uploads\/2020\/05\/Logo_mini.png\",\"width\":225,\"height\":225,\"caption\":\"darksimonus\"},\"logo\":{\"@id\":\"https:\/\/l2sacrifice.fr\/#\/schema\/person\/image\/\"}}]}<\/script>\n<!-- \/ Yoast SEO plugin. -->","yoast_head_json":{"title":"Interface - L2Sacrifice","robots":{"index":"index","follow":"follow","max-snippet":"max-snippet:-1","max-image-preview":"max-image-preview:large","max-video-preview":"max-video-preview:-1"},"canonical":"https:\/\/l2sacrifice.fr\/?page_id=1249","og_locale":"fr_FR","og_type":"article","og_title":"Interface - L2Sacrifice","og_description":"AutoEnchant (avanc\u00e9) Utilisation: Ajouter un Item dans le 1er Slot. Ajouter des Normal Enchant Scrolls dans le 2eme Slot. Ajouter des Blessed ou Compressed Enchant Scrolls dans le 3eme Slot. Ajouter le nombre d&rsquo;enchant que tu souhaites atteindre. Clicker sur le Boutton: \u00ab\u00a0Enchant\u00a0\u00bb. Le syst\u00e8me prend automatiquement de Enchant normal jusqu&rsquo;au +6 (Safe enchant) et &hellip; Continuer la lecture de &laquo;&nbsp;Interface&nbsp;&raquo;","og_url":"https:\/\/l2sacrifice.fr\/?page_id=1249","og_site_name":"L2Sacrifice","article_modified_time":"2020-08-20T18:49:01+00:00","og_image":[{"width":1010,"height":510,"url":"https:\/\/l2sacrifice.fr\/wp-content\/uploads\/2020\/05\/Interface_title.png","type":"image\/png"}],"twitter_card":"summary_large_image","twitter_misc":{"Dur\u00e9e de lecture estim\u00e9e":"2 minutes"},"schema":{"@context":"https:\/\/schema.org","@graph":[{"@type":"WebPage","@id":"https:\/\/l2sacrifice.fr\/?page_id=1249","url":"https:\/\/l2sacrifice.fr\/?page_id=1249","name":"Interface - L2Sacrifice","isPartOf":{"@id":"https:\/\/l2sacrifice.fr\/#website"},"primaryImageOfPage":{"@id":"https:\/\/l2sacrifice.fr\/?page_id=1249#primaryimage"},"image":{"@id":"https:\/\/l2sacrifice.fr\/?page_id=1249#primaryimage"},"thumbnailUrl":"https:\/\/l2sacrifice.fr\/wp-content\/uploads\/2020\/05\/Interface_title.png","datePublished":"2020-05-09T17:30:29+00:00","dateModified":"2020-08-20T18:49:01+00:00","breadcrumb":{"@id":"https:\/\/l2sacrifice.fr\/?page_id=1249#breadcrumb"},"inLanguage":"fr-FR","potentialAction":[{"@type":"ReadAction","target":["https:\/\/l2sacrifice.fr\/?page_id=1249"]}]},{"@type":"ImageObject","inLanguage":"fr-FR","@id":"https:\/\/l2sacrifice.fr\/?page_id=1249#primaryimage","url":"https:\/\/l2sacrifice.fr\/wp-content\/uploads\/2020\/05\/Interface_title.png","contentUrl":"https:\/\/l2sacrifice.fr\/wp-content\/uploads\/2020\/05\/Interface_title.png","width":1010,"height":510},{"@type":"BreadcrumbList","@id":"https:\/\/l2sacrifice.fr\/?page_id=1249#breadcrumb","itemListElement":[{"@type":"ListItem","position":1,"name":"Home","item":"https:\/\/l2sacrifice.fr\/"},{"@type":"ListItem","position":2,"name":"Interface"}]},{"@type":"WebSite","@id":"https:\/\/l2sacrifice.fr\/#website","url":"https:\/\/l2sacrifice.fr\/","name":"L2Sacrifice","description":"Lineage 2 Sacrifice pour la vie","publisher":{"@id":"https:\/\/l2sacrifice.fr\/#\/schema\/person\/4ff20fbcfb77afded60cac13ff16dfa8"},"potentialAction":[{"@type":"SearchAction","target":{"@type":"EntryPoint","urlTemplate":"https:\/\/l2sacrifice.fr\/?s={search_term_string}"},"query-input":{"@type":"PropertyValueSpecification","valueRequired":true,"valueName":"search_term_string"}}],"inLanguage":"fr-FR"},{"@type":["Person","Organization"],"@id":"https:\/\/l2sacrifice.fr\/#\/schema\/person\/4ff20fbcfb77afded60cac13ff16dfa8","name":"darksimonus","image":{"@type":"ImageObject","inLanguage":"fr-FR","@id":"https:\/\/l2sacrifice.fr\/#\/schema\/person\/image\/","url":"https:\/\/l2sacrifice.fr\/wp-content\/uploads\/2020\/05\/Logo_mini.png","contentUrl":"https:\/\/l2sacrifice.fr\/wp-content\/uploads\/2020\/05\/Logo_mini.png","width":225,"height":225,"caption":"darksimonus"},"logo":{"@id":"https:\/\/l2sacrifice.fr\/#\/schema\/person\/image\/"}}]}},"_links":{"self":[{"href":"https:\/\/l2sacrifice.fr\/index.php?rest_route=\/wp\/v2\/pages\/1249","targetHints":{"allow":["GET"]}}],"collection":[{"href":"https:\/\/l2sacrifice.fr\/index.php?rest_route=\/wp\/v2\/pages"}],"about":[{"href":"https:\/\/l2sacrifice.fr\/index.php?rest_route=\/wp\/v2\/types\/page"}],"author":[{"embeddable":true,"href":"https:\/\/l2sacrifice.fr\/index.php?rest_route=\/wp\/v2\/users\/1"}],"replies":[{"embeddable":true,"href":"https:\/\/l2sacrifice.fr\/index.php?rest_route=%2Fwp%2Fv2%2Fcomments&post=1249"}],"version-history":[{"count":19,"href":"https:\/\/l2sacrifice.fr\/index.php?rest_route=\/wp\/v2\/pages\/1249\/revisions"}],"predecessor-version":[{"id":1733,"href":"https:\/\/l2sacrifice.fr\/index.php?rest_route=\/wp\/v2\/pages\/1249\/revisions\/1733"}],"wp:featuredmedia":[{"embeddable":true,"href":"https:\/\/l2sacrifice.fr\/index.php?rest_route=\/wp\/v2\/media\/1273"}],"wp:attachment":[{"href":"https:\/\/l2sacrifice.fr\/index.php?rest_route=%2Fwp%2Fv2%2Fmedia&parent=1249"}],"curies":[{"name":"wp","href":"https:\/\/api.w.org\/{rel}","templated":true}]}}